{"id":97499,"date":"2024-07-08T16:26:58","date_gmt":"2024-07-08T14:26:58","guid":{"rendered":"https:\/\/www.esmuc.cat\/?page_id=97499"},"modified":"2025-07-07T10:33:12","modified_gmt":"2025-07-07T08:33:12","slug":"septiembre","status":"publish","type":"page","link":"https:\/\/www.esmuc.cat\/es\/estudis\/grau\/acces-i-admissio\/proves-dacces\/septiembre\/","title":{"rendered":"Convocatoria Pruebas de acceso 2025-2026"},"content":{"rendered":"\n<div class=\"wp-block-columns is-layout-flex wp-container-core-columns-is-layout-9d6595d7 wp-block-columns-is-layout-flex\">\n<div class=\"wp-block-column esmuc__Menu_Masters is-layout-flow wp-block-column-is-layout-flow\" style=\"flex-basis:33.33%\">\n\n<\/div>\n\n\n\n<div class=\"wp-block-column is-layout-flow wp-block-column-is-layout-flow\" style=\"flex-basis:66.66%\"><div class=\"breadcrumbs align  wp-block-bcn-breadcrumb-trail has-text-color has-background\" vocab=\"https:\/\/schema.org\/\" typeof=\"BreadcrumbList\">\n\t<span><\/span>\n\t<span property=\"itemListElement\" typeof=\"ListItem\"><a property=\"item\" typeof=\"WebPage\" title=\"Ir a ESMUC.\" href=\"https:\/\/www.esmuc.cat\/es\/\" class=\"home\" ><span property=\"name\">ESMUC<\/span><\/a><meta property=\"position\" content=\"1\"><\/span> &gt; <span property=\"itemListElement\" typeof=\"ListItem\"><a property=\"item\" typeof=\"WebPage\" title=\"Ir a Estudis.\" href=\"https:\/\/www.esmuc.cat\/estudis\/\" class=\"post post-page\" ><span property=\"name\">Estudis<\/span><\/a><meta property=\"position\" content=\"2\"><\/span> &gt; <span property=\"itemListElement\" typeof=\"ListItem\"><a property=\"item\" typeof=\"WebPage\" title=\"Ir a Grau.\" href=\"https:\/\/www.esmuc.cat\/estudis\/grau\/\" class=\"post post-page\" ><span property=\"name\">Grau<\/span><\/a><meta property=\"position\" content=\"3\"><\/span> &gt; <span property=\"itemListElement\" typeof=\"ListItem\"><a property=\"item\" typeof=\"WebPage\" title=\"Ir a Acc\u00e9s i Admissi\u00f3.\" href=\"https:\/\/www.esmuc.cat\/estudis\/grau\/acces-i-admissio\/\" class=\"post post-page\" ><span property=\"name\">Acc\u00e9s i Admissi\u00f3<\/span><\/a><meta property=\"position\" content=\"4\"><\/span> &gt; <span property=\"itemListElement\" typeof=\"ListItem\"><a property=\"item\" typeof=\"WebPage\" title=\"Ir a Proves d&#8217;acc\u00e9s.\" href=\"https:\/\/www.esmuc.cat\/estudis\/grau\/acces-i-admissio\/proves-dacces\/\" class=\"post post-page\" ><span property=\"name\">Proves d&#8217;acc\u00e9s<\/span><\/a><meta property=\"position\" content=\"5\"><\/span> &gt; <span property=\"itemListElement\" typeof=\"ListItem\"><span property=\"name\" class=\"post post-page current-item\">Convocatoria Pruebas de acceso 2025-2026<\/span><meta property=\"url\" content=\"https:\/\/www.esmuc.cat\/es\/estudis\/grau\/acces-i-admissio\/proves-dacces\/septiembre\/\"><meta property=\"position\" content=\"6\"><\/span><\/div>\n\n\n\n<h1 class=\"wp-block-heading\">Pruebas de acceso al Grado en ense\u00f1anzas art\u00edsticas superiores de m\u00fasica 2025 &#8211; 2026<\/h1>\n\n\n\n<div style=\"height:10px\" aria-hidden=\"true\" class=\"wp-block-spacer\"><\/div>\n\n\n\n<h2 class=\"wp-block-heading\">Convocatoria septiembre<\/h2>\n\n\n\n<div style=\"height:40px\" aria-hidden=\"true\" class=\"wp-block-spacer\"><\/div>\n\n\n\n<section id=\"gm481748f\" class=\"wp-block-gutentor-m3 section-gm481748f gutentor-module gutentor-container-cover\"><div class=\"grid-container\">\n<p>La convocatoria de las pruebas correspondientes al curso 2025-2026 est\u00e1 regulada por:<\/p>\n\n\n\n<div id=\"section-gddad50\" class=\"wp-block-gutentor-e7 section-gddad50 gutentor-element gutentor-element-list\"><ul class=\"grid-row gutentor-grid-item-wrap list-indicator-icon\"><li class=\"gutentor-list-item grid-lg-12 grid-md-12 grid-12\"><span class=\"gutentor-single-item gutentor-single-item-0\"><span class=\"gutentor-list-item-wrap g-s-list-wrap\"><span class=\"gutentor-single-list-item-icon\"><i class=\"list-item-icon fas fa-angle-right\"><\/i><\/span><span class=\"gutentor-list-item\"><p class=\"gutentor-single-item-title\"><a href=\"https:\/\/dogc.gencat.cat\/ca\/document-del-dogc\/?documentId=978056\" target=\"_blank\" rel=\"noreferrer noopener\"><\/a><a href=\"https:\/\/dogc.gencat.cat\/ca\/document-del-dogc\/?documentId=1006428\" target=\"_blank\" rel=\"noreferrer noopener\">RESOLUCI\u00d3N EDU369\/2025, de 7 de febrero<\/a>\u00a0por la cual se convocan las pruebas de acceso a los grados en ense\u00f1anzas art\u00edsticas superiores adaptados en el Espacio Europeo de Educaci\u00f3n Superior, correspondientes al curso 2025-2026.<\/p><\/span><\/span><\/span><\/li><li class=\"gutentor-list-item grid-lg-12 grid-md-12 grid-12\"><span class=\"gutentor-single-item gutentor-single-item-1\"><span class=\"gutentor-list-item-wrap g-s-list-wrap\"><span class=\"gutentor-single-list-item-icon\"><i class=\"list-item-icon fas fa-angle-right\"><\/i><\/span><span class=\"gutentor-list-item\"><p class=\"gutentor-single-item-title\"><a href=\"https:\/\/dogc.gencat.cat\/ca\/document-del-dogc\/?documentId=905539\" target=\"_blank\" rel=\"noreferrer noopener\">RESOLUCI\u00d3N EDU2054\/2021, del 29 de junio<\/a>, por la cual se establecen las bases de las pruebas espec\u00edficas de acceso a las ense\u00f1anzas art\u00edsticas superiores. (DOGC n.\u00ba 8452, 07.07.2021)<\/p><\/span><\/span><\/span><\/li><\/ul><\/div>\n\n\n\n<p>La admisi\u00f3n al centro est\u00e1 supeditada a la existencia de plazas suficientes. Los candidatos acceder\u00e1n a las especialidades solicitadas por orden descendente de las calificaciones obtenidas. <br>As\u00ed mismo, en aquellas modalidades en las cuales se convoca una sola plaza se priorizar\u00e1 a los candidatos\/as que no est\u00e9n en posesi\u00f3n de un Grado en ense\u00f1anzas art\u00edsticas superiores de m\u00fasica.<\/p>\n<\/div><\/section>\n\n\n\n<div style=\"height:10px\" aria-hidden=\"true\" class=\"wp-block-spacer\"><\/div>\n\n\n\n<section id=\"gm096c6cd\" class=\"wp-block-gutentor-m3 section-gm096c6cd gutentor-module gutentor-container-cover\"><div class=\"grid-container\">\n<section id=\"cbd9ef\" class=\"section-cbd9ef gutentor-module gutentor-module-accordion\"><div class=\"grid-container\">\n<div id=\"f1ebb0\" class=\"wp-block-gutentor-m6-item section-f1ebb0 gutentor-module gutentor-module-accordion-item\"><div class=\"gutentor-module-accordion-panel g-a-panel-cbd9ef\"><div class=\"gm-ah-cbd9ef gutentor-module-accordion-item-heading gutentor-module-icon-position-right\"><span class=\"gutentor-module-accordion-panel-handler\" role=\"button\"><span class=\"gutentor-module-accordion-panel-handler-label\">Especialidades y modalidades que se ofrecen<\/span><span class=\"gutentor-module-accordion-icon\"><i class=\"gm-aio-cbd9ef gutentor-module-accordion-icon-open fas fa-plus\"><\/i><i class=\"gm-aic-cbd9ef gutentor-module-accordion-icon-close fas fa-minus\"><\/i><\/span><\/span><\/div><div class=\"gm-ab-cbd9ef gutentor-module-accordion-body\">\n<section id=\"gm3e366fe\" class=\"wp-block-gutentor-m3 section-gm3e366fe gutentor-module gutentor-container-cover\"><div class=\"grid-container\">\n<p>Especialidades y modalidades que se ofrecen, s\u00f3lo se podr\u00e1 optar a una sola opci\u00f3n:&nbsp;<\/p>\n\n\n\n<table id=\"tablepress-802\" class=\"tablepress tablepress-id-802\">\n<thead>\n<tr class=\"row-1\">\n\t<th class=\"column-1\">Especialidad<\/th><th class=\"column-2\">Plazas<\/th><th class=\"column-3\">Modalidades y observaciones<\/th>\n<\/tr>\n<\/thead>\n<tbody class=\"row-striping row-hover\">\n<tr class=\"row-2\">\n\t<td class=\"column-1\">INTERPRETACI\u00d3N<\/td><td class=\"column-2\"><\/td><td class=\"column-3\"><\/td>\n<\/tr>\n<tr class=\"row-3\">\n\t<td class=\"column-1\">M\u00fasica Cl\u00e1sica y      Contempor\u00e1nea<\/td><td class=\"column-2\">4<\/td><td class=\"column-3\">- Tuba<br \/>\n- Canto CiC<br \/>\n- \u00d3rgano<br \/>\n- Violonchelo<\/td>\n<\/tr>\n<tr class=\"row-4\">\n\t<td class=\"column-1\">M\u00fasica Antigua<\/td><td class=\"column-2\">2<\/td><td class=\"column-3\">- Trompa natural, Cornetto, Instrumentos de cuerda pulsada (2)<\/td>\n<\/tr>\n<tr class=\"row-5\">\n\t<td class=\"column-1\">M\u00fasica Tradicional<\/td><td class=\"column-2\">4<\/td><td class=\"column-3\">- Arrel: Acorde\u00f3n diat\u00f3nico o cuerda pulsada (1)<br \/>\n- Flamenco: guitarra flamenca (1)<br \/>\n- Cante Flamenco (2)<\/td>\n<\/tr>\n<tr class=\"row-6\">\n\t<td class=\"column-1\">Jazz y M\u00fasica Moderna<\/td><td class=\"column-2\">4<\/td><td class=\"column-3\">- Tromb\u00f3n jazz<br \/>\n- Tromb\u00f3n m\u00fasica moderna<br \/>\n- Viol\u00edn jazz<br \/>\n- Percusi\u00f3n m\u00fasica moderna<\/td>\n<\/tr>\n<tr class=\"row-7\">\n\t<td class=\"column-1\">MUSICOLOG\u00cdA<\/td><td class=\"column-2\">3<\/td><td class=\"column-3\"><\/td>\n<\/tr>\n<\/tbody>\n<\/table>\n<!-- #tablepress-802 from cache -->\n<\/div><\/section>\n\n\n\n<p>Las personas que ya est\u00e9n en posesi\u00f3n de un Grado de m\u00fasica en la especialidad de Interpretaci\u00f3n y quieran acceder a una nueva modalidad de Interpretaci\u00f3n deben tener en cuenta que no podr\u00e1n obtener un segundo t\u00edtulo de Interpretaci\u00f3n, puesto que en \u00e9stos no consta la modalidad instrumental. En caso de que se cursen igualmente los estudios la escuela podr\u00e1 certificar los estudios realizados.<\/p>\n<\/div><\/div><\/div>\n\n\n\n<div id=\"691357\" class=\"wp-block-gutentor-m6-item section-691357 gutentor-module gutentor-module-accordion-item\"><div class=\"gutentor-module-accordion-panel g-a-panel-cbd9ef\"><div class=\"gm-ah-cbd9ef gutentor-module-accordion-item-heading gutentor-module-icon-position-right\"><span class=\"gutentor-module-accordion-panel-handler\" role=\"button\"><span class=\"gutentor-module-accordion-panel-handler-label\">Documentaci\u00f3n, publicaciones, reclamaciones y plazos<\/span><span class=\"gutentor-module-accordion-icon\"><i class=\"gm-aio-cbd9ef gutentor-module-accordion-icon-open fas fa-plus\"><\/i><i class=\"gm-aic-cbd9ef gutentor-module-accordion-icon-close fas fa-minus\"><\/i><\/span><\/span><\/div><div class=\"gm-ab-cbd9ef gutentor-module-accordion-body\">\n<p>Toda la informaci\u00f3n se enviar\u00e1 en formato PDF <strong>exclusivamente<\/strong> al correo electr\u00f3nico <a href=\"mailto:bustia.documentacioproves@esmuc.cat\">bustia.documentacioproves@esmuc.cat<\/a>.<\/p>\n\n\n\n<p>Todas las informaciones relativas a las pruebas de acceso se notificar\u00e1n a trav\u00e9s de la web.<\/p>\n\n\n\n<section id=\"gm27e4380\" class=\"wp-block-gutentor-m3 section-gm27e4380 gutentor-module gutentor-container-cover\"><div class=\"grid-container\">\n<table id=\"tablepress-803\" class=\"tablepress tablepress-id-803\">\n<thead>\n<tr class=\"row-1\">\n\t<th class=\"column-1\">Documentaci\u00f3n a presentar y publicaciones<\/th><th class=\"column-2\">Fecha inicio<\/th><th class=\"column-3\">Fecha finalizaci\u00f3n<\/th>\n<\/tr>\n<\/thead>\n<tbody class=\"row-striping row-hover\">\n<tr class=\"row-2\">\n\t<td class=\"column-1\">Inscripci\u00f3n<\/td><td class=\"column-2\">8 julio<\/td><td class=\"column-3\">25 julio (14h)<\/td>\n<\/tr>\n<tr class=\"row-3\">\n\t<td class=\"column-1\">Pago de la inscripci\u00f3n<\/td><td class=\"column-2\">8 julio<\/td><td class=\"column-3\">25 julio (23:59h)<\/td>\n<\/tr>\n<tr class=\"row-4\">\n\t<td class=\"column-1\">Entrega de la copia del DNI\/ NIE\/ PASAPORTE.<\/td><td class=\"column-2\">8 julio<\/td><td class=\"column-3\">25 julio (14h)<\/td>\n<\/tr>\n<tr class=\"row-5\">\n\t<td class=\"column-1\">Entrega de la copia del carnet de familia numerosa, monoparental o exenci\u00f3n por descuento: mayores de 65 a\u00f1os, discapacidad igual o superior al 33%, v\u00edctimas de actos terroristas y de violencia de g\u00e9nero (en su caso)<\/td><td class=\"column-2\">8 julio<\/td><td class=\"column-3\">25 julio (14h)<\/td>\n<\/tr>\n<tr class=\"row-6\">\n\t<td class=\"column-1\">Entrega del t\u00edtulo, resguardo del Grado Profesional (1)<\/td><td class=\"column-2\">8 julio<\/td><td class=\"column-3\">25 julio (14h)<\/td>\n<\/tr>\n<tr class=\"row-7\">\n\t<td class=\"column-1\"><a href=\"https:\/\/www.esmuc.cat\/estudis\/grau\/acces-i-admissio\/perfils-dingres\/\">Entrega del requisito acad\u00e9mico (2), t\u00edtulo bachillerato, resguardo, prueba espec\u00edfica u homologaci\u00f3n<\/a><\/td><td class=\"column-2\">8 julio<\/td><td class=\"column-3\">25 julio (14h)<br \/>\nExcepcionalmente el d\u00eda de la matr\u00edcula<\/td>\n<\/tr>\n<tr class=\"row-8\">\n\t<td class=\"column-1\">Publicaci\u00f3n de exclusi\u00f3n por impago<\/td><td class=\"column-2\"><\/td><td class=\"column-3\">28 julio<\/td>\n<\/tr>\n<tr class=\"row-9\">\n\t<td class=\"column-1\">Publicaci\u00f3n definitiva de admisi\u00f3n en las pruebas de acceso<\/td><td class=\"column-2\"><\/td><td class=\"column-3\">28 julio<\/td>\n<\/tr>\n<tr class=\"row-10\">\n\t<td class=\"column-1\">Inicio de las pruebas de la parte A (abreviada y completa)<\/td><td class=\"column-2\"><\/td><td class=\"column-3\">1 septiembre<\/td>\n<\/tr>\n<tr class=\"row-11\">\n\t<td class=\"column-1\">Publicaci\u00f3n de los resultados provisionales de las pruebas de acceso Parte A<\/td><td class=\"column-2\"><\/td><td class=\"column-3\">2 septiembre<\/td>\n<\/tr>\n<tr class=\"row-12\">\n\t<td class=\"column-1\">Revisi\u00f3n de calificaciones Parte A<\/td><td class=\"column-2\">3 septiembre<\/td><td class=\"column-3\">5 septiembre<\/td>\n<\/tr>\n<tr class=\"row-13\">\n\t<td class=\"column-1\">Publicaci\u00f3n de los resultados definitivos Parte A<\/td><td class=\"column-2\"><\/td><td class=\"column-3\">8 septiembre<\/td>\n<\/tr>\n<tr class=\"row-14\">\n\t<td class=\"column-1\">Inicio de las pruebas de la parte B<\/td><td class=\"column-2\">3 septiembre<\/td><td class=\"column-3\"><\/td>\n<\/tr>\n<tr class=\"row-15\">\n\t<td class=\"column-1\">Publicaci\u00f3n de los resultados provisionales de las pruebas de acceso Parte B<\/td><td class=\"column-2\"><\/td><td class=\"column-3\">8 septiembre<\/td>\n<\/tr>\n<tr class=\"row-16\">\n\t<td class=\"column-1\">Revisi\u00f3n de calificaciones Parte B<\/td><td class=\"column-2\">9 septiembre<\/td><td class=\"column-3\">12 septiembre<\/td>\n<\/tr>\n<tr class=\"row-17\">\n\t<td class=\"column-1\">Publicaci\u00f3n de los resultados definitivos Parte B<\/td><td class=\"column-2\"><\/td><td class=\"column-3\">15 septiembre<\/td>\n<\/tr>\n<tr class=\"row-18\">\n\t<td class=\"column-1\">Matr\u00edcula de 1er curso (online)<\/td><td class=\"column-2\">15 septiembre<\/td><td class=\"column-3\">17 septiembre<\/td>\n<\/tr>\n<\/tbody>\n<\/table>\n<!-- #tablepress-803 from cache -->\n<\/div><\/section>\n\n\n\n<p>(1) El t\u00edtulo de grado profesional debe acreditarse mediante el t\u00edtulo, resguardo del t\u00edtulo o excepcionalmente con una certificaci\u00f3n por parte de los conservatorios donde se indique la finalizaci\u00f3n de los estudios con el instrumento cursado y que se puede iniciar la tramitaci\u00f3n del t\u00edtulo. El certificado de notas no es v\u00e1lido.<\/p>\n\n\n\n<p>(2) El requisito acad\u00e9mico (t\u00edtulo de bachillerato) debe acreditarse mediante la copia del t\u00edtulo o resguardo correspondiente. El certificado de notas no es v\u00e1lido. Excepcionalmente, el Departamento de Educaci\u00f3n acepta como requisito acad\u00e9mico tener aprobada la prueba de acceso a un ciclo superior; en este caso debe entregarse la certificaci\u00f3n correspondiente.<\/p>\n\n\n\n<p>(3) Las personas que hayan obtenido plaza y que quieran reconocer cr\u00e9ditos por estudios superiores ya cursados \u200b\u200bdentro del Espacio Europeo de Educaci\u00f3n Superior, tendr\u00e1n que enviar el expediente acad\u00e9mico en formato PDF por correo electr\u00f3nico indicando en el asunto <em>RECONOCIMIENTOS<\/em> a: <a href=\"mailto:bustia.provesacces@esmuc.cat\">bustia.provesacces@esmuc.cat<\/a>.<\/p>\n<\/div><\/div><\/div>\n\n\n\n<div id=\"fb3429\" class=\"wp-block-gutentor-m6-item section-fb3429 gutentor-module gutentor-module-accordion-item\"><div class=\"gutentor-module-accordion-panel g-a-panel-cbd9ef\"><div class=\"gm-ah-cbd9ef gutentor-module-accordion-item-heading gutentor-module-icon-position-right\"><span class=\"gutentor-module-accordion-panel-handler\" role=\"button\"><span class=\"gutentor-module-accordion-panel-handler-label\">Realizaci\u00f3n de las pruebas<\/span><span class=\"gutentor-module-accordion-icon\"><i class=\"gm-aio-cbd9ef gutentor-module-accordion-icon-open fas fa-plus\"><\/i><i class=\"gm-aic-cbd9ef gutentor-module-accordion-icon-close fas fa-minus\"><\/i><\/span><\/span><\/div><div class=\"gm-ab-cbd9ef gutentor-module-accordion-body\">\n<p>Las pruebas se realizar\u00e1n de forma presencial con aplicaci\u00f3n de todas las medidas de seguridad sanitaria.<\/p>\n\n\n\n<p>Para la realizaci\u00f3n de los ejercicios de la Parte A abreviada y completa es imprescindible utilizar un dispositivo con conexi\u00f3n wi-fi (m\u00f3vil, tableta, port\u00e1til) con la bater\u00eda completamente cargada (a ser posible, lleva una bater\u00eda externa cargada) y auriculares. Es imprescindible disponer de auriculares propios.<\/p>\n\n\n\n<p>En los ejercicios de la parte B, todo el mundo debe llevar su instrumento.<\/p>\n<\/div><\/div><\/div>\n\n\n\n<div id=\"79a9ab\" class=\"wp-block-gutentor-m6-item section-79a9ab gutentor-module gutentor-module-accordion-item\"><div class=\"gutentor-module-accordion-panel g-a-panel-cbd9ef\"><div class=\"gm-ah-cbd9ef gutentor-module-accordion-item-heading gutentor-module-icon-position-right\"><span class=\"gutentor-module-accordion-panel-handler\" role=\"button\"><span class=\"gutentor-module-accordion-panel-handler-label\">Estructura y organizaci\u00f3n de las pruebas<\/span><span class=\"gutentor-module-accordion-icon\"><i class=\"gm-aio-cbd9ef gutentor-module-accordion-icon-open fas fa-plus\"><\/i><i class=\"gm-aic-cbd9ef gutentor-module-accordion-icon-close fas fa-minus\"><\/i><\/span><\/span><\/div><div class=\"gm-ab-cbd9ef gutentor-module-accordion-body\">\n<p>Los horarios se publican por el n\u00famero de inscripci\u00f3n que se encuentra en el resguardo de inscripci\u00f3n y\/o pago:<\/p>\n\n\n\n<p><\/p>\n\n\n\n<div id=\"section-g294158\" class=\"wp-block-gutentor-e6 section-g294158 gutentor-element gutentor-element-image\"><div class=\"gutentor-element-image-box\"><div class=\"gutentor-image-thumb\"><img decoding=\"async\" class=\"normal-image\" src=\"https:\/\/www.esmuc.cat\/wp-content\/uploads\/2024\/03\/inscripcio.png\" alt=\"inscripci\u00f3 proves acc\u00e9s 2024-2025\" \/><\/div><\/div><\/div>\n<\/div><\/div><\/div>\n\n\n\n<div id=\"763c99\" class=\"wp-block-gutentor-m6-item section-763c99 gutentor-module gutentor-module-accordion-item\"><div class=\"gutentor-module-accordion-panel g-a-panel-cbd9ef\"><div class=\"gm-ah-cbd9ef gutentor-module-accordion-item-heading gutentor-module-icon-position-right\"><span class=\"gutentor-module-accordion-panel-handler\" role=\"button\"><span class=\"gutentor-module-accordion-panel-handler-label\">Acceso a la escuela<\/span><span class=\"gutentor-module-accordion-icon\"><i class=\"gm-aio-cbd9ef gutentor-module-accordion-icon-open fas fa-plus\"><\/i><i class=\"gm-aic-cbd9ef gutentor-module-accordion-icon-close fas fa-minus\"><\/i><\/span><\/span><\/div><div class=\"gm-ab-cbd9ef gutentor-module-accordion-body\">\n<p>Es necesario respetar estrictamente la fecha y horario que se detallar\u00e1 en el calendario definitivo de cada una de las pruebas. En el momento de acceder a la escuela habr\u00e1 que seguir las indicaciones de las personas que realizar\u00e1n el control de acceso y la acreditaci\u00f3n.<\/p>\n<\/div><\/div><\/div>\n\n\n\n<div id=\"fab4c6\" class=\"wp-block-gutentor-m6-item section-fab4c6 gutentor-module gutentor-module-accordion-item\"><div class=\"gutentor-module-accordion-panel g-a-panel-cbd9ef\"><div class=\"gm-ah-cbd9ef gutentor-module-accordion-item-heading gutentor-module-icon-position-right\"><span class=\"gutentor-module-accordion-panel-handler\" role=\"button\"><span class=\"gutentor-module-accordion-panel-handler-label\">Inscripci\u00f3n<\/span><span class=\"gutentor-module-accordion-icon\"><i class=\"gm-aio-cbd9ef gutentor-module-accordion-icon-open fas fa-plus\"><\/i><i class=\"gm-aic-cbd9ef gutentor-module-accordion-icon-close fas fa-minus\"><\/i><\/span><\/span><\/div><div class=\"gm-ab-cbd9ef gutentor-module-accordion-body\">\n<div id=\"section-g027568\" class=\"wp-block-gutentor-e0 section-g027568 gutentor-element gutentor-element-advanced-text\"><div class=\"gutentor-text-wrap\"><p class=\"gutentor-text\">La inscripci\u00f3n estar\u00e1 activa del 8 al 25 de julio (14h).<\/p><\/div><\/div>\n\n\n\n<p><\/p>\n\n\n\n<div id=\"section-g-v1kaoat\" class=\"wp-block-gutentor-e2 section-g-v1kaoat gutentor-element gutentor-element-button\"><span class=\"gutentor-button-wrap\"><a class=\"gutentor-button gutentor-block-button gutentor-icon-hide\" href=\"https:\/\/esmuc.gwido.cat\/inscripcio_ciutadana\/public\/dades_personals\/16?r=1\"><i class=\"gutentor-button-icon fas fa-book\"><\/i><span>INSCR\u00cdBETE<\/span><\/a><\/span><\/div>\n\n\n\n<p><strong>Precio de inscripci\u00f3n: 80 \u20ac.<\/strong><\/p>\n\n\n\n<p>El pago debe efectuarse dentro del plazo establecido; no hacerlo comporta la exclusi\u00f3n de la admisi\u00f3n. No se tendr\u00e1 derecho a la devoluci\u00f3n del importe de las tasas de inscripci\u00f3n en las pruebas.<\/p>\n\n\n\n<p>Es importante imprimir el formulario de solicitud de inscripci\u00f3n una vez rellenado. Hay que tener en cuenta que, una vez completado, no se puede modificar ning\u00fan dato.<\/p>\n<\/div><\/div><\/div>\n<\/div><\/section>\n<\/div><\/section>\n\n\n\n<section id=\"gm59a2fa7\" class=\"wp-block-gutentor-m3 section-gm59a2fa7 gutentor-module gutentor-container-cover has-color-bg has-custom-bg\"><div class=\"grid-container\">\n<h5 class=\"wp-block-heading\">Consultas y atenci\u00f3n telef\u00f3nica<\/h5>\n\n\n\n<div style=\"height:20px\" aria-hidden=\"true\" class=\"wp-block-spacer\"><\/div>\n\n\n\n<div id=\"section-g8eb388\" class=\"wp-block-gutentor-e7 section-g8eb388 gutentor-element gutentor-element-list\"><ul class=\"grid-row gutentor-grid-item-wrap list-indicator-icon\"><li class=\"gutentor-list-item grid-lg-12 grid-md-12 grid-12\"><span class=\"gutentor-single-item gutentor-single-item-0\"><span class=\"gutentor-list-item-wrap g-s-list-wrap\"><span class=\"gutentor-single-list-item-icon\"><i class=\"list-item-icon fas fa-envelope\"><\/i><\/span><span class=\"gutentor-list-item\"><p class=\"gutentor-single-item-title\">Consultas sobre las pruebas de acceso por correo electr\u00f3nico exclusivamente a trav\u00e9s de \u202f<a href=\"mailto:bustia.provesacces@esmuc.cat\">bustia.provesacces@esmuc.cat\u00a0<\/a><\/p><\/span><\/span><\/span><\/li><li class=\"gutentor-list-item grid-lg-12 grid-md-12 grid-12\"><span class=\"gutentor-single-item gutentor-single-item-1\"><span class=\"gutentor-list-item-wrap g-s-list-wrap g-s-list-i-icon\"><span class=\"gutentor-single-list-item-icon\"><i class=\"list-item-icon fas fa-phone\"><\/i><\/span><span class=\"gutentor-list-item\"><p class=\"gutentor-single-item-title\">Atenci\u00f3n telef\u00f3nica: 933523011 de lunes a viernes, de 9h a 14h (Durante el mes de agosto no habr\u00e1 atenci\u00f3n telef\u00f3nica).<\/p><\/span><\/span><\/span><\/li><\/ul><\/div>\n<\/div><\/section>\n\n\n\n<p><strong>Consulta peri\u00f3dicamente esta secci\u00f3n para posibles cambios o actualizaciones.<\/strong><\/p>\n<\/div>\n<\/div>\n","protected":false},"excerpt":{"rendered":"<p>Pruebas de acceso al Grado en ense\u00f1anzas art\u00edsticas superiores de m\u00fasica 2025 &#8211; 2026 Convocatoria septiembre Consulta peri\u00f3dicamente esta secci\u00f3n para posibles cambios o actualizaciones.<\/p>\n","protected":false},"author":49,"featured_media":0,"parent":12864,"menu_order":0,"comment_status":"closed","ping_status":"closed","template":"","meta":{"_acf_changed":false,"_themeisle_gutenberg_block_has_review":false,"footnotes":""},"categories":[406],"tags":[],"class_list":["post-97499","page","type-page","status-publish","hentry","category-grau"],"acf":[],"publishpress_future_action":{"enabled":false,"date":"2026-04-12 17:53:44","action":"change-status","newStatus":"draft","terms":[],"taxonomy":"category","extraData":[]},"publishpress_future_workflow_manual_trigger":{"enabledWorkflows":[]},"_links":{"self":[{"href":"https:\/\/www.esmuc.cat\/es\/wp-json\/wp\/v2\/pages\/97499","targetHints":{"allow":["GET"]}}],"collection":[{"href":"https:\/\/www.esmuc.cat\/es\/wp-json\/wp\/v2\/pages"}],"about":[{"href":"https:\/\/www.esmuc.cat\/es\/wp-json\/wp\/v2\/types\/page"}],"author":[{"embeddable":true,"href":"https:\/\/www.esmuc.cat\/es\/wp-json\/wp\/v2\/users\/49"}],"replies":[{"embeddable":true,"href":"https:\/\/www.esmuc.cat\/es\/wp-json\/wp\/v2\/comments?post=97499"}],"version-history":[{"count":8,"href":"https:\/\/www.esmuc.cat\/es\/wp-json\/wp\/v2\/pages\/97499\/revisions"}],"predecessor-version":[{"id":110372,"href":"https:\/\/www.esmuc.cat\/es\/wp-json\/wp\/v2\/pages\/97499\/revisions\/110372"}],"up":[{"embeddable":true,"href":"https:\/\/www.esmuc.cat\/es\/wp-json\/wp\/v2\/pages\/12864"}],"wp:attachment":[{"href":"https:\/\/www.esmuc.cat\/es\/wp-json\/wp\/v2\/media?parent=97499"}],"wp:term":[{"taxonomy":"category","embeddable":true,"href":"https:\/\/www.esmuc.cat\/es\/wp-json\/wp\/v2\/categories?post=97499"},{"taxonomy":"post_tag","embeddable":true,"href":"https:\/\/www.esmuc.cat\/es\/wp-json\/wp\/v2\/tags?post=97499"}],"curies":[{"name":"wp","href":"https:\/\/api.w.org\/{rel}","templated":true}]}}