{"id":94839,"date":"2024-04-12T13:50:35","date_gmt":"2024-04-12T11:50:35","guid":{"rendered":"https:\/\/www.esmuc.cat\/estudios\/masters-i-postgraus\/beques-i-ajuts\/becas-fundacion-frederic-mompou\/"},"modified":"2025-07-09T08:58:59","modified_gmt":"2025-07-09T06:58:59","slug":"becas-fundacion-frederic-mompou","status":"publish","type":"page","link":"https:\/\/www.esmuc.cat\/es\/estudios\/masters-i-postgraus\/beques-i-ajuts\/becas-fundacion-frederic-mompou\/","title":{"rendered":"Becas Fundaci\u00f3n Frederic Mompou"},"content":{"rendered":"\n<div class=\"wp-block-columns is-layout-flex wp-container-core-columns-is-layout-9d6595d7 wp-block-columns-is-layout-flex\">\n<div class=\"wp-block-column esmuc__Menu_Masters sub-menu is-layout-flow wp-block-column-is-layout-flow\" style=\"flex-basis:33.33%\">\n\n\n\n\n<p><\/p>\n<\/div>\n\n\n\n<div class=\"wp-block-column is-layout-flow wp-block-column-is-layout-flow\" style=\"flex-basis:66.66%\"><div class=\"breadcrumbs align  wp-block-bcn-breadcrumb-trail has-text-color has-background\" vocab=\"https:\/\/schema.org\/\" typeof=\"BreadcrumbList\">\n\t<span><\/span>\n\t<span property=\"itemListElement\" typeof=\"ListItem\"><a property=\"item\" typeof=\"WebPage\" title=\"Ir a ESMUC.\" href=\"https:\/\/www.esmuc.cat\/es\/\" class=\"home\" ><span property=\"name\">ESMUC<\/span><\/a><meta property=\"position\" content=\"1\"><\/span> &gt; <span property=\"itemListElement\" typeof=\"ListItem\"><a property=\"item\" typeof=\"WebPage\" title=\"Ir a Estudios.\" href=\"https:\/\/www.esmuc.cat\/es\/estudios\/\" class=\"post post-page\" ><span property=\"name\">Estudios<\/span><\/a><meta property=\"position\" content=\"2\"><\/span> &gt; <span property=\"itemListElement\" typeof=\"ListItem\"><a property=\"item\" typeof=\"WebPage\" title=\"Ir a M\u00e1steres y posgrados.\" href=\"https:\/\/www.esmuc.cat\/es\/estudios\/masters-i-postgraus\/\" class=\"post post-page\" ><span property=\"name\">M\u00e1steres y posgrados<\/span><\/a><meta property=\"position\" content=\"3\"><\/span> &gt; <span property=\"itemListElement\" typeof=\"ListItem\"><a property=\"item\" typeof=\"WebPage\" title=\"Ir a Becas y ayudas.\" href=\"https:\/\/www.esmuc.cat\/es\/estudios\/masters-i-postgraus\/beques-i-ajuts\/\" class=\"post post-page\" ><span property=\"name\">Becas y ayudas<\/span><\/a><meta property=\"position\" content=\"4\"><\/span> &gt; <span property=\"itemListElement\" typeof=\"ListItem\"><span property=\"name\" class=\"post post-page current-item\">Becas Fundaci\u00f3n Frederic Mompou<\/span><meta property=\"url\" content=\"https:\/\/www.esmuc.cat\/es\/estudios\/masters-i-postgraus\/beques-i-ajuts\/becas-fundacion-frederic-mompou\/\"><meta property=\"position\" content=\"5\"><\/span><\/div>\n\n\n\n<h1 class=\"wp-block-heading\">Becas Fundaci\u00f3 Frederic Mompou<\/h1>\n\n\n\n<div style=\"height:10px\" aria-hidden=\"true\" class=\"wp-block-spacer\"><\/div>\n\n\n\n<div id=\"section-g5400cf\" class=\"wp-block-gutentor-e6 section-g5400cf gutentor-element gutentor-element-image\"><div class=\"gutentor-element-image-box\"><div class=\"gutentor-image-thumb\"><img decoding=\"async\" class=\"normal-image\" src=\"https:\/\/www.esmuc.cat\/wp-content\/uploads\/2025\/04\/049-copia.jpg\" \/><\/div><\/div><\/div>\n\n\n\n<div style=\"height:33px\" aria-hidden=\"true\" class=\"wp-block-spacer\"><\/div>\n\n\n\n<div id=\"section-g9b1101\" class=\"wp-block-gutentor-e0 section-g9b1101 gutentor-element gutentor-element-advanced-text\"><div class=\"gutentor-text-wrap\"><p class=\"gutentor-text\">El a\u00f1o 2024, la Fundaci\u00f3 Frederic Mompou convoca la primera edici\u00f3n de becas de estudios destinadas a la investigaci\u00f3n y a la interpretaci\u00f3n de la m\u00fasica del compositor Frederic Mompou.<\/p><\/div><\/div>\n\n\n\n<div id=\"section-g6f3bb4\" class=\"wp-block-gutentor-e0 section-g6f3bb4 gutentor-element gutentor-element-advanced-text\"><div class=\"gutentor-text-wrap\"><p class=\"gutentor-text\"><\/p><\/div><\/div>\n\n\n\n<div style=\"height:10px\" aria-hidden=\"true\" class=\"wp-block-spacer\"><\/div>\n\n\n\n<section id=\"ee4478\" class=\"section-ee4478 gutentor-module gutentor-module-accordion\"><div class=\"grid-container\">\n<div id=\"84a690\" class=\"wp-block-gutentor-m6-item section-84a690 gutentor-module gutentor-module-accordion-item\"><div class=\"gutentor-module-accordion-panel g-a-panel-ee4478\"><div class=\"gm-ah-ee4478 gutentor-module-accordion-item-heading gutentor-module-icon-position-right\"><span class=\"gutentor-module-accordion-panel-handler\" role=\"button\"><span class=\"gutentor-module-accordion-panel-handler-label\">Objectivo<\/span><span class=\"gutentor-module-accordion-icon\"><i class=\"gm-aio-ee4478 gutentor-module-accordion-icon-open fas fa-plus\"><\/i><i class=\"gm-aic-ee4478 gutentor-module-accordion-icon-close fas fa-minus\"><\/i><\/span><\/span><\/div><div class=\"gm-ab-ee4478 gutentor-module-accordion-body\">\n<div id=\"section-ga1a6a6\" class=\"wp-block-gutentor-e0 section-ga1a6a6 gutentor-element gutentor-element-advanced-text\"><div class=\"gutentor-text-wrap\"><p class=\"gutentor-text\">Esta beca se crea para incentivar el estudio de la obra de Frederic Mompou en el contexto acad\u00e9mico y de investigaci\u00f3n del M\u00e1ster de Interpretaci\u00f3n de la M\u00fasica Cl\u00e1sica y Contempor\u00e1nea de la Escola Superior de M\u00fasica de Catalunya (ESMUC).<br>La ayuda tiene como objetivo apoyar a los proyectos que integran la interpretaci\u00f3n y la investigaci\u00f3n de la m\u00fasica de Frederic Mompou en un mismo trabajo:<\/p><\/div><\/div>\n\n\n\n<div id=\"section-g7c14b5\" class=\"wp-block-gutentor-e7 section-g7c14b5 gutentor-element gutentor-element-list\"><ul class=\"grid-row gutentor-grid-item-wrap list-indicator-icon\"><li class=\"gutentor-list-item grid-lg-12 grid-md-12 grid-12\"><span class=\"gutentor-single-item gutentor-single-item-0\"><span class=\"gutentor-list-item-wrap g-s-list-wrap\"><span class=\"gutentor-single-list-item-icon\"><i class=\"list-item-icon fas fa-angle-right\"><\/i><\/span><span class=\"gutentor-list-item\"><p class=\"gutentor-single-item-title\">La interpretaci\u00f3n de la obra de Frederic Mompou en cualquier de los instrumentos por los cuales compuso de forma m\u00e1s significativa, esto es: piano, canto y guitarra.<\/p><\/span><\/span><\/span><\/li><li class=\"gutentor-list-item grid-lg-12 grid-md-12 grid-12\"><span class=\"gutentor-single-item gutentor-single-item-1\"><span class=\"gutentor-list-item-wrap g-s-list-wrap\"><span class=\"gutentor-single-list-item-icon\"><i class=\"list-item-icon fas fa-angle-right\"><\/i><\/span><span class=\"gutentor-list-item\"><p class=\"gutentor-single-item-title\">La investigaci\u00f3n en cualquier \u00e1mbito performativo o musicol\u00f3gico relacionado con la obra de Frederic Mompou.<\/p><\/span><\/span><\/span><\/li><\/ul><\/div>\n\n\n\n<div id=\"section-g73142f\" class=\"wp-block-gutentor-e0 section-g73142f gutentor-element gutentor-element-advanced-text\"><div class=\"gutentor-text-wrap\"><p class=\"gutentor-text\"><\/p><\/div><\/div>\n<\/div><\/div><\/div>\n\n\n\n<div id=\"76e24c\" class=\"wp-block-gutentor-m6-item section-76e24c gutentor-module gutentor-module-accordion-item\"><div class=\"gutentor-module-accordion-panel g-a-panel-ee4478\"><div class=\"gm-ah-ee4478 gutentor-module-accordion-item-heading gutentor-module-icon-position-right\"><span class=\"gutentor-module-accordion-panel-handler\" role=\"button\"><span class=\"gutentor-module-accordion-panel-handler-label\">Requisitos<\/span><span class=\"gutentor-module-accordion-icon\"><i class=\"gm-aio-ee4478 gutentor-module-accordion-icon-open fas fa-plus\"><\/i><i class=\"gm-aic-ee4478 gutentor-module-accordion-icon-close fas fa-minus\"><\/i><\/span><\/span><\/div><div class=\"gm-ab-ee4478 gutentor-module-accordion-body\">\n<div id=\"section-g4930e4\" class=\"wp-block-gutentor-e0 section-g4930e4 gutentor-element gutentor-element-advanced-text\"><div class=\"gutentor-text-wrap\"><p class=\"gutentor-text\">Por la obtenci\u00f3n de la Beca Frederic Mompou ser\u00e1 imprescindible que el Trabajo Final de M\u00e1ster incluya, totalmente o parcial, la interpretaci\u00f3n de su obra y un estudio de investigaci\u00f3n que aporte conocimiento sobre cualquier aspecto relativo al compositor, de manera exclusiva o compartida con otros compositores.<br><br>En cuanto a la interpretaci\u00f3n de la obra pian\u00edstica y vocal, el Concierto Final de M\u00e1ster tiene que estar confeccionado con un m\u00ednimo del 50% de su duraci\u00f3n con obras de este compositor. En la modalidad de la guitarra lo ser\u00e1 con la totalidad de la obra escrita por este instrumento.<br><br>En cuanto al trabajo escrito, podr\u00e1 presentar una investigaci\u00f3n en cualquier de los \u00e1mbitos de la investigaci\u00f3n performativa o de la musicolog\u00eda actual (biogr\u00e1fica, hist\u00f3rica, est\u00e9tica, te\u00f3rica, sociol\u00f3gica, iconogr\u00e1fica, de recepci\u00f3n cr\u00edtica, etc.) de forma exclusiva o parcial, con el requisito que el compositor forme parte.<\/p><\/div><\/div>\n\n\n\n<div id=\"section-gd29496\" class=\"wp-block-gutentor-e0 section-gd29496 gutentor-element gutentor-element-advanced-text\"><div class=\"gutentor-text-wrap\"><p class=\"gutentor-text\"><\/p><\/div><\/div>\n\n\n\n<div id=\"section-g82f326\" class=\"wp-block-gutentor-e0 section-g82f326 gutentor-element gutentor-element-advanced-text\"><div class=\"gutentor-text-wrap\"><p class=\"gutentor-text\"><\/p><\/div><\/div>\n<\/div><\/div><\/div>\n\n\n\n<div id=\"b97e5f\" class=\"wp-block-gutentor-m6-item section-b97e5f gutentor-module gutentor-module-accordion-item\"><div class=\"gutentor-module-accordion-panel g-a-panel-ee4478\"><div class=\"gm-ah-ee4478 gutentor-module-accordion-item-heading gutentor-module-icon-position-right\"><span class=\"gutentor-module-accordion-panel-handler\" role=\"button\"><span class=\"gutentor-module-accordion-panel-handler-label\">Presentaci\u00f3n de candidaturas<\/span><span class=\"gutentor-module-accordion-icon\"><i class=\"gm-aio-ee4478 gutentor-module-accordion-icon-open fas fa-plus\"><\/i><i class=\"gm-aic-ee4478 gutentor-module-accordion-icon-close fas fa-minus\"><\/i><\/span><\/span><\/div><div class=\"gm-ab-ee4478 gutentor-module-accordion-body\">\n<div id=\"section-gb458ab\" class=\"wp-block-gutentor-e0 section-gb458ab gutentor-element gutentor-element-advanced-text\"><div class=\"gutentor-text-wrap\"><p class=\"gutentor-text\">Pueden presentar candidaturas aquellas personas que quieran cursar el M\u00e1ster oficial de Interpretaci\u00f3n de M\u00fasica Cl\u00e1sica y Contempor\u00e1nea en la Escola Superior de M\u00fasica de Catalunya (ESMUC) en las modalidades instrumentales de piano, canto y guitarra, pero solo se valorar\u00e1n las candidaturas de los aspirantes que previamente hayan superado el correspondiente protocolo de acceso al M\u00e1ster.<br><br>La candidatura a la beca tiene que presentar un resumen de un m\u00e1ximo de 700 palabras, que contenga los objetivos y una breve presentaci\u00f3n de la naturaleza y metodolog\u00eda de la investigaci\u00f3n con una propuesta de programa por el Concierto Final del M\u00e1ster.<br><br>La realizaci\u00f3n del Trabajo Final de M\u00e1ster (concierto y trabajo escrito) se llevar\u00e1 a cabo una vez concedida la beca.<br><br>El trabajo escrito se podr\u00e1 presentar en lengua catalana, castellana, inglesa o francesa. Se aceptan candidaturas de cualquier nacionalidad.<br><br>La fecha l\u00edmite de presentaci\u00f3n de candidaturas es el <strong>15 de septiembre de 2025<\/strong>.<br><br>Fundaci\u00f3 Frederic Mompou: <a href=\"mailto:&quot;info@fundaciomompou.cat&quot;\">info@fundaciomompou<\/a>.cat<\/p><\/div><\/div>\n<\/div><\/div><\/div>\n\n\n\n<div id=\"b2c73c\" class=\"wp-block-gutentor-m6-item section-b2c73c gutentor-module gutentor-module-accordion-item\"><div class=\"gutentor-module-accordion-panel g-a-panel-ee4478\"><div class=\"gm-ah-ee4478 gutentor-module-accordion-item-heading gutentor-module-icon-position-right\"><span class=\"gutentor-module-accordion-panel-handler\" role=\"button\"><span class=\"gutentor-module-accordion-panel-handler-label\">Dotaci\u00f3n de la beca<\/span><span class=\"gutentor-module-accordion-icon\"><i class=\"gm-aio-ee4478 gutentor-module-accordion-icon-open fas fa-plus\"><\/i><i class=\"gm-aic-ee4478 gutentor-module-accordion-icon-close fas fa-minus\"><\/i><\/span><\/span><\/div><div class=\"gm-ab-ee4478 gutentor-module-accordion-body\">\n<div id=\"section-gaf1498\" class=\"wp-block-gutentor-e0 section-gaf1498 gutentor-element gutentor-element-advanced-text\"><div class=\"gutentor-text-wrap\"><p class=\"gutentor-text\">Para el curso 2025-2026 se oferta una sola beca de un importe de 2.000 \u20ac.<br><br>Adem\u00e1s de la aportaci\u00f3n econ\u00f3mica, la Fundaci\u00f3 Frederic Mompou acompa\u00f1ar\u00e1 y facilitar\u00e1 el acceso a la documentaci\u00f3n de su archivo y har\u00e1 difusi\u00f3n del concierto y el trabajo escrito de la investigaci\u00f3n.<br><\/p><\/div><\/div>\n<\/div><\/div><\/div>\n\n\n\n<div id=\"e38666\" class=\"wp-block-gutentor-m6-item section-e38666 gutentor-module gutentor-module-accordion-item\"><div class=\"gutentor-module-accordion-panel g-a-panel-ee4478\"><div class=\"gm-ah-ee4478 gutentor-module-accordion-item-heading gutentor-module-icon-position-right\"><span class=\"gutentor-module-accordion-panel-handler\" role=\"button\"><span class=\"gutentor-module-accordion-panel-handler-label\">Comisi\u00f3n de selecci\u00f3n<\/span><span class=\"gutentor-module-accordion-icon\"><i class=\"gm-aio-ee4478 gutentor-module-accordion-icon-open fas fa-plus\"><\/i><i class=\"gm-aic-ee4478 gutentor-module-accordion-icon-close fas fa-minus\"><\/i><\/span><\/span><\/div><div class=\"gm-ab-ee4478 gutentor-module-accordion-body\">\n<div id=\"section-g86a5d2\" class=\"wp-block-gutentor-e0 section-g86a5d2 gutentor-element gutentor-element-advanced-text\"><div class=\"gutentor-text-wrap\"><p class=\"gutentor-text\">La comisi\u00f3n de selecci\u00f3n estar\u00e1 formada por dos miembros del profesorado de la Escola Superior de M\u00fasica de Catalunya y una o dos personas designadas por la Fundaci\u00f3 Frederic Mompou, que la representar\u00e1n.<br><br>Se evaluar\u00e1n las solicitudes presentadas aplicando criterios de valoraci\u00f3n sobre la calidad, la oportunidad, la incidencia, la originalidad y la claridad del resumen explicativo del proyecto presentado a la candidatura.<\/p><\/div><\/div>\n<\/div><\/div><\/div>\n<\/div><\/section>\n\n\n\n<figure class=\"wp-block-image size-medium\"><a href=\"https:\/\/fundaciomompou.cat\/es\/\" target=\"_blank\" rel=\"noreferrer noopener\"><img decoding=\"async\" width=\"300\" height=\"219\" src=\"https:\/\/www.esmuc.cat\/wp-content\/uploads\/2024\/04\/logo-Fundacio-Mompou-300x219.jpg\" alt=\"Logotipo Fundaci\u00f3n Frederic Mompou\" class=\"wp-image-94828\" srcset=\"https:\/\/www.esmuc.cat\/wp-content\/uploads\/2024\/04\/logo-Fundacio-Mompou-300x219.jpg 300w, https:\/\/www.esmuc.cat\/wp-content\/uploads\/2024\/04\/logo-Fundacio-Mompou-1024x747.jpg 1024w, https:\/\/www.esmuc.cat\/wp-content\/uploads\/2024\/04\/logo-Fundacio-Mompou-768x560.jpg 768w, https:\/\/www.esmuc.cat\/wp-content\/uploads\/2024\/04\/logo-Fundacio-Mompou-1536x1120.jpg 1536w, https:\/\/www.esmuc.cat\/wp-content\/uploads\/2024\/04\/logo-Fundacio-Mompou.jpg 1969w\" sizes=\"(max-width: 300px) 100vw, 300px\" \/><\/a><\/figure>\n\n\n\n<div id=\"section-g16c344\" class=\"wp-block-gutentor-e0 section-g16c344 gutentor-element gutentor-element-advanced-text\"><div class=\"gutentor-text-wrap\"><p class=\"gutentor-text\"><\/p><\/div><\/div>\n<\/div>\n<\/div>\n","protected":false},"excerpt":{"rendered":"<p>Becas Fundaci\u00f3 Frederic Mompou<\/p>\n","protected":false},"author":4,"featured_media":15363,"parent":28588,"menu_order":0,"comment_status":"closed","ping_status":"closed","template":"","meta":{"_acf_changed":false,"_themeisle_gutenberg_block_has_review":false,"footnotes":""},"categories":[1126],"tags":[1200,1680,1128,1679,1130],"class_list":["post-94839","page","type-page","status-publish","has-post-thumbnail","hentry","category-especialitats-es","tag-beques-es","tag-fundacion-frederic-mompou","tag-interpretacio-es","tag-masteres","tag-musica-classica-i-contemporania-es"],"acf":[],"publishpress_future_action":{"enabled":false,"date":"2026-04-22 07:34:06","action":"change-status","newStatus":"draft","terms":[],"taxonomy":"category","extraData":[]},"publishpress_future_workflow_manual_trigger":{"enabledWorkflows":[]},"_links":{"self":[{"href":"https:\/\/www.esmuc.cat\/es\/wp-json\/wp\/v2\/pages\/94839","targetHints":{"allow":["GET"]}}],"collection":[{"href":"https:\/\/www.esmuc.cat\/es\/wp-json\/wp\/v2\/pages"}],"about":[{"href":"https:\/\/www.esmuc.cat\/es\/wp-json\/wp\/v2\/types\/page"}],"author":[{"embeddable":true,"href":"https:\/\/www.esmuc.cat\/es\/wp-json\/wp\/v2\/users\/4"}],"replies":[{"embeddable":true,"href":"https:\/\/www.esmuc.cat\/es\/wp-json\/wp\/v2\/comments?post=94839"}],"version-history":[{"count":11,"href":"https:\/\/www.esmuc.cat\/es\/wp-json\/wp\/v2\/pages\/94839\/revisions"}],"predecessor-version":[{"id":110518,"href":"https:\/\/www.esmuc.cat\/es\/wp-json\/wp\/v2\/pages\/94839\/revisions\/110518"}],"up":[{"embeddable":true,"href":"https:\/\/www.esmuc.cat\/es\/wp-json\/wp\/v2\/pages\/28588"}],"wp:featuredmedia":[{"embeddable":true,"href":"https:\/\/www.esmuc.cat\/es\/wp-json\/wp\/v2\/media\/15363"}],"wp:attachment":[{"href":"https:\/\/www.esmuc.cat\/es\/wp-json\/wp\/v2\/media?parent=94839"}],"wp:term":[{"taxonomy":"category","embeddable":true,"href":"https:\/\/www.esmuc.cat\/es\/wp-json\/wp\/v2\/categories?post=94839"},{"taxonomy":"post_tag","embeddable":true,"href":"https:\/\/www.esmuc.cat\/es\/wp-json\/wp\/v2\/tags?post=94839"}],"curies":[{"name":"wp","href":"https:\/\/api.w.org\/{rel}","templated":true}]}}