{"id":93984,"date":"2024-03-22T14:17:39","date_gmt":"2024-03-22T13:17:39","guid":{"rendered":"https:\/\/www.esmuc.cat\/estudios\/grau\/musica-y-educacion-primaria\/"},"modified":"2025-11-03T09:20:34","modified_gmt":"2025-11-03T08:20:34","slug":"musica-y-educacion-primaria","status":"publish","type":"page","link":"https:\/\/www.esmuc.cat\/es\/estudios\/grau\/musica-y-educacion-primaria\/","title":{"rendered":"M\u00fasica y Educaci\u00f3n primaria"},"content":{"rendered":"\n<div class=\"wp-block-columns is-layout-flex wp-container-core-columns-is-layout-9d6595d7 wp-block-columns-is-layout-flex\">\n<div class=\"wp-block-column esmuc__Menu_Masters is-layout-flow wp-block-column-is-layout-flow\" style=\"flex-basis:33.33%\">\n\n<\/div>\n\n\n\n<div class=\"wp-block-column is-layout-flow wp-block-column-is-layout-flow\" style=\"flex-basis:66.66%\"><div class=\"breadcrumbs align  wp-block-bcn-breadcrumb-trail has-text-color has-background\" vocab=\"https:\/\/schema.org\/\" typeof=\"BreadcrumbList\">\n\t<span><\/span>\n\t<span property=\"itemListElement\" typeof=\"ListItem\"><a property=\"item\" typeof=\"WebPage\" title=\"Ir a ESMUC.\" href=\"https:\/\/www.esmuc.cat\/es\/\" class=\"home\" ><span property=\"name\">ESMUC<\/span><\/a><meta property=\"position\" content=\"1\"><\/span> &gt; <span property=\"itemListElement\" typeof=\"ListItem\"><a property=\"item\" typeof=\"WebPage\" title=\"Ir a Estudios.\" href=\"https:\/\/www.esmuc.cat\/es\/estudios\/\" class=\"post post-page\" ><span property=\"name\">Estudios<\/span><\/a><meta property=\"position\" content=\"2\"><\/span> &gt; <span property=\"itemListElement\" typeof=\"ListItem\"><a property=\"item\" typeof=\"WebPage\" title=\"Ir a Grado.\" href=\"https:\/\/www.esmuc.cat\/es\/estudios\/grau\/\" class=\"post post-page\" ><span property=\"name\">Grado<\/span><\/a><meta property=\"position\" content=\"3\"><\/span> &gt; <span property=\"itemListElement\" typeof=\"ListItem\"><span property=\"name\" class=\"post post-page current-item\">M\u00fasica y Educaci\u00f3n primaria<\/span><meta property=\"url\" content=\"https:\/\/www.esmuc.cat\/es\/estudios\/grau\/musica-y-educacion-primaria\/\"><meta property=\"position\" content=\"4\"><\/span><\/div>\n\n\n\n<h1 class=\"wp-block-heading\">Itinerario de simultaneidad en M\u00fasica y Educaci\u00f3n Primaria<\/h1>\n\n\n\n<div style=\"height:15px\" aria-hidden=\"true\" class=\"wp-block-spacer\"><\/div>\n\n\n\n<div id=\"section-g43ad09\" class=\"wp-block-gutentor-e6 section-g43ad09 gutentor-element gutentor-element-image\"><div class=\"gutentor-element-image-box\"><div class=\"gutentor-image-thumb\"><img decoding=\"async\" class=\"normal-image\" src=\"https:\/\/www.esmuc.cat\/wp-content\/uploads\/2025\/02\/DSC_7887-1.jpg\" \/><\/div><\/div><\/div>\n\n\n\n<div style=\"height:28px\" aria-hidden=\"true\" class=\"wp-block-spacer\"><\/div>\n\n\n\n<div id=\"section-geb3c7c\" class=\"wp-block-gutentor-e0 section-geb3c7c gutentor-element gutentor-element-advanced-text\"><div class=\"gutentor-text-wrap\"><p class=\"gutentor-text\">La Escola Superior de M\u00fasica de Catalunya (ESMUC) y la Universitat Rovira i Virgili (URV) ofrecen un itinerario de simultaneidad del Grado en Educaci\u00f3n Primaria, menci\u00f3n M\u00fasica, y el Grado en Ense\u00f1anzas Art\u00edsticas Superiores de M\u00fasica. Esta doble titulaci\u00f3n permitir\u00e1 al alumnado desplegar sus competencias interpretativas y pedag\u00f3gicas.<br><br>La oferta contempla la especialidad de interpretaci\u00f3n de la m\u00fasica cl\u00e1sica y contempor\u00e1nea, dentro de las modalidades de los instrumentos orquestales. Se estudiar\u00e1 la posibilidad de incluir otros instrumentos de la m\u00fasica cl\u00e1sica y contempor\u00e1nea a partir de las solicitudes recibidas.<br><br>El Grado en Educaci\u00f3n Primaria y el Grado en Ense\u00f1anzas Art\u00edsticas Superiores de M\u00fasica tienen la acreditaci\u00f3n favorable de la AQU Catalunya. El Grado en Ense\u00f1anzas Art\u00edsticas Superiores de M\u00fasica equivale a todos los efectos a un grado universitario.<\/p><\/div><\/div>\n\n\n\n<div style=\"height:29px\" aria-hidden=\"true\" class=\"wp-block-spacer\"><\/div>\n\n\n\n<section id=\"a3eb9a\" class=\"section-a3eb9a gutentor-module gutentor-module-accordion\"><div class=\"grid-container\">\n<div id=\"b62119\" class=\"wp-block-gutentor-m6-item section-b62119 gutentor-module gutentor-module-accordion-item\"><div class=\"gutentor-module-accordion-panel g-a-panel-a3eb9a\"><div class=\"gm-ah-a3eb9a gutentor-module-accordion-item-heading gutentor-module-icon-position-right\"><span class=\"gutentor-module-accordion-panel-handler\" role=\"button\"><span class=\"gutentor-module-accordion-panel-handler-label\">A qui\u00e9n se dirige<\/span><span class=\"gutentor-module-accordion-icon\"><i class=\"gm-aio-a3eb9a gutentor-module-accordion-icon-open fas fa-plus\"><\/i><i class=\"gm-aic-a3eb9a gutentor-module-accordion-icon-close fas fa-minus\"><\/i><\/span><\/span><\/div><div class=\"gm-ab-a3eb9a gutentor-module-accordion-body\">\n<div id=\"section-g8998da\" class=\"wp-block-gutentor-e0 section-g8998da gutentor-element gutentor-element-advanced-text\"><div class=\"gutentor-text-wrap\"><p class=\"gutentor-text\">La doble titulaci\u00f3n est\u00e1 dirigida a estudiantes con inter\u00e9s en desarrollar su carrera profesional en la educaci\u00f3n primaria y en la m\u00fasica. El objetivo es formar personas con competencias diversificadas, interdisciplinarias y capaces de afrontar los retos que demanda, en la actualidad, el mundo educativo y el de la interpretaci\u00f3n.<\/p><\/div><\/div>\n<\/div><\/div><\/div>\n\n\n\n<div id=\"3bb090\" class=\"wp-block-gutentor-m6-item section-3bb090 gutentor-module gutentor-module-accordion-item\"><div class=\"gutentor-module-accordion-panel g-a-panel-a3eb9a\"><div class=\"gm-ah-a3eb9a gutentor-module-accordion-item-heading gutentor-module-icon-position-right\"><span class=\"gutentor-module-accordion-panel-handler\" role=\"button\"><span class=\"gutentor-module-accordion-panel-handler-label\">Requisitos de acceso<\/span><span class=\"gutentor-module-accordion-icon\"><i class=\"gm-aio-a3eb9a gutentor-module-accordion-icon-open fas fa-plus\"><\/i><i class=\"gm-aic-a3eb9a gutentor-module-accordion-icon-close fas fa-minus\"><\/i><\/span><\/span><\/div><div class=\"gm-ab-a3eb9a gutentor-module-accordion-body\">\n<p>Para acceder a estos estudios, las personas aspirantes deber\u00e1n superar la <a href=\"https:\/\/www.esmuc.cat\/es\/estudios\/grau\/acces-i-admissio\/proves-dacces\/\">prueba de acceso<\/a> de la especialidad de interpretaci\u00f3n de la M\u00fasica cl\u00e1sica y contempor\u00e1nea del Grado en Ense\u00f1anzas Art\u00edsticas Superiores en la ESMUC y las <a href=\"https:\/\/universitats.gencat.cat\/ca\/pau\/index.html\">pruebas de acceso a la universidad (PAU)<\/a>, junto con las <a href=\"https:\/\/universitats.gencat.cat\/ca\/proves-aptitud-personal\/\">pruebas de aptitud personal (PAP)<\/a>, para acceder al Grado en Educaci\u00f3n Primaria de la Universidad Rovira i Virgili.<\/p>\n\n\n\n<p>Se ofrecen un total de 10 plazas por curso.<\/p>\n\n\n\n<p><\/p>\n\n\n\n<section id=\"gmad2396a\" class=\"wp-block-gutentor-m2 section-gmad2396a gutentor-module gutentor-dynamic-columns\"><div class=\"grid-container\"><div class=\"grid-row\">\n<div id=\"col-gmdc9c46\" class=\"wp-block-gutentor-m2-col col-gmdc9c46 gutentor-module gutentor-dynamic-single-column grid-lg-6 grid-md-4 grid-12\"><div id=\"section-gmdc9c46\" class=\"section-gmdc9c46 gutentor-single-col has-color-bg has-custom-bg\">\n<div id=\"section-gb25f76\" class=\"wp-block-gutentor-e0 section-gb25f76 gutentor-element gutentor-element-advanced-text\"><div class=\"gutentor-text-wrap\"><p class=\"gutentor-text\"><strong>Para m\u00e1s informaci\u00f3n:<\/strong><\/p><\/div><\/div>\n\n\n\n<div id=\"section-g1a09b5\" class=\"wp-block-gutentor-e7 section-g1a09b5 gutentor-element gutentor-element-list\"><ul class=\"grid-row gutentor-grid-item-wrap list-indicator-icon\"><li class=\"gutentor-list-item grid-lg-12 grid-md-12 grid-12\"><span class=\"gutentor-single-item gutentor-single-item-0\"><span class=\"gutentor-list-item-wrap g-s-list-wrap\"><span class=\"gutentor-single-list-item-icon\"><i class=\"list-item-icon fas fa-angle-right\"><\/i><\/span><span class=\"gutentor-list-item\"><p class=\"gutentor-single-item-title\"><a href=\"https:\/\/www.urv.cat\/es\/estudios\/grados\/crm\/solicitud-informacion\/\" target=\"_blank\" rel=\"noreferrer noopener\">https:\/\/www.urv.cat\/es\/estudios\/grados\/crm\/solicitud-informacion\/<\/a><\/p><\/span><\/span><\/span><\/li><li class=\"gutentor-list-item grid-lg-12 grid-md-12 grid-12\"><span class=\"gutentor-single-item gutentor-single-item-1\"><span class=\"gutentor-list-item-wrap g-s-list-wrap\"><span class=\"gutentor-single-list-item-icon\"><i class=\"list-item-icon fas fa-angle-right\"><\/i><\/span><span class=\"gutentor-list-item\"><p class=\"gutentor-single-item-title\"><a href=\"mailto:musicaieducacioprimaria@esmuc.cat\">musicaieducacioprimaria@esmuc.cat<\/a><\/p><\/span><\/span><\/span><\/li><\/ul><\/div>\n<\/div><\/div>\n<\/div><\/div><\/section>\n<\/div><\/div><\/div>\n\n\n\n<div id=\"eec0a5\" class=\"wp-block-gutentor-m6-item section-eec0a5 gutentor-module gutentor-module-accordion-item\"><div class=\"gutentor-module-accordion-panel g-a-panel-a3eb9a\"><div class=\"gm-ah-a3eb9a gutentor-module-accordion-item-heading gutentor-module-icon-position-right\"><span class=\"gutentor-module-accordion-panel-handler\" role=\"button\"><span class=\"gutentor-module-accordion-panel-handler-label\">Organizaci\u00f3n<\/span><span class=\"gutentor-module-accordion-icon\"><i class=\"gm-aio-a3eb9a gutentor-module-accordion-icon-open fas fa-plus\"><\/i><i class=\"gm-aic-a3eb9a gutentor-module-accordion-icon-close fas fa-minus\"><\/i><\/span><\/span><\/div><div class=\"gm-ab-a3eb9a gutentor-module-accordion-body\">\n<div id=\"section-g36034e\" class=\"wp-block-gutentor-e0 section-g36034e gutentor-element gutentor-element-advanced-text\"><div class=\"gutentor-text-wrap\"><p class=\"gutentor-text\">El itinerario de simultaneidad se cursa en 10 cuadrimestres (cinco cursos acad\u00e9micos, 414 ECTS). Se llevar\u00e1 a cabo en las sedes de la URV en Tortosa (4 d\u00edas a la semana) y en la ESMUC en Barcelona (un d\u00eda a la semana). Para m\u00e1s informaci\u00f3n, se puede consultar el plan de estudios en la web de la ESMUC.<br><br>Para que se pueda llevar a cabo el reconocimiento de cr\u00e9ditos en el marco del itinerario de simultaneidad, es necesario que el alumnado se matricule en ambos centros educativos: la URV y la ESMUC.<\/p><\/div><\/div>\n\n\n\n<div id=\"section-g59ebbe\" class=\"wp-block-gutentor-e0 section-g59ebbe gutentor-element gutentor-element-advanced-text\"><div class=\"gutentor-text-wrap\"><p class=\"gutentor-text\"> <\/p><\/div><\/div>\n<\/div><\/div><\/div>\n\n\n\n<div id=\"e7e8c1\" class=\"wp-block-gutentor-m6-item section-e7e8c1 gutentor-module gutentor-module-accordion-item\"><div class=\"gutentor-module-accordion-panel g-a-panel-a3eb9a\"><div class=\"gm-ah-a3eb9a gutentor-module-accordion-item-heading gutentor-module-icon-position-right\"><span class=\"gutentor-module-accordion-panel-handler\" role=\"button\"><span class=\"gutentor-module-accordion-panel-handler-label\">Salidas profesionales<\/span><span class=\"gutentor-module-accordion-icon\"><i class=\"gm-aio-a3eb9a gutentor-module-accordion-icon-open fas fa-plus\"><\/i><i class=\"gm-aic-a3eb9a gutentor-module-accordion-icon-close fas fa-minus\"><\/i><\/span><\/span><\/div><div class=\"gm-ab-a3eb9a gutentor-module-accordion-body\">\n<div id=\"section-g0ca099\" class=\"wp-block-gutentor-e0 section-g0ca099 gutentor-element gutentor-element-advanced-text\"><div class=\"gutentor-text-wrap\"><p class=\"gutentor-text\">Estos estudios te aportar\u00e1n las competencias necesarias para desarrollarte profesionalmente en un doble perfil: maestros con altas competencias musicales.<\/p><\/div><\/div>\n<\/div><\/div><\/div>\n<\/div><\/section>\n<\/div>\n<\/div>\n\n\n","protected":false},"excerpt":{"rendered":"<p>Itinerario de simultaneidad en M\u00fasica y Educaci\u00f3n Primaria<\/p>\n","protected":false},"author":5,"featured_media":0,"parent":30906,"menu_order":0,"comment_status":"closed","ping_status":"closed","template":"","meta":{"_acf_changed":false,"_themeisle_gutenberg_block_has_review":false,"footnotes":""},"categories":[1079,1075],"tags":[1665,1295,1127,1194],"class_list":["post-93984","page","type-page","status-publish","hentry","category-departament-deducacio-i-mediacio-artistica-es","category-estudios","tag-educacion-primaria","tag-esmuc-es","tag-grau-es","tag-titulacio-es"],"acf":[],"publishpress_future_action":{"enabled":false,"date":"2026-04-14 09:24:06","action":"change-status","newStatus":"draft","terms":[],"taxonomy":"category","extraData":[]},"publishpress_future_workflow_manual_trigger":{"enabledWorkflows":[]},"_links":{"self":[{"href":"https:\/\/www.esmuc.cat\/es\/wp-json\/wp\/v2\/pages\/93984","targetHints":{"allow":["GET"]}}],"collection":[{"href":"https:\/\/www.esmuc.cat\/es\/wp-json\/wp\/v2\/pages"}],"about":[{"href":"https:\/\/www.esmuc.cat\/es\/wp-json\/wp\/v2\/types\/page"}],"author":[{"embeddable":true,"href":"https:\/\/www.esmuc.cat\/es\/wp-json\/wp\/v2\/users\/5"}],"replies":[{"embeddable":true,"href":"https:\/\/www.esmuc.cat\/es\/wp-json\/wp\/v2\/comments?post=93984"}],"version-history":[{"count":10,"href":"https:\/\/www.esmuc.cat\/es\/wp-json\/wp\/v2\/pages\/93984\/revisions"}],"predecessor-version":[{"id":113599,"href":"https:\/\/www.esmuc.cat\/es\/wp-json\/wp\/v2\/pages\/93984\/revisions\/113599"}],"up":[{"embeddable":true,"href":"https:\/\/www.esmuc.cat\/es\/wp-json\/wp\/v2\/pages\/30906"}],"wp:attachment":[{"href":"https:\/\/www.esmuc.cat\/es\/wp-json\/wp\/v2\/media?parent=93984"}],"wp:term":[{"taxonomy":"category","embeddable":true,"href":"https:\/\/www.esmuc.cat\/es\/wp-json\/wp\/v2\/categories?post=93984"},{"taxonomy":"post_tag","embeddable":true,"href":"https:\/\/www.esmuc.cat\/es\/wp-json\/wp\/v2\/tags?post=93984"}],"curies":[{"name":"wp","href":"https:\/\/api.w.org\/{rel}","templated":true}]}}