{"id":91489,"date":"2024-02-09T12:13:22","date_gmt":"2024-02-09T11:13:22","guid":{"rendered":"https:\/\/www.esmuc.cat\/estudios\/masters-i-postgraus\/inscripcio-i-matricula\/preinscripcion-masteres\/"},"modified":"2024-02-09T12:13:23","modified_gmt":"2024-02-09T11:13:23","slug":"preinscripcion-masteres","status":"publish","type":"page","link":"https:\/\/www.esmuc.cat\/es\/estudios\/masters-i-postgraus\/inscripcio-i-matricula\/preinscripcion-masteres\/","title":{"rendered":"Preinscripci\u00f3n m\u00e1steres"},"content":{"rendered":"\n<h2 class=\"wp-block-heading\">Formalizaci\u00f3n de la preinscripci\u00f3n a los m\u00e1steres de la ESMUC<\/h2>\n\n<div style=\"height:60px\" aria-hidden=\"true\" class=\"wp-block-spacer\"><\/div>\n\n<div class=\"wp-block-columns is-layout-flex wp-container-core-columns-is-layout-9d6595d7 wp-block-columns-is-layout-flex\">\n<div class=\"wp-block-column is-layout-flow wp-block-column-is-layout-flow\">\n          \n\n          <div id=\"section-gf1d875\" class=\"wp-block-gutentor-e7 section-gf1d875 gutentor-element gutentor-element-list\">\n            <ul class=\"grid-row gutentor-grid-item-wrap list-indicator-icon\">\n              <li class=\"gutentor-list-item grid-lg-12 grid-md-12 grid-12\">\n                <span class=\"gutentor-single-item gutentor-single-item-0\">\n                  <span class=\"gutentor-list-item-wrap g-s-list-wrap\">\n                    <span class=\"gutentor-single-list-item-icon\">\n                      <i class=\"list-item-icon fas fa-arrow-right\"><\/i>\n                    <\/span>\n                    <span class=\"gutentor-list-item\">\n                      <p class=\"gutentor-single-item-title\">\n                        <a href=\"https:\/\/www.esmuc.cat\/es\/preinscripcion-master-barcelona-jazz-master\/\">Barcelona Jazz M\u00e1ster<\/a>\n                      <\/p>\n                    <\/span>\n                  <\/span>\n                <\/span>\n              <\/li>\n              <li class=\"gutentor-list-item grid-lg-12 grid-md-12 grid-12\">\n                <span class=\"gutentor-single-item gutentor-single-item-1\">\n                  <span class=\"gutentor-list-item-wrap g-s-list-wrap\">\n                    <span class=\"gutentor-single-list-item-icon\">\n                      <i class=\"list-item-icon fas fa-arrow-right\"><\/i>\n                    <\/span>\n                    <span class=\"gutentor-list-item\">\n                      <p class=\"gutentor-single-item-title\"><a href=\"https:\/\/www.esmuc.cat\/es\/preinscripcion-master-lied\/\">M\u00e1ster oficial de Lied \u201cVictoria de los \u00c1ngeles\u201d<\/a> <\/p>\n                    <\/span>\n                  <\/span>\n                <\/span>\n              <\/li>\n              <li class=\"gutentor-list-item grid-lg-12 grid-md-12 grid-12\">\n                <span class=\"gutentor-single-item gutentor-single-item-2\">\n                  <span class=\"gutentor-list-item-wrap g-s-list-wrap\">\n                    <span class=\"gutentor-single-list-item-icon\">\n                      <i class=\"list-item-icon fas fa-arrow-right\"><\/i>\n                    <\/span>\n                    <span class=\"gutentor-list-item\">\n                      <p class=\"gutentor-single-item-title\">\n                        <a href=\"https:\/\/www.esmuc.cat\/es\/preinscripcion-master-flamencologia\/\">M\u00e1ster oficial de flamencolog\u00eda<\/a>\n                      <\/p>\n                    <\/span>\n                  <\/span>\n                <\/span>\n              <\/li>\n              <li class=\"gutentor-list-item grid-lg-12 grid-md-12 grid-12\">\n                <span class=\"gutentor-single-item gutentor-single-item-3\">\n                  <span class=\"gutentor-list-item-wrap g-s-list-wrap\">\n                    <span class=\"gutentor-single-list-item-icon\">\n                      <i class=\"list-item-icon fas fa-arrow-right\"><\/i>\n                    <\/span>\n                    <span class=\"gutentor-list-item\">\n                      <p class=\"gutentor-single-item-title\">\n                        <a href=\"https:\/\/www.esmuc.cat\/es\/preinscripcion-master-investigacion-musical\/\">M\u00e1ster oficial de Investigaci\u00f3n musical <\/a>\n                      <\/p>\n                    <\/span>\n                  <\/span>\n                <\/span>\n              <\/li>\n              <li class=\"gutentor-list-item grid-lg-12 grid-md-12 grid-12\">\n                <span class=\"gutentor-single-item gutentor-single-item-4\">\n                  <span class=\"gutentor-list-item-wrap g-s-list-wrap\">\n                    <span class=\"gutentor-single-list-item-icon\">\n                      <i class=\"list-item-icon fas fa-arrow-right\"><\/i>\n                    <\/span>\n                    <span class=\"gutentor-list-item\">\n                      <p class=\"gutentor-single-item-title\">\n                        <a href=\"https:\/\/www.esmuc.cat\/es\/preinscripcion-master-meai\/\">M\u00e1ster oficial de interpretaci\u00f3n de la m\u00fasica cl\u00e1sica y contempor\u00e1nea<\/a>\n                      <\/p>\n                    <\/span>\n                  <\/span>\n                <\/span>\n              <\/li>\n              <li class=\"gutentor-list-item grid-lg-12 grid-md-12 grid-12\">\n                <span class=\"gutentor-single-item gutentor-single-item-5\">\n                  <span class=\"gutentor-list-item-wrap g-s-list-wrap\">\n                    <span class=\"gutentor-single-list-item-icon\">\n                      <i class=\"list-item-icon fas fa-arrow-right\"><\/i>\n                    <\/span>\n                    <span class=\"gutentor-list-item\">\n                      <p class=\"gutentor-single-item-title\"><a href=\"https:\/\/www.esmuc.cat\/es\/preinscripcion-master-interpretacion-del-flamenco\/\">M\u00e1ster oficial de interpretaci\u00f3n del flamenco<\/a> <\/p>\n                    <\/span>\n                  <\/span>\n                <\/span>\n              <\/li>\n              <li class=\"gutentor-list-item grid-lg-12 grid-md-12 grid-12\">\n                <span class=\"gutentor-single-item gutentor-single-item-6\">\n                  <span class=\"gutentor-list-item-wrap g-s-list-wrap\">\n                    <span class=\"gutentor-single-list-item-icon\">\n                      <i class=\"list-item-icon fas fa-arrow-right\"><\/i>\n                    <\/span>\n                    <span class=\"gutentor-list-item\">\n                      <p class=\"gutentor-single-item-title\"><a href=\"https:\/\/www.esmuc.cat\/es\/preinscripcion-master-composicion-musical-con-tecnologias\/\">M\u00e1ster de composici\u00f3n musical con tecnolog\u00edas<\/a> <\/p>\n                    <\/span>\n                  <\/span>\n                <\/span>\n              <\/li>\n              <li class=\"gutentor-list-item grid-lg-12 grid-md-12 grid-12\">\n                <span class=\"gutentor-single-item gutentor-single-item-7\">\n                  <span class=\"gutentor-list-item-wrap g-s-list-wrap\">\n                    <span class=\"gutentor-single-list-item-icon\">\n                      <i class=\"list-item-icon fas fa-arrow-right\"><\/i>\n                    <\/span>\n                    <span class=\"gutentor-list-item\">\n                      <p class=\"gutentor-single-item-title\"><a href=\"https:\/\/www.esmuc.cat\/es\/preinscripcion-master-composicion-de-bandas-sonoras-y-musica-para-medios-audiovisuales\/\">M\u00e0ster de composici\u00f3n de bandas sonoras y m\u00fasica para medios audiovisuales<\/a> <\/p>\n                    <\/span>\n                  <\/span>\n                <\/span>\n              <\/li>\n              <li class=\"gutentor-list-item grid-lg-12 grid-md-12 grid-12\">\n                <span class=\"gutentor-single-item gutentor-single-item-8\">\n                  <span class=\"gutentor-list-item-wrap g-s-list-wrap\">\n                    <span class=\"gutentor-single-list-item-icon\">\n                      <i class=\"list-item-icon fas fa-arrow-right\"><\/i>\n                    <\/span>\n                    <span class=\"gutentor-list-item\">\n                      <p class=\"gutentor-single-item-title\">\n                        <a href=\"https:\/\/www.esmuc.cat\/es\/preinscripcion-master-management-y-produccion-musical\/\">M\u00e1ster de management y producci\u00f3n musical<\/a>\n                      <\/p>\n                    <\/span>\n                  <\/span>\n                <\/span>\n              <\/li>\n              <li class=\"gutentor-list-item grid-lg-12 grid-md-12 grid-12\">\n                <span class=\"gutentor-single-item gutentor-single-item-9\">\n                  <span class=\"gutentor-list-item-wrap g-s-list-wrap\">\n                    <span class=\"gutentor-single-list-item-icon\">\n                      <i class=\"list-item-icon fas fa-arrow-right\"><\/i>\n                    <\/span>\n                    <span class=\"gutentor-list-item\">\n                      <p class=\"gutentor-single-item-title\">\n                        <a href=\"https:\/\/www.esmuc.cat\/es\/preinscripcion-master-musicoterapia\/\">M\u00e1ster en musicoterapia <\/a>\n                      <\/p>\n                    <\/span>\n                  <\/span>\n                <\/span>\n              <\/li>\n              <li class=\"gutentor-list-item grid-lg-12 grid-md-12 grid-12\">\n                <span class=\"gutentor-single-item gutentor-single-item-10\">\n                  <span class=\"gutentor-list-item-wrap g-s-list-wrap\">\n                    <span class=\"gutentor-single-list-item-icon\">\n                      <i class=\"list-item-icon fas fa-arrow-right\"><\/i>\n                    <\/span>\n                    <span class=\"gutentor-list-item\">\n                      <p class=\"gutentor-single-item-title\">\n                        <a href=\"https:\/\/www.esmuc.cat\/es\/preinscripcion-master-pedagogia-para-musicos\/\">Pedagog\u00eda para m\u00fasicos <\/a>\n                      <\/p>\n                    <\/span>\n                  <\/span>\n                <\/span>\n              <\/li>\n              <li class=\"gutentor-list-item grid-lg-12 grid-md-12 grid-12\">\n                <span class=\"gutentor-single-item gutentor-single-item-11\">\n                  <span class=\"gutentor-list-item-wrap g-s-list-wrap\">\n                    <span class=\"gutentor-single-list-item-icon\">\n                      <i class=\"list-item-icon fas fa-arrow-right\"><\/i>\n                    <\/span>\n                    <span class=\"gutentor-list-item\">\n                      <p class=\"gutentor-single-item-title\"><a href=\"https:\/\/www.esmuc.cat\/es\/preinscripcion-master-direccion-y-gestion-de-centros-educativos-artisticos\/\">M\u00e0ster de direcci\u00f3n y gesti\u00f3n de centros educativos art\u00edsticos<\/a> <\/p>\n                    <\/span>\n                  <\/span>\n                <\/span>\n              <\/li>\n            <\/ul>\n          <\/div>\n          \n\n        \n<\/div>\n<\/div>\n","protected":false},"excerpt":{"rendered":"<p>Formalizaci\u00f3n de la preinscripci\u00f3n a los m\u00e1steres de la ESMUC<\/p>\n","protected":false},"author":4,"featured_media":0,"parent":28498,"menu_order":2,"comment_status":"closed","ping_status":"closed","template":"","meta":{"_acf_changed":false,"_themeisle_gutenberg_block_has_review":false,"footnotes":""},"categories":[],"tags":[],"class_list":["post-91489","page","type-page","status-publish","hentry"],"acf":[],"publishpress_future_action":{"enabled":false,"date":"2026-04-11 14:20:16","action":"change-status","newStatus":"draft","terms":[],"taxonomy":"category","extraData":[]},"publishpress_future_workflow_manual_trigger":{"enabledWorkflows":[]},"_links":{"self":[{"href":"https:\/\/www.esmuc.cat\/es\/wp-json\/wp\/v2\/pages\/91489","targetHints":{"allow":["GET"]}}],"collection":[{"href":"https:\/\/www.esmuc.cat\/es\/wp-json\/wp\/v2\/pages"}],"about":[{"href":"https:\/\/www.esmuc.cat\/es\/wp-json\/wp\/v2\/types\/page"}],"author":[{"embeddable":true,"href":"https:\/\/www.esmuc.cat\/es\/wp-json\/wp\/v2\/users\/4"}],"replies":[{"embeddable":true,"href":"https:\/\/www.esmuc.cat\/es\/wp-json\/wp\/v2\/comments?post=91489"}],"version-history":[{"count":1,"href":"https:\/\/www.esmuc.cat\/es\/wp-json\/wp\/v2\/pages\/91489\/revisions"}],"predecessor-version":[{"id":91490,"href":"https:\/\/www.esmuc.cat\/es\/wp-json\/wp\/v2\/pages\/91489\/revisions\/91490"}],"up":[{"embeddable":true,"href":"https:\/\/www.esmuc.cat\/es\/wp-json\/wp\/v2\/pages\/28498"}],"wp:attachment":[{"href":"https:\/\/www.esmuc.cat\/es\/wp-json\/wp\/v2\/media?parent=91489"}],"wp:term":[{"taxonomy":"category","embeddable":true,"href":"https:\/\/www.esmuc.cat\/es\/wp-json\/wp\/v2\/categories?post=91489"},{"taxonomy":"post_tag","embeddable":true,"href":"https:\/\/www.esmuc.cat\/es\/wp-json\/wp\/v2\/tags?post=91489"}],"curies":[{"name":"wp","href":"https:\/\/api.w.org\/{rel}","templated":true}]}}