{"id":91484,"date":"2024-02-09T11:17:05","date_gmt":"2024-02-09T10:17:05","guid":{"rendered":"https:\/\/www.esmuc.cat\/preinscripcion-master-meai\/"},"modified":"2024-02-19T12:07:38","modified_gmt":"2024-02-19T11:07:38","slug":"preinscripcion-master-meai","status":"publish","type":"page","link":"https:\/\/www.esmuc.cat\/es\/estudios\/masters-i-postgraus\/inscripcio-i-matricula\/preinscripcion-masteres\/preinscripcion-master-meai\/","title":{"rendered":"Preinscripci\u00f3n M\u00e1ster &#8211; MEAI"},"content":{"rendered":"\n<section id=\"gmd301cf2\" class=\"wp-block-gutentor-m3 section-gmd301cf2 gutentor-module gutentor-container-cover\"><div class=\"grid-container\">\n<h2 class=\"wp-block-heading\">M\u00e1ster oficial de interpretaci\u00f3n de la m\u00fasica cl\u00e1sica y contempor\u00e1nea (MEAI)<\/h2>\n\n\n\n<hr class=\"wp-block-separator has-alpha-channel-opacity is-style-wide\" \/>\n\n\n\n<div id=\"section-g3e55d4\" class=\"wp-block-gutentor-e1 section-g3e55d4 gutentor-element gutentor-element-advanced-text\"><div class=\"gutentor-text-wrap\"><p class=\"gutentor-text\">Gracias por inscribirte al M\u00e1ster oficial de interpretaci\u00f3n de la m\u00fasica cl\u00e1sica y contempor\u00e1nea (MEAI).<\/p><\/div><\/div>\n\n\n\n<div id=\"section-gb4a2a7\" class=\"wp-block-gutentor-e1 section-gb4a2a7 gutentor-element gutentor-element-advanced-text\"><div class=\"gutentor-text-wrap\"><p class=\"gutentor-text\">Recuerda que para finalizar la inscripci\u00f3 es necesario:<\/p><\/div><\/div>\n\n\n\n<div id=\"section-g1ecf9d\" class=\"wp-block-gutentor-e7 section-g1ecf9d gutentor-element gutentor-element-list\"><ul class=\"grid-row gutentor-grid-item-wrap list-indicator-icon\"><li class=\"gutentor-list-item grid-lg-12 grid-md-12 grid-12\"><span class=\"gutentor-single-item gutentor-single-item-0\"><span class=\"gutentor-list-item-wrap g-s-list-wrap\"><span class=\"gutentor-single-list-item-icon\"><i class=\"list-item-icon fas fa-chevron-right\"><\/i><\/span><span class=\"gutentor-list-item\"><p class=\"gutentor-single-item-title\">Efectuar el pago de las tasas mediante el c\u00f3digo de barras que has recibido por correo electr\u00f3nico en el momento de inscribirte.<\/p><\/span><\/span><\/span><\/li><li class=\"gutentor-list-item grid-lg-12 grid-md-12 grid-12\"><span class=\"gutentor-single-item gutentor-single-item-1\"><span class=\"gutentor-list-item-wrap g-s-list-wrap\"><span class=\"gutentor-single-list-item-icon\"><i class=\"list-item-icon fas fa-chevron-right\"><\/i><\/span><span class=\"gutentor-list-item\"><p class=\"gutentor-single-item-title\">Enviar la documentaci\u00f3n solicitada a la direcci\u00f3n de correo electr\u00f3nico del m\u00e1ster en los plazos indicados en la p\u00e1gina web.<\/p><\/span><\/span><\/span><\/li><\/ul><\/div>\n\n\n\n<section id=\"gm4bb59b0\" class=\"wp-block-gutentor-m3 section-gm4bb59b0 gutentor-module gutentor-container-cover\"><div class=\"grid-container\">\n<h5 class=\"wp-block-heading\">\n          <strong>Documentaci\u00f3n a entregar<\/strong>\n        <\/h5>\n\n\n\n<div style=\"height:20px\" aria-hidden=\"true\" class=\"wp-block-spacer\"><\/div>\n\n\n\n<div id=\"section-g8bb15d\" class=\"wp-block-gutentor-e7 section-g8bb15d gutentor-element gutentor-element-list\"><ul class=\"grid-row gutentor-grid-item-wrap list-indicator-icon\"><li class=\"gutentor-list-item grid-lg-12 grid-md-12 grid-12\"><span class=\"gutentor-single-item gutentor-single-item-0\"><span class=\"gutentor-list-item-wrap g-s-list-wrap\"><span class=\"gutentor-single-list-item-icon\"><i class=\"list-item-icon fas fa-angle-right\"><\/i><\/span><span class=\"gutentor-list-item\"><p class=\"gutentor-single-item-title\">T\u00edtulo de grado superior o equivalente<\/p><\/span><\/span><\/span><\/li><li class=\"gutentor-list-item grid-lg-12 grid-md-12 grid-12\"><span class=\"gutentor-single-item gutentor-single-item-1\"><span class=\"gutentor-list-item-wrap g-s-list-wrap\"><span class=\"gutentor-single-list-item-icon\"><i class=\"list-item-icon fas fa-angle-right\"><\/i><\/span><span class=\"gutentor-list-item\"><p class=\"gutentor-single-item-title\">Copia del expediente acad\u00e9mico<\/p><\/span><\/span><\/span><\/li><li class=\"gutentor-list-item grid-lg-12 grid-md-12 grid-12\"><span class=\"gutentor-single-item gutentor-single-item-2\"><span class=\"gutentor-list-item-wrap g-s-list-wrap\"><span class=\"gutentor-single-list-item-icon\"><i class=\"list-item-icon fas fa-angle-right\"><\/i><\/span><span class=\"gutentor-list-item\"><p class=\"gutentor-single-item-title\">Curriculum vitae<\/p><\/span><\/span><\/span><\/li><li class=\"gutentor-list-item grid-lg-12 grid-md-12 grid-12\"><span class=\"gutentor-single-item gutentor-single-item-3\"><span class=\"gutentor-list-item-wrap g-s-list-wrap\"><span class=\"gutentor-single-list-item-icon\"><i class=\"list-item-icon fas fa-angle-right\"><\/i><\/span><span class=\"gutentor-list-item\"><p class=\"gutentor-single-item-title\">Carta de motivaci\u00f3n, donde se especifique (por ordren de preferencia) el profesorado con el cual se desear\u00eda trabajar <\/p><\/span><\/span><\/span><\/li><li class=\"gutentor-list-item grid-lg-12 grid-md-12 grid-12\"><span class=\"gutentor-single-item gutentor-single-item-4\"><span class=\"gutentor-list-item-wrap g-s-list-wrap\"><span class=\"gutentor-single-list-item-icon\"><i class=\"list-item-icon fas fa-angle-right\"><\/i><\/span><span class=\"gutentor-list-item\"><p class=\"gutentor-single-item-title\">Copia del DNI \/ NIE \/ Passaport<\/p><\/span><\/span><\/span><\/li><li class=\"gutentor-list-item grid-lg-12 grid-md-12 grid-12\"><span class=\"gutentor-single-item gutentor-single-item-5\"><span class=\"gutentor-list-item-wrap g-s-list-wrap\"><span class=\"gutentor-single-list-item-icon\"><i class=\"list-item-icon fas fa-angle-right\"><\/i><\/span><span class=\"gutentor-list-item\"><p class=\"gutentor-single-item-title\">Un enlace a Dropbox o canal YouTube, o bien un DVD, con grabaci\u00f3n de duraci\u00f3n m\u00ednima de 30 minutos con 3 fragmentos de estilos diferentes de diversas obras, o partes suficientemente diferenciadas de una obra compleja, de la especialidad instrumental a la que se opta.<br>La grabaci\u00f3n debe contener imagen y sonido del aspirante, y debe estar realizado con c\u00e1mara fija, sin ediciones, para que se vea claramente su cara. Tambi\u00e9n debe ser realizado dentro de los \u00faltimos 6 meses. Por tanto, es importante que conste la fecha.<\/p><\/span><\/span><\/span><\/li><li class=\"gutentor-list-item grid-lg-12 grid-md-12 grid-12\"><span class=\"gutentor-single-item gutentor-single-item-6\"><span class=\"gutentor-list-item-wrap g-s-list-wrap\"><span class=\"gutentor-single-list-item-icon\"><i class=\"list-item-icon fas fa-angle-right\"><\/i><\/span><span class=\"gutentor-list-item\"><p class=\"gutentor-single-item-title\">Un anteproyecto donde se especifiquen:<br>\u2013 Las principales l\u00edneas de inter\u00e9s en cuanto a la investigaci\u00f3n musical relacionada con el instrumento e ideas sobre la tem\u00e1tica del trabajo final, si las tuviera.<br>\u2013 Propuesta de repertorio a trabajar durante el master.<\/p><\/span><\/span><\/span><\/li><\/ul><\/div>\n<\/div><\/section>\n\n\n\n<div style=\"height:20px\" aria-hidden=\"true\" class=\"wp-block-spacer\"><\/div>\n\n\n\n<div id=\"section-g3edc62\" class=\"wp-block-gutentor-e1 section-g3edc62 gutentor-element gutentor-element-advanced-text\"><div class=\"gutentor-text-wrap\"><p class=\"gutentor-text\"><strong>Correo electr\u00f3nico del m\u00e1ster: <\/strong><a href=\"mailto:classicamaster@esmuc.cat\" target=\"_blank\" rel=\"noreferrer noopener\">classicamaster@esmuc.cat<\/a><\/p><\/div><\/div>\n\n\n\n<div style=\"height:30px\" aria-hidden=\"true\" class=\"wp-block-spacer\"><\/div>\n\n\n\n<p>Al finalizar este tr\u00e1mite recibir\u00e1s un correo confirmando que se ha completado tu inscripci\u00f3n.<\/p>\n\n\n\n<div style=\"height:100px\" aria-hidden=\"true\" class=\"wp-block-spacer\"><\/div>\n<\/div><\/section>\n","protected":false},"excerpt":{"rendered":"","protected":false},"author":4,"featured_media":0,"parent":91489,"menu_order":2,"comment_status":"closed","ping_status":"closed","template":"","meta":{"_acf_changed":false,"_themeisle_gutenberg_block_has_review":false,"footnotes":""},"categories":[1112],"tags":[],"class_list":["post-91484","page","type-page","status-publish","hentry","category-masters-es"],"acf":[],"publishpress_future_action":{"enabled":false,"date":"2026-04-11 15:57:50","action":"change-status","newStatus":"draft","terms":[],"taxonomy":"category","extraData":[]},"publishpress_future_workflow_manual_trigger":{"enabledWorkflows":[]},"_links":{"self":[{"href":"https:\/\/www.esmuc.cat\/es\/wp-json\/wp\/v2\/pages\/91484","targetHints":{"allow":["GET"]}}],"collection":[{"href":"https:\/\/www.esmuc.cat\/es\/wp-json\/wp\/v2\/pages"}],"about":[{"href":"https:\/\/www.esmuc.cat\/es\/wp-json\/wp\/v2\/types\/page"}],"author":[{"embeddable":true,"href":"https:\/\/www.esmuc.cat\/es\/wp-json\/wp\/v2\/users\/4"}],"replies":[{"embeddable":true,"href":"https:\/\/www.esmuc.cat\/es\/wp-json\/wp\/v2\/comments?post=91484"}],"version-history":[{"count":12,"href":"https:\/\/www.esmuc.cat\/es\/wp-json\/wp\/v2\/pages\/91484\/revisions"}],"predecessor-version":[{"id":91872,"href":"https:\/\/www.esmuc.cat\/es\/wp-json\/wp\/v2\/pages\/91484\/revisions\/91872"}],"up":[{"embeddable":true,"href":"https:\/\/www.esmuc.cat\/es\/wp-json\/wp\/v2\/pages\/91489"}],"wp:attachment":[{"href":"https:\/\/www.esmuc.cat\/es\/wp-json\/wp\/v2\/media?parent=91484"}],"wp:term":[{"taxonomy":"category","embeddable":true,"href":"https:\/\/www.esmuc.cat\/es\/wp-json\/wp\/v2\/categories?post=91484"},{"taxonomy":"post_tag","embeddable":true,"href":"https:\/\/www.esmuc.cat\/es\/wp-json\/wp\/v2\/tags?post=91484"}],"curies":[{"name":"wp","href":"https:\/\/api.w.org\/{rel}","templated":true}]}}