{"id":91475,"date":"2024-02-09T10:56:36","date_gmt":"2024-02-09T09:56:36","guid":{"rendered":"https:\/\/www.esmuc.cat\/preinscripcion-master-flamencologia\/"},"modified":"2024-02-09T10:56:36","modified_gmt":"2024-02-09T09:56:36","slug":"preinscripcion-master-flamencologia","status":"publish","type":"page","link":"https:\/\/www.esmuc.cat\/es\/estudios\/masters-i-postgraus\/inscripcio-i-matricula\/preinscripcion-masteres\/preinscripcion-master-flamencologia\/","title":{"rendered":"Preinscripci\u00f3n M\u00e1ster &#8211; Flamencolog\u00eda"},"content":{"rendered":"\n<section id=\"gmc92bc7e\" class=\"wp-block-gutentor-m3 section-gmc92bc7e gutentor-module gutentor-container-cover\"><div class=\"grid-container\">\n<h2 class=\"wp-block-heading\">M\u00e1ster oficial de Flamencolog\u00eda<\/h2>\n\n\n\n<hr class=\"wp-block-separator has-alpha-channel-opacity is-style-wide\" \/>\n\n\n\n          \n\n          <div id=\"section-gb19b57\" class=\"wp-block-gutentor-e1 section-gb19b57 gutentor-element gutentor-element-advanced-text\">\n            <div class=\"gutentor-text-wrap\">\n              <p class=\"gutentor-text\">Gracias por inscribirte al M\u00e1ster oficial de Flamencolog\u00eda.<\/p>\n            <\/div>\n          <\/div>\n          \n\n        \n\n\n\n          \n\n          <div id=\"section-g36789a\" class=\"wp-block-gutentor-e1 section-g36789a gutentor-element gutentor-element-advanced-text\">\n            <div class=\"gutentor-text-wrap\">\n              <p class=\"gutentor-text\">Recuerda que para finalizar la inscripci\u00f3n es necesario:<\/p>\n            <\/div>\n          <\/div>\n          \n\n        \n\n\n\n          \n\n          <div id=\"section-g81cc52\" class=\"wp-block-gutentor-e7 section-g81cc52 gutentor-element gutentor-element-list\">\n            <ul class=\"grid-row gutentor-grid-item-wrap list-indicator-icon\">\n              <li class=\"gutentor-list-item grid-lg-12 grid-md-12 grid-12\">\n                <span class=\"gutentor-single-item gutentor-single-item-0\">\n                  <span class=\"gutentor-list-item-wrap g-s-list-wrap\">\n                    <span class=\"gutentor-single-list-item-icon\">\n                      <i class=\"list-item-icon fas fa-chevron-right\"><\/i>\n                    <\/span>\n                    <span class=\"gutentor-list-item\">\n                      <p class=\"gutentor-single-item-title\">Efectuar el pago de las tasas mediante el c\u00f3digo de barras que has recibido por correo electr\u00f3nico en el momento de inscribirte.<\/p>\n                    <\/span>\n                  <\/span>\n                <\/span>\n              <\/li>\n              <li class=\"gutentor-list-item grid-lg-12 grid-md-12 grid-12\">\n                <span class=\"gutentor-single-item gutentor-single-item-1\">\n                  <span class=\"gutentor-list-item-wrap g-s-list-wrap\">\n                    <span class=\"gutentor-single-list-item-icon\">\n                      <i class=\"list-item-icon fas fa-chevron-right\"><\/i>\n                    <\/span>\n                    <span class=\"gutentor-list-item\">\n                      <p class=\"gutentor-single-item-title\">Enviar la documentaci\u00f3n solicitada a la direcci\u00f3n de correo electr\u00f3nico del m\u00e1ster en los plazos indicados en la p\u00e1gina web.<\/p>\n                    <\/span>\n                  <\/span>\n                <\/span>\n              <\/li>\n            <\/ul>\n          <\/div>\n          \n\n        \n\n\n\n<section id=\"gm483f8c3\" class=\"wp-block-gutentor-m3 section-gm483f8c3 gutentor-module gutentor-container-cover\"><div class=\"grid-container\">\n<h5 class=\"wp-block-heading\">\n          <strong>Documentaci\u00f3n a entregar<\/strong>\n        <\/h5>\n\n\n\n<div style=\"height:20px\" aria-hidden=\"true\" class=\"wp-block-spacer\"><\/div>\n\n\n\n          \n\n          <div id=\"section-gbfbc76\" class=\"wp-block-gutentor-e7 section-gbfbc76 gutentor-element gutentor-element-list\">\n            <ul class=\"grid-row gutentor-grid-item-wrap list-indicator-icon\">\n              <li class=\"gutentor-list-item grid-lg-12 grid-md-12 grid-12\">\n                <span class=\"gutentor-single-item gutentor-single-item-0\">\n                  <span class=\"gutentor-list-item-wrap g-s-list-wrap\">\n                    <span class=\"gutentor-single-list-item-icon\">\n                      <i class=\"list-item-icon fas fa-angle-right\"><\/i>\n                    <\/span>\n                    <span class=\"gutentor-list-item\">\n                      <p class=\"gutentor-single-item-title\">T\u00edtulo de grado superior o equivalente <\/p>\n                    <\/span>\n                  <\/span>\n                <\/span>\n              <\/li>\n              <li class=\"gutentor-list-item grid-lg-12 grid-md-12 grid-12\">\n                <span class=\"gutentor-single-item gutentor-single-item-1\">\n                  <span class=\"gutentor-list-item-wrap g-s-list-wrap\">\n                    <span class=\"gutentor-single-list-item-icon\">\n                      <i class=\"list-item-icon fas fa-angle-right\"><\/i>\n                    <\/span>\n                    <span class=\"gutentor-list-item\">\n                      <p class=\"gutentor-single-item-title\">Copia del expediente acad\u00e9mico<\/p>\n                    <\/span>\n                  <\/span>\n                <\/span>\n              <\/li>\n              <li class=\"gutentor-list-item grid-lg-12 grid-md-12 grid-12\">\n                <span class=\"gutentor-single-item gutentor-single-item-2\">\n                  <span class=\"gutentor-list-item-wrap g-s-list-wrap\">\n                    <span class=\"gutentor-single-list-item-icon\">\n                      <i class=\"list-item-icon fas fa-angle-right\"><\/i>\n                    <\/span>\n                    <span class=\"gutentor-list-item\">\n                      <p class=\"gutentor-single-item-title\">Curriculum vitae<\/p>\n                    <\/span>\n                  <\/span>\n                <\/span>\n              <\/li>\n              <li class=\"gutentor-list-item grid-lg-12 grid-md-12 grid-12\">\n                <span class=\"gutentor-single-item gutentor-single-item-3\">\n                  <span class=\"gutentor-list-item-wrap g-s-list-wrap\">\n                    <span class=\"gutentor-single-list-item-icon\">\n                      <i class=\"list-item-icon fas fa-angle-right\"><\/i>\n                    <\/span>\n                    <span class=\"gutentor-list-item\">\n                      <p class=\"gutentor-single-item-title\">Carta de motivaci\u00f3n<\/p>\n                    <\/span>\n                  <\/span>\n                <\/span>\n              <\/li>\n              <li class=\"gutentor-list-item grid-lg-12 grid-md-12 grid-12\">\n                <span class=\"gutentor-single-item gutentor-single-item-4\">\n                  <span class=\"gutentor-list-item-wrap g-s-list-wrap\">\n                    <span class=\"gutentor-single-list-item-icon\">\n                      <i class=\"list-item-icon fas fa-angle-right\"><\/i>\n                    <\/span>\n                    <span class=\"gutentor-list-item\">\n                      <p class=\"gutentor-single-item-title\">Copia del DNI \/ NIE \/ Pasaporte<\/p>\n                    <\/span>\n                  <\/span>\n                <\/span>\n              <\/li>\n            <\/ul>\n          <\/div>\n          \n\n        \n<\/div><\/section>\n\n\n\n<div style=\"height:20px\" aria-hidden=\"true\" class=\"wp-block-spacer\"><\/div>\n\n\n\n          \n\n          <div id=\"section-gad3e32\" class=\"wp-block-gutentor-e1 section-gad3e32 gutentor-element gutentor-element-advanced-text\">\n            <div class=\"gutentor-text-wrap\">\n              <p class=\"gutentor-text\"><strong>Correo electr\u00f3nico del m\u00e1ster: <\/strong><a href=\"mailto:flamencologiamaster@esmuc.cat\" target=\"_blank\" rel=\"noreferrer noopener\">flamencologiamaster@esmuc.cat<\/a><\/p>\n            <\/div>\n          <\/div>\n          \n\n        \n\n\n\n<div style=\"height:30px\" aria-hidden=\"true\" class=\"wp-block-spacer\"><\/div>\n\n\n\n<p>Al finalizar este tr\u00e1mite recibir\u00e1s un correo confirmando que se ha completado tu inscripci\u00f3n.<\/p>\n\n\n\n<div style=\"height:100px\" aria-hidden=\"true\" class=\"wp-block-spacer\"><\/div>\n<\/div><\/section>\n","protected":false},"excerpt":{"rendered":"","protected":false},"author":4,"featured_media":0,"parent":91489,"menu_order":2,"comment_status":"closed","ping_status":"closed","template":"","meta":{"_acf_changed":false,"_themeisle_gutenberg_block_has_review":false,"footnotes":""},"categories":[1112],"tags":[],"class_list":["post-91475","page","type-page","status-publish","hentry","category-masters-es"],"acf":[],"publishpress_future_action":{"enabled":false,"date":"2026-04-11 15:49:44","action":"change-status","newStatus":"draft","terms":[],"taxonomy":"category","extraData":[]},"publishpress_future_workflow_manual_trigger":{"enabledWorkflows":[]},"_links":{"self":[{"href":"https:\/\/www.esmuc.cat\/es\/wp-json\/wp\/v2\/pages\/91475","targetHints":{"allow":["GET"]}}],"collection":[{"href":"https:\/\/www.esmuc.cat\/es\/wp-json\/wp\/v2\/pages"}],"about":[{"href":"https:\/\/www.esmuc.cat\/es\/wp-json\/wp\/v2\/types\/page"}],"author":[{"embeddable":true,"href":"https:\/\/www.esmuc.cat\/es\/wp-json\/wp\/v2\/users\/4"}],"replies":[{"embeddable":true,"href":"https:\/\/www.esmuc.cat\/es\/wp-json\/wp\/v2\/comments?post=91475"}],"version-history":[{"count":1,"href":"https:\/\/www.esmuc.cat\/es\/wp-json\/wp\/v2\/pages\/91475\/revisions"}],"predecessor-version":[{"id":91476,"href":"https:\/\/www.esmuc.cat\/es\/wp-json\/wp\/v2\/pages\/91475\/revisions\/91476"}],"up":[{"embeddable":true,"href":"https:\/\/www.esmuc.cat\/es\/wp-json\/wp\/v2\/pages\/91489"}],"wp:attachment":[{"href":"https:\/\/www.esmuc.cat\/es\/wp-json\/wp\/v2\/media?parent=91475"}],"wp:term":[{"taxonomy":"category","embeddable":true,"href":"https:\/\/www.esmuc.cat\/es\/wp-json\/wp\/v2\/categories?post=91475"},{"taxonomy":"post_tag","embeddable":true,"href":"https:\/\/www.esmuc.cat\/es\/wp-json\/wp\/v2\/tags?post=91475"}],"curies":[{"name":"wp","href":"https:\/\/api.w.org\/{rel}","templated":true}]}}