{"id":91473,"date":"2024-02-09T10:54:52","date_gmt":"2024-02-09T09:54:52","guid":{"rendered":"https:\/\/www.esmuc.cat\/preinscripcion-master-investigacion-musical\/"},"modified":"2024-02-09T10:54:53","modified_gmt":"2024-02-09T09:54:53","slug":"preinscripcion-master-investigacion-musical","status":"publish","type":"page","link":"https:\/\/www.esmuc.cat\/es\/estudios\/masters-i-postgraus\/inscripcio-i-matricula\/preinscripcion-masteres\/preinscripcion-master-investigacion-musical\/","title":{"rendered":"Preinscripci\u00f3n M\u00e1ster &#8211; Investigaci\u00f3n musical"},"content":{"rendered":"\n<section id=\"gm84fbf52\" class=\"wp-block-gutentor-m3 section-gm84fbf52 gutentor-module gutentor-container-cover\"><div class=\"grid-container\">\n<h2 class=\"wp-block-heading\">M\u00e1ster oficial de Investigaci\u00f3n musical<\/h2>\n\n\n\n<hr class=\"wp-block-separator has-alpha-channel-opacity is-style-wide\" \/>\n\n\n\n          \n\n          <div id=\"section-g9ce7a3\" class=\"wp-block-gutentor-e1 section-g9ce7a3 gutentor-element gutentor-element-advanced-text\">\n            <div class=\"gutentor-text-wrap\">\n              <p class=\"gutentor-text\">Gracias por inscribirte al M\u00e1ster oficial de Investigaci\u00f3n musical.<\/p>\n            <\/div>\n          <\/div>\n          \n\n        \n\n\n\n          \n\n          <div id=\"section-gfea12e\" class=\"wp-block-gutentor-e1 section-gfea12e gutentor-element gutentor-element-advanced-text\">\n            <div class=\"gutentor-text-wrap\">\n              <p class=\"gutentor-text\">Recuerda que para finalizar la inscripci\u00f3n es necesario:<\/p>\n            <\/div>\n          <\/div>\n          \n\n        \n\n\n\n          \n\n          <div id=\"section-g7f6960\" class=\"wp-block-gutentor-e7 section-g7f6960 gutentor-element gutentor-element-list\">\n            <ul class=\"grid-row gutentor-grid-item-wrap list-indicator-icon\">\n              <li class=\"gutentor-list-item grid-lg-12 grid-md-12 grid-12\">\n                <span class=\"gutentor-single-item gutentor-single-item-0\">\n                  <span class=\"gutentor-list-item-wrap g-s-list-wrap\">\n                    <span class=\"gutentor-single-list-item-icon\">\n                      <i class=\"list-item-icon fas fa-chevron-right\"><\/i>\n                    <\/span>\n                    <span class=\"gutentor-list-item\">\n                      <p class=\"gutentor-single-item-title\">Efectuar el pago de las tasas mediante el c\u00f3digo de barras que has recibido por correo electr\u00f3nico en el momento de inscribirte.<\/p>\n                    <\/span>\n                  <\/span>\n                <\/span>\n              <\/li>\n              <li class=\"gutentor-list-item grid-lg-12 grid-md-12 grid-12\">\n                <span class=\"gutentor-single-item gutentor-single-item-1\">\n                  <span class=\"gutentor-list-item-wrap g-s-list-wrap\">\n                    <span class=\"gutentor-single-list-item-icon\">\n                      <i class=\"list-item-icon fas fa-chevron-right\"><\/i>\n                    <\/span>\n                    <span class=\"gutentor-list-item\">\n                      <p class=\"gutentor-single-item-title\">Enviar la documentaci\u00f3n solicitada a la direcci\u00f3n de correo electr\u00f3nico del m\u00e1ster en los plazos indicados en la p\u00e1gina web.<\/p>\n                    <\/span>\n                  <\/span>\n                <\/span>\n              <\/li>\n            <\/ul>\n          <\/div>\n          \n\n        \n\n\n\n<section id=\"gmce14c34\" class=\"wp-block-gutentor-m3 section-gmce14c34 gutentor-module gutentor-container-cover\"><div class=\"grid-container\">\n<h5 class=\"wp-block-heading\">\n          <strong>Documentaci\u00f3n a entregar<\/strong>\n        <\/h5>\n\n\n\n<div style=\"height:20px\" aria-hidden=\"true\" class=\"wp-block-spacer\"><\/div>\n\n\n\n          \n\n          <div id=\"section-g92056e\" class=\"wp-block-gutentor-e7 section-g92056e gutentor-element gutentor-element-list\">\n            <ul class=\"grid-row gutentor-grid-item-wrap list-indicator-icon\">\n              <li class=\"gutentor-list-item grid-lg-12 grid-md-12 grid-12\">\n                <span class=\"gutentor-single-item gutentor-single-item-0\">\n                  <span class=\"gutentor-list-item-wrap g-s-list-wrap\">\n                    <span class=\"gutentor-single-list-item-icon\">\n                      <i class=\"list-item-icon fas fa-angle-right\"><\/i>\n                    <\/span>\n                    <span class=\"gutentor-list-item\">\n                      <p class=\"gutentor-single-item-title\">T\u00edtulo de grado superior o equivalente \/ Licenciatura o grado en m\u00fasica, grado universitario con grado medio de m\u00fasica<\/p>\n                    <\/span>\n                  <\/span>\n                <\/span>\n              <\/li>\n              <li class=\"gutentor-list-item grid-lg-12 grid-md-12 grid-12\">\n                <span class=\"gutentor-single-item gutentor-single-item-1\">\n                  <span class=\"gutentor-list-item-wrap g-s-list-wrap\">\n                    <span class=\"gutentor-single-list-item-icon\">\n                      <i class=\"list-item-icon fas fa-angle-right\"><\/i>\n                    <\/span>\n                    <span class=\"gutentor-list-item\">\n                      <p class=\"gutentor-single-item-title\">Copia del expediente acad\u00e9mico<\/p>\n                    <\/span>\n                  <\/span>\n                <\/span>\n              <\/li>\n              <li class=\"gutentor-list-item grid-lg-12 grid-md-12 grid-12\">\n                <span class=\"gutentor-single-item gutentor-single-item-2\">\n                  <span class=\"gutentor-list-item-wrap g-s-list-wrap\">\n                    <span class=\"gutentor-single-list-item-icon\">\n                      <i class=\"list-item-icon fas fa-angle-right\"><\/i>\n                    <\/span>\n                    <span class=\"gutentor-list-item\">\n                      <p class=\"gutentor-single-item-title\">Curriculum vitae<\/p>\n                    <\/span>\n                  <\/span>\n                <\/span>\n              <\/li>\n              <li class=\"gutentor-list-item grid-lg-12 grid-md-12 grid-12\">\n                <span class=\"gutentor-single-item gutentor-single-item-3\">\n                  <span class=\"gutentor-list-item-wrap g-s-list-wrap\">\n                    <span class=\"gutentor-single-list-item-icon\">\n                      <i class=\"list-item-icon fas fa-angle-right\"><\/i>\n                    <\/span>\n                    <span class=\"gutentor-list-item\">\n                      <p class=\"gutentor-single-item-title\">Carta de motivaci\u00f3n<\/p>\n                    <\/span>\n                  <\/span>\n                <\/span>\n              <\/li>\n              <li class=\"gutentor-list-item grid-lg-12 grid-md-12 grid-12\">\n                <span class=\"gutentor-single-item gutentor-single-item-4\">\n                  <span class=\"gutentor-list-item-wrap g-s-list-wrap\">\n                    <span class=\"gutentor-single-list-item-icon\">\n                      <i class=\"list-item-icon fas fa-angle-right\"><\/i>\n                    <\/span>\n                    <span class=\"gutentor-list-item\">\n                      <p class=\"gutentor-single-item-title\">Copia del DNI \/ NIE \/ Pasaporte<\/p>\n                    <\/span>\n                  <\/span>\n                <\/span>\n              <\/li>\n            <\/ul>\n          <\/div>\n          \n\n        \n<\/div><\/section>\n\n\n\n<div style=\"height:20px\" aria-hidden=\"true\" class=\"wp-block-spacer\"><\/div>\n\n\n\n          \n\n          <div id=\"section-g21351d\" class=\"wp-block-gutentor-e1 section-g21351d gutentor-element gutentor-element-advanced-text\">\n            <div class=\"gutentor-text-wrap\">\n              <p class=\"gutentor-text\"><strong>Correo electr\u00f3nico del m\u00e1ster: <\/strong><a href=\"mailto:recercamaster@esmuc.cat\">recercamaster@esmuc.cat<\/a><\/p>\n            <\/div>\n          <\/div>\n          \n\n        \n\n\n\n<div style=\"height:30px\" aria-hidden=\"true\" class=\"wp-block-spacer\"><\/div>\n\n\n\n<p>Al finalizar este tr\u00e1mite recibir\u00e1s un correo confirmando que se ha completado tu inscripci\u00f3n.<\/p>\n\n\n\n<div style=\"height:100px\" aria-hidden=\"true\" class=\"wp-block-spacer\"><\/div>\n<\/div><\/section>\n","protected":false},"excerpt":{"rendered":"","protected":false},"author":4,"featured_media":0,"parent":91489,"menu_order":2,"comment_status":"closed","ping_status":"closed","template":"","meta":{"_acf_changed":false,"_themeisle_gutenberg_block_has_review":false,"footnotes":""},"categories":[1112],"tags":[],"class_list":["post-91473","page","type-page","status-publish","hentry","category-masters-es"],"acf":[],"publishpress_future_action":{"enabled":false,"date":"2026-04-11 15:38:50","action":"change-status","newStatus":"draft","terms":[],"taxonomy":"category","extraData":[]},"publishpress_future_workflow_manual_trigger":{"enabledWorkflows":[]},"_links":{"self":[{"href":"https:\/\/www.esmuc.cat\/es\/wp-json\/wp\/v2\/pages\/91473","targetHints":{"allow":["GET"]}}],"collection":[{"href":"https:\/\/www.esmuc.cat\/es\/wp-json\/wp\/v2\/pages"}],"about":[{"href":"https:\/\/www.esmuc.cat\/es\/wp-json\/wp\/v2\/types\/page"}],"author":[{"embeddable":true,"href":"https:\/\/www.esmuc.cat\/es\/wp-json\/wp\/v2\/users\/4"}],"replies":[{"embeddable":true,"href":"https:\/\/www.esmuc.cat\/es\/wp-json\/wp\/v2\/comments?post=91473"}],"version-history":[{"count":1,"href":"https:\/\/www.esmuc.cat\/es\/wp-json\/wp\/v2\/pages\/91473\/revisions"}],"predecessor-version":[{"id":91474,"href":"https:\/\/www.esmuc.cat\/es\/wp-json\/wp\/v2\/pages\/91473\/revisions\/91474"}],"up":[{"embeddable":true,"href":"https:\/\/www.esmuc.cat\/es\/wp-json\/wp\/v2\/pages\/91489"}],"wp:attachment":[{"href":"https:\/\/www.esmuc.cat\/es\/wp-json\/wp\/v2\/media?parent=91473"}],"wp:term":[{"taxonomy":"category","embeddable":true,"href":"https:\/\/www.esmuc.cat\/es\/wp-json\/wp\/v2\/categories?post=91473"},{"taxonomy":"post_tag","embeddable":true,"href":"https:\/\/www.esmuc.cat\/es\/wp-json\/wp\/v2\/tags?post=91473"}],"curies":[{"name":"wp","href":"https:\/\/api.w.org\/{rel}","templated":true}]}}