{"id":91451,"date":"2024-02-09T10:40:36","date_gmt":"2024-02-09T09:40:36","guid":{"rendered":"https:\/\/www.esmuc.cat\/preinscripcion-master-direccion-y-gestion-de-centros-educativos-artisticos\/"},"modified":"2024-02-09T10:49:00","modified_gmt":"2024-02-09T09:49:00","slug":"preinscripcion-master-direccion-y-gestion-de-centros-educativos-artisticos","status":"publish","type":"page","link":"https:\/\/www.esmuc.cat\/es\/estudios\/masters-i-postgraus\/inscripcio-i-matricula\/preinscripcion-masteres\/preinscripcion-master-direccion-y-gestion-de-centros-educativos-artisticos\/","title":{"rendered":"Preinscripci\u00f3n M\u00e1ster &#8211; Direcci\u00f3n y gesti\u00f3n de centros educativos art\u00edsticos"},"content":{"rendered":"\n<section id=\"gm16ec8f4\" class=\"wp-block-gutentor-m3 section-gm16ec8f4 gutentor-module gutentor-container-cover\"><div class=\"grid-container\">\n<h2 class=\"wp-block-heading\">M\u00e1ster de Direcci\u00f3n y gesti\u00f3n de centros educativos art\u00edsticos<\/h2>\n\n\n\n<hr class=\"wp-block-separator has-alpha-channel-opacity is-style-wide\" \/>\n\n\n\n          \n\n          <div id=\"section-g0c29d6\" class=\"wp-block-gutentor-e1 section-g0c29d6 gutentor-element gutentor-element-advanced-text\">\n            <div class=\"gutentor-text-wrap\">\n              <p class=\"gutentor-text\">Gracias por inscribirte al M\u00e1ster de Direcci\u00f3n y gesti\u00f3n de centros educativos art\u00edsticos.<\/p>\n            <\/div>\n          <\/div>\n          \n\n        \n\n\n\n          \n\n          <div id=\"section-gca0949\" class=\"wp-block-gutentor-e1 section-gca0949 gutentor-element gutentor-element-advanced-text\">\n            <div class=\"gutentor-text-wrap\">\n              <p class=\"gutentor-text\">Recuerda que para finalizar la inscripci\u00f3n es necesario:<\/p>\n            <\/div>\n          <\/div>\n          \n\n        \n\n\n\n          \n\n          <div id=\"section-gff310e\" class=\"wp-block-gutentor-e7 section-gff310e gutentor-element gutentor-element-list\">\n            <ul class=\"grid-row gutentor-grid-item-wrap list-indicator-icon\">\n              <li class=\"gutentor-list-item grid-lg-12 grid-md-12 grid-12\">\n                <span class=\"gutentor-single-item gutentor-single-item-0\">\n                  <span class=\"gutentor-list-item-wrap g-s-list-wrap\">\n                    <span class=\"gutentor-single-list-item-icon\">\n                      <i class=\"list-item-icon fas fa-chevron-right\"><\/i>\n                    <\/span>\n                    <span class=\"gutentor-list-item\">\n                      <p class=\"gutentor-single-item-title\">Efectuar el pago de las tasas mediante el c\u00f3digo de barras que has recibido por correo electr\u00f3nico en el momento de inscribirte.<\/p>\n                    <\/span>\n                  <\/span>\n                <\/span>\n              <\/li>\n              <li class=\"gutentor-list-item grid-lg-12 grid-md-12 grid-12\">\n                <span class=\"gutentor-single-item gutentor-single-item-1\">\n                  <span class=\"gutentor-list-item-wrap g-s-list-wrap\">\n                    <span class=\"gutentor-single-list-item-icon\">\n                      <i class=\"list-item-icon fas fa-chevron-right\"><\/i>\n                    <\/span>\n                    <span class=\"gutentor-list-item\">\n                      <p class=\"gutentor-single-item-title\">Enviar la documentaci\u00f3n solicitada a la direcci\u00f3n de correo electr\u00f3nico del m\u00e1ster en los plazos indicados en la p\u00e1gina web.<\/p>\n                    <\/span>\n                  <\/span>\n                <\/span>\n              <\/li>\n            <\/ul>\n          <\/div>\n          \n\n        \n\n\n\n<section id=\"gmd62fa60\" class=\"wp-block-gutentor-m3 section-gmd62fa60 gutentor-module gutentor-container-cover\"><div class=\"grid-container\">\n<h5 class=\"wp-block-heading\">\n          <strong>Documentaci\u00f3n a entregar<\/strong>\n        <\/h5>\n\n\n\n<div style=\"height:20px\" aria-hidden=\"true\" class=\"wp-block-spacer\"><\/div>\n\n\n\n          \n\n          <div id=\"section-gcfe074\" class=\"wp-block-gutentor-e7 section-gcfe074 gutentor-element gutentor-element-list\">\n            <ul class=\"grid-row gutentor-grid-item-wrap list-indicator-icon\">\n              <li class=\"gutentor-list-item grid-lg-12 grid-md-12 grid-12\">\n                <span class=\"gutentor-single-item gutentor-single-item-0\">\n                  <span class=\"gutentor-list-item-wrap g-s-list-wrap\">\n                    <span class=\"gutentor-single-list-item-icon\">\n                      <i class=\"list-item-icon fas fa-angle-right\"><\/i>\n                    <\/span>\n                    <span class=\"gutentor-list-item\">\n                      <p class=\"gutentor-single-item-title\">T\u00edtulo superior de m\u00fasica \/ Grado o licenciatura (otras especialidades)<\/p>\n                    <\/span>\n                  <\/span>\n                <\/span>\n              <\/li>\n              <li class=\"gutentor-list-item grid-lg-12 grid-md-12 grid-12\">\n                <span class=\"gutentor-single-item gutentor-single-item-1\">\n                  <span class=\"gutentor-list-item-wrap g-s-list-wrap\">\n                    <span class=\"gutentor-single-list-item-icon\">\n                      <i class=\"list-item-icon fas fa-angle-right\"><\/i>\n                    <\/span>\n                    <span class=\"gutentor-list-item\">\n                      <p class=\"gutentor-single-item-title\">Curriculum vitae<\/p>\n                    <\/span>\n                  <\/span>\n                <\/span>\n              <\/li>\n              <li class=\"gutentor-list-item grid-lg-12 grid-md-12 grid-12\">\n                <span class=\"gutentor-single-item gutentor-single-item-2\">\n                  <span class=\"gutentor-list-item-wrap g-s-list-wrap\">\n                    <span class=\"gutentor-single-list-item-icon\">\n                      <i class=\"list-item-icon fas fa-angle-right\"><\/i>\n                    <\/span>\n                    <span class=\"gutentor-list-item\">\n                      <p class=\"gutentor-single-item-title\">Carta de motivaci\u00f3n<\/p>\n                    <\/span>\n                  <\/span>\n                <\/span>\n              <\/li>\n              <li class=\"gutentor-list-item grid-lg-12 grid-md-12 grid-12\">\n                <span class=\"gutentor-single-item gutentor-single-item-3\">\n                  <span class=\"gutentor-list-item-wrap g-s-list-wrap\">\n                    <span class=\"gutentor-single-list-item-icon\">\n                      <i class=\"list-item-icon fas fa-angle-right\"><\/i>\n                    <\/span>\n                    <span class=\"gutentor-list-item\">\n                      <p class=\"gutentor-single-item-title\">Copia del DNI \/ NIE \/ Pasaporte<\/p>\n                    <\/span>\n                  <\/span>\n                <\/span>\n              <\/li>\n            <\/ul>\n          <\/div>\n          \n\n        \n<\/div><\/section>\n\n\n\n<div style=\"height:20px\" aria-hidden=\"true\" class=\"wp-block-spacer\"><\/div>\n\n\n\n          \n\n          <div id=\"section-g8a14c3\" class=\"wp-block-gutentor-e1 section-g8a14c3 gutentor-element gutentor-element-advanced-text\">\n            <div class=\"gutentor-text-wrap\">\n              <p class=\"gutentor-text\"><strong>Correo electr\u00f3nico del m\u00e1ster: <\/strong><a href=\"mailto:gestiocentresmaster@esmuc.cat\" target=\"_blank\" rel=\"noreferrer noopener\">gestiocentresmaster@esmuc.cat<\/a><\/p>\n            <\/div>\n          <\/div>\n          \n\n        \n\n\n\n<div style=\"height:30px\" aria-hidden=\"true\" class=\"wp-block-spacer\"><\/div>\n\n\n\n<p>Al finalizar este tr\u00e1mite recibir\u00e1s un correo confirmando que se ha completado tu inscripci\u00f3n.<\/p>\n\n\n\n<div style=\"height:100px\" aria-hidden=\"true\" class=\"wp-block-spacer\"><\/div>\n<\/div><\/section>\n","protected":false},"excerpt":{"rendered":"","protected":false},"author":4,"featured_media":0,"parent":91489,"menu_order":2,"comment_status":"closed","ping_status":"closed","template":"","meta":{"_acf_changed":false,"_themeisle_gutenberg_block_has_review":false,"footnotes":""},"categories":[1112],"tags":[],"class_list":["post-91451","page","type-page","status-publish","hentry","category-masters-es"],"acf":[],"publishpress_future_action":{"enabled":false,"date":"2026-04-11 15:39:10","action":"change-status","newStatus":"draft","terms":[],"taxonomy":"category","extraData":[]},"publishpress_future_workflow_manual_trigger":{"enabledWorkflows":[]},"_links":{"self":[{"href":"https:\/\/www.esmuc.cat\/es\/wp-json\/wp\/v2\/pages\/91451","targetHints":{"allow":["GET"]}}],"collection":[{"href":"https:\/\/www.esmuc.cat\/es\/wp-json\/wp\/v2\/pages"}],"about":[{"href":"https:\/\/www.esmuc.cat\/es\/wp-json\/wp\/v2\/types\/page"}],"author":[{"embeddable":true,"href":"https:\/\/www.esmuc.cat\/es\/wp-json\/wp\/v2\/users\/4"}],"replies":[{"embeddable":true,"href":"https:\/\/www.esmuc.cat\/es\/wp-json\/wp\/v2\/comments?post=91451"}],"version-history":[{"count":7,"href":"https:\/\/www.esmuc.cat\/es\/wp-json\/wp\/v2\/pages\/91451\/revisions"}],"predecessor-version":[{"id":91466,"href":"https:\/\/www.esmuc.cat\/es\/wp-json\/wp\/v2\/pages\/91451\/revisions\/91466"}],"up":[{"embeddable":true,"href":"https:\/\/www.esmuc.cat\/es\/wp-json\/wp\/v2\/pages\/91489"}],"wp:attachment":[{"href":"https:\/\/www.esmuc.cat\/es\/wp-json\/wp\/v2\/media?parent=91451"}],"wp:term":[{"taxonomy":"category","embeddable":true,"href":"https:\/\/www.esmuc.cat\/es\/wp-json\/wp\/v2\/categories?post=91451"},{"taxonomy":"post_tag","embeddable":true,"href":"https:\/\/www.esmuc.cat\/es\/wp-json\/wp\/v2\/tags?post=91451"}],"curies":[{"name":"wp","href":"https:\/\/api.w.org\/{rel}","templated":true}]}}