{"id":90152,"date":"2024-01-23T12:23:00","date_gmt":"2024-01-23T11:23:00","guid":{"rendered":"https:\/\/www.esmuc.cat\/sobre-lesmuc\/qualitat\/datos-e-indicadores\/datos-e-indicadores-de-master-acceso-y-matricula\/datos-e-indicadores-de-master-acceso-y-matricula-flamenco\/"},"modified":"2024-01-23T13:22:10","modified_gmt":"2024-01-23T12:22:10","slug":"datos-e-indicadores-de-master-acceso-y-matricula-flamenco","status":"publish","type":"page","link":"https:\/\/www.esmuc.cat\/es\/escuela\/sobre-lesmuc\/qualitat\/datos-e-indicadores\/datos-e-indicadores-de-master-acceso-y-matricula\/datos-e-indicadores-de-master-acceso-y-matricula-flamenco\/","title":{"rendered":"Datos e indicadores de M\u00e1ster: acceso y matr\u00edcula &#8211; Flamenco"},"content":{"rendered":"<div class=\"breadcrumbs align  wp-block-bcn-breadcrumb-trail has-text-color has-background\" vocab=\"https:\/\/schema.org\/\" typeof=\"BreadcrumbList\">\n\t<span><\/span>\n\t<span property=\"itemListElement\" typeof=\"ListItem\"><a property=\"item\" typeof=\"WebPage\" title=\"Ir a ESMUC.\" href=\"https:\/\/www.esmuc.cat\/es\/\" class=\"home\" ><span property=\"name\">ESMUC<\/span><\/a><meta property=\"position\" content=\"1\"><\/span> &gt; <span property=\"itemListElement\" typeof=\"ListItem\"><a property=\"item\" typeof=\"WebPage\" title=\"Ir a Escuela.\" href=\"https:\/\/www.esmuc.cat\/es\/escuela\/\" class=\"post post-page\" ><span property=\"name\">Escuela<\/span><\/a><meta property=\"position\" content=\"2\"><\/span> &gt; <span property=\"itemListElement\" typeof=\"ListItem\"><a property=\"item\" typeof=\"WebPage\" title=\"Ir a Sobre la ESMUC.\" href=\"https:\/\/www.esmuc.cat\/es\/escuela\/sobre-lesmuc\/\" class=\"post post-page\" ><span property=\"name\">Sobre la ESMUC<\/span><\/a><meta property=\"position\" content=\"3\"><\/span> &gt; <span property=\"itemListElement\" typeof=\"ListItem\"><a property=\"item\" typeof=\"WebPage\" title=\"Ir a Calidad.\" href=\"https:\/\/www.esmuc.cat\/es\/escuela\/sobre-lesmuc\/qualitat\/\" class=\"post post-page\" ><span property=\"name\">Calidad<\/span><\/a><meta property=\"position\" content=\"4\"><\/span> &gt; <span property=\"itemListElement\" typeof=\"ListItem\"><a property=\"item\" typeof=\"WebPage\" title=\"Ir a Datos e indicadores.\" href=\"https:\/\/www.esmuc.cat\/es\/escuela\/sobre-lesmuc\/qualitat\/datos-e-indicadores\/\" class=\"post post-page\" ><span property=\"name\">Datos e indicadores<\/span><\/a><meta property=\"position\" content=\"5\"><\/span> &gt; <span property=\"itemListElement\" typeof=\"ListItem\"><a property=\"item\" typeof=\"WebPage\" title=\"Ir a Datos e indicadores de M\u00e1ster: acceso y matr\u00edcula.\" href=\"https:\/\/www.esmuc.cat\/es\/escuela\/sobre-lesmuc\/qualitat\/datos-e-indicadores\/datos-e-indicadores-de-master-acceso-y-matricula\/\" class=\"post post-page\" ><span property=\"name\">Datos e indicadores de M\u00e1ster: acceso y matr\u00edcula<\/span><\/a><meta property=\"position\" content=\"6\"><\/span> &gt; <span property=\"itemListElement\" typeof=\"ListItem\"><span property=\"name\" class=\"post post-page current-item\">Datos e indicadores de M\u00e1ster: acceso y matr\u00edcula &#8211; Flamenco<\/span><meta property=\"url\" content=\"https:\/\/www.esmuc.cat\/es\/escuela\/sobre-lesmuc\/qualitat\/datos-e-indicadores\/datos-e-indicadores-de-master-acceso-y-matricula\/datos-e-indicadores-de-master-acceso-y-matricula-flamenco\/\"><meta property=\"position\" content=\"7\"><\/span><\/div>\n\n\n\n<div style=\"height:30px\" aria-hidden=\"true\" class=\"wp-block-spacer\"><\/div>\n\n\n\n<h2 class=\"wp-block-heading\">Acceso y matr\u00edcula M\u00e1ster <\/h2>\n\n\n\n<h3 class=\"wp-block-heading\">Interpretaci\u00f3n del Flamenco<\/h3>\n\n\n\n<div style=\"height:30px\" aria-hidden=\"true\" class=\"wp-block-spacer\"><\/div>\n\n\n\n<div class=\"wp-block-columns is-layout-flex wp-container-core-columns-is-layout-9d6595d7 wp-block-columns-is-layout-flex\">\n<div class=\"wp-block-column is-layout-flow wp-block-column-is-layout-flow\">\n<table id=\"tablepress-733\" class=\"tablepress tablepress-id-733\">\n<thead>\n<tr class=\"row-1\">\n\t<th class=\"column-1\">Curs<\/th><th class=\"column-2\">Places<\/th><th class=\"column-3\">Sol\u00b7licituds<\/th><th class=\"column-4\">Aspirants<\/th><th class=\"column-5\">Admesos<\/th><th class=\"column-6\">Matriculats<\/th>\n<\/tr>\n<\/thead>\n<tbody class=\"row-hover\">\n<tr class=\"row-2\">\n\t<td class=\"column-1\">2023-24<\/td><td class=\"column-2\">15<\/td><td class=\"column-3\">12<\/td><td class=\"column-4\">8<\/td><td class=\"column-5\">6<\/td><td class=\"column-6\">6<\/td>\n<\/tr>\n<tr class=\"row-3\">\n\t<td class=\"column-1\">2022-23<\/td><td class=\"column-2\">15<\/td><td class=\"column-3\">13<\/td><td class=\"column-4\">9<\/td><td class=\"column-5\">5<\/td><td class=\"column-6\">5<\/td>\n<\/tr>\n<tr class=\"row-4\">\n\t<td class=\"column-1\">2021-22<\/td><td class=\"column-2\">15<\/td><td class=\"column-3\">12<\/td><td class=\"column-4\">11<\/td><td class=\"column-5\">6<\/td><td class=\"column-6\">6<\/td>\n<\/tr>\n<tr class=\"row-5\">\n\t<td class=\"column-1\">2020-21<\/td><td class=\"column-2\">15<\/td><td class=\"column-3\">13<\/td><td class=\"column-4\">6<\/td><td class=\"column-5\">5<\/td><td class=\"column-6\">5<\/td>\n<\/tr>\n<tr class=\"row-6\">\n\t<td class=\"column-1\">2019-20<\/td><td class=\"column-2\">15<\/td><td class=\"column-3\">10<\/td><td class=\"column-4\">1<\/td><td class=\"column-5\">1<\/td><td class=\"column-6\">1<\/td>\n<\/tr>\n<tr class=\"row-7\">\n\t<td class=\"column-1\">2018-19<\/td><td class=\"column-2\">15<\/td><td class=\"column-3\">13<\/td><td class=\"column-4\">4<\/td><td class=\"column-5\">4<\/td><td class=\"column-6\">4<\/td>\n<\/tr>\n<tr class=\"row-8\">\n\t<td class=\"column-1\">2017-18<\/td><td class=\"column-2\">15<\/td><td class=\"column-3\">37<\/td><td class=\"column-4\">24<\/td><td class=\"column-5\">17<\/td><td class=\"column-6\">17<\/td>\n<\/tr>\n<tr class=\"row-9\">\n\t<td class=\"column-1\">2016-17<\/td><td class=\"column-2\">15<\/td><td class=\"column-3\">31<\/td><td class=\"column-4\">20<\/td><td class=\"column-5\">20<\/td><td class=\"column-6\">20<\/td>\n<\/tr>\n<tr class=\"row-10\">\n\t<td class=\"column-1\">2015-16<\/td><td class=\"column-2\">15<\/td><td class=\"column-3\">26<\/td><td class=\"column-4\">15<\/td><td class=\"column-5\">15<\/td><td class=\"column-6\">15<\/td>\n<\/tr>\n<tr class=\"row-11\">\n\t<td class=\"column-1\">2014-15<\/td><td class=\"column-2\">15<\/td><td class=\"column-3\">20<\/td><td class=\"column-4\">7<\/td><td class=\"column-5\">7<\/td><td class=\"column-6\">7<\/td>\n<\/tr>\n<\/tbody>\n<\/table>\n<!-- #tablepress-733 from cache -->\n<\/div>\n\n\n\n<div class=\"wp-block-column is-layout-flow wp-block-column-is-layout-flow\">\n<iframe src=\"https:\/\/flo.uri.sh\/visualisation\/15417791\/embed\" title=\"Interactive or visual content\" class=\"flourish-embed-iframe\" frameborder=\"0\" scrolling=\"no\" style=\"width:100%;height:600px;\" sandbox=\"allow-same-origin allow-forms allow-scripts allow-downloads allow-popups allow-popups-to-escape-sandbox allow-top-navigation-by-user-activation\"><\/iframe><div style=\"width:100%!;margin-top:4px!important;text-align:right!important;\"><a class=\"flourish-credit\" href=\"https:\/\/public.flourish.studio\/visualisation\/15417791\/?utm_source=embed&#038;utm_campaign=visualisation\/15417791\" target=\"_top\" style=\"text-decoration:none!important\" rel=\"noopener\"><img decoding=\"async\" alt=\"Made with Flourish\" src=\"https:\/\/public.flourish.studio\/resources\/made_with_flourish.svg\" style=\"width:105px!important;height:16px!important;border:none!important;margin:0!important;\"\/> <\/a><\/div>\n<\/div>\n<\/div>\n\n\n\n<div class=\"wp-block-columns is-layout-flex wp-container-core-columns-is-layout-9d6595d7 wp-block-columns-is-layout-flex\">\n<div class=\"wp-block-column is-layout-flow wp-block-column-is-layout-flow\">\n<table id=\"tablepress-734\" class=\"tablepress tablepress-id-734\">\n<thead>\n<tr class=\"row-1\">\n\t<th class=\"column-1\">Curs<\/th><th class=\"column-2\">Demanda<\/th><th class=\"column-3\">Aspirants \/ Sol\u00b7licituds<\/th><th class=\"column-4\">Admesos \/ Aspirants<\/th><th class=\"column-5\">Matriculats \/ Admesos<\/th>\n<\/tr>\n<\/thead>\n<tbody class=\"row-hover\">\n<tr class=\"row-2\">\n\t<td class=\"column-1\">2023-24<\/td><td class=\"column-2\">80,00%<\/td><td class=\"column-3\">66,67%<\/td><td class=\"column-4\">75,00%<\/td><td class=\"column-5\">100,00%<\/td>\n<\/tr>\n<tr class=\"row-3\">\n\t<td class=\"column-1\">2022-23<\/td><td class=\"column-2\">86,67%<\/td><td class=\"column-3\">69,23%<\/td><td class=\"column-4\">55,56%<\/td><td class=\"column-5\">100,00%<\/td>\n<\/tr>\n<tr class=\"row-4\">\n\t<td class=\"column-1\">2021-22<\/td><td class=\"column-2\">80,00%<\/td><td class=\"column-3\">91,67%<\/td><td class=\"column-4\">54,55%<\/td><td class=\"column-5\">100,00%<\/td>\n<\/tr>\n<tr class=\"row-5\">\n\t<td class=\"column-1\">2020-21<\/td><td class=\"column-2\">86,67%<\/td><td class=\"column-3\">46,15%<\/td><td class=\"column-4\">83,33%<\/td><td class=\"column-5\">100,00%<\/td>\n<\/tr>\n<tr class=\"row-6\">\n\t<td class=\"column-1\">2019-20<\/td><td class=\"column-2\">66,67%<\/td><td class=\"column-3\">10,00%<\/td><td class=\"column-4\">100,00%<\/td><td class=\"column-5\">100,00%<\/td>\n<\/tr>\n<tr class=\"row-7\">\n\t<td class=\"column-1\">2018-19<\/td><td class=\"column-2\">86,67%<\/td><td class=\"column-3\">30,77%<\/td><td class=\"column-4\">100,00%<\/td><td class=\"column-5\">100,00%<\/td>\n<\/tr>\n<tr class=\"row-8\">\n\t<td class=\"column-1\">2017-18<\/td><td class=\"column-2\">246,67%<\/td><td class=\"column-3\">64,86%<\/td><td class=\"column-4\">70,83%<\/td><td class=\"column-5\">100,00%<\/td>\n<\/tr>\n<tr class=\"row-9\">\n\t<td class=\"column-1\">2016-17<\/td><td class=\"column-2\">206,67%<\/td><td class=\"column-3\">64,52%<\/td><td class=\"column-4\">100,00%<\/td><td class=\"column-5\">100,00%<\/td>\n<\/tr>\n<tr class=\"row-10\">\n\t<td class=\"column-1\">2015-16<\/td><td class=\"column-2\">173,33%<\/td><td class=\"column-3\">57,69%<\/td><td class=\"column-4\">100,00%<\/td><td class=\"column-5\">100,00%<\/td>\n<\/tr>\n<tr class=\"row-11\">\n\t<td class=\"column-1\">2014-15<\/td><td class=\"column-2\">133,33%<\/td><td class=\"column-3\">35,00%<\/td><td class=\"column-4\">100,00%<\/td><td class=\"column-5\">100,00%<\/td>\n<\/tr>\n<\/tbody>\n<\/table>\n<!-- #tablepress-734 from cache -->\n<\/div>\n\n\n\n<div class=\"wp-block-column is-layout-flow wp-block-column-is-layout-flow\">\n<iframe src=\"https:\/\/flo.uri.sh\/visualisation\/15417825\/embed\" title=\"Interactive or visual content\" class=\"flourish-embed-iframe\" frameborder=\"0\" scrolling=\"no\" style=\"width:100%;height:600px;\" sandbox=\"allow-same-origin allow-forms allow-scripts allow-downloads allow-popups allow-popups-to-escape-sandbox allow-top-navigation-by-user-activation\"><\/iframe><div style=\"width:100%!;margin-top:4px!important;text-align:right!important;\"><a class=\"flourish-credit\" href=\"https:\/\/public.flourish.studio\/visualisation\/15417825\/?utm_source=embed&#038;utm_campaign=visualisation\/15417825\" target=\"_top\" style=\"text-decoration:none!important\" rel=\"noopener\"><img decoding=\"async\" alt=\"Made with Flourish\" src=\"https:\/\/public.flourish.studio\/resources\/made_with_flourish.svg\" style=\"width:105px!important;height:16px!important;border:none!important;margin:0!important;\"\/> <\/a><\/div>\n<\/div>\n<\/div>\n\n\n\n<section id=\"gmcd76f8f\" class=\"wp-block-gutentor-m3 section-gmcd76f8f gutentor-module gutentor-container-cover\"><div class=\"grid-container\"><\/div><\/section>\n","protected":false},"excerpt":{"rendered":"<p>Acceso y matr\u00edcula M\u00e1ster Interpretaci\u00f3n del Flamenco<\/p>\n","protected":false},"author":4,"featured_media":82063,"parent":89597,"menu_order":0,"comment_status":"closed","ping_status":"closed","template":"","meta":{"_acf_changed":false,"_themeisle_gutenberg_block_has_review":false,"footnotes":""},"categories":[1112,923],"tags":[1606],"class_list":["post-90152","page","type-page","status-publish","has-post-thumbnail","hentry","category-masters-es","category-sobre-lesmuc-es","tag-avaluacio-de-qualitat-es"],"acf":[],"publishpress_future_action":{"enabled":false,"date":"2026-05-07 06:06:04","action":"change-status","newStatus":"draft","terms":[],"taxonomy":"category","extraData":[]},"publishpress_future_workflow_manual_trigger":{"enabledWorkflows":[]},"_links":{"self":[{"href":"https:\/\/www.esmuc.cat\/es\/wp-json\/wp\/v2\/pages\/90152","targetHints":{"allow":["GET"]}}],"collection":[{"href":"https:\/\/www.esmuc.cat\/es\/wp-json\/wp\/v2\/pages"}],"about":[{"href":"https:\/\/www.esmuc.cat\/es\/wp-json\/wp\/v2\/types\/page"}],"author":[{"embeddable":true,"href":"https:\/\/www.esmuc.cat\/es\/wp-json\/wp\/v2\/users\/4"}],"replies":[{"embeddable":true,"href":"https:\/\/www.esmuc.cat\/es\/wp-json\/wp\/v2\/comments?post=90152"}],"version-history":[{"count":3,"href":"https:\/\/www.esmuc.cat\/es\/wp-json\/wp\/v2\/pages\/90152\/revisions"}],"predecessor-version":[{"id":90186,"href":"https:\/\/www.esmuc.cat\/es\/wp-json\/wp\/v2\/pages\/90152\/revisions\/90186"}],"up":[{"embeddable":true,"href":"https:\/\/www.esmuc.cat\/es\/wp-json\/wp\/v2\/pages\/89597"}],"wp:featuredmedia":[{"embeddable":true,"href":"https:\/\/www.esmuc.cat\/es\/wp-json\/wp\/v2\/media\/82063"}],"wp:attachment":[{"href":"https:\/\/www.esmuc.cat\/es\/wp-json\/wp\/v2\/media?parent=90152"}],"wp:term":[{"taxonomy":"category","embeddable":true,"href":"https:\/\/www.esmuc.cat\/es\/wp-json\/wp\/v2\/categories?post=90152"},{"taxonomy":"post_tag","embeddable":true,"href":"https:\/\/www.esmuc.cat\/es\/wp-json\/wp\/v2\/tags?post=90152"}],"curies":[{"name":"wp","href":"https:\/\/api.w.org\/{rel}","templated":true}]}}