{"id":90143,"date":"2024-01-23T12:20:13","date_gmt":"2024-01-23T11:20:13","guid":{"rendered":"https:\/\/www.esmuc.cat\/sobre-lesmuc\/qualitat\/datos-e-indicadores\/datos-e-indicadores-de-master-acceso-y-matricula\/datos-e-indicadores-de-master-accesi-y-matricula-datos-generales\/"},"modified":"2024-01-23T13:20:53","modified_gmt":"2024-01-23T12:20:53","slug":"datos-e-indicadores-de-master-accesi-y-matricula-datos-generales","status":"publish","type":"page","link":"https:\/\/www.esmuc.cat\/es\/escuela\/sobre-lesmuc\/qualitat\/datos-e-indicadores\/datos-e-indicadores-de-master-acceso-y-matricula\/datos-e-indicadores-de-master-accesi-y-matricula-datos-generales\/","title":{"rendered":"Datos e indicadores de M\u00e1ster: acceso y matr\u00edcula &#8211; Datos generales"},"content":{"rendered":"<div class=\"breadcrumbs align  wp-block-bcn-breadcrumb-trail has-text-color has-background\" vocab=\"https:\/\/schema.org\/\" typeof=\"BreadcrumbList\">\n\t<span><\/span>\n\t<span property=\"itemListElement\" typeof=\"ListItem\"><a property=\"item\" typeof=\"WebPage\" title=\"Ir a ESMUC.\" href=\"https:\/\/www.esmuc.cat\/es\/\" class=\"home\" ><span property=\"name\">ESMUC<\/span><\/a><meta property=\"position\" content=\"1\"><\/span> &gt; <span property=\"itemListElement\" typeof=\"ListItem\"><a property=\"item\" typeof=\"WebPage\" title=\"Ir a Escuela.\" href=\"https:\/\/www.esmuc.cat\/es\/escuela\/\" class=\"post post-page\" ><span property=\"name\">Escuela<\/span><\/a><meta property=\"position\" content=\"2\"><\/span> &gt; <span property=\"itemListElement\" typeof=\"ListItem\"><a property=\"item\" typeof=\"WebPage\" title=\"Ir a Sobre la ESMUC.\" href=\"https:\/\/www.esmuc.cat\/es\/escuela\/sobre-lesmuc\/\" class=\"post post-page\" ><span property=\"name\">Sobre la ESMUC<\/span><\/a><meta property=\"position\" content=\"3\"><\/span> &gt; <span property=\"itemListElement\" typeof=\"ListItem\"><a property=\"item\" typeof=\"WebPage\" title=\"Ir a Calidad.\" href=\"https:\/\/www.esmuc.cat\/es\/escuela\/sobre-lesmuc\/qualitat\/\" class=\"post post-page\" ><span property=\"name\">Calidad<\/span><\/a><meta property=\"position\" content=\"4\"><\/span> &gt; <span property=\"itemListElement\" typeof=\"ListItem\"><a property=\"item\" typeof=\"WebPage\" title=\"Ir a Datos e indicadores.\" href=\"https:\/\/www.esmuc.cat\/es\/escuela\/sobre-lesmuc\/qualitat\/datos-e-indicadores\/\" class=\"post post-page\" ><span property=\"name\">Datos e indicadores<\/span><\/a><meta property=\"position\" content=\"5\"><\/span> &gt; <span property=\"itemListElement\" typeof=\"ListItem\"><a property=\"item\" typeof=\"WebPage\" title=\"Ir a Datos e indicadores de M\u00e1ster: acceso y matr\u00edcula.\" href=\"https:\/\/www.esmuc.cat\/es\/escuela\/sobre-lesmuc\/qualitat\/datos-e-indicadores\/datos-e-indicadores-de-master-acceso-y-matricula\/\" class=\"post post-page\" ><span property=\"name\">Datos e indicadores de M\u00e1ster: acceso y matr\u00edcula<\/span><\/a><meta property=\"position\" content=\"6\"><\/span> &gt; <span property=\"itemListElement\" typeof=\"ListItem\"><span property=\"name\" class=\"post post-page current-item\">Datos e indicadores de M\u00e1ster: acceso y matr\u00edcula &#8211; Datos generales<\/span><meta property=\"url\" content=\"https:\/\/www.esmuc.cat\/es\/escuela\/sobre-lesmuc\/qualitat\/datos-e-indicadores\/datos-e-indicadores-de-master-acceso-y-matricula\/datos-e-indicadores-de-master-accesi-y-matricula-datos-generales\/\"><meta property=\"position\" content=\"7\"><\/span><\/div>\n\n\n\n<div style=\"height:30px\" aria-hidden=\"true\" class=\"wp-block-spacer\"><\/div>\n\n\n\n<h2 class=\"wp-block-heading\">Acceso y matr\u00edcula M\u00e1ster <\/h2>\n\n\n\n<h3 class=\"wp-block-heading\">Informaci\u00f3n general<\/h3>\n\n\n\n<div style=\"height:30px\" aria-hidden=\"true\" class=\"wp-block-spacer\"><\/div>\n\n\n\n<div class=\"wp-block-columns is-layout-flex wp-container-core-columns-is-layout-9d6595d7 wp-block-columns-is-layout-flex\">\n<div class=\"wp-block-column is-layout-flow wp-block-column-is-layout-flow\">\n<table id=\"tablepress-729\" class=\"tablepress tablepress-id-729\">\n<thead>\n<tr class=\"row-1\">\n\t<th class=\"column-1\">Curs<\/th><th class=\"column-2\">Places<\/th><th class=\"column-3\">Sol\u00b7licituds<\/th><th class=\"column-4\">Aspirants<\/th><th class=\"column-5\">Admesos<\/th><th class=\"column-6\">Matriculats<\/th>\n<\/tr>\n<\/thead>\n<tbody class=\"row-hover\">\n<tr class=\"row-2\">\n\t<td class=\"column-1\">2023-24<\/td><td class=\"column-2\">160<\/td><td class=\"column-3\">302<\/td><td class=\"column-4\">226<\/td><td class=\"column-5\">117<\/td><td class=\"column-6\">117<\/td>\n<\/tr>\n<tr class=\"row-3\">\n\t<td class=\"column-1\">2022-23<\/td><td class=\"column-2\">160<\/td><td class=\"column-3\">295<\/td><td class=\"column-4\">210<\/td><td class=\"column-5\">129<\/td><td class=\"column-6\">128<\/td>\n<\/tr>\n<tr class=\"row-4\">\n\t<td class=\"column-1\">2021-22<\/td><td class=\"column-2\">145<\/td><td class=\"column-3\">243<\/td><td class=\"column-4\">167<\/td><td class=\"column-5\">104<\/td><td class=\"column-6\">104<\/td>\n<\/tr>\n<tr class=\"row-5\">\n\t<td class=\"column-1\">2020-21<\/td><td class=\"column-2\">175<\/td><td class=\"column-3\">188<\/td><td class=\"column-4\">125<\/td><td class=\"column-5\">79<\/td><td class=\"column-6\">77<\/td>\n<\/tr>\n<tr class=\"row-6\">\n\t<td class=\"column-1\">2019-20<\/td><td class=\"column-2\">160<\/td><td class=\"column-3\">152<\/td><td class=\"column-4\">96<\/td><td class=\"column-5\">66<\/td><td class=\"column-6\">65<\/td>\n<\/tr>\n<tr class=\"row-7\">\n\t<td class=\"column-1\">2018-19<\/td><td class=\"column-2\">130<\/td><td class=\"column-3\">153<\/td><td class=\"column-4\">104<\/td><td class=\"column-5\">78<\/td><td class=\"column-6\">78<\/td>\n<\/tr>\n<tr class=\"row-8\">\n\t<td class=\"column-1\">2017-18<\/td><td class=\"column-2\">110<\/td><td class=\"column-3\">150<\/td><td class=\"column-4\">103<\/td><td class=\"column-5\">68<\/td><td class=\"column-6\">65<\/td>\n<\/tr>\n<tr class=\"row-9\">\n\t<td class=\"column-1\">2016-17<\/td><td class=\"column-2\">110<\/td><td class=\"column-3\">152<\/td><td class=\"column-4\">114<\/td><td class=\"column-5\">74<\/td><td class=\"column-6\">74<\/td>\n<\/tr>\n<tr class=\"row-10\">\n\t<td class=\"column-1\">2015-16<\/td><td class=\"column-2\">110<\/td><td class=\"column-3\">113<\/td><td class=\"column-4\">76<\/td><td class=\"column-5\">67<\/td><td class=\"column-6\">67<\/td>\n<\/tr>\n<tr class=\"row-11\">\n\t<td class=\"column-1\">2014-15<\/td><td class=\"column-2\">95<\/td><td class=\"column-3\">79<\/td><td class=\"column-4\">58<\/td><td class=\"column-5\">48<\/td><td class=\"column-6\">48<\/td>\n<\/tr>\n<tr class=\"row-12\">\n\t<td class=\"column-1\">2013-14<\/td><td class=\"column-2\">60<\/td><td class=\"column-3\">52<\/td><td class=\"column-4\">41<\/td><td class=\"column-5\">36<\/td><td class=\"column-6\">36<\/td>\n<\/tr>\n<tr class=\"row-13\">\n\t<td class=\"column-1\">2012-13<\/td><td class=\"column-2\">60<\/td><td class=\"column-3\">54<\/td><td class=\"column-4\">54<\/td><td class=\"column-5\">32<\/td><td class=\"column-6\">32<\/td>\n<\/tr>\n<\/tbody>\n<\/table>\n<!-- #tablepress-729 from cache -->\n<\/div>\n\n\n\n<div class=\"wp-block-column is-layout-flow wp-block-column-is-layout-flow\">\n<iframe src=\"https:\/\/flo.uri.sh\/visualisation\/15417486\/embed\" title=\"Interactive or visual content\" class=\"flourish-embed-iframe\" frameborder=\"0\" scrolling=\"no\" style=\"width:100%;height:600px;\" sandbox=\"allow-same-origin allow-forms allow-scripts allow-downloads allow-popups allow-popups-to-escape-sandbox allow-top-navigation-by-user-activation\"><\/iframe><div style=\"width:100%!;margin-top:4px!important;text-align:right!important;\"><a class=\"flourish-credit\" href=\"https:\/\/public.flourish.studio\/visualisation\/15417486\/?utm_source=embed&#038;utm_campaign=visualisation\/15417486\" target=\"_top\" style=\"text-decoration:none!important\" rel=\"noopener\"><img decoding=\"async\" alt=\"Made with Flourish\" src=\"https:\/\/public.flourish.studio\/resources\/made_with_flourish.svg\" style=\"width:105px!important;height:16px!important;border:none!important;margin:0!important;\"\/> <\/a><\/div>\n<\/div>\n<\/div>\n\n\n\n<div class=\"wp-block-columns is-layout-flex wp-container-core-columns-is-layout-9d6595d7 wp-block-columns-is-layout-flex\">\n<div class=\"wp-block-column is-layout-flow wp-block-column-is-layout-flow\">\n<table id=\"tablepress-730\" class=\"tablepress tablepress-id-730\">\n<thead>\n<tr class=\"row-1\">\n\t<th class=\"column-1\">Curs<\/th><th class=\"column-2\">Demanda<\/th><th class=\"column-3\">Aspirants \/ Sol\u00b7licituds<\/th><th class=\"column-4\">Admesos \/ Aspirants<\/th><th class=\"column-5\">Matriculats \/ Admesos<\/th>\n<\/tr>\n<\/thead>\n<tbody class=\"row-hover\">\n<tr class=\"row-2\">\n\t<td class=\"column-1\">2023-24<\/td><td class=\"column-2\">188,75%<\/td><td class=\"column-3\">74,83%<\/td><td class=\"column-4\">51,77%<\/td><td class=\"column-5\">100,00%<\/td>\n<\/tr>\n<tr class=\"row-3\">\n\t<td class=\"column-1\">2022-23<\/td><td class=\"column-2\">184,38%<\/td><td class=\"column-3\">71,19%<\/td><td class=\"column-4\">61,43%<\/td><td class=\"column-5\">99,22%<\/td>\n<\/tr>\n<tr class=\"row-4\">\n\t<td class=\"column-1\">2021-22<\/td><td class=\"column-2\">167,59%<\/td><td class=\"column-3\">68,72%<\/td><td class=\"column-4\">62,28%<\/td><td class=\"column-5\">100,00%<\/td>\n<\/tr>\n<tr class=\"row-5\">\n\t<td class=\"column-1\">2020-21<\/td><td class=\"column-2\">107,43%<\/td><td class=\"column-3\">66,49%<\/td><td class=\"column-4\">63,20%<\/td><td class=\"column-5\">97,47%<\/td>\n<\/tr>\n<tr class=\"row-6\">\n\t<td class=\"column-1\">2019-20<\/td><td class=\"column-2\">95,00%<\/td><td class=\"column-3\">63,16%<\/td><td class=\"column-4\">68,75%<\/td><td class=\"column-5\">98,48%<\/td>\n<\/tr>\n<tr class=\"row-7\">\n\t<td class=\"column-1\">2018-19<\/td><td class=\"column-2\">117,69%<\/td><td class=\"column-3\">67,97%<\/td><td class=\"column-4\">75,00%<\/td><td class=\"column-5\">100,00%<\/td>\n<\/tr>\n<tr class=\"row-8\">\n\t<td class=\"column-1\">2017-18<\/td><td class=\"column-2\">136,36%<\/td><td class=\"column-3\">68,67%<\/td><td class=\"column-4\">66,02%<\/td><td class=\"column-5\">95,59%<\/td>\n<\/tr>\n<tr class=\"row-9\">\n\t<td class=\"column-1\">2016-17<\/td><td class=\"column-2\">138,18%<\/td><td class=\"column-3\">75,00%<\/td><td class=\"column-4\">64,91%<\/td><td class=\"column-5\">100,00%<\/td>\n<\/tr>\n<tr class=\"row-10\">\n\t<td class=\"column-1\">2015-16<\/td><td class=\"column-2\">102,73%<\/td><td class=\"column-3\">67,26%<\/td><td class=\"column-4\">88,16%<\/td><td class=\"column-5\">100,00%<\/td>\n<\/tr>\n<tr class=\"row-11\">\n\t<td class=\"column-1\">2014-15<\/td><td class=\"column-2\">83,16%<\/td><td class=\"column-3\">73,42%<\/td><td class=\"column-4\">82,76%<\/td><td class=\"column-5\">100,00%<\/td>\n<\/tr>\n<tr class=\"row-12\">\n\t<td class=\"column-1\">2013-14<\/td><td class=\"column-2\">86,67%<\/td><td class=\"column-3\">78,85%<\/td><td class=\"column-4\">87,80%<\/td><td class=\"column-5\">100,00%<\/td>\n<\/tr>\n<tr class=\"row-13\">\n\t<td class=\"column-1\">2012-13<\/td><td class=\"column-2\">90,00%<\/td><td class=\"column-3\">100,00%<\/td><td class=\"column-4\">59,26%<\/td><td class=\"column-5\">100,00%<\/td>\n<\/tr>\n<\/tbody>\n<\/table>\n<!-- #tablepress-730 from cache -->\n<\/div>\n\n\n\n<div class=\"wp-block-column is-layout-flow wp-block-column-is-layout-flow\">\n<iframe src=\"https:\/\/flo.uri.sh\/visualisation\/15417561\/embed\" title=\"Interactive or visual content\" class=\"flourish-embed-iframe\" frameborder=\"0\" scrolling=\"no\" style=\"width:100%;height:600px;\" sandbox=\"allow-same-origin allow-forms allow-scripts allow-downloads allow-popups allow-popups-to-escape-sandbox allow-top-navigation-by-user-activation\"><\/iframe><div style=\"width:100%!;margin-top:4px!important;text-align:right!important;\"><a class=\"flourish-credit\" href=\"https:\/\/public.flourish.studio\/visualisation\/15417561\/?utm_source=embed&#038;utm_campaign=visualisation\/15417561\" target=\"_top\" style=\"text-decoration:none!important\" rel=\"noopener\"><img decoding=\"async\" alt=\"Made with Flourish\" src=\"https:\/\/public.flourish.studio\/resources\/made_with_flourish.svg\" style=\"width:105px!important;height:16px!important;border:none!important;margin:0!important;\"\/> <\/a><\/div>\n<\/div>\n<\/div>\n\n\n\n<section id=\"gm7266f8a\" class=\"wp-block-gutentor-m3 section-gm7266f8a gutentor-module gutentor-container-cover\"><div class=\"grid-container\"><\/div><\/section>\n","protected":false},"excerpt":{"rendered":"<p>Acceso y matr\u00edcula M\u00e1ster Informaci\u00f3n general<\/p>\n","protected":false},"author":4,"featured_media":82063,"parent":89597,"menu_order":0,"comment_status":"closed","ping_status":"closed","template":"","meta":{"_acf_changed":false,"_themeisle_gutenberg_block_has_review":false,"footnotes":""},"categories":[1112,923],"tags":[1606],"class_list":["post-90143","page","type-page","status-publish","has-post-thumbnail","hentry","category-masters-es","category-sobre-lesmuc-es","tag-avaluacio-de-qualitat-es"],"acf":[],"publishpress_future_action":{"enabled":false,"date":"2026-05-07 06:16:03","action":"change-status","newStatus":"draft","terms":[],"taxonomy":"category","extraData":[]},"publishpress_future_workflow_manual_trigger":{"enabledWorkflows":[]},"_links":{"self":[{"href":"https:\/\/www.esmuc.cat\/es\/wp-json\/wp\/v2\/pages\/90143","targetHints":{"allow":["GET"]}}],"collection":[{"href":"https:\/\/www.esmuc.cat\/es\/wp-json\/wp\/v2\/pages"}],"about":[{"href":"https:\/\/www.esmuc.cat\/es\/wp-json\/wp\/v2\/types\/page"}],"author":[{"embeddable":true,"href":"https:\/\/www.esmuc.cat\/es\/wp-json\/wp\/v2\/users\/4"}],"replies":[{"embeddable":true,"href":"https:\/\/www.esmuc.cat\/es\/wp-json\/wp\/v2\/comments?post=90143"}],"version-history":[{"count":8,"href":"https:\/\/www.esmuc.cat\/es\/wp-json\/wp\/v2\/pages\/90143\/revisions"}],"predecessor-version":[{"id":90183,"href":"https:\/\/www.esmuc.cat\/es\/wp-json\/wp\/v2\/pages\/90143\/revisions\/90183"}],"up":[{"embeddable":true,"href":"https:\/\/www.esmuc.cat\/es\/wp-json\/wp\/v2\/pages\/89597"}],"wp:featuredmedia":[{"embeddable":true,"href":"https:\/\/www.esmuc.cat\/es\/wp-json\/wp\/v2\/media\/82063"}],"wp:attachment":[{"href":"https:\/\/www.esmuc.cat\/es\/wp-json\/wp\/v2\/media?parent=90143"}],"wp:term":[{"taxonomy":"category","embeddable":true,"href":"https:\/\/www.esmuc.cat\/es\/wp-json\/wp\/v2\/categories?post=90143"},{"taxonomy":"post_tag","embeddable":true,"href":"https:\/\/www.esmuc.cat\/es\/wp-json\/wp\/v2\/tags?post=90143"}],"curies":[{"name":"wp","href":"https:\/\/api.w.org\/{rel}","templated":true}]}}