{"id":90076,"date":"2024-01-23T09:26:18","date_gmt":"2024-01-23T08:26:18","guid":{"rendered":"https:\/\/www.esmuc.cat\/sobre-lesmuc\/qualitat\/datos-e-indicadores\/datos-e-indicadores-de-master-profesorado\/datos-e-indicadores-de-master-profesorado-lied\/"},"modified":"2024-01-23T11:47:57","modified_gmt":"2024-01-23T10:47:57","slug":"datos-e-indicadores-de-master-profesorado-lied","status":"publish","type":"page","link":"https:\/\/www.esmuc.cat\/es\/escuela\/sobre-lesmuc\/qualitat\/datos-e-indicadores\/datos-e-indicadores-de-master-profesorado\/datos-e-indicadores-de-master-profesorado-lied\/","title":{"rendered":"Datos e indicadores de M\u00e1ster: profesorado &#8211; Lied"},"content":{"rendered":"<div class=\"breadcrumbs align  wp-block-bcn-breadcrumb-trail has-text-color has-background\" vocab=\"https:\/\/schema.org\/\" typeof=\"BreadcrumbList\">\n\t<span><\/span>\n\t<span property=\"itemListElement\" typeof=\"ListItem\"><a property=\"item\" typeof=\"WebPage\" title=\"Ir a ESMUC.\" href=\"https:\/\/www.esmuc.cat\/es\/\" class=\"home\" ><span property=\"name\">ESMUC<\/span><\/a><meta property=\"position\" content=\"1\"><\/span> &gt; <span property=\"itemListElement\" typeof=\"ListItem\"><a property=\"item\" typeof=\"WebPage\" title=\"Ir a Escuela.\" href=\"https:\/\/www.esmuc.cat\/es\/escuela\/\" class=\"post post-page\" ><span property=\"name\">Escuela<\/span><\/a><meta property=\"position\" content=\"2\"><\/span> &gt; <span property=\"itemListElement\" typeof=\"ListItem\"><a property=\"item\" typeof=\"WebPage\" title=\"Ir a Sobre la ESMUC.\" href=\"https:\/\/www.esmuc.cat\/es\/escuela\/sobre-lesmuc\/\" class=\"post post-page\" ><span property=\"name\">Sobre la ESMUC<\/span><\/a><meta property=\"position\" content=\"3\"><\/span> &gt; <span property=\"itemListElement\" typeof=\"ListItem\"><a property=\"item\" typeof=\"WebPage\" title=\"Ir a Calidad.\" href=\"https:\/\/www.esmuc.cat\/es\/escuela\/sobre-lesmuc\/qualitat\/\" class=\"post post-page\" ><span property=\"name\">Calidad<\/span><\/a><meta property=\"position\" content=\"4\"><\/span> &gt; <span property=\"itemListElement\" typeof=\"ListItem\"><a property=\"item\" typeof=\"WebPage\" title=\"Ir a Datos e indicadores.\" href=\"https:\/\/www.esmuc.cat\/es\/escuela\/sobre-lesmuc\/qualitat\/datos-e-indicadores\/\" class=\"post post-page\" ><span property=\"name\">Datos e indicadores<\/span><\/a><meta property=\"position\" content=\"5\"><\/span> &gt; <span property=\"itemListElement\" typeof=\"ListItem\"><a property=\"item\" typeof=\"WebPage\" title=\"Ir a Datos e indicadores de M\u00e1ster: profesorado.\" href=\"https:\/\/www.esmuc.cat\/es\/escuela\/sobre-lesmuc\/qualitat\/datos-e-indicadores\/datos-e-indicadores-de-master-profesorado\/\" class=\"post post-page\" ><span property=\"name\">Datos e indicadores de M\u00e1ster: profesorado<\/span><\/a><meta property=\"position\" content=\"6\"><\/span> &gt; <span property=\"itemListElement\" typeof=\"ListItem\"><span property=\"name\" class=\"post post-page current-item\">Datos e indicadores de M\u00e1ster: profesorado &#8211; Lied<\/span><meta property=\"url\" content=\"https:\/\/www.esmuc.cat\/es\/escuela\/sobre-lesmuc\/qualitat\/datos-e-indicadores\/datos-e-indicadores-de-master-profesorado\/datos-e-indicadores-de-master-profesorado-lied\/\"><meta property=\"position\" content=\"7\"><\/span><\/div>\n\n\n\n<div style=\"height:30px\" aria-hidden=\"true\" class=\"wp-block-spacer\"><\/div>\n\n\n\n<h2 class=\"wp-block-heading\">Datos e indicadores de M\u00e1ster <\/h2>\n\n\n\n<h3 class=\"wp-block-heading\">Profesorado <\/h3>\n\n\n\n<h4 class=\"wp-block-heading\">M\u00e0ster de Lied &#8220;Victoria de los \u00c1ngeles&#8221;<\/h4>\n\n\n\n<div style=\"height:100px\" aria-hidden=\"true\" class=\"wp-block-spacer\"><\/div>\n\n\n\n<div class=\"wp-block-columns is-layout-flex wp-container-core-columns-is-layout-9d6595d7 wp-block-columns-is-layout-flex\">\n<div class=\"wp-block-column is-layout-flow wp-block-column-is-layout-flow\">\n<iframe src=\"https:\/\/flo.uri.sh\/visualisation\/15319909\/embed\" title=\"Interactive or visual content\" class=\"flourish-embed-iframe\" frameborder=\"0\" scrolling=\"no\" style=\"width:100%;height:600px;\" sandbox=\"allow-same-origin allow-forms allow-scripts allow-downloads allow-popups allow-popups-to-escape-sandbox allow-top-navigation-by-user-activation\"><\/iframe><div style=\"width:100%!;margin-top:4px!important;text-align:right!important;\"><a class=\"flourish-credit\" href=\"https:\/\/public.flourish.studio\/visualisation\/15319909\/?utm_source=embed&#038;utm_campaign=visualisation\/15319909\" target=\"_top\" style=\"text-decoration:none!important\" rel=\"noopener\"><img decoding=\"async\" alt=\"Made with Flourish\" src=\"https:\/\/public.flourish.studio\/resources\/made_with_flourish.svg\" style=\"width:105px!important;height:16px!important;border:none!important;margin:0!important;\"\/> <\/a><\/div>\n<\/div>\n\n\n\n<div class=\"wp-block-column is-layout-flow wp-block-column-is-layout-flow\">\n<iframe src=\"https:\/\/flo.uri.sh\/visualisation\/15320328\/embed\" title=\"Interactive or visual content\" class=\"flourish-embed-iframe\" frameborder=\"0\" scrolling=\"no\" style=\"width:100%;height:600px;\" sandbox=\"allow-same-origin allow-forms allow-scripts allow-downloads allow-popups allow-popups-to-escape-sandbox allow-top-navigation-by-user-activation\"><\/iframe><div style=\"width:100%!;margin-top:4px!important;text-align:right!important;\"><a class=\"flourish-credit\" href=\"https:\/\/public.flourish.studio\/visualisation\/15320328\/?utm_source=embed&#038;utm_campaign=visualisation\/15320328\" target=\"_top\" style=\"text-decoration:none!important\" rel=\"noopener\"><img decoding=\"async\" alt=\"Made with Flourish\" src=\"https:\/\/public.flourish.studio\/resources\/made_with_flourish.svg\" style=\"width:105px!important;height:16px!important;border:none!important;margin:0!important;\"\/> <\/a><\/div>\n<\/div>\n<\/div>\n\n\n\n<div class=\"wp-block-columns is-layout-flex wp-container-core-columns-is-layout-9d6595d7 wp-block-columns-is-layout-flex\">\n<div class=\"wp-block-column is-layout-flow wp-block-column-is-layout-flow\">\n<table id=\"tablepress-721\" class=\"tablepress tablepress-id-721\">\n<thead>\n<tr class=\"row-1\">\n\t<th class=\"column-1\">Curs<\/th><th class=\"column-2\">Doctorat<\/th><th class=\"column-3\">Titulaci\u00f3 superior<\/th><th class=\"column-4\">Sense titulaci\u00f3<\/th>\n<\/tr>\n<\/thead>\n<tbody class=\"row-hover\">\n<tr class=\"row-2\">\n\t<td class=\"column-1\">2024-25<\/td><td class=\"column-2\">1 (12,5%)<\/td><td class=\"column-3\">6 (75%)<\/td><td class=\"column-4\">1 (12,5%)<\/td>\n<\/tr>\n<tr class=\"row-3\">\n\t<td class=\"column-1\">2023-24<\/td><td class=\"column-2\">1 (10%)<\/td><td class=\"column-3\">8 (80%)<\/td><td class=\"column-4\">1 (10%)<\/td>\n<\/tr>\n<tr class=\"row-4\">\n\t<td class=\"column-1\">2022-23<\/td><td class=\"column-2\">2 (16.7%)<\/td><td class=\"column-3\">6 (50%)<\/td><td class=\"column-4\">4 (33,3%)<\/td>\n<\/tr>\n<tr class=\"row-5\">\n\t<td class=\"column-1\">2021-22<\/td><td class=\"column-2\">3 27,3%)<\/td><td class=\"column-3\">5 (45,4%)<\/td><td class=\"column-4\">3 (27.3%)<\/td>\n<\/tr>\n<tr class=\"row-6\">\n\t<td class=\"column-1\">2020-21<\/td><td class=\"column-2\">1 (11,1%)<\/td><td class=\"column-3\">5 (55,6%)<\/td><td class=\"column-4\">3 (33,3%)<\/td>\n<\/tr>\n<\/tbody>\n<\/table>\n<!-- #tablepress-721 from cache -->\n<\/div>\n\n\n\n<div class=\"wp-block-column is-layout-flow wp-block-column-is-layout-flow\">\n<table id=\"tablepress-727\" class=\"tablepress tablepress-id-727\">\n<thead>\n<tr class=\"row-1\">\n\t<th class=\"column-1\">Curs<\/th><th class=\"column-2\">Temps complet<\/th><th class=\"column-3\">Temps parcial<\/th><th class=\"column-4\">TOTAL<\/th>\n<\/tr>\n<\/thead>\n<tbody class=\"row-hover\">\n<tr class=\"row-2\">\n\t<td class=\"column-1\">2024-25<\/td><td class=\"column-2\">4 (50%)<\/td><td class=\"column-3\">4 (50%)<\/td><td class=\"column-4\">8<\/td>\n<\/tr>\n<tr class=\"row-3\">\n\t<td class=\"column-1\">2023-24<\/td><td class=\"column-2\">3 (30%)<\/td><td class=\"column-3\">7 (70%)<\/td><td class=\"column-4\">10<\/td>\n<\/tr>\n<tr class=\"row-4\">\n\t<td class=\"column-1\">2022-23<\/td><td class=\"column-2\">9 (37,5%)<\/td><td class=\"column-3\">15 (62,5%)<\/td><td class=\"column-4\">24<\/td>\n<\/tr>\n<tr class=\"row-5\">\n\t<td class=\"column-1\">2021-22<\/td><td class=\"column-2\">6 (54,5%)<\/td><td class=\"column-3\">5 (45,5%)<\/td><td class=\"column-4\">11<\/td>\n<\/tr>\n<tr class=\"row-6\">\n\t<td class=\"column-1\">2020-21<\/td><td class=\"column-2\">3 (37,5%)<\/td><td class=\"column-3\">5 (62,5%)<\/td><td class=\"column-4\">8<\/td>\n<\/tr>\n<\/tbody>\n<\/table>\n<!-- #tablepress-727 from cache -->\n<\/div>\n<\/div>\n\n\n\n<section id=\"gmc6e05ff\" class=\"wp-block-gutentor-m3 section-gmc6e05ff gutentor-module gutentor-container-cover\"><div class=\"grid-container\"><\/div><\/section>\n","protected":false},"excerpt":{"rendered":"<p>Datos e indicadores de M\u00e1ster Profesorado M\u00e0ster de Lied &#8220;Victoria de los \u00c1ngeles&#8221;<\/p>\n","protected":false},"author":4,"featured_media":82063,"parent":89603,"menu_order":0,"comment_status":"closed","ping_status":"closed","template":"","meta":{"_acf_changed":false,"_themeisle_gutenberg_block_has_review":false,"footnotes":""},"categories":[1112,1008,923],"tags":[1606],"class_list":["post-90076","page","type-page","status-publish","has-post-thumbnail","hentry","category-masters-es","category-masters-oficiales","category-sobre-lesmuc-es","tag-avaluacio-de-qualitat-es"],"acf":[],"publishpress_future_action":{"enabled":false,"date":"2026-04-16 18:39:45","action":"change-status","newStatus":"draft","terms":[],"taxonomy":"category","extraData":[]},"publishpress_future_workflow_manual_trigger":{"enabledWorkflows":[]},"_links":{"self":[{"href":"https:\/\/www.esmuc.cat\/es\/wp-json\/wp\/v2\/pages\/90076","targetHints":{"allow":["GET"]}}],"collection":[{"href":"https:\/\/www.esmuc.cat\/es\/wp-json\/wp\/v2\/pages"}],"about":[{"href":"https:\/\/www.esmuc.cat\/es\/wp-json\/wp\/v2\/types\/page"}],"author":[{"embeddable":true,"href":"https:\/\/www.esmuc.cat\/es\/wp-json\/wp\/v2\/users\/4"}],"replies":[{"embeddable":true,"href":"https:\/\/www.esmuc.cat\/es\/wp-json\/wp\/v2\/comments?post=90076"}],"version-history":[{"count":5,"href":"https:\/\/www.esmuc.cat\/es\/wp-json\/wp\/v2\/pages\/90076\/revisions"}],"predecessor-version":[{"id":90127,"href":"https:\/\/www.esmuc.cat\/es\/wp-json\/wp\/v2\/pages\/90076\/revisions\/90127"}],"up":[{"embeddable":true,"href":"https:\/\/www.esmuc.cat\/es\/wp-json\/wp\/v2\/pages\/89603"}],"wp:featuredmedia":[{"embeddable":true,"href":"https:\/\/www.esmuc.cat\/es\/wp-json\/wp\/v2\/media\/82063"}],"wp:attachment":[{"href":"https:\/\/www.esmuc.cat\/es\/wp-json\/wp\/v2\/media?parent=90076"}],"wp:term":[{"taxonomy":"category","embeddable":true,"href":"https:\/\/www.esmuc.cat\/es\/wp-json\/wp\/v2\/categories?post=90076"},{"taxonomy":"post_tag","embeddable":true,"href":"https:\/\/www.esmuc.cat\/es\/wp-json\/wp\/v2\/tags?post=90076"}],"curies":[{"name":"wp","href":"https:\/\/api.w.org\/{rel}","templated":true}]}}