{"id":89603,"date":"2024-01-11T10:22:51","date_gmt":"2024-01-11T09:22:51","guid":{"rendered":"https:\/\/www.esmuc.cat\/sobre-lesmuc\/qualitat\/datos-e-indicadores\/datos-e-indicadores-de-master-profesorado\/"},"modified":"2024-01-23T09:51:05","modified_gmt":"2024-01-23T08:51:05","slug":"datos-e-indicadores-de-master-profesorado","status":"publish","type":"page","link":"https:\/\/www.esmuc.cat\/es\/escuela\/sobre-lesmuc\/qualitat\/datos-e-indicadores\/datos-e-indicadores-de-master-profesorado\/","title":{"rendered":"Datos e indicadores de M\u00e1ster: profesorado"},"content":{"rendered":"\n<div class=\"wp-block-columns is-layout-flex wp-container-core-columns-is-layout-9d6595d7 wp-block-columns-is-layout-flex\">\n<div class=\"wp-block-column esmuc__Menu_Masters is-layout-flow wp-block-column-is-layout-flow\" style=\"flex-basis:33.33%\">\n\n<\/div>\n\n\n\n<div class=\"wp-block-column is-layout-flow wp-block-column-is-layout-flow\" style=\"flex-basis:66.66%\"><div class=\"breadcrumbs align  wp-block-bcn-breadcrumb-trail has-text-color has-background\" vocab=\"https:\/\/schema.org\/\" typeof=\"BreadcrumbList\">\n\t<span><\/span>\n\t<span property=\"itemListElement\" typeof=\"ListItem\"><a property=\"item\" typeof=\"WebPage\" title=\"Ir a ESMUC.\" href=\"https:\/\/www.esmuc.cat\/es\/\" class=\"home\" ><span property=\"name\">ESMUC<\/span><\/a><meta property=\"position\" content=\"1\"><\/span> &gt; <span property=\"itemListElement\" typeof=\"ListItem\"><a property=\"item\" typeof=\"WebPage\" title=\"Ir a Escuela.\" href=\"https:\/\/www.esmuc.cat\/es\/escuela\/\" class=\"post post-page\" ><span property=\"name\">Escuela<\/span><\/a><meta property=\"position\" content=\"2\"><\/span> &gt; <span property=\"itemListElement\" typeof=\"ListItem\"><a property=\"item\" typeof=\"WebPage\" title=\"Ir a Sobre la ESMUC.\" href=\"https:\/\/www.esmuc.cat\/es\/escuela\/sobre-lesmuc\/\" class=\"post post-page\" ><span property=\"name\">Sobre la ESMUC<\/span><\/a><meta property=\"position\" content=\"3\"><\/span> &gt; <span property=\"itemListElement\" typeof=\"ListItem\"><a property=\"item\" typeof=\"WebPage\" title=\"Ir a Calidad.\" href=\"https:\/\/www.esmuc.cat\/es\/escuela\/sobre-lesmuc\/qualitat\/\" class=\"post post-page\" ><span property=\"name\">Calidad<\/span><\/a><meta property=\"position\" content=\"4\"><\/span> &gt; <span property=\"itemListElement\" typeof=\"ListItem\"><a property=\"item\" typeof=\"WebPage\" title=\"Ir a Datos e indicadores.\" href=\"https:\/\/www.esmuc.cat\/es\/escuela\/sobre-lesmuc\/qualitat\/datos-e-indicadores\/\" class=\"post post-page\" ><span property=\"name\">Datos e indicadores<\/span><\/a><meta property=\"position\" content=\"5\"><\/span> &gt; <span property=\"itemListElement\" typeof=\"ListItem\"><span property=\"name\" class=\"post post-page current-item\">Datos e indicadores de M\u00e1ster: profesorado<\/span><meta property=\"url\" content=\"https:\/\/www.esmuc.cat\/es\/escuela\/sobre-lesmuc\/qualitat\/datos-e-indicadores\/datos-e-indicadores-de-master-profesorado\/\"><meta property=\"position\" content=\"6\"><\/span><\/div>\n\n\n\n<h2 class=\"wp-block-heading\" id=\"1-dades-i-indicadors-de-grau\">Datos e indicadores de M\u00e1ster<\/h2>\n\n\n\n<h3 class=\"wp-block-heading\" id=\"2-acc%C3%A9s-i-matr%C3%ADcula\">Profesorado<\/h3>\n\n\n\n<div style=\"height:30px\" aria-hidden=\"true\" class=\"wp-block-spacer\"><\/div>\n\n\n\n<section id=\"gmc33bda2\" class=\"wp-block-gutentor-m3 section-gmc33bda2 gutentor-module gutentor-container-cover\"><div class=\"grid-container\">\n<p>El profesorado es el principal recurso docente del que dispone el alumnado. Para asegurar la calidad de los programas formativos, debe ser suficiente en n\u00famero y dedicaci\u00f3n, y tener la experiencia y formaci\u00f3n adecuadas a los objetivos de cada titulaci\u00f3n.<\/p>\n\n\n\n<div style=\"height:20px\" aria-hidden=\"true\" class=\"wp-block-spacer\"><\/div>\n\n\n\n<section id=\"gm94e3de4\" class=\"wp-block-gutentor-m3 section-gm94e3de4 gutentor-module gutentor-container-cover has-color-bg has-custom-bg\"><div class=\"grid-container\">\n<h5 class=\"wp-block-heading\" id=\"3-indicadors-de-la-dimensi%C3%B3\">Indicadores de la dimensi\u00f3n<\/h5>\n\n\n\n<div id=\"section-g4354c9\" class=\"wp-block-gutentor-e7 section-g4354c9 gutentor-element gutentor-element-list\"><ul class=\"grid-row gutentor-grid-item-wrap list-indicator-icon\"><li class=\"gutentor-list-item grid-lg-12 grid-md-12 grid-12\"><span class=\"gutentor-single-item gutentor-single-item-0\"><span class=\"gutentor-list-item-wrap g-s-list-wrap\"><span class=\"gutentor-single-list-item-icon\"><i class=\"list-item-icon fas fa-angle-right\"><\/i><\/span><span class=\"gutentor-list-item\"><p class=\"gutentor-single-item-title\"><strong>Titulaci\u00f3<\/strong>:\u00a0nombre i percentatge de professorat\u00a0segons la seva titulaci\u00f3<\/p><\/span><\/span><\/span><\/li><li class=\"gutentor-list-item grid-lg-12 grid-md-12 grid-12\"><span class=\"gutentor-single-item gutentor-single-item-1\"><span class=\"gutentor-list-item-wrap g-s-list-wrap\"><span class=\"gutentor-single-list-item-icon\"><i class=\"list-item-icon fas fa-angle-right\"><\/i><\/span><span class=\"gutentor-list-item\"><p class=\"gutentor-single-item-title\"><strong>Dedicaci\u00f3\u00a0a temps complet<\/strong>: professorat que dedica m\u00e9s del 60% de la jornada laboral al centre<\/p><\/span><\/span><\/span><\/li><li class=\"gutentor-list-item grid-lg-12 grid-md-12 grid-12\"><span class=\"gutentor-single-item gutentor-single-item-2\"><span class=\"gutentor-list-item-wrap g-s-list-wrap\"><span class=\"gutentor-single-list-item-icon\"><i class=\"list-item-icon fas fa-angle-right\"><\/i><\/span><span class=\"gutentor-list-item\"><p class=\"gutentor-single-item-title\"><strong>Dedicaci\u00f3 a temps parcial<\/strong>: professorat que dedica menys del 60% de la jornada laboral al centre<\/p><\/span><\/span><\/span><\/li><\/ul><\/div>\n<\/div><\/section>\n\n\n\n<div style=\"height:20px\" aria-hidden=\"true\" class=\"wp-block-spacer\"><\/div>\n\n\n\n<section id=\"gm0da1f81\" class=\"wp-block-gutentor-m3 section-gm0da1f81 gutentor-module gutentor-container-cover\"><div class=\"grid-container\">\n<div class=\"wp-block-columns is-layout-flex wp-container-core-columns-is-layout-9d6595d7 wp-block-columns-is-layout-flex\">\n<div class=\"wp-block-column is-layout-flow wp-block-column-is-layout-flow\">\n<div id=\"section-g428f2b\" class=\"wp-block-gutentor-e2 section-g428f2b gutentor-element gutentor-element-button gutentor-btn-full-desktop\"><span class=\"gutentor-button-wrap\"><a class=\"gutentor-button gutentor-block-button gutentor-icon-hide\" href=\"https:\/\/www.esmuc.cat\/es\/sobre-lesmuc\/qualitat\/datos-e-indicadores\/datos-e-indicadores-de-master-profesorado\/datos-e-indicadores-de-master-profesorado-datos-generales\/\"><i class=\"gutentor-button-icon fas fa-arrow-right\"><\/i><span>Informaci\u00f3n general<\/span><\/a><\/span><\/div>\n\n\n\n<div id=\"section-g30984c\" class=\"wp-block-gutentor-e2 section-g30984c gutentor-element gutentor-element-button gutentor-btn-full-desktop\"><span class=\"gutentor-button-wrap\"><a class=\"gutentor-button gutentor-block-button gutentor-icon-hide\" href=\"https:\/\/www.esmuc.cat\/es\/sobre-lesmuc\/qualitat\/datos-e-indicadores\/datos-e-indicadores-de-master-profesorado\/datos-e-indicadores-de-master-profesorado-flamenco\/\"><i class=\"gutentor-button-icon fas fa-book\"><\/i><span>Interpretaci\u00f3n del Flamenco<\/span><\/a><\/span><\/div>\n\n\n\n<div id=\"section-g7ca8d1\" class=\"wp-block-gutentor-e2 section-g7ca8d1 gutentor-element gutentor-element-button gutentor-btn-full-desktop\"><span class=\"gutentor-button-wrap\"><a class=\"gutentor-button gutentor-block-button gutentor-icon-hide\" href=\"https:\/\/www.esmuc.cat\/es\/sobre-lesmuc\/qualitat\/datos-e-indicadores\/datos-e-indicadores-de-master-profesorado\/datos-e-indicadores-de-master-profesorado-jazz\/\"><i class=\"gutentor-button-icon fas fa-book\"><\/i><span>Barcelona Jazz Master<\/span><\/a><\/span><\/div>\n\n\n\n<div id=\"section-g79dc89\" class=\"wp-block-gutentor-e2 section-g79dc89 gutentor-element gutentor-element-button gutentor-btn-full-desktop\"><span class=\"gutentor-button-wrap\"><a class=\"gutentor-button gutentor-block-button gutentor-icon-hide\" href=\"https:\/\/www.esmuc.cat\/es\/sobre-lesmuc\/qualitat\/datos-e-indicadores\/datos-e-indicadores-de-master-profesorado\/datos-e-indicadores-de-master-profesorado-lied\/\"><i class=\"gutentor-button-icon fas fa-book\"><\/i><span>Lied &#8220;Victoria de los \u00c1ngeles&#8221;<\/span><\/a><\/span><\/div>\n<\/div>\n\n\n\n<div class=\"wp-block-column is-layout-flow wp-block-column-is-layout-flow\">\n<div id=\"section-gfc7f3b\" class=\"wp-block-gutentor-e2 section-gfc7f3b gutentor-element gutentor-element-button gutentor-btn-full-desktop\"><span class=\"gutentor-button-wrap\"><a class=\"gutentor-button gutentor-block-button gutentor-icon-hide\" href=\"https:\/\/www.esmuc.cat\/es\/sobre-lesmuc\/qualitat\/datos-e-indicadores\/datos-e-indicadores-de-master-profesorado\/datos-e-indicadores-de-master-profesorado-clasica\/\"><i class=\"gutentor-button-icon fas fa-book\"><\/i><span>M\u00fasica Cl\u00e1sica y Contempor\u00e1nea<\/span><\/a><\/span><\/div>\n\n\n\n<div id=\"section-g388271\" class=\"wp-block-gutentor-e2 section-g388271 gutentor-element gutentor-element-button gutentor-btn-full-desktop\"><span class=\"gutentor-button-wrap\"><a class=\"gutentor-button gutentor-block-button gutentor-icon-hide\" href=\"https:\/\/www.esmuc.cat\/es\/sobre-lesmuc\/qualitat\/datos-e-indicadores\/datos-e-indicadores-de-master-profesorado\/datos-e-indicadores-de-master-profesorado-flamencologia\/\"><i class=\"gutentor-button-icon fas fa-book\"><\/i><span>Flamencolog\u00eda<\/span><\/a><\/span><\/div>\n\n\n\n<div id=\"section-g097972\" class=\"wp-block-gutentor-e2 section-g097972 gutentor-element gutentor-element-button gutentor-btn-full-desktop\"><span class=\"gutentor-button-wrap\"><a class=\"gutentor-button gutentor-block-button gutentor-icon-hide\" href=\"https:\/\/www.esmuc.cat\/es\/sobre-lesmuc\/qualitat\/datos-e-indicadores\/datos-e-indicadores-de-master-profesorado\/datos-e-indicadores-de-master-profesorado-investigacion\/\"><i class=\"gutentor-button-icon fas fa-book\"><\/i><span>Investigaci\u00f3n Musical<\/span><\/a><\/span><\/div>\n<\/div>\n<\/div>\n\n\n\n<p><\/p>\n<\/div><\/section>\n<\/div><\/section>\n<\/div>\n<\/div>\n","protected":false},"excerpt":{"rendered":"<p>Datos e indicadores de M\u00e1ster Profesorado<\/p>\n","protected":false},"author":4,"featured_media":82063,"parent":82204,"menu_order":0,"comment_status":"closed","ping_status":"closed","template":"","meta":{"_acf_changed":false,"_themeisle_gutenberg_block_has_review":false,"footnotes":""},"categories":[1112,1008,923],"tags":[1606],"class_list":["post-89603","page","type-page","status-publish","has-post-thumbnail","hentry","category-masters-es","category-masters-oficiales","category-sobre-lesmuc-es","tag-avaluacio-de-qualitat-es"],"acf":[],"publishpress_future_action":{"enabled":false,"date":"2026-04-16 16:57:24","action":"change-status","newStatus":"draft","terms":[],"taxonomy":"category","extraData":[]},"publishpress_future_workflow_manual_trigger":{"enabledWorkflows":[]},"_links":{"self":[{"href":"https:\/\/www.esmuc.cat\/es\/wp-json\/wp\/v2\/pages\/89603","targetHints":{"allow":["GET"]}}],"collection":[{"href":"https:\/\/www.esmuc.cat\/es\/wp-json\/wp\/v2\/pages"}],"about":[{"href":"https:\/\/www.esmuc.cat\/es\/wp-json\/wp\/v2\/types\/page"}],"author":[{"embeddable":true,"href":"https:\/\/www.esmuc.cat\/es\/wp-json\/wp\/v2\/users\/4"}],"replies":[{"embeddable":true,"href":"https:\/\/www.esmuc.cat\/es\/wp-json\/wp\/v2\/comments?post=89603"}],"version-history":[{"count":4,"href":"https:\/\/www.esmuc.cat\/es\/wp-json\/wp\/v2\/pages\/89603\/revisions"}],"predecessor-version":[{"id":90091,"href":"https:\/\/www.esmuc.cat\/es\/wp-json\/wp\/v2\/pages\/89603\/revisions\/90091"}],"up":[{"embeddable":true,"href":"https:\/\/www.esmuc.cat\/es\/wp-json\/wp\/v2\/pages\/82204"}],"wp:featuredmedia":[{"embeddable":true,"href":"https:\/\/www.esmuc.cat\/es\/wp-json\/wp\/v2\/media\/82063"}],"wp:attachment":[{"href":"https:\/\/www.esmuc.cat\/es\/wp-json\/wp\/v2\/media?parent=89603"}],"wp:term":[{"taxonomy":"category","embeddable":true,"href":"https:\/\/www.esmuc.cat\/es\/wp-json\/wp\/v2\/categories?post=89603"},{"taxonomy":"post_tag","embeddable":true,"href":"https:\/\/www.esmuc.cat\/es\/wp-json\/wp\/v2\/tags?post=89603"}],"curies":[{"name":"wp","href":"https:\/\/api.w.org\/{rel}","templated":true}]}}