{"id":89559,"date":"2024-01-10T15:59:44","date_gmt":"2024-01-10T14:59:44","guid":{"rendered":"https:\/\/www.esmuc.cat\/sobre-lesmuc\/qualitat\/publicaciones\/"},"modified":"2024-01-17T11:10:33","modified_gmt":"2024-01-17T10:10:33","slug":"publicaciones","status":"publish","type":"page","link":"https:\/\/www.esmuc.cat\/es\/escuela\/sobre-lesmuc\/qualitat\/publicaciones\/","title":{"rendered":"Publicaciones"},"content":{"rendered":"\n<div class=\"wp-block-columns is-layout-flex wp-container-core-columns-is-layout-9d6595d7 wp-block-columns-is-layout-flex\">\n<div class=\"wp-block-column esmuc__Menu_Masters is-layout-flow wp-block-column-is-layout-flow\" style=\"flex-basis:33.33%\">\n\n<\/div>\n\n\n\n<div class=\"wp-block-column is-layout-flow wp-block-column-is-layout-flow\" style=\"flex-basis:66.66%\"><div class=\"breadcrumbs align  wp-block-bcn-breadcrumb-trail has-text-color has-background\" vocab=\"https:\/\/schema.org\/\" typeof=\"BreadcrumbList\">\n\t<span><\/span>\n\t<span property=\"itemListElement\" typeof=\"ListItem\"><a property=\"item\" typeof=\"WebPage\" title=\"Ir a ESMUC.\" href=\"https:\/\/www.esmuc.cat\/es\/\" class=\"home\" ><span property=\"name\">ESMUC<\/span><\/a><meta property=\"position\" content=\"1\"><\/span> &gt; <span property=\"itemListElement\" typeof=\"ListItem\"><a property=\"item\" typeof=\"WebPage\" title=\"Ir a Escuela.\" href=\"https:\/\/www.esmuc.cat\/es\/escuela\/\" class=\"post post-page\" ><span property=\"name\">Escuela<\/span><\/a><meta property=\"position\" content=\"2\"><\/span> &gt; <span property=\"itemListElement\" typeof=\"ListItem\"><a property=\"item\" typeof=\"WebPage\" title=\"Ir a Sobre la ESMUC.\" href=\"https:\/\/www.esmuc.cat\/es\/escuela\/sobre-lesmuc\/\" class=\"post post-page\" ><span property=\"name\">Sobre la ESMUC<\/span><\/a><meta property=\"position\" content=\"3\"><\/span> &gt; <span property=\"itemListElement\" typeof=\"ListItem\"><a property=\"item\" typeof=\"WebPage\" title=\"Ir a Calidad.\" href=\"https:\/\/www.esmuc.cat\/es\/escuela\/sobre-lesmuc\/qualitat\/\" class=\"post post-page\" ><span property=\"name\">Calidad<\/span><\/a><meta property=\"position\" content=\"4\"><\/span> &gt; <span property=\"itemListElement\" typeof=\"ListItem\"><span property=\"name\" class=\"post post-page current-item\">Publicaciones<\/span><meta property=\"url\" content=\"https:\/\/www.esmuc.cat\/es\/escuela\/sobre-lesmuc\/qualitat\/publicaciones\/\"><meta property=\"position\" content=\"5\"><\/span><\/div>\n\n\n\n<h1 class=\"wp-block-heading\">Publicaciones<\/h1>\n\n\n\n<div style=\"height:22px\" aria-hidden=\"true\" class=\"wp-block-spacer\"><\/div>\n\n\n\n<p>Los procesos vinculados a la calidad generan documentos que facilitan el dise\u00f1o de nuevos programas formativos y la mejora continua de las titulaciones implantadas y su gesti\u00f3n: informes, an\u00e1lisis, referentes, gu\u00edas, memorias y otros materiales elaborados con el objetivo de incrementar la calidad acad\u00e9mica, art\u00edstica y social del centro. <\/p>\n\n\n\n<p>Estos documentos allanan la participaci\u00f3n de los diferentes grupos de inter\u00e9s y promueven la revisi\u00f3n informada de los estudios y el funcionamiento de la Escuela Superior de M\u00fasica de Catalu\u00f1a.<\/p>\n\n\n\n<div style=\"height:10px\" aria-hidden=\"true\" class=\"wp-block-spacer\"><\/div>\n\n\n\n<section id=\"2540f2\" class=\"section-2540f2 gutentor-module gutentor-module-accordion\"><div class=\"grid-container\">\n<div id=\"a95214\" class=\"wp-block-gutentor-m6-item section-a95214 gutentor-module gutentor-module-accordion-item\"><div class=\"gutentor-module-accordion-panel g-a-panel-2540f2\"><div class=\"gm-ah-2540f2 gutentor-module-accordion-item-heading gutentor-module-icon-position-right\"><span class=\"gutentor-module-accordion-panel-handler\" role=\"button\"><span class=\"gutentor-module-accordion-panel-handler-label\">Gu\u00eda para la presentaci\u00f3n de propuestas de estudios de m\u00e1ster<\/span><span class=\"gutentor-module-accordion-icon\"><i class=\"gm-aio-2540f2 gutentor-module-accordion-icon-open fas fa-plus\"><\/i><i class=\"gm-aic-2540f2 gutentor-module-accordion-icon-close fas fa-minus\"><\/i><\/span><\/span><\/div><div class=\"gm-ab-2540f2 gutentor-module-accordion-body\">\n<section id=\"gmc2693b2\" class=\"wp-block-gutentor-m3 section-gmc2693b2 gutentor-module gutentor-container-cover\"><div class=\"grid-container\">\n<div data-wp-interactive=\"core\/file\" class=\"wp-block-file\"><object data-wp-bind--hidden=\"!state.hasPdfPreview\" hidden class=\"wp-block-file__embed\" data=\"https:\/\/www.esmuc.cat\/wp-content\/uploads\/2023\/09\/Guia-per-a-la-presentacio-de-propostes-destudis-de-master.pdf\" type=\"application\/pdf\" style=\"width:100%;height:600px\" aria-label=\"Incrustado de Guia per a la presentaci\u00f3 de propostes d&apos;estudis de m\u00e0ster.\"><\/object><a id=\"wp-block-file--media-4e032029-a3a2-40f8-aa15-b3e387d71cee\" href=\"https:\/\/www.esmuc.cat\/wp-content\/uploads\/2023\/09\/Guia-per-a-la-presentacio-de-propostes-destudis-de-master.pdf\">Gu\u00eda para la presentaci\u00f3n de propuestas de estudios de m\u00e1ster<\/a><a href=\"https:\/\/www.esmuc.cat\/wp-content\/uploads\/2023\/09\/Guia-per-a-la-presentacio-de-propostes-destudis-de-master.pdf\" class=\"wp-block-file__button wp-element-button\" aria-describedby=\"wp-block-file--media-4e032029-a3a2-40f8-aa15-b3e387d71cee\">Descarga<\/a><\/div>\n<\/div><\/section>\n<\/div><\/div><\/div>\n\n\n\n<div id=\"dff785\" class=\"wp-block-gutentor-m6-item section-dff785 gutentor-module gutentor-module-accordion-item\"><div class=\"gutentor-module-accordion-panel g-a-panel-2540f2\"><div class=\"gm-ah-2540f2 gutentor-module-accordion-item-heading gutentor-module-icon-position-right\"><span class=\"gutentor-module-accordion-panel-handler\" role=\"button\"><span class=\"gutentor-module-accordion-panel-handler-label\">Guia de estilo para los trabajos escritos<\/span><span class=\"gutentor-module-accordion-icon\"><i class=\"gm-aio-2540f2 gutentor-module-accordion-icon-open fas fa-plus\"><\/i><i class=\"gm-aic-2540f2 gutentor-module-accordion-icon-close fas fa-minus\"><\/i><\/span><\/span><\/div><div class=\"gm-ab-2540f2 gutentor-module-accordion-body\">\n<section id=\"gmba5a553\" class=\"wp-block-gutentor-m3 section-gmba5a553 gutentor-module gutentor-container-cover\"><div class=\"grid-container\">\n<div data-wp-interactive=\"core\/file\" class=\"wp-block-file\"><object data-wp-bind--hidden=\"!state.hasPdfPreview\" hidden class=\"wp-block-file__embed\" data=\"https:\/\/www.esmuc.cat\/wp-content\/uploads\/2024\/01\/Guia-destil-treball-escrit-2023.pdf\" type=\"application\/pdf\" style=\"width:100%;height:600px\" aria-label=\"Incrustado de Guia-destil-treball-escrit-2023.\"><\/object><a id=\"wp-block-file--media-3ed40032-9088-4c42-ad62-dfdc7c94e2b0\" href=\"https:\/\/www.esmuc.cat\/wp-content\/uploads\/2024\/01\/Guia-destil-treball-escrit-2023.pdf\">Guia-destil-treball-escrit-2023<\/a><a href=\"https:\/\/www.esmuc.cat\/wp-content\/uploads\/2024\/01\/Guia-destil-treball-escrit-2023.pdf\" class=\"wp-block-file__button wp-element-button\" download aria-describedby=\"wp-block-file--media-3ed40032-9088-4c42-ad62-dfdc7c94e2b0\">Descarga<\/a><\/div>\n<\/div><\/section>\n<\/div><\/div><\/div>\n\n\n\n<div id=\"e9c6d7\" class=\"wp-block-gutentor-m6-item section-e9c6d7 gutentor-module gutentor-module-accordion-item\"><div class=\"gutentor-module-accordion-panel g-a-panel-2540f2\"><div class=\"gm-ah-2540f2 gutentor-module-accordion-item-heading gutentor-module-icon-position-right\"><span class=\"gutentor-module-accordion-panel-handler\" role=\"button\"><span class=\"gutentor-module-accordion-panel-handler-label\">Informe sobre la satisfacci\u00f3n de los titulados y tituladas EAS<\/span><span class=\"gutentor-module-accordion-icon\"><i class=\"gm-aio-2540f2 gutentor-module-accordion-icon-open fas fa-plus\"><\/i><i class=\"gm-aic-2540f2 gutentor-module-accordion-icon-close fas fa-minus\"><\/i><\/span><\/span><\/div><div class=\"gm-ab-2540f2 gutentor-module-accordion-body\">\n<section id=\"gm25341b0\" class=\"wp-block-gutentor-m3 section-gm25341b0 gutentor-module gutentor-container-cover\"><div class=\"grid-container\">\n<div data-wp-interactive=\"core\/file\" class=\"wp-block-file\"><object data-wp-bind--hidden=\"!state.hasPdfPreview\" hidden class=\"wp-block-file__embed\" data=\"https:\/\/www.esmuc.cat\/wp-content\/uploads\/2023\/09\/Satisfaccio-titulats-i-titulades-EAS-1.pdf\" type=\"application\/pdf\" style=\"width:100%;height:600px\" aria-label=\"Incrustado de Satisfacci\u00f3 titulats i titulades EAS.\"><\/object><a id=\"wp-block-file--media-b4440842-5b3c-476e-818a-3d99d3f817a8\" href=\"https:\/\/www.esmuc.cat\/wp-content\/uploads\/2023\/09\/Satisfaccio-titulats-i-titulades-EAS-1.pdf\">Satisfacci\u00f3n titulados y tituladas EAS<\/a><a href=\"https:\/\/www.esmuc.cat\/wp-content\/uploads\/2023\/09\/Satisfaccio-titulats-i-titulades-EAS-1.pdf\" class=\"wp-block-file__button wp-element-button\" aria-describedby=\"wp-block-file--media-b4440842-5b3c-476e-818a-3d99d3f817a8\">Descarga<\/a><\/div>\n<\/div><\/section>\n<\/div><\/div><\/div>\n\n\n\n<div id=\"f39d1a\" class=\"wp-block-gutentor-m6-item section-f39d1a gutentor-module gutentor-module-accordion-item\"><div class=\"gutentor-module-accordion-panel g-a-panel-2540f2\"><div class=\"gm-ah-2540f2 gutentor-module-accordion-item-heading gutentor-module-icon-position-right\"><span class=\"gutentor-module-accordion-panel-handler\" role=\"button\"><span class=\"gutentor-module-accordion-panel-handler-label\">Informe sobre la satisfacci\u00f3n del alumnado<\/span><span class=\"gutentor-module-accordion-icon\"><i class=\"gm-aio-2540f2 gutentor-module-accordion-icon-open fas fa-plus\"><\/i><i class=\"gm-aic-2540f2 gutentor-module-accordion-icon-close fas fa-minus\"><\/i><\/span><\/span><\/div><div class=\"gm-ab-2540f2 gutentor-module-accordion-body\">\n<section id=\"gm284f859\" class=\"wp-block-gutentor-m3 section-gm284f859 gutentor-module gutentor-container-cover\"><div class=\"grid-container\">\n<div data-wp-interactive=\"core\/file\" class=\"wp-block-file\"><object data-wp-bind--hidden=\"!state.hasPdfPreview\" hidden class=\"wp-block-file__embed\" data=\"https:\/\/www.esmuc.cat\/wp-content\/uploads\/2023\/12\/Satisfaccio-alumnat-ESMUC.pdf\" type=\"application\/pdf\" style=\"width:100%;height:600px\" aria-label=\"Incrustado de Satisfacci\u00f3 alumnat ESMUC.\"><\/object><a id=\"wp-block-file--media-ca0ff19e-232e-4977-8ed8-166dfcf84a47\" href=\"https:\/\/www.esmuc.cat\/wp-content\/uploads\/2023\/12\/Satisfaccio-alumnat-ESMUC.pdf\">Satisfacci\u00f3n alumnado ESMUC<\/a><a href=\"https:\/\/www.esmuc.cat\/wp-content\/uploads\/2023\/12\/Satisfaccio-alumnat-ESMUC.pdf\" class=\"wp-block-file__button wp-element-button\" aria-describedby=\"wp-block-file--media-ca0ff19e-232e-4977-8ed8-166dfcf84a47\">Descarga<\/a><\/div>\n<\/div><\/section>\n<\/div><\/div><\/div>\n<\/div><\/section>\n<\/div>\n<\/div>\n","protected":false},"excerpt":{"rendered":"<p>Publicaciones Los procesos vinculados a la calidad generan documentos que facilitan el dise\u00f1o de nuevos programas formativos y la mejora continua de las titulaciones implantadas y su gesti\u00f3n: informes, an\u00e1lisis, referentes, gu\u00edas, memorias y otros materiales elaborados con el objetivo de incrementar la calidad acad\u00e9mica, art\u00edstica y social del centro. Estos documentos allanan la participaci\u00f3n [&hellip;]<\/p>\n","protected":false},"author":4,"featured_media":0,"parent":47388,"menu_order":0,"comment_status":"closed","ping_status":"closed","template":"","meta":{"_acf_changed":false,"_themeisle_gutenberg_block_has_review":false,"footnotes":""},"categories":[923],"tags":[1606,1656],"class_list":["post-89559","page","type-page","status-publish","hentry","category-sobre-lesmuc-es","tag-avaluacio-de-qualitat-es","tag-publicaciones"],"acf":[],"publishpress_future_action":{"enabled":false,"date":"2026-04-22 06:41:18","action":"change-status","newStatus":"draft","terms":[],"taxonomy":"category","extraData":[]},"publishpress_future_workflow_manual_trigger":{"enabledWorkflows":[]},"_links":{"self":[{"href":"https:\/\/www.esmuc.cat\/es\/wp-json\/wp\/v2\/pages\/89559","targetHints":{"allow":["GET"]}}],"collection":[{"href":"https:\/\/www.esmuc.cat\/es\/wp-json\/wp\/v2\/pages"}],"about":[{"href":"https:\/\/www.esmuc.cat\/es\/wp-json\/wp\/v2\/types\/page"}],"author":[{"embeddable":true,"href":"https:\/\/www.esmuc.cat\/es\/wp-json\/wp\/v2\/users\/4"}],"replies":[{"embeddable":true,"href":"https:\/\/www.esmuc.cat\/es\/wp-json\/wp\/v2\/comments?post=89559"}],"version-history":[{"count":5,"href":"https:\/\/www.esmuc.cat\/es\/wp-json\/wp\/v2\/pages\/89559\/revisions"}],"predecessor-version":[{"id":89776,"href":"https:\/\/www.esmuc.cat\/es\/wp-json\/wp\/v2\/pages\/89559\/revisions\/89776"}],"up":[{"embeddable":true,"href":"https:\/\/www.esmuc.cat\/es\/wp-json\/wp\/v2\/pages\/47388"}],"wp:attachment":[{"href":"https:\/\/www.esmuc.cat\/es\/wp-json\/wp\/v2\/media?parent=89559"}],"wp:term":[{"taxonomy":"category","embeddable":true,"href":"https:\/\/www.esmuc.cat\/es\/wp-json\/wp\/v2\/categories?post=89559"},{"taxonomy":"post_tag","embeddable":true,"href":"https:\/\/www.esmuc.cat\/es\/wp-json\/wp\/v2\/tags?post=89559"}],"curies":[{"name":"wp","href":"https:\/\/api.w.org\/{rel}","templated":true}]}}