{"id":89516,"date":"2024-01-10T11:00:45","date_gmt":"2024-01-10T10:00:45","guid":{"rendered":"https:\/\/www.esmuc.cat\/?page_id=89516"},"modified":"2024-01-22T12:10:54","modified_gmt":"2024-01-22T11:10:54","slug":"datos-e-indicadores-de-grado-resultados-del-aprendizaje","status":"publish","type":"page","link":"https:\/\/www.esmuc.cat\/es\/escuela\/sobre-lesmuc\/qualitat\/datos-e-indicadores\/datos-e-indicadores-de-grado-resultados-del-aprendizaje\/","title":{"rendered":"Datos e indicadores de Grado: resultados del aprendizaje"},"content":{"rendered":"\n<div class=\"wp-block-columns is-layout-flex wp-container-core-columns-is-layout-9d6595d7 wp-block-columns-is-layout-flex\">\n<div class=\"wp-block-column esmuc__Menu_Masters is-layout-flow wp-block-column-is-layout-flow\" style=\"flex-basis:33.33%\">\n\n<\/div>\n\n\n\n<div class=\"wp-block-column is-layout-flow wp-block-column-is-layout-flow\" style=\"flex-basis:66.66%\"><div class=\"breadcrumbs align  wp-block-bcn-breadcrumb-trail has-text-color has-background\" vocab=\"https:\/\/schema.org\/\" typeof=\"BreadcrumbList\">\n\t<span><\/span>\n\t<span property=\"itemListElement\" typeof=\"ListItem\"><a property=\"item\" typeof=\"WebPage\" title=\"Ir a ESMUC.\" href=\"https:\/\/www.esmuc.cat\/es\/\" class=\"home\" ><span property=\"name\">ESMUC<\/span><\/a><meta property=\"position\" content=\"1\"><\/span> &gt; <span property=\"itemListElement\" typeof=\"ListItem\"><a property=\"item\" typeof=\"WebPage\" title=\"Ir a Escuela.\" href=\"https:\/\/www.esmuc.cat\/es\/escuela\/\" class=\"post post-page\" ><span property=\"name\">Escuela<\/span><\/a><meta property=\"position\" content=\"2\"><\/span> &gt; <span property=\"itemListElement\" typeof=\"ListItem\"><a property=\"item\" typeof=\"WebPage\" title=\"Ir a Sobre la ESMUC.\" href=\"https:\/\/www.esmuc.cat\/es\/escuela\/sobre-lesmuc\/\" class=\"post post-page\" ><span property=\"name\">Sobre la ESMUC<\/span><\/a><meta property=\"position\" content=\"3\"><\/span> &gt; <span property=\"itemListElement\" typeof=\"ListItem\"><a property=\"item\" typeof=\"WebPage\" title=\"Ir a Calidad.\" href=\"https:\/\/www.esmuc.cat\/es\/escuela\/sobre-lesmuc\/qualitat\/\" class=\"post post-page\" ><span property=\"name\">Calidad<\/span><\/a><meta property=\"position\" content=\"4\"><\/span> &gt; <span property=\"itemListElement\" typeof=\"ListItem\"><a property=\"item\" typeof=\"WebPage\" title=\"Ir a Datos e indicadores.\" href=\"https:\/\/www.esmuc.cat\/es\/escuela\/sobre-lesmuc\/qualitat\/datos-e-indicadores\/\" class=\"post post-page\" ><span property=\"name\">Datos e indicadores<\/span><\/a><meta property=\"position\" content=\"5\"><\/span> &gt; <span property=\"itemListElement\" typeof=\"ListItem\"><span property=\"name\" class=\"post post-page current-item\">Datos e indicadores de Grado: resultados del aprendizaje<\/span><meta property=\"url\" content=\"https:\/\/www.esmuc.cat\/es\/escuela\/sobre-lesmuc\/qualitat\/datos-e-indicadores\/datos-e-indicadores-de-grado-resultados-del-aprendizaje\/\"><meta property=\"position\" content=\"6\"><\/span><\/div>\n\n\n\n<div style=\"height:30px\" aria-hidden=\"true\" class=\"wp-block-spacer\"><\/div>\n\n\n\n<h2 class=\"wp-block-heading\" id=\"1-dades-i-indicadors-de-grau\">Datos e indicadores de Grado<\/h2>\n\n\n\n<h3 class=\"wp-block-heading\" id=\"2-acc%C3%A9s-i-matr%C3%ADcula\">Resultados del aprendizaje<\/h3>\n\n\n\n<section id=\"gmffa8974\" class=\"wp-block-gutentor-m3 section-gmffa8974 gutentor-module gutentor-container-cover\"><div class=\"grid-container\">\n<p>Los criterios, procedimientos y actividades de evaluaci\u00f3n determinan la calidad de los estudios. Su coherencia con el perfil de formaci\u00f3n se valora a partir de diferentes indicadores, entre ellos los resultados de aprendizaje, que establecen el grado de consecuci\u00f3n de los contenidos y las competencias de una titulaci\u00f3n.<\/p>\n\n\n\n<div style=\"height:20px\" aria-hidden=\"true\" class=\"wp-block-spacer\"><\/div>\n\n\n\n<section id=\"gm7ba58c0\" class=\"wp-block-gutentor-m3 section-gm7ba58c0 gutentor-module gutentor-container-cover has-color-bg has-custom-bg\"><div class=\"grid-container\">\n<h5 class=\"wp-block-heading\" id=\"3-indicadors-de-la-dimensi%C3%B3\">Indicadores de la dimensi\u00f3n<\/h5>\n\n\n\n<div id=\"section-gd056b3\" class=\"wp-block-gutentor-e7 section-gd056b3 gutentor-element gutentor-element-list\"><ul class=\"grid-row gutentor-grid-item-wrap list-indicator-icon\"><li class=\"gutentor-list-item grid-lg-12 grid-md-12 grid-12\"><span class=\"gutentor-single-item gutentor-single-item-0\"><span class=\"gutentor-list-item-wrap g-s-list-wrap\"><span class=\"gutentor-single-list-item-icon\"><i class=\"list-item-icon fas fa-angle-right\"><\/i><\/span><span class=\"gutentor-list-item\"><p class=\"gutentor-single-item-title\"><strong>Tasa de graduaci\u00f3n<\/strong>: porcentaje de titulados y tituladas que finalizan los estudios en el tiempo previsto,\u00a0incluido\u00a0el alumnado que termina un a\u00f1o despu\u00e9s, respecto del n\u00famero de alumnos de la cohorte de inicio.<\/p><\/span><\/span><\/span><\/li><li class=\"gutentor-list-item grid-lg-12 grid-md-12 grid-12\"><span class=\"gutentor-single-item gutentor-single-item-1\"><span class=\"gutentor-list-item-wrap g-s-list-wrap\"><span class=\"gutentor-single-list-item-icon\"><i class=\"list-item-icon fas fa-angle-right\"><\/i><\/span><span class=\"gutentor-list-item\"><p class=\"gutentor-single-item-title\"><strong>Tasa de abandono<\/strong>:\u00a0porcentaje de estudiantes de una cohorte que han dejado los estudios de forma definitiva.<\/p><\/span><\/span><\/span><\/li><li class=\"gutentor-list-item grid-lg-12 grid-md-12 grid-12\"><span class=\"gutentor-single-item gutentor-single-item-2\"><span class=\"gutentor-list-item-wrap g-s-list-wrap\"><span class=\"gutentor-single-list-item-icon\"><i class=\"list-item-icon fas fa-angle-right\"><\/i><\/span><span class=\"gutentor-list-item\"><p class=\"gutentor-single-item-title\"><strong>Tasa de rendimiento<\/strong>:\u00a0porcentaje de cr\u00e9ditos aprobados respecto al n\u00famero de cr\u00e9ditos matriculados, que se calcula para el primer curso y para el conjunto de la titulaci\u00f3n.<\/p><\/span><\/span><\/span><\/li><\/ul><\/div>\n<\/div><\/section>\n\n\n\n<div style=\"height:20px\" aria-hidden=\"true\" class=\"wp-block-spacer\"><\/div>\n\n\n\n<section id=\"gmec97d5b\" class=\"wp-block-gutentor-m3 section-gmec97d5b gutentor-module gutentor-container-cover\"><div class=\"grid-container\">\n<div class=\"wp-block-columns is-layout-flex wp-container-core-columns-is-layout-9d6595d7 wp-block-columns-is-layout-flex\">\n<div class=\"wp-block-column is-layout-flow wp-block-column-is-layout-flow\">\n<div id=\"section-gde8de6\" class=\"wp-block-gutentor-e2 section-gde8de6 gutentor-element gutentor-element-button gutentor-btn-full-desktop\"><span class=\"gutentor-button-wrap\"><a class=\"gutentor-button gutentor-block-button gutentor-icon-hide\" href=\"https:\/\/www.esmuc.cat\/es\/sobre-lesmuc\/qualitat\/datos-e-indicadores\/datos-e-indicadores-de-grado-resultados-del-aprendizaje\/datos-e-indicadores-de-grado-resultados-del-aprendizaje-datos-generales\/\"><i class=\"gutentor-button-icon fas fa-arrow-right\"><\/i><span>Datos generales<\/span><\/a><\/span><\/div>\n\n\n\n<div id=\"section-g1773e8\" class=\"wp-block-gutentor-e2 section-g1773e8 gutentor-element gutentor-element-button gutentor-btn-full-desktop\"><span class=\"gutentor-button-wrap\"><a class=\"gutentor-button gutentor-block-button gutentor-icon-hide\" href=\"https:\/\/www.esmuc.cat\/es\/sobre-lesmuc\/qualitat\/datos-e-indicadores\/datos-e-indicadores-de-grado-resultados-del-aprendizaje\/datos-e-indicadores-de-grado-resultados-del-aprendizaje-direccion\/\"><i class=\"gutentor-button-icon fas fa-book\"><\/i><span>Direcci\u00f3n<\/span><\/a><\/span><\/div>\n\n\n\n<div id=\"section-g90c224\" class=\"wp-block-gutentor-e2 section-g90c224 gutentor-element gutentor-element-button gutentor-btn-full-desktop\"><span class=\"gutentor-button-wrap\"><a class=\"gutentor-button gutentor-block-button gutentor-icon-hide\" href=\"https:\/\/www.esmuc.cat\/es\/sobre-lesmuc\/qualitat\/datos-e-indicadores\/datos-e-indicadores-de-grado-resultados-del-aprendizaje\/datos-e-indicadores-de-grau-resultados-del-aprendizaje-musicologia\/\"><i class=\"gutentor-button-icon fas fa-book\"><\/i><span>Musicolog\u00eda<\/span><\/a><\/span><\/div>\n\n\n\n<div id=\"section-gbfc1c4\" class=\"wp-block-gutentor-e2 section-gbfc1c4 gutentor-element gutentor-element-button gutentor-btn-full-desktop\"><span class=\"gutentor-button-wrap\"><a class=\"gutentor-button gutentor-block-button gutentor-icon-hide\" href=\"https:\/\/www.esmuc.cat\/es\/sobre-lesmuc\/qualitat\/datos-e-indicadores\/datos-e-indicadores-de-grado-resultados-del-aprendizaje\/datos-e-indicadores-de-grado-resultados-del-aprendizaje-produccion-y-gestion\/\"><i class=\"gutentor-button-icon fas fa-book\"><\/i><span>Producci\u00f3n y Gesti\u00f3n<\/span><\/a><\/span><\/div>\n<\/div>\n\n\n\n<div class=\"wp-block-column is-layout-flow wp-block-column-is-layout-flow\">\n<div id=\"section-gccedbf\" class=\"wp-block-gutentor-e2 section-gccedbf gutentor-element gutentor-element-button gutentor-btn-full-desktop\"><span class=\"gutentor-button-wrap\"><a class=\"gutentor-button gutentor-block-button gutentor-icon-hide\" href=\"https:\/\/www.esmuc.cat\/es\/sobre-lesmuc\/qualitat\/datos-e-indicadores\/datos-e-indicadores-de-grado-resultados-del-aprendizaje\/datos-e-indicadores-de-grado-resultados-del-aprendizaje-composicion\/\"><i class=\"gutentor-button-icon fas fa-book\"><\/i><span>Composici\u00f3n<\/span><\/a><\/span><\/div>\n\n\n\n<div id=\"section-gb51910\" class=\"wp-block-gutentor-e2 section-gb51910 gutentor-element gutentor-element-button gutentor-btn-full-desktop\"><span class=\"gutentor-button-wrap\"><a class=\"gutentor-button gutentor-block-button gutentor-icon-hide\" href=\"https:\/\/www.esmuc.cat\/es\/sobre-lesmuc\/qualitat\/datos-e-indicadores\/datos-e-indicadores-de-grado-resultados-del-aprendizaje\/datos-e-indicadores-de-grado-resultados-del-aprendizaje-interpretacion\/\"><i class=\"gutentor-button-icon fas fa-book\"><\/i><span>Interpretaci\u00f3n<\/span><\/a><\/span><\/div>\n\n\n\n<div id=\"section-gcdc304\" class=\"wp-block-gutentor-e2 section-gcdc304 gutentor-element gutentor-element-button gutentor-btn-full-desktop\"><span class=\"gutentor-button-wrap\"><a class=\"gutentor-button gutentor-block-button gutentor-icon-hide\" href=\"https:\/\/www.esmuc.cat\/es\/sobre-lesmuc\/qualitat\/datos-e-indicadores\/datos-e-indicadores-de-grado-resultados-del-aprendizaje\/datos-e-indicadores-de-grado-resultados-del-aprendizaje-pedagogia\/\"><i class=\"gutentor-button-icon fas fa-book\"><\/i><span>Pedagog\u00eda<\/span><\/a><\/span><\/div>\n\n\n\n<div id=\"section-gaffefc\" class=\"wp-block-gutentor-e2 section-gaffefc gutentor-element gutentor-element-button gutentor-btn-full-desktop\"><span class=\"gutentor-button-wrap\"><a class=\"gutentor-button gutentor-block-button gutentor-icon-hide\" href=\"https:\/\/www.esmuc.cat\/es\/sobre-lesmuc\/qualitat\/datos-e-indicadores\/datos-e-indicadores-de-grado-resultados-del-aprendizaje\/datos-e-indicadores-de-grado-resultados-del-aprendizaje-sonologia\/\"><i class=\"gutentor-button-icon fas fa-book\"><\/i><span>Sonolog\u00eda<\/span><\/a><\/span><\/div>\n<\/div>\n<\/div>\n\n\n\n<p><\/p>\n<\/div><\/section>\n<\/div><\/section>\n<\/div>\n<\/div>\n","protected":false},"excerpt":{"rendered":"<p>Datos e indicadores de Grado Resultados del aprendizaje<\/p>\n","protected":false},"author":4,"featured_media":82063,"parent":82204,"menu_order":0,"comment_status":"closed","ping_status":"closed","template":"","meta":{"_acf_changed":false,"_themeisle_gutenberg_block_has_review":false,"footnotes":""},"categories":[1133,923],"tags":[1606],"class_list":["post-89516","page","type-page","status-publish","has-post-thumbnail","hentry","category-grau-es","category-sobre-lesmuc-es","tag-avaluacio-de-qualitat-es"],"acf":[],"publishpress_future_action":{"enabled":false,"date":"2026-04-16 16:30:57","action":"change-status","newStatus":"draft","terms":[],"taxonomy":"category","extraData":[]},"publishpress_future_workflow_manual_trigger":{"enabledWorkflows":[]},"_links":{"self":[{"href":"https:\/\/www.esmuc.cat\/es\/wp-json\/wp\/v2\/pages\/89516","targetHints":{"allow":["GET"]}}],"collection":[{"href":"https:\/\/www.esmuc.cat\/es\/wp-json\/wp\/v2\/pages"}],"about":[{"href":"https:\/\/www.esmuc.cat\/es\/wp-json\/wp\/v2\/types\/page"}],"author":[{"embeddable":true,"href":"https:\/\/www.esmuc.cat\/es\/wp-json\/wp\/v2\/users\/4"}],"replies":[{"embeddable":true,"href":"https:\/\/www.esmuc.cat\/es\/wp-json\/wp\/v2\/comments?post=89516"}],"version-history":[{"count":4,"href":"https:\/\/www.esmuc.cat\/es\/wp-json\/wp\/v2\/pages\/89516\/revisions"}],"predecessor-version":[{"id":89924,"href":"https:\/\/www.esmuc.cat\/es\/wp-json\/wp\/v2\/pages\/89516\/revisions\/89924"}],"up":[{"embeddable":true,"href":"https:\/\/www.esmuc.cat\/es\/wp-json\/wp\/v2\/pages\/82204"}],"wp:featuredmedia":[{"embeddable":true,"href":"https:\/\/www.esmuc.cat\/es\/wp-json\/wp\/v2\/media\/82063"}],"wp:attachment":[{"href":"https:\/\/www.esmuc.cat\/es\/wp-json\/wp\/v2\/media?parent=89516"}],"wp:term":[{"taxonomy":"category","embeddable":true,"href":"https:\/\/www.esmuc.cat\/es\/wp-json\/wp\/v2\/categories?post=89516"},{"taxonomy":"post_tag","embeddable":true,"href":"https:\/\/www.esmuc.cat\/es\/wp-json\/wp\/v2\/tags?post=89516"}],"curies":[{"name":"wp","href":"https:\/\/api.w.org\/{rel}","templated":true}]}}