{"id":86558,"date":"2023-10-06T17:14:27","date_gmt":"2023-10-06T15:14:27","guid":{"rendered":"https:\/\/www.esmuc.cat\/politica-de-privacidad\/"},"modified":"2025-04-07T15:30:33","modified_gmt":"2025-04-07T13:30:33","slug":"politica-de-privacidad","status":"publish","type":"page","link":"https:\/\/www.esmuc.cat\/es\/politica-de-privacidad\/","title":{"rendered":"Pol\u00edtica de privacidad"},"content":{"rendered":"\n<h2 class=\"wp-block-heading\">Pol\u00edtica de privacidad y tratamiento de la informaci\u00f3n<\/h2>\n\n\n\n<div style=\"height:100px\" aria-hidden=\"true\" class=\"wp-block-spacer\"><\/div>\n\n\n\n<h3 class=\"wp-block-heading has-medium-font-size\"><strong>1.- DERECHO DE INFORMACI\u00d3N\u00a0<\/strong><\/h3>\n\n\n\n<p>En aplicaci\u00f3n de lo dispuesto en el art\u00edculo 11 de la Ley Org\u00e1nica 3\/2018, de 5 de diciembre, de Protecci\u00f3n de Datos Personales y garant\u00eda de los derechos digitales (en adelante LOPDGDD) y el art\u00edculo 13 del Reglamento General de Protecci\u00f3n de Datos 2016\/679 (RGPD), describimos c\u00f3mo se tratan los datos personales en la <strong>Escuela Superior de M\u00fasica de Catalu\u00f1a (ESMUC)<\/strong>.<\/p>\n\n\n\n<p><strong>1.2.- Definiciones<\/strong><\/p>\n\n\n\n<p>Se entiende por:<\/p>\n\n\n\n<p><strong>1) Datos personales<\/strong>: cualquier informaci\u00f3n sobre una persona f\u00edsica identificada o identificable (el interesado).<\/p>\n\n\n\n<p><strong>2) Tratamiento:<\/strong> cualquier operaci\u00f3n o conjunto de operaciones realizadas sobre datos personales, ya sea por medios automatizados o no.<\/p>\n\n\n\n<p><strong>3) Elaboraci\u00f3n de perfiles: <\/strong>tratamiento automatizado de datos personales para evaluar aspectos personales de una persona f\u00edsica.<\/p>\n\n\n\n<p><strong>4) Seudonimizaci\u00f3n:<\/strong> tratamiento de datos de manera que no puedan atribuirse a un interesado sin informaci\u00f3n adicional.<\/p>\n\n\n\n<p><strong>5) Fichero: <\/strong>conjunto estructurado de datos personales accesibles conforme a criterios determinados.<\/p>\n\n\n\n<p><strong>6) Responsable del tratamiento: <\/strong>persona o entidad que decide la finalidad y medios del tratamiento.<\/p>\n\n\n\n<p><strong>7) Encargado del tratamiento: <\/strong>persona o entidad que trata los datos por cuenta del responsable.<\/p>\n\n\n\n<p><strong>8) Destinatario:<\/strong> persona a quien se comunican datos personales.<\/p>\n\n\n\n<p><strong>9) Tercero:<\/strong> cualquier persona o entidad distinta del interesado, responsable, encargado y personas autorizadas por estos.<\/p>\n\n\n\n<p><strong>10) Consentimiento del interesado:<\/strong> manifestaci\u00f3n libre, espec\u00edfica, informada e inequ\u00edvoca de aceptaci\u00f3n del tratamiento de sus datos.<\/p>\n\n\n\n<p><strong>11) Autoridad de control:<\/strong> autoridad p\u00fablica independiente de un Estado miembro establecida seg\u00fan el art\u00edculo 51 del RGPD.<\/p>\n\n\n\n<p><strong>12) Tratamiento transfronterizo:<\/strong><\/p>\n\n\n\n<p>a) El tratamiento de datos personales realizado en el contexto de las actividades de establecimientos en m\u00e1s de un Estado miembro de un responsable o encargado del tratamiento en la Uni\u00f3n Europea, si el responsable o el encargado est\u00e1 establecido en m\u00e1s de un Estado miembro, o<br><br>b) El tratamiento de datos personales realizado en el contexto de las actividades de un \u00fanico establecimiento de un responsable o encargado del tratamiento en la Uni\u00f3n, pero que afecta o puede afectar sustancialmente a interesados en m\u00e1s de un Estado miembro.<\/p>\n\n\n\n<p><strong>1.3.-\u00bfQui\u00e9n decide sobre el uso de los datos y los medios que se utilizar\u00e1n para su tratamiento?<\/strong><\/p>\n\n\n\n<p>El responsable del tratamiento es <strong>ESMUC<\/strong><\/p>\n\n\n\n<figure class=\"wp-block-table\"><table class=\"has-fixed-layout\"><tbody><tr><td><strong>NIF:<\/strong><\/td><td>G62429329<\/td><\/tr><tr><td><strong>Domicilio:<\/strong><\/td><td>C. Padilla, 155, Edifici de L\u2019Auditori, 08013 Barcelona<\/td><\/tr><tr><td><strong>Tel\u00e9fono:<\/strong><\/td><td><strong>93 352 30 11<\/strong><\/td><\/tr><tr><td><strong>Correo electr\u00f3nico:<\/strong><\/td><td><a href=\"mailto:info@esmuc.cat\">info@esmuc.cat<\/a><\/td><\/tr><\/tbody><\/table><\/figure>\n\n\n\n<p><strong>1.4.-\u00bfQui\u00e9n vigila que se apliquen correctamente todas las normas que regulan el tratamiento de la informaci\u00f3n en ESMUC?<\/strong><\/p>\n\n\n\n<p>El delegado de protecci\u00f3n de datos es CIPDI Tratamiento de la Informaci\u00f3n SL, con domicilio en Matar\u00f3, c\/Sant Agust\u00ed n. 1 1\u00ba 1\u00aa, <a class=\"\">dpd@cipdi.com<\/a>.<\/p>\n\n\n\n<p><strong>1.5.-\u00bfCon qu\u00e9 finalidad trataremos vuestros datos, cu\u00e1l es la base jur\u00eddica y durante cu\u00e1nto tiempo se conservar\u00e1n?<\/strong><\/p>\n\n\n\n<figure class=\"wp-block-table\"><table class=\"has-fixed-layout\"><tbody><tr><td><strong>Finalidad<\/strong><\/td><td><strong>Base jur\u00eddica<\/strong><\/td><td><strong>Conservaci\u00f3n<\/strong><\/td><\/tr><tr><td>Prestaci\u00f3n de los servicios solicitados<\/td><td>Relaci\u00f3n contractual<\/td><td>10 a\u00f1os<\/td><\/tr><tr><td>Env\u00edo de informaci\u00f3n sobre actividades por correo electr\u00f3nico o postal<\/td><td>Relaci\u00f3n contractual y consentimiento<\/td><td>Hasta revocaci\u00f3n del consentimiento<\/td><\/tr><tr><td>Solicitud de informaci\u00f3n<\/td><td>Consentimiento<\/td><td>1 a\u00f1o<\/td><\/tr><tr><td>Gesti\u00f3n de personal laboral<\/td><td>Relaci\u00f3n contractual y obligaci\u00f3n legal<\/td><td>5 a\u00f1os<\/td><\/tr><tr><td>Gesti\u00f3n de proveedores<\/td><td>Relaci\u00f3n contractual y obligaci\u00f3n legal<\/td><td>5 a\u00f1os<\/td><\/tr><tr><td>Cumplimiento de obligaciones legales y contractuales<\/td><td>Relaci\u00f3n contractual y obligaci\u00f3n legal<\/td><td>5 a\u00f1os<\/td><\/tr><tr><td>Gesti\u00f3n de im\u00e1genes<\/td><td>Consentimiento y art. 8 LO 1\/1982<\/td><td>Hasta revocaci\u00f3n del consentimiento<\/td><\/tr><tr><td>Videovigilancia<\/td><td>Inter\u00e9s leg\u00edtimo, seguridad<\/td><td>M\u00e1ximo 30 d\u00edas desde su captaci\u00f3n<\/td><\/tr><\/tbody><\/table><\/figure>\n\n\n\n<p><strong>1.6.-\u00bfRealizamos alg\u00fan tratamiento de sus im\u00e1genes?<\/strong><\/p>\n\n\n\n<p>El responsable del tratamiento documenta los eventos de car\u00e1cter p\u00fablico que organiza con fotograf\u00edas y v\u00eddeos con el fin de difundirlos en su web u otros espacios de difusi\u00f3n p\u00fablica de informaci\u00f3n como son: la propia web, las redes sociales donde el responsable del tratamiento tenga perfil creado y publicaciones propias o en prensa. Puede obtener m\u00e1s informaci\u00f3n sobre este apartado consultando la web del responsable del tratamiento o contactando con su DPD.<\/p>\n\n\n\n<p><strong>1.7.-\u00bfQui\u00e9n podr\u00e1 acceder y conocer el contenido de sus datos?<\/strong><\/p>\n\n\n\n<p>Para cumplir con las finalidades anteriores, pueden tener acceso a los datos personales las personas y entidades que se enumeran a continuaci\u00f3n. Su acceso estar\u00e1 limitado a los datos necesarios para desarrollar las funciones del responsable del tratamiento. Con todas las entidades y personas destinatarias se han firmado acuerdos de confidencialidad y\/o convenios espec\u00edficos en los que se regula el acceso a la informaci\u00f3n, las medidas de seguridad y el uso que se puede hacer de los datos. Podr\u00e1n acceder a los datos:<\/p>\n\n\n\n<ul class=\"wp-block-list\">\n<li>El personal debidamente autorizado por el responsable del tratamiento.<\/li>\n\n\n\n<li>Los proveedores necesarios para cumplir con los servicios que solicita o para cumplir con las obligaciones legales y contractuales.<\/li>\n\n\n\n<li>La administraci\u00f3n p\u00fablica dentro de sus competencias.<\/li>\n\n\n\n<li>Las redes sociales, siempre que haya consentido previamente la difusi\u00f3n de sus datos identificativos.<\/li>\n<\/ul>\n\n\n\n<p>Puede ampliar esta informaci\u00f3n consultando al Delegado de Protecci\u00f3n de Datos.<\/p>\n\n\n\n<p><strong>1.8.-\u00bfSe realizan tratamientos transfronterizos de datos?<\/strong><\/p>\n\n\n\n<p>El responsable del tratamiento utiliza los siguientes programas, incluidas las redes sociales que aparecen anunciadas en la web, que pueden implicar transferencia de datos fuera del espacio Schengen:<\/p>\n\n\n\n<figure class=\"wp-block-table\"><table class=\"has-fixed-layout\"><tbody><tr><td><strong>Programa<\/strong><\/td><td><strong>Pol\u00edtica de privacidad<\/strong><\/td><\/tr><tr><td><strong>Office 365<\/strong><\/td><td><a href=\"https:\/\/privacy.microsoft.com\/es-es\/privacystatement\">https:\/\/privacy.microsoft.com\/es-es\/privacystatement<\/a><\/td><\/tr><tr><td><strong>Moodle<\/strong><\/td><td><a href=\"https:\/\/moodle.com\/privacy-notice\/\">https:\/\/moodle.com\/privacy-notice\/<\/a><\/td><\/tr><tr><td><strong>Mailchimp<\/strong><\/td><td><a href=\"https:\/\/mailchimp.com\/legal\/privacy\/\">https:\/\/mailchimp.com\/legal\/privacy\/<\/a> &nbsp;<\/td><\/tr><\/tbody><\/table><\/figure>\n\n\n\n<p>En estos casos, la transferencia de datos se realiza a pa\u00edses considerados adecuados, al disponer de una decisi\u00f3n de adecuaci\u00f3n por parte de la Comisi\u00f3n Europea; o bien de conformidad con las garant\u00edas exigidas por el RGPD, como disponer de cl\u00e1usulas tipo de protecci\u00f3n de datos aprobadas por la Comisi\u00f3n Europea.<\/p>\n\n\n\n<p>Toda la informaci\u00f3n sobre los derechos de los usuarios que han permitido el tratamiento digitalizado se encuentra en los avisos legales de las webs que contienen los programas y las aplicaciones. Dado que el acceso es libre, damos por reproducido todo el contenido de los avisos. Dada la extensi\u00f3n de los contenidos de las pol\u00edticas publicadas, puede solicitar una copia dirigi\u00e9ndose al responsable del tratamiento o al delegado de protecci\u00f3n de datos, a las direcciones que constan en el apartado 1.3 de este apartado.<\/p>\n\n\n\n<p><strong>1.9.- \u00bfQu\u00e9 derechos tienen los interesados y los titulares de los datos?<\/strong><\/p>\n\n\n\n<p><strong>Derecho a limitar el tratamiento.<\/strong> Regulada en el art\u00edculo 18 del RGPD 2016\/679 de 27 de abril de 2016. Consiste en solicitar al responsable del tratamiento que limite el tratamiento de sus datos cuando se cumpla alguna de las siguientes condiciones:<\/p>\n\n\n\n<p><strong>Derecho de acceso.<\/strong> Est\u00e1 regulado en el art\u00edculo 15 del RGPD 2016\/679 de 27 de abril de 2016. Consiste en solicitar al responsable del tratamiento para obtener gratuitamente toda la informaci\u00f3n que tenga sobre los propios datos personales y las comunicaciones que se hayan realizado o que se hayan previsto realizar.<\/p>\n\n\n\n<p><strong>Derecho de rectificaci\u00f3n.<\/strong> Est\u00e1 regulado en el art\u00edculo 16 del RGPD. Consiste en solicitar al responsable del tratamiento que modifique el contenido de la informaci\u00f3n sobre la persona y sus datos, siguiendo las instrucciones del titular de la informaci\u00f3n.<\/p>\n\n\n\n<p><strong>Derecho de supresi\u00f3n.<\/strong> Est\u00e1 regulado en el art\u00edculo 17 del RGPD 2016\/679. Consiste en solicitar al responsable del tratamiento que borre cualquier informaci\u00f3n sobre la persona del titular de los datos. La supresi\u00f3n implica bloquear todos los datos y conservarlos a disposici\u00f3n de las administraciones p\u00fablicas durante el plazo previsto para que prescriba el derecho a ejercer acciones legales.<\/p>\n\n\n\n<p>i.- los datos personales no sean exactos;<\/p>\n\n\n\n<p>ii.- el tratamiento sea il\u00edcito;<\/p>\n\n\n\n<p>iii.- el responsable del tratamiento ya no necesite tratar los datos;<\/p>\n\n\n\n<p>iv.- Cuando los motivos para dejar de tratar los datos alegados por el afectado prevalezcan sobre los del responsable del tratamiento.<\/p>\n\n\n\n<p><strong>El derecho a la portabilidad de la informaci\u00f3n.<\/strong> Est\u00e1 en el art\u00edculo 20 del RGPD 2016\/679 de 27 de abril de 2016. Consiste en solicitar al responsable del tratamiento que facilite los datos personales del titular de la informaci\u00f3n en un formato estructurado, de uso com\u00fan y lectura mec\u00e1nica, con el fin de transmitirlos a otro responsable del tratamiento cuando el tratamiento se realice con medios automatizados y est\u00e9 basado en el consentimiento expreso.<\/p>\n\n\n\n<p><strong>Derecho de oposici\u00f3n.<\/strong> Regulada en el art\u00edculo 21 del RGPD 2016\/679 de 27 de abril de 2016. Consiste en solicitar al responsable del tratamiento que trate los datos siguiendo unas instrucciones determinadas hechas por el titular de la informaci\u00f3n personal.<\/p>\n\n\n\n<p><strong>Derecho a la revocaci\u00f3n del consentimiento.<\/strong> Regulado en el art\u00edculo 13.2.c) del RGPD 2016\/679 de 27 de abril de 2016. Es una orden que da el titular de los datos al responsable del tratamiento notific\u00e1ndole que retira el consentimiento que le dio para hacer el tratamiento de sus datos.<\/p>\n\n\n\n<p><strong>Derechos a no estar sometido a decisiones individuales automatizadas.<\/strong> Es la petici\u00f3n al responsable del tratamiento de que todas las decisiones que tengan efectos jur\u00eddicos no sean tomadas exclusivamente por m\u00e1quinas.<\/p>\n\n\n\n<p>Para ejercer los derechos anteriores, pod\u00e9is dirigiros por escrito a las direcciones del responsable del tratamiento, o enviar un correo electr\u00f3nico a la direcci\u00f3n <a class=\"\">dpd@cipdi.com<\/a>, con el texto \u201cPROTECCI\u00d3N DE DATOS\u201d en el asunto y adjuntando una fotocopia de vuestro DNI, NIE o pasaporte en este correo.<\/p>\n\n\n\n<p><strong>1.10.- \u00bfC\u00f3mo se puede hacer una reclamaci\u00f3n?<\/strong><\/p>\n\n\n\n<p>Pod\u00e9is poneros en contacto con el responsable de cumplimiento interno enviando un correo a &#8230;<\/p>\n\n\n\n<p>Si consider\u00e1is que se han vulnerado vuestros derechos, el organismo competente para conocer la correcta aplicaci\u00f3n de las normas sobre tratamiento de la informaci\u00f3n es la Agencia Espa\u00f1ola de Protecci\u00f3n de Datos, con domicilio en la Calle Jorge Juan n\u00ba 6 de Madrid.<\/p>\n\n\n\n<p><strong>1.11.- \u00bfQu\u00e9 obligaciones tengo como interesado?<\/strong><\/p>\n\n\n\n<p>El afectado debe aportar informaci\u00f3n veraz y actualizada en todos los procesos de recogida de datos, haci\u00e9ndose responsable en caso de vulneraci\u00f3n de esta obligaci\u00f3n.<\/p>\n\n\n\n<p>Seg\u00fan la demanda que haga el afectado, los datos que son obligatorios ya est\u00e1n marcados en los formularios de recogida. Si no se facilitan los datos obligatorios, podr\u00eda perjudicarse el derecho a participar en la actividad o impedir que se pueda facilitar el servicio o la prestaci\u00f3n que se solicita.<\/p>\n\n\n\n<p><strong>1.12.- \u00bfPuede elaborar perfiles el responsable del tratamiento?<\/strong><\/p>\n\n\n\n<p>Para prestar una atenci\u00f3n m\u00e1s personalizada, cuidadosa y eficaz al usuario, a veces, es necesario elaborar los perfiles de los destinatarios de los servicios. No se elaboran perfiles sin la intervenci\u00f3n directa de una persona f\u00edsica.<\/p>\n\n\n\n<p><strong>2.- CONSENTIMIENTO DEL USUARIO<\/strong><\/p>\n\n\n\n<p>Se entiende que el usuario acepta las condiciones propuestas si pulsa el bot\u00f3n \u2018ACEPTAR\u2019 que se encuentra en los formularios de recogida de datos, o si env\u00eda un mensaje por correo electr\u00f3nico a las direcciones de contacto que figuran en la web.<\/p>\n\n\n\n<p>Los datos personales se almacenan en la base de datos general de administraci\u00f3n del responsable del tratamiento, que en todo caso garantiza las medidas t\u00e9cnicas y organizativas para preservar la integridad y la seguridad de la informaci\u00f3n que trata.<\/p>\n\n\n\n<p><strong>3.- SEGURIDAD<\/strong><\/p>\n\n\n\n<p>La base de datos general est\u00e1 dotada del preceptivo documento de seguridad y dispone de todos los medios t\u00e9cnicos a su alcance para evitar la p\u00e9rdida, mal uso, alteraci\u00f3n, acceso no autorizado o robo de los datos que nos facilite. El tratamiento de los datos personales est\u00e1 ajustado a las disposiciones de la Ley Org\u00e1nica 3\/2018 de protecci\u00f3n de datos y garant\u00eda de los derechos digitales y el Reglamento (UE) 2016\/679 del Parlamento Europeo y del Consejo, de 27 de abril de 2016.<\/p>\n\n\n\n<p><strong>4.- USO DE DIRECCIONES IP<\/strong><\/p>\n\n\n\n<p>Para facilitar la b\u00fasqueda de recursos que creemos que son de su inter\u00e9s, puede encontrar en esta web enlaces a otras p\u00e1ginas. Esta pol\u00edtica de privacidad solo se aplica a este sitio web. El responsable del tratamiento no garantiza el cumplimiento de estas normas en otras webs, ni se hace responsable de los accesos mediante enlaces desde este sitio.<\/p>\n","protected":false},"excerpt":{"rendered":"<p>Pol\u00edtica de privacidad y tratamiento de la informaci\u00f3n 1.- DERECHO DE INFORMACI\u00d3N\u00a0 En aplicaci\u00f3n de lo dispuesto en el art\u00edculo 11 de la Ley Org\u00e1nica 3\/2018, de 5 de diciembre, de Protecci\u00f3n de Datos Personales y garant\u00eda de los derechos digitales (en adelante LOPDGDD) y el art\u00edculo 13 del Reglamento General de Protecci\u00f3n de Datos [&hellip;]<\/p>\n","protected":false},"author":4,"featured_media":0,"parent":0,"menu_order":0,"comment_status":"closed","ping_status":"closed","template":"","meta":{"_acf_changed":false,"_themeisle_gutenberg_block_has_review":false,"footnotes":""},"categories":[],"tags":[],"class_list":["post-86558","page","type-page","status-publish","hentry"],"acf":[],"publishpress_future_action":{"enabled":false,"date":"2026-04-21 13:08:21","action":"change-status","newStatus":"draft","terms":[],"taxonomy":"category","extraData":[]},"publishpress_future_workflow_manual_trigger":{"enabledWorkflows":[]},"_links":{"self":[{"href":"https:\/\/www.esmuc.cat\/es\/wp-json\/wp\/v2\/pages\/86558","targetHints":{"allow":["GET"]}}],"collection":[{"href":"https:\/\/www.esmuc.cat\/es\/wp-json\/wp\/v2\/pages"}],"about":[{"href":"https:\/\/www.esmuc.cat\/es\/wp-json\/wp\/v2\/types\/page"}],"author":[{"embeddable":true,"href":"https:\/\/www.esmuc.cat\/es\/wp-json\/wp\/v2\/users\/4"}],"replies":[{"embeddable":true,"href":"https:\/\/www.esmuc.cat\/es\/wp-json\/wp\/v2\/comments?post=86558"}],"version-history":[{"count":5,"href":"https:\/\/www.esmuc.cat\/es\/wp-json\/wp\/v2\/pages\/86558\/revisions"}],"predecessor-version":[{"id":106436,"href":"https:\/\/www.esmuc.cat\/es\/wp-json\/wp\/v2\/pages\/86558\/revisions\/106436"}],"wp:attachment":[{"href":"https:\/\/www.esmuc.cat\/es\/wp-json\/wp\/v2\/media?parent=86558"}],"wp:term":[{"taxonomy":"category","embeddable":true,"href":"https:\/\/www.esmuc.cat\/es\/wp-json\/wp\/v2\/categories?post=86558"},{"taxonomy":"post_tag","embeddable":true,"href":"https:\/\/www.esmuc.cat\/es\/wp-json\/wp\/v2\/tags?post=86558"}],"curies":[{"name":"wp","href":"https:\/\/api.w.org\/{rel}","templated":true}]}}