{"id":86555,"date":"2023-10-06T17:01:58","date_gmt":"2023-10-06T15:01:58","guid":{"rendered":"https:\/\/www.esmuc.cat\/cookies\/"},"modified":"2023-10-10T12:29:57","modified_gmt":"2023-10-10T10:29:57","slug":"cookies","status":"publish","type":"page","link":"https:\/\/www.esmuc.cat\/es\/cookies\/","title":{"rendered":"Cookies"},"content":{"rendered":"\n<h2 class=\"wp-block-heading\">Pol\u00edtica de cookies<\/h2>\n\n\n\n<div style=\"height:20px\" aria-hidden=\"true\" class=\"wp-block-spacer\"><\/div>\n\n\n\n<p>Esta pol\u00edtica de cookies se elabora en el cumplimiento de las obligaciones previstas en el art\u00edculo 22.2 de la Ley 34\/2002, de 11 de julio, de servicios de la sociedad de la informaci\u00f3n y de comercio electr\u00f3nico (en adelante, LSSI), en relaci\u00f3n con el Reglamento General de Protecci\u00f3n de Datos (RGPD) y la Ley Org\u00e1nica 3\/2018, de 5 de diciembre, de Protecci\u00f3n de Datos y garant\u00eda de los derechos digitales (LOPDGDD), con motivo de la revisi\u00f3n del Comit\u00e9 Europeo de Protecci\u00f3n de Datos Datos (CEPD) en mayo de 2020 en las Directrices 05\/2020 sobre consentimiento. <\/p>\n\n\n\n<h3 class=\"wp-block-heading has-medium-font-size\">1. DEFINICI\u00d3N Y FUNCI\u00d3N DE LAS COOKIES <\/h3>\n\n\n\n<p>Una cookie es cualquier tipo de dispositivo de almacenamiento y recuperaci\u00f3n de datos que se utilice en el equipo terminal de un usuario con el fin de almacenar informaci\u00f3n y recuperar la informaci\u00f3n ya almacenada. <\/p>\n\n\n\n<p>Para la utilizaci\u00f3n de esta web se utilizan cookies. Las cookies que se puedan utilizar se asocian \u00fanicamente con el navegador de un ordenador o dispositivo determinado (un usuario an\u00f3nimo), y no proporcionan por s\u00ed mismas ning\u00fan dato personal del usuario. Se pueden utilizar los siguientes tipos de cookies, agrupadas seg\u00fan su finalidad: <\/p>\n\n\n\n<div id=\"section-gc235e3\" class=\"wp-block-gutentor-e7 section-gc235e3 gutentor-element gutentor-element-list\"><ul class=\"grid-row gutentor-grid-item-wrap list-indicator-icon\"><li class=\"gutentor-list-item grid-lg-12 grid-md-12 grid-12\"><span class=\"gutentor-single-item gutentor-single-item-0\"><span class=\"gutentor-list-item-wrap g-s-list-wrap g-s-list-i-icon\"><span class=\"gutentor-single-list-item-icon\"><i class=\"list-item-icon fas fa-angle-right\"><\/i><\/span><span class=\"gutentor-list-item\"><p class=\"gutentor-single-item-title\"><strong>Cookies t\u00e9cnicas<\/strong>: permiten al usuario la navegaci\u00f3n a trav\u00e9s de la p\u00e1gina web y la utilizaci\u00f3n de las diferentes opciones o servicios existentes en ella; por ejemplo, controlar el tr\u00e1fico y la comunicaci\u00f3n de datos, identificar la sesi\u00f3n, acceder a partes de acceso restringido, recordar los elementos que integran un pedido, realizar el proceso de compra de un pedido, realizar la solicitud de inscripci\u00f3n o participaci\u00f3n en un evento, utilizar elementos de seguridad durante la navegaci\u00f3n o almacenar, difundir y\/o compartir contenidos. Estas cookies son necesarias para el funcionamiento del servicio ofrecido.<\/p><\/span><\/span><\/span><\/li><li class=\"gutentor-list-item grid-lg-12 grid-md-12 grid-12\"><span class=\"gutentor-single-item gutentor-single-item-1\"><span class=\"gutentor-list-item-wrap g-s-list-wrap g-s-list-i-icon\"><span class=\"gutentor-single-list-item-icon\"><i class=\"list-item-icon fas fa-angle-right\"><\/i><\/span><span class=\"gutentor-list-item\"><p class=\"gutentor-single-item-title\"><strong>Cookies de an\u00e1lisis o medici\u00f3n<\/strong>: permiten cuantificar el n\u00famero de usuarios y as\u00ed realizar la medici\u00f3n y an\u00e1lisis estad\u00edstico de la utilizaci\u00f3n y actividad que realizan los usuarios de nuestra p\u00e1gina web, as\u00ed como elaborar de perfiles de navegaci\u00f3n de los usuarios en estas p\u00e1ginas y en nuestras aplicaciones, todo esto con el fin de introducir mejoras.<\/p><\/span><\/span><\/span><\/li><\/ul><\/div>\n\n\n\n<p>Las cookies propias son las creadas o gestionadas por el responsable de la p\u00e1gina web. Las cookies de terceros son las administradas por quienes prestan servicios t\u00e9cnicos, de an\u00e1lisis, redes sociales, de personalizaci\u00f3n y de publicidad (incluida publicidad comportamental) ajenos al responsable de la p\u00e1gina web. <\/p>\n\n\n\n<figure class=\"wp-block-table\"><table><tbody><tr><td>Cookie <\/td><td>Titular<\/td><td>Duraci\u00f3n<\/td><td>Categor\u00eda <\/td><td>Finalidad<\/td><td>Pol\u00edtica privacidad del titular <\/td><\/tr><tr><td>PHPSESSID <\/td><td>PhP<\/td><td>Sesi\u00f3n<\/td><td>Cookie t\u00e9cnica <\/td><td>Cookie est\u00e1ndar de php para controlar el mantenimiento de la sesi\u00f3n y confirmar, en caso de prensa, que el usuario ha accedido correctamente. <\/td><td>\n          <a rel=\"noreferrer noopener\" href=\"https:\/\/www.php.net\/privacy.php\" target=\"_blank\">https:\/\/www.php.net\/privacy.php<\/a>\n        <\/td><\/tr><tr><td>_utma <\/td><td>Google<\/td><td>2 a\u00f1os <\/td><td>Cookie de an\u00e1lisis <\/td><td>Se utiliza para distinguir a los usuarios y sesiones. <\/td><td>\n          <a rel=\"noreferrer noopener\" href=\"https:\/\/policies.google.com\/privacy?hl=en\" target=\"_blank\">https:\/\/policies.google.com\/privacy?<\/a>\n        <\/td><\/tr><tr><td>_utmb <\/td><td>Google<\/td><td>30 minutos <\/td><td>Cookie de an\u00e1lisis<\/td><td><br>Se utiliza para determinar nuevas sesiones\/visitas.<\/td><td> <br><a rel=\"noreferrer noopener\" href=\"https:\/\/policies.google.com\/privacy?hl=en\" target=\"_blank\">https:\/\/policies.google.com\/privacy?hl=en<\/a> <\/td><\/tr><tr><td>_utmc <\/td><td>Google <\/td><td>Sesi\u00f3n <\/td><td>Cookie de an\u00e1lisis<\/td><td>Se utiliza para determinar la hora de la visita. <\/td><td><a rel=\"noreferrer noopener\" href=\"https:\/\/policies.google.com\/privacy?hl=en\" target=\"_blank\">https:\/\/policies.google.com\/privacy?hl=en<\/a> <\/td><\/tr><tr><td>_utmz <\/td><td>Google<\/td><td>6 meses <\/td><td>Cookie de an\u00e1lisis<\/td><td>Almacena la fuente de tr\u00e1fico o una campa\u00f1a que explica c\u00f3mo el usuario lleg\u00f3 a su sitio. <\/td><td><a rel=\"noreferrer noopener\" href=\"https:\/\/policies.google.com\/privacy?hl=en\" target=\"_blank\">https:\/\/policies.google.com\/privacy?hl=en<\/a> <\/td><\/tr><tr><td>_utmv <\/td><td>Google<\/td><td>2 a\u00f1os <\/td><td>Cookie de an\u00e1lisis<\/td><td>Se utiliza para almacenar los datos a nivel de visitante variable personalizado. <\/td><td><a rel=\"noreferrer noopener\" href=\"https:\/\/policies.google.com\/privacy?hl=en\" target=\"_blank\">https:\/\/policies.google.com\/privacy?hl=en<\/a> <\/td><\/tr><\/tbody><\/table><\/figure>\n\n\n\n<h3 class=\"wp-block-heading has-medium-font-size\">3. CONFIGURAR COOKIES <\/h3>\n\n\n\n<p>Si desea revocar el consentimiento dado con anterioridad, puede hacerlo en cualquier momento pulsando aqu\u00ed y todas las cookies ser\u00e1n eliminadas. Si desea denegar el consentimiento por la instalaci\u00f3n de cookies puede hacerlo pulsando aqu\u00ed. <\/p>\n\n\n\n<p>Esta p\u00e1gina web contiene enlaces a p\u00e1ginas web de terceros cuyas pol\u00edticas de privacidad son ajenas al titular de esta web. Al acceder a estas p\u00e1ginas web usted puede decidir si acepta sus pol\u00edticas de privacidad y cookies. <\/p>\n\n\n\n<h4 class=\"wp-block-heading has-medium-font-size\">3.1 DESACTIVAR O ELIMINAR COOKIES <\/h4>\n\n\n\n<p>El usuario tiene la posibilidad de configurar su navegador para ser avisado en pantalla de la recepci\u00f3n de cookies y para evitar su instalaci\u00f3n en su disco duro. Todos los navegadores permiten realizar cambios para desactivar la configuraci\u00f3n de las cookies. Estos ajustes se encuentran ubicados en las opciones o preferencias del men\u00fa de su navegador. A continuaci\u00f3n, podr\u00e1 encontrar los links de cada navegador para desactivar las cookies siguiendo las instrucciones: <\/p>\n\n\n\n<div id=\"section-gbd67c0\" class=\"wp-block-gutentor-e7 section-gbd67c0 gutentor-element gutentor-element-list\"><ul class=\"grid-row gutentor-grid-item-wrap list-indicator-icon\"><li class=\"gutentor-list-item grid-lg-12 grid-md-12 grid-12\"><span class=\"gutentor-single-item gutentor-single-item-0\"><span class=\"gutentor-list-item-wrap g-s-list-wrap g-s-list-i-icon\"><span class=\"gutentor-single-list-item-icon\"><i class=\"list-item-icon fas fa-angle-right\"><\/i><\/span><span class=\"gutentor-list-item\"><p class=\"gutentor-single-item-title\">Explorer:\u00a0<a href=\"https:\/\/support.microsoft.com\/es-es\/help\/17442\/windows-internet-explorer-delete-manage-cookies\">https:\/\/support.microsoft.com\/es-es\/help\/17442\/windows-internet-explorer-delete-manage-cookies<\/a><\/p><\/span><\/span><\/span><\/li><li class=\"gutentor-list-item grid-lg-12 grid-md-12 grid-12\"><span class=\"gutentor-single-item gutentor-single-item-1\"><span class=\"gutentor-list-item-wrap g-s-list-wrap g-s-list-i-icon\"><span class=\"gutentor-single-list-item-icon\"><i class=\"list-item-icon fas fa-angle-right\"><\/i><\/span><span class=\"gutentor-list-item\"><p class=\"gutentor-single-item-title\">Firefox:\u00a0<a href=\"http:\/\/goo.gl\/F5pHX\">http:\/\/goo.gl\/F5pHX<\/a><\/p><\/span><\/span><\/span><\/li><li class=\"gutentor-list-item grid-lg-12 grid-md-12 grid-12\"><span class=\"gutentor-single-item gutentor-single-item-2\"><span class=\"gutentor-list-item-wrap g-s-list-wrap g-s-list-i-icon\"><span class=\"gutentor-single-list-item-icon\"><i class=\"list-item-icon fas fa-angle-right\"><\/i><\/span><span class=\"gutentor-list-item\"><p class=\"gutentor-single-item-title\">Chrome:\u00a0<a rel=\"noreferrer noopener\" href=\"http:\/\/support.google.com\/chrome\/bin\/answer.py?hl=es&amp;answer=95647\" target=\"_blank\">http:\/\/support.google.com\/chrome\/bin\/answer.py?hl=es&amp;answer=95647<\/a><\/p><\/span><\/span><\/span><\/li><li class=\"gutentor-list-item grid-lg-12 grid-md-12 grid-12\"><span class=\"gutentor-single-item gutentor-single-item-3\"><span class=\"gutentor-list-item-wrap g-s-list-wrap g-s-list-i-icon\"><span class=\"gutentor-single-list-item-icon\"><i class=\"list-item-icon fas fa-angle-right\"><\/i><\/span><span class=\"gutentor-list-item\"><p class=\"gutentor-single-item-title\">Google:\u00a0<a href=\"https:\/\/tools.google.com\/dlpage\/gaoptout?hl=es\">https:\/\/tools.google.com\/dlpage\/gaoptout?hl=es<\/a><\/p><\/span><\/span><\/span><\/li><li class=\"gutentor-list-item grid-lg-12 grid-md-12 grid-12\"><span class=\"gutentor-single-item gutentor-single-item-4\"><span class=\"gutentor-list-item-wrap g-s-list-wrap g-s-list-i-icon\"><span class=\"gutentor-single-list-item-icon\"><i class=\"list-item-icon fas fa-angle-right\"><\/i><\/span><span class=\"gutentor-list-item\"><p class=\"gutentor-single-item-title\">Safari:\u00a0<a href=\"http:\/\/support.apple.com\/kb\/ph5042\">http:\/\/support.apple.com\/kb\/ph5042<\/a><\/p><\/span><\/span><\/span><\/li><li class=\"gutentor-list-item grid-lg-12 grid-md-12 grid-12\"><span class=\"gutentor-single-item gutentor-single-item-5\"><span class=\"gutentor-list-item-wrap g-s-list-wrap g-s-list-i-icon\"><span class=\"gutentor-single-list-item-icon\"><i class=\"list-item-icon fas fa-angle-right\"><\/i><\/span><span class=\"gutentor-list-item\"><p class=\"gutentor-single-item-title\">Opera:\u00a0<a rel=\"noreferrer noopener\" href=\"http:\/\/www.opera.com\/help\/tutorials\/security\/privacy\/\" target=\"_blank\">http:\/\/www.opera.com\/help\/tutorials\/security\/privacy\/<\/a>\u00a0\u00a0<\/p><\/span><\/span><\/span><\/li><\/ul><\/div>\n\n\n\n<p>Sin embargo, le informamos que existe la posibilidad de que la desactivaci\u00f3n de alguna cookie impida o dificulte la navegaci\u00f3n o la prestaci\u00f3n de los servicios ofrecidos en esta web. <\/p>\n\n\n\n<h3 class=\"wp-block-heading has-medium-font-size\">4. TRANSFERENCIAS INTERNACIONALES <\/h3>\n\n\n\n<p>El responsable del sitio web no realiza transferencias internacionales de las cookies propias. <\/p>\n\n\n\n<p>Puede informarse de las transferencias a terceros pa\u00edses que, en su caso, realizan los terceros identificados en esta pol\u00edtica de cookies en sus correspondientes pol\u00edticas: <\/p>\n\n\n\n<p>Google: <a href=\"https:\/\/policies.google.com\/privacy?hl=es\" target=\"_blank\" rel=\"noreferrer noopener\">https:\/\/policies.google.com\/privacy?hl=es<\/a>  <\/p>\n\n\n\n<h3 class=\"wp-block-heading has-medium-font-size\">5. DECISIONES AUTOMATIZADAS <\/h3>\n\n\n\n<p>Estas cookies no se utilizan para la elaboraci\u00f3n de perfiles que impliquen una toma de decisiones automatizadas que puedan acarrear efectos jur\u00eddicos para el usuario. <\/p>\n\n\n\n<h3 class=\"wp-block-heading has-medium-font-size\">6. PER\u00cdODO DE CONSERVACI\u00d3N <\/h3>\n\n\n\n<p>Los datos personales obtenidos a partir del uso de las cookies ser\u00e1n conservados durante el plazo indicado en la columna descriptiva &#8220;Duraci\u00f3n&#8221; y, una vez finalizado este plazo, durante los plazos de prescripci\u00f3n legales aplicables seg\u00fan las diferentes finalidades. Transcurrido el plazo de prescripci\u00f3n, sus datos ser\u00e1n suprimidos. <\/p>\n\n\n\n<h3 class=\"wp-block-heading has-medium-font-size\">7. MAS INFORMACI\u00d3N <\/h3>\n\n\n\n<p>Para m\u00e1s informaci\u00f3n sobre el tratamiento de sus datos puede consultar nuestra <a href=\"https:\/\/www.esmuc.cat\/politica-de-privacitat\/\">Pol\u00edtica de privacidad<\/a>. <\/p>\n\n\n\n<p>Si tuviera alguna duda, comentario o sugerencia sobre la Pol\u00edtica de Cookies, puede dirigirse por escrito a la direcci\u00f3n de correo electr\u00f3nico <a href=\"mailto:info@esmuc.cat\" target=\"_blank\" rel=\"noreferrer noopener\">info@esmuc.cat<\/a>. <\/p>\n","protected":false},"excerpt":{"rendered":"<p>Pol\u00edtica de cookies Esta pol\u00edtica de cookies se elabora en el cumplimiento de las obligaciones previstas en el art\u00edculo 22.2 de la Ley 34\/2002, de 11 de julio, de servicios de la sociedad de la informaci\u00f3n y de comercio electr\u00f3nico (en adelante, LSSI), en relaci\u00f3n con el Reglamento General de Protecci\u00f3n de Datos (RGPD) y [&hellip;]<\/p>\n","protected":false},"author":4,"featured_media":0,"parent":0,"menu_order":0,"comment_status":"closed","ping_status":"closed","template":"","meta":{"_acf_changed":false,"_themeisle_gutenberg_block_has_review":false,"footnotes":""},"categories":[],"tags":[],"class_list":["post-86555","page","type-page","status-publish","hentry"],"acf":[],"publishpress_future_action":{"enabled":false,"date":"2026-04-23 05:18:53","action":"change-status","newStatus":"draft","terms":[],"taxonomy":"category","extraData":[]},"publishpress_future_workflow_manual_trigger":{"enabledWorkflows":[]},"_links":{"self":[{"href":"https:\/\/www.esmuc.cat\/es\/wp-json\/wp\/v2\/pages\/86555","targetHints":{"allow":["GET"]}}],"collection":[{"href":"https:\/\/www.esmuc.cat\/es\/wp-json\/wp\/v2\/pages"}],"about":[{"href":"https:\/\/www.esmuc.cat\/es\/wp-json\/wp\/v2\/types\/page"}],"author":[{"embeddable":true,"href":"https:\/\/www.esmuc.cat\/es\/wp-json\/wp\/v2\/users\/4"}],"replies":[{"embeddable":true,"href":"https:\/\/www.esmuc.cat\/es\/wp-json\/wp\/v2\/comments?post=86555"}],"version-history":[{"count":3,"href":"https:\/\/www.esmuc.cat\/es\/wp-json\/wp\/v2\/pages\/86555\/revisions"}],"predecessor-version":[{"id":86619,"href":"https:\/\/www.esmuc.cat\/es\/wp-json\/wp\/v2\/pages\/86555\/revisions\/86619"}],"wp:attachment":[{"href":"https:\/\/www.esmuc.cat\/es\/wp-json\/wp\/v2\/media?parent=86555"}],"wp:term":[{"taxonomy":"category","embeddable":true,"href":"https:\/\/www.esmuc.cat\/es\/wp-json\/wp\/v2\/categories?post=86555"},{"taxonomy":"post_tag","embeddable":true,"href":"https:\/\/www.esmuc.cat\/es\/wp-json\/wp\/v2\/tags?post=86555"}],"curies":[{"name":"wp","href":"https:\/\/api.w.org\/{rel}","templated":true}]}}