{"id":84426,"date":"2023-08-30T13:11:48","date_gmt":"2023-08-30T11:11:48","guid":{"rendered":"https:\/\/www.esmuc.cat\/congresos-jornadas-y-talleres\/"},"modified":"2026-04-08T12:59:46","modified_gmt":"2026-04-08T10:59:46","slug":"congresos-jornadas-y-talleres","status":"publish","type":"page","link":"https:\/\/www.esmuc.cat\/es\/estudios\/otra-oferta-formativa\/congresos-jornadas-y-talleres\/","title":{"rendered":"Congresos, jornadas y talleres"},"content":{"rendered":"\n<div class=\"wp-block-columns is-layout-flex wp-container-core-columns-is-layout-9d6595d7 wp-block-columns-is-layout-flex\">\n<div class=\"wp-block-column esmuc__Menu_Masters is-layout-flow wp-block-column-is-layout-flow\" style=\"flex-basis:33.33%\">\n\n\n\n\n<p>&nbsp;<\/p>\n<\/div>\n\n\n\n<div class=\"wp-block-column is-layout-flow wp-block-column-is-layout-flow\" style=\"flex-basis:66.66%\"><div class=\"breadcrumbs align  wp-block-bcn-breadcrumb-trail has-text-color has-background\" vocab=\"https:\/\/schema.org\/\" typeof=\"BreadcrumbList\">\n\t<span><\/span>\n\t<span property=\"itemListElement\" typeof=\"ListItem\"><a property=\"item\" typeof=\"WebPage\" title=\"Ir a ESMUC.\" href=\"https:\/\/www.esmuc.cat\/es\/\" class=\"home\" ><span property=\"name\">ESMUC<\/span><\/a><meta property=\"position\" content=\"1\"><\/span> &gt; <span property=\"itemListElement\" typeof=\"ListItem\"><a property=\"item\" typeof=\"WebPage\" title=\"Ir a Estudios.\" href=\"https:\/\/www.esmuc.cat\/es\/estudios\/\" class=\"post post-page\" ><span property=\"name\">Estudios<\/span><\/a><meta property=\"position\" content=\"2\"><\/span> &gt; <span property=\"itemListElement\" typeof=\"ListItem\"><a property=\"item\" typeof=\"WebPage\" title=\"Ir a Otra oferta formativa.\" href=\"https:\/\/www.esmuc.cat\/es\/estudios\/otra-oferta-formativa\/\" class=\"post post-page\" ><span property=\"name\">Otra oferta formativa<\/span><\/a><meta property=\"position\" content=\"3\"><\/span> &gt; <span property=\"itemListElement\" typeof=\"ListItem\"><span property=\"name\" class=\"post post-page current-item\">Congresos, jornadas y talleres<\/span><meta property=\"url\" content=\"https:\/\/www.esmuc.cat\/es\/estudios\/otra-oferta-formativa\/congresos-jornadas-y-talleres\/\"><meta property=\"position\" content=\"4\"><\/span><\/div>\n\n\n\n<h1 class=\"wp-block-heading\" id=\"jornades-i-tallers\">Congresos, jornadas y talleres<\/h1>\n\n\n\n<div id=\"section-g63bffa\" class=\"wp-block-gutentor-e1 section-g63bffa gutentor-element gutentor-element-advanced-text gutentor-width-enabled\"><div class=\"gutentor-text-wrap\"><p class=\"gutentor-text\">Las <strong>actividades extracurriculares<\/strong> de la ESMUC son un elemento integrador y complementario de la oferta educativa reglada. Acostumbran a estar <strong>abiertas al p\u00fablico<\/strong>y se presentan de manera puntual o en forma de <strong>ciclos<\/strong>, generalmente con periodicidad anual.<\/p><\/div><\/div>\n\n\n\n<h2 class=\"wp-block-heading\">Principales eventos peri\u00f3dicos<\/h2>\n\n\n\n<div style=\"height:20px\" aria-hidden=\"true\" class=\"wp-block-spacer\"><\/div>\n\n\n\n<section id=\"gm138e513\" class=\"wp-block-gutentor-m3 section-gm138e513 gutentor-module gutentor-container-cover has-color-bg has-custom-bg\"><div class=\"grid-container\">\n<div class=\"wp-block-columns is-layout-flex wp-container-core-columns-is-layout-9d6595d7 wp-block-columns-is-layout-flex\">\n<div class=\"wp-block-column is-layout-flow wp-block-column-is-layout-flow\">\n<div id=\"section-g187e46\" class=\"wp-block-gutentor-e6 section-g187e46 gutentor-element gutentor-element-image\"><div class=\"gutentor-element-image-box\"><div class=\"gutentor-image-thumb\"><img decoding=\"async\" class=\"normal-image\" src=\"https:\/\/www.esmuc.cat\/wp-content\/uploads\/2023\/08\/Fiddle-Congress.jpg\" alt=\"Fiddle Congress\" \/><\/div><\/div><\/div>\n<\/div>\n\n\n\n<div class=\"wp-block-column is-layout-flow wp-block-column-is-layout-flow\">\n<h3 class=\"wp-block-heading\">Barcelona Fiddle Congress<\/h3>\n\n\n\n<p>El Barcelona Fiddle Congress incluye conferencias, debates, clases magistrales, talleres, conciertos y muestras de expositores y luthiers en torno a los instrumentos de cuerda frotada de la tradici\u00f3n popular. Representa tambi\u00e9n el compromiso de la ESMUC con una educaci\u00f3n musical que abarca todos los estilos.<\/p>\n<\/div>\n<\/div>\n<\/div><\/section>\n\n\n\n<section id=\"gmbd72669\" class=\"wp-block-gutentor-m3 section-gmbd72669 gutentor-module gutentor-container-cover has-color-bg has-custom-bg\"><div class=\"grid-container\">\n<div class=\"wp-block-columns is-layout-flex wp-container-core-columns-is-layout-9d6595d7 wp-block-columns-is-layout-flex\">\n<div class=\"wp-block-column is-layout-flow wp-block-column-is-layout-flow\">\n<h3 class=\"wp-block-heading\">Jornadas ab Sentits<\/h3>\n\n\n\n<p>Las jornadas, que la ESMUC organiza desde el a\u00f1o 2018, incluyen ponencias, mesas redondas y conciertos comentados que tienen como eje central los diversos aspectos de la significaci\u00f3n musical y el papel de la m\u00fasica dentro de las ciencias humanas.<\/p>\n\n\n\n<div id=\"section-g85fcdb\" class=\"wp-block-gutentor-e2 section-g85fcdb gutentor-element gutentor-element-button\"><span class=\"gutentor-button-wrap\"><a class=\"gutentor-button gutentor-block-button gutentor-icon-hide\" href=\"https:\/\/www.esmuc.cat\/es\/viii-edicion-de-las-jornadas-ab-sentits-musica-y-representacion\/\"><i class=\"gutentor-button-icon fas fa-book\"><\/i><span>VIII edici\u00f3n de las Jornadas<\/span><\/a><\/span><\/div>\n<\/div>\n\n\n\n<div class=\"wp-block-column is-layout-flow wp-block-column-is-layout-flow\">\n<div id=\"section-g4b94ca\" class=\"wp-block-gutentor-e6 section-g4b94ca gutentor-element gutentor-element-image\"><div class=\"gutentor-element-image-box\"><div class=\"gutentor-image-thumb\"><img decoding=\"async\" class=\"normal-image\" src=\"https:\/\/www.esmuc.cat\/wp-content\/uploads\/2023\/08\/Ab-sentits.jpg\" alt=\"Ab Sentits\" \/><\/div><\/div><\/div>\n<\/div>\n<\/div>\n<\/div><\/section>\n\n\n\n<section id=\"gmdb1e639\" class=\"wp-block-gutentor-m3 section-gmdb1e639 gutentor-module gutentor-container-cover has-color-bg has-custom-bg\"><div class=\"grid-container\">\n<div class=\"wp-block-columns is-layout-flex wp-container-core-columns-is-layout-9d6595d7 wp-block-columns-is-layout-flex\">\n<div class=\"wp-block-column is-layout-flow wp-block-column-is-layout-flow\">\n<div id=\"section-g4478d2\" class=\"wp-block-gutentor-e6 section-g4478d2 gutentor-element gutentor-element-image\"><div class=\"gutentor-element-image-box\"><div class=\"gutentor-image-thumb\"><img decoding=\"async\" class=\"normal-image\" src=\"https:\/\/www.esmuc.cat\/wp-content\/uploads\/2023\/08\/Arts-i-salut.jpg\" alt=\"Arts I Salut\" \/><\/div><\/div><\/div>\n<\/div>\n\n\n\n<div class=\"wp-block-column is-layout-flow wp-block-column-is-layout-flow\">\n<h3 class=\"wp-block-heading\">Arts i Salut<\/h3>\n\n\n\n<p>Jornadas dirigidas a profesionales de las artes, de la educaci\u00f3n y de la medicina, en las que se aborda la relaci\u00f3n entre diversas expresiones del arte y las ciencias de la salud, ya sea profundizando en la salud de las personas que se dedican a la m\u00fasica o explorando sus aspectos terap\u00e9uticos.<\/p>\n\n\n\n<div class=\"wp-block-buttons is-layout-flex wp-block-buttons-is-layout-flex\">\n<div class=\"wp-block-button is-style-fill\"><a class=\"wp-block-button__link has-white-color has-black-background-color has-text-color has-background has-link-color has-medium-font-size has-custom-font-size wp-element-button\" href=\"https:\/\/www.esmuc.cat\/arts-i-salut-2024-la-musicoterapia-es-urgent\/\">Arts i Salut 2024<\/a><\/div>\n<\/div>\n<\/div>\n<\/div>\n<\/div><\/section>\n\n\n\n<section id=\"gm5288578\" class=\"wp-block-gutentor-m3 section-gm5288578 gutentor-module gutentor-container-cover has-color-bg has-custom-bg\"><div class=\"grid-container\">\n<div class=\"wp-block-columns is-layout-flex wp-container-core-columns-is-layout-9d6595d7 wp-block-columns-is-layout-flex\">\n<div class=\"wp-block-column is-layout-flow wp-block-column-is-layout-flow\">\n<h3 class=\"wp-block-heading\">ESMUC Piano Forum<\/h3>\n\n\n\n<p>Un espacio para intercambiar opiniones sobre el repertorio y la formaci\u00f3n interpretativa de ese instrumento. El forum incluye presentaciones, coloquios y conciertos protagonizados por una selecci\u00f3n de estudiantes de la ESMUC y de otros conservatorios y escuelas de m\u00fasica de Catalu\u00f1a.<\/p>\n<\/div>\n\n\n\n<div class=\"wp-block-column is-layout-flow wp-block-column-is-layout-flow\">\n<div id=\"section-g9cd0ad\" class=\"wp-block-gutentor-e6 section-g9cd0ad gutentor-element gutentor-element-image\"><div class=\"gutentor-element-image-box\"><div class=\"gutentor-image-thumb\"><img decoding=\"async\" class=\"normal-image\" src=\"https:\/\/www.esmuc.cat\/wp-content\/uploads\/2023\/08\/Piano-Forum-2023.jpg\" alt=\"Piano F\u00f2rum 2023\" \/><\/div><\/div><\/div>\n<\/div>\n<\/div>\n<\/div><\/section>\n\n\n\n<section id=\"gm490f64c\" class=\"wp-block-gutentor-m3 section-gm490f64c gutentor-module gutentor-container-cover has-color-bg has-custom-bg\"><div class=\"grid-container\">\n<div class=\"wp-block-columns is-layout-flex wp-container-core-columns-is-layout-9d6595d7 wp-block-columns-is-layout-flex\">\n<div class=\"wp-block-column is-layout-flow wp-block-column-is-layout-flow\">\n<div id=\"section-gaf101a\" class=\"wp-block-gutentor-e6 section-gaf101a gutentor-element gutentor-element-image\"><div class=\"gutentor-element-image-box\"><div class=\"gutentor-image-thumb\"><img decoding=\"async\" class=\"normal-image\" src=\"https:\/\/www.esmuc.cat\/wp-content\/uploads\/2023\/08\/Seminari-de-didactica.jpg\" alt=\"Seminari De Did\u00e0ctica\" \/><\/div><\/div><\/div>\n<\/div>\n\n\n\n<div class=\"wp-block-column is-layout-flow wp-block-column-is-layout-flow\">\n<h3 class=\"wp-block-heading\">Seminarios curriculares<\/h3>\n\n\n\n<p>Sesiones abiertas al p\u00fablico de la asignatura <a href=\"https:\/\/www.esmuc.cat\/assignatures\/seminari-de-didactica\/\">Seminario de did\u00e1ctica<\/a>, <a href=\"https:\/\/www.esmuc.cat\/es\/assignatures\/didactica-de-linstrument-ii\/\">Did\u00e1ctica del Instrumento II<\/a>&nbsp;y&nbsp;<a href=\"https:\/\/www.esmuc.cat\/es\/assignatures\/musica-i-comunitat\/\">M\u00fasica y Comunidad<\/a>&nbsp;en las que se invita a profesorado de diferentes \u00e1mbitos para completar el marco curricular del Grado en la especialidad de <a href=\"https:\/\/www.esmuc.cat\/es\/estudios\/grau\/pedagogia\/\">Pedagog\u00eda<\/a>.<\/p>\n\n\n\n<div id=\"section-g0683af\" class=\"wp-block-gutentor-e2 section-g0683af gutentor-element gutentor-element-button\"><span class=\"gutentor-button-wrap\"><a class=\"gutentor-button gutentor-block-button gutentor-icon-hide\" href=\"https:\/\/www.esmuc.cat\/wp-content\/uploads\/2023\/10\/Cartell-Didactica-Instrument-2023-web.pdf\"><i class=\"gutentor-button-icon fas fa-book\"><\/i><span>Did\u00e1ctica del Instrumento II 23-24<\/span><\/a><\/span><\/div>\n<\/div>\n<\/div>\n<\/div><\/section>\n\n\n\n<section id=\"gm3dbc081\" class=\"wp-block-gutentor-m3 section-gm3dbc081 gutentor-module gutentor-container-cover has-color-bg has-custom-bg\"><div class=\"grid-container\">\n<div class=\"wp-block-columns is-layout-flex wp-container-core-columns-is-layout-9d6595d7 wp-block-columns-is-layout-flex\">\n<div class=\"wp-block-column is-layout-flow wp-block-column-is-layout-flow\">\n<h3 class=\"wp-block-heading\">Festival Mixtur<\/h3>\n\n\n\n<p>ESMUC colabora en la organizaci\u00f3n del <a href=\"https:\/\/mixturbcn.com\/\" target=\"_blank\" rel=\"noreferrer noopener\">Festival de Nueva Creaci\u00f3n Sonora de Barcelona<\/a> con varios conciertos, conferencias y clases magistrales que tienen lugar en la Escuela. Mixtur tiene la voluntad de impulsar la creaci\u00f3n musical en relaci\u00f3n a la b\u00fasqueda del sonido.<\/p>\n<\/div>\n\n\n\n<div class=\"wp-block-column is-layout-flow wp-block-column-is-layout-flow\">\n<div id=\"section-g06c17a\" class=\"wp-block-gutentor-e6 section-g06c17a gutentor-element gutentor-element-image\"><div class=\"gutentor-element-image-box\"><div class=\"gutentor-image-thumb\"><img decoding=\"async\" class=\"normal-image\" src=\"https:\/\/www.esmuc.cat\/wp-content\/uploads\/2023\/08\/Mixtur.jpg\" alt=\"Mixtur\" \/><\/div><\/div><\/div>\n<\/div>\n<\/div>\n<\/div><\/section>\n\n\n\n<section id=\"gme418c0d\" class=\"wp-block-gutentor-m3 section-gme418c0d gutentor-module gutentor-container-cover has-color-bg has-custom-bg\"><div class=\"grid-container\">\n<div class=\"wp-block-columns is-layout-flex wp-container-core-columns-is-layout-9d6595d7 wp-block-columns-is-layout-flex\">\n<div class=\"wp-block-column is-layout-flow wp-block-column-is-layout-flow\">\n<div id=\"section-g228b23\" class=\"wp-block-gutentor-e6 section-g228b23 gutentor-element gutentor-element-image\"><div class=\"gutentor-element-image-box\"><div class=\"gutentor-image-thumb\"><img decoding=\"async\" class=\"normal-image\" src=\"https:\/\/www.esmuc.cat\/wp-content\/uploads\/2023\/08\/Seminari-Pedagogies-critiques.jpg\" alt=\"Seminari Pedagogies Cr\u00edtiques\" \/><\/div><\/div><\/div>\n<\/div>\n\n\n\n<div class=\"wp-block-column is-layout-flow wp-block-column-is-layout-flow\">\n<h3 class=\"wp-block-heading\">Pedagog\u00edas cr\u00edticas<\/h3>\n\n\n\n<p>Seminario dirigido a estudiantes y profesionales que deseen profundizar en la pedagog\u00eda musical desde una perspectiva cr\u00edtica y transversal. El contenido de las sesiones est\u00e1 orientado a p\u00fablico formado en cualquier \u00e1mbito musical, art\u00edstico o pedag\u00f3gico.<\/p>\n<\/div>\n<\/div>\n<\/div><\/section>\n\n\n\n<section id=\"gm260da35\" class=\"wp-block-gutentor-m3 section-gm260da35 gutentor-module gutentor-container-cover has-color-bg has-custom-bg\"><div class=\"grid-container\">\n<div class=\"wp-block-columns is-layout-flex wp-container-core-columns-is-layout-9d6595d7 wp-block-columns-is-layout-flex\">\n<div class=\"wp-block-column is-layout-flow wp-block-column-is-layout-flow\">\n<h3 class=\"wp-block-heading\">Taller de orquesta barroca<\/h3>\n\n\n\n<p>Dirigido a instrumentistas de cuerda amantes de la m\u00fasica barroca que quieran aprender y tocar esta m\u00fasica en formato <em>ensemble<\/em> o orquesta. En cada jornada, el profesorado del <a href=\"https:\/\/www.esmuc.cat\/es\/sobre-lesmuc\/departaments\/musica-antiga\/\">Departamento de M\u00fasica Antigua<\/a> trabajar\u00e1 distintos estilos y repertorios.<\/p>\n<\/div>\n\n\n\n<div class=\"wp-block-column is-layout-flow wp-block-column-is-layout-flow\">\n<div id=\"section-g21caf0\" class=\"wp-block-gutentor-e6 section-g21caf0 gutentor-element gutentor-element-image\"><div class=\"gutentor-element-image-box\"><div class=\"gutentor-image-thumb\"><img decoding=\"async\" class=\"normal-image\" src=\"https:\/\/www.esmuc.cat\/wp-content\/uploads\/2023\/08\/Vespres-dAntiga-1x1-1.jpg\" alt=\"Vespres D'antiga 1x1\" \/><\/div><\/div><\/div>\n<\/div>\n<\/div>\n<\/div><\/section>\n\n\n\n<section id=\"gm4ac14d9\" class=\"wp-block-gutentor-m3 section-gm4ac14d9 gutentor-module gutentor-container-cover has-color-bg has-custom-bg\"><div class=\"grid-container\">\n<div class=\"wp-block-columns is-layout-flex wp-container-core-columns-is-layout-9d6595d7 wp-block-columns-is-layout-flex\">\n<div class=\"wp-block-column is-layout-flow wp-block-column-is-layout-flow\">\n<div id=\"section-gbaeb69\" class=\"wp-block-gutentor-e6 section-gbaeb69 gutentor-element gutentor-element-image\"><div class=\"gutentor-element-image-box\"><div class=\"gutentor-image-thumb\"><img decoding=\"async\" class=\"normal-image\" src=\"https:\/\/www.esmuc.cat\/wp-content\/uploads\/2025\/03\/imatge-JEIC-web.jpg\" \/><\/div><\/div><\/div>\n<\/div>\n\n\n\n<div class=\"wp-block-column is-layout-flow wp-block-column-is-layout-flow\">\n<h3 class=\"wp-block-heading\">Jornadas de Estudio de los Instrumentos de la Cobla (JEIC)<\/h3>\n\n\n\n<p>Un punto de encuentro para estudiantes, personal docente y profesionales de la divulgaci\u00f3n que quieran ampliar conocimientos y debatir sobre los instrumentos de la cobla.<\/p>\n\n\n\n<div id=\"section-g-v12vdvi\" class=\"wp-block-gutentor-e2 section-g-v12vdvi gutentor-element gutentor-element-button\"><span class=\"gutentor-button-wrap\"><a class=\"gutentor-button gutentor-block-button gutentor-icon-hide\" href=\"https:\/\/www.esmuc.cat\/es\/estudios\/otra-oferta-formativa\/congresos-jornadas-y-talleres\/jornades-destudi-dels-instruments-de-la-cobla\/\"><i class=\"gutentor-button-icon fas fa-book\"><\/i><span>+ informaci\u00f3n<\/span><\/a><\/span><\/div>\n<\/div>\n<\/div>\n\n\n\n<div class=\"wp-block-buttons is-content-justification-right is-layout-flex wp-container-core-buttons-is-layout-765c4724 wp-block-buttons-is-layout-flex\"><\/div>\n<\/div><\/section>\n\n\n\n<section id=\"gmd94adb4\" class=\"wp-block-gutentor-m3 section-gmd94adb4 gutentor-module gutentor-container-cover has-color-bg has-custom-bg\"><div class=\"grid-container\">\n<div class=\"wp-block-columns is-layout-flex wp-container-core-columns-is-layout-9d6595d7 wp-block-columns-is-layout-flex\">\n<div class=\"wp-block-column is-layout-flow wp-block-column-is-layout-flow\">\n<h3 class=\"wp-block-heading\">F\u00f3rum Educaci\u00f3n Musical en el XXI<\/h3>\n\n\n\n<p>Cita anual que congrega a profesionales de la educaci\u00f3n musical, alumni y estudiantes de pedagog\u00eda, para compartir una jornada de conocimiento, intercambio e innovaci\u00f3n.<\/p>\n\n\n\n<p>El F\u00f3rum propone cada curso una tem\u00e1tica vinculada al mundo de la educaci\u00f3n musical o art\u00edstica, con el objetivo de compartir, contrastar y debatir -aprender, en definitiva- en torno a las ideas y los proyectos presentados.<\/p>\n<\/div>\n\n\n\n<div class=\"wp-block-column is-layout-flow wp-block-column-is-layout-flow\">\n<div id=\"section-g9301e1\" class=\"wp-block-gutentor-e6 section-g9301e1 gutentor-element gutentor-element-image\"><div class=\"gutentor-element-image-box\"><div class=\"gutentor-image-thumb\"><img decoding=\"async\" class=\"normal-image\" src=\"https:\/\/www.esmuc.cat\/wp-content\/uploads\/2023\/08\/Educacio-musical-al-xxi.jpg\" alt=\"Educaci\u00f3 Musical Al Xxi\" \/><\/div><\/div><\/div>\n<\/div>\n<\/div>\n<\/div><\/section>\n\n\n\n<section id=\"gmfe13a9b\" class=\"wp-block-gutentor-m3 section-gmfe13a9b gutentor-module gutentor-container-cover has-color-bg has-custom-bg\"><div class=\"grid-container\">\n<div class=\"wp-block-columns is-layout-flex wp-container-core-columns-is-layout-9d6595d7 wp-block-columns-is-layout-flex\">\n<div class=\"wp-block-column is-layout-flow wp-block-column-is-layout-flow\">\n<div id=\"section-g9da6e2\" class=\"wp-block-gutentor-e6 section-g9da6e2 gutentor-element gutentor-element-image\"><div class=\"gutentor-element-image-box\"><div class=\"gutentor-image-thumb\"><img decoding=\"async\" class=\"normal-image\" src=\"https:\/\/www.esmuc.cat\/wp-content\/uploads\/2023\/08\/Congress-on-Musical-Signification.jpg\" alt=\"Congress On Musical Signification\" \/><\/div><\/div><\/div>\n<\/div>\n\n\n\n<div class=\"wp-block-column is-layout-flow wp-block-column-is-layout-flow\">\n<h3 class=\"wp-block-heading\">International Congress on Musical Signification<\/h3>\n\n\n\n<p>Organizado por los music\u00f3logos Joan Grimalt y Eero Tarasti, el ICMS es un congreso sobre semiolog\u00eda musical.<\/p>\n<\/div>\n<\/div>\n<\/div><\/section>\n\n\n\n<section id=\"gm9a9ee67\" class=\"wp-block-gutentor-m3 section-gm9a9ee67 gutentor-module gutentor-container-cover has-color-bg has-custom-bg\"><div class=\"grid-container\">\n<div class=\"wp-block-columns is-layout-flex wp-container-core-columns-is-layout-9d6595d7 wp-block-columns-is-layout-flex\">\n<div class=\"wp-block-column is-layout-flow wp-block-column-is-layout-flow\">\n<div id=\"section-g29bed5\" class=\"wp-block-gutentor-e6 section-g29bed5 gutentor-element gutentor-element-image\"><div class=\"gutentor-element-image-box\"><div class=\"gutentor-image-thumb\"><img decoding=\"async\" class=\"normal-image\" src=\"https:\/\/www.esmuc.cat\/wp-content\/uploads\/2024\/04\/I-jornada-de-cors-i-grups-vocals-de-musica-moderna-1.jpg\" alt=\"I Jornada De Cors I Grups Vocals De Musica Moderna 1\" \/><\/div><\/div><\/div>\n<\/div>\n\n\n\n<div class=\"wp-block-column is-layout-flow wp-block-column-is-layout-flow\">\n<h3 class=\"wp-block-heading\">Jornada de coros y grupos vocales de m\u00fasica moderna &#8220;Ens donem veu&#8221;<\/h3>\n\n\n\n<p>La propuesta surge de la voluntad de compartir un espacio para abordar varias necesidades que algunos estudiantes de la especialidad de&nbsp;Pedagog\u00eda&nbsp;han detectado cuando se han adentrado en el terreno profesional de la direcci\u00f3n de coros de m\u00fasica moderna.<\/p>\n\n\n\n<div id=\"section-gb7a862\" class=\"wp-block-gutentor-e2 section-gb7a862 gutentor-element gutentor-element-button\"><span class=\"gutentor-button-wrap\"><a class=\"gutentor-button gutentor-block-button gutentor-icon-hide\" href=\"https:\/\/www.esmuc.cat\/ens-donem-veu-primera-jornada-de-cors-i-grups-vocals-de-musica-moderna\/\"><i class=\"gutentor-button-icon fas fa-book\"><\/i><span>&#8220;Ens donem veu&#8221; a l&#8217;ESMUC<\/span><\/a><\/span><\/div>\n<\/div>\n<\/div>\n<\/div><\/section>\n\n\n\n<section id=\"gm902ed7c\" class=\"wp-block-gutentor-m3 section-gm902ed7c gutentor-module gutentor-container-cover has-color-bg has-custom-bg\"><div class=\"grid-container\">\n<div class=\"wp-block-columns is-layout-flex wp-container-core-columns-is-layout-9d6595d7 wp-block-columns-is-layout-flex\">\n<div class=\"wp-block-column is-layout-flow wp-block-column-is-layout-flow\">\n<h3 class=\"wp-block-heading\">Mesas redondas<\/h3>\n\n\n\n<p>Las mesas redondas de la ESMUC tienen el objetivo de abrir un espacio de debate sobre diversos aspectos del mundo profesional de la m\u00fasica y la dinamizaci\u00f3n del sector.<\/p>\n<\/div>\n\n\n\n<div class=\"wp-block-column is-layout-flow wp-block-column-is-layout-flow\">\n<div id=\"section-g19624d\" class=\"wp-block-gutentor-e6 section-g19624d gutentor-element gutentor-element-image\"><div class=\"gutentor-element-image-box\"><div class=\"gutentor-image-thumb\"><img decoding=\"async\" class=\"normal-image\" src=\"https:\/\/www.esmuc.cat\/wp-content\/uploads\/2023\/08\/Taules-rodones.jpg\" alt=\"Taules Rodones\" \/><\/div><\/div><\/div>\n<\/div>\n<\/div>\n<\/div><\/section>\n\n\n\n<section id=\"g-yscws1r\" class=\"wp-block-gutentor-m3 section-g-yscws1r gutentor-module gutentor-container-cover has-color-bg has-custom-bg\"><div class=\"grid-container\">\n<div class=\"wp-block-columns is-layout-flex wp-container-core-columns-is-layout-9d6595d7 wp-block-columns-is-layout-flex\">\n<div class=\"wp-block-column is-layout-flow wp-block-column-is-layout-flow\">\n<div id=\"section-g-ey1e6hc\" class=\"wp-block-gutentor-e6 section-g-ey1e6hc gutentor-element gutentor-element-image\"><div class=\"gutentor-element-image-box\"><div class=\"gutentor-image-thumb\"><img decoding=\"async\" class=\"normal-image\" src=\"https:\/\/www.esmuc.cat\/wp-content\/uploads\/2024\/11\/GS-logo-sense-any-e1730733980413.jpeg\" \/><\/div><\/div><\/div>\n<\/div>\n\n\n\n<div class=\"wp-block-column is-layout-flow wp-block-column-is-layout-flow\">\n<h3 class=\"wp-block-heading\">Jornadas Gender Sounds<\/h3>\n\n\n\n<p>Gender Sounds es una iniciativa coordinada por el Departamento de Estudios Culturales y Musicales de la Escuela Superior de M\u00fasica de Catalu\u00f1a con el objetivo de promover el debate sobre las perspectivas de g\u00e9nero en el \u00e1mbito de la m\u00fasica, la creaci\u00f3n y la cultura contempor\u00e1neas.<\/p>\n\n\n\n<div id=\"section-g-vaavdbu\" class=\"wp-block-gutentor-e2 section-g-vaavdbu gutentor-element gutentor-element-button\"><span class=\"gutentor-button-wrap\"><a class=\"gutentor-button gutentor-block-button gutentor-icon-hide\" href=\"https:\/\/www.esmuc.cat\/estudis\/altra-oferta-formativa\/congressos-jornades-i-tallers\/jornades-gender-sounds\/\"><i class=\"gutentor-button-icon fas fa-book\"><\/i><span>+ informaci\u00f3n<\/span><\/a><\/span><\/div>\n<\/div>\n<\/div>\n<\/div><\/section>\n\n\n\n<div style=\"height:60px\" aria-hidden=\"true\" class=\"wp-block-spacer\"><\/div>\n<\/div>\n<\/div>\n","protected":false},"excerpt":{"rendered":"<p>&nbsp; Congresos, jornadas y talleres Principales eventos peri\u00f3dicos<\/p>\n","protected":false},"author":4,"featured_media":51108,"parent":84455,"menu_order":0,"comment_status":"closed","ping_status":"closed","template":"","meta":{"_acf_changed":false,"_themeisle_gutenberg_block_has_review":false,"footnotes":""},"categories":[1225],"tags":[1292,1274,1634],"class_list":["post-84426","page","type-page","status-publish","has-post-thumbnail","hentry","category-altra-oferta-formativa-es","tag-congres-es","tag-jornades-es","tag-talleres"],"acf":[],"publishpress_future_action":{"enabled":false,"date":"2026-04-19 21:15:13","action":"change-status","newStatus":"draft","terms":[],"taxonomy":"category","extraData":[]},"publishpress_future_workflow_manual_trigger":{"enabledWorkflows":[]},"_links":{"self":[{"href":"https:\/\/www.esmuc.cat\/es\/wp-json\/wp\/v2\/pages\/84426","targetHints":{"allow":["GET"]}}],"collection":[{"href":"https:\/\/www.esmuc.cat\/es\/wp-json\/wp\/v2\/pages"}],"about":[{"href":"https:\/\/www.esmuc.cat\/es\/wp-json\/wp\/v2\/types\/page"}],"author":[{"embeddable":true,"href":"https:\/\/www.esmuc.cat\/es\/wp-json\/wp\/v2\/users\/4"}],"replies":[{"embeddable":true,"href":"https:\/\/www.esmuc.cat\/es\/wp-json\/wp\/v2\/comments?post=84426"}],"version-history":[{"count":25,"href":"https:\/\/www.esmuc.cat\/es\/wp-json\/wp\/v2\/pages\/84426\/revisions"}],"predecessor-version":[{"id":118193,"href":"https:\/\/www.esmuc.cat\/es\/wp-json\/wp\/v2\/pages\/84426\/revisions\/118193"}],"up":[{"embeddable":true,"href":"https:\/\/www.esmuc.cat\/es\/wp-json\/wp\/v2\/pages\/84455"}],"wp:featuredmedia":[{"embeddable":true,"href":"https:\/\/www.esmuc.cat\/es\/wp-json\/wp\/v2\/media\/51108"}],"wp:attachment":[{"href":"https:\/\/www.esmuc.cat\/es\/wp-json\/wp\/v2\/media?parent=84426"}],"wp:term":[{"taxonomy":"category","embeddable":true,"href":"https:\/\/www.esmuc.cat\/es\/wp-json\/wp\/v2\/categories?post=84426"},{"taxonomy":"post_tag","embeddable":true,"href":"https:\/\/www.esmuc.cat\/es\/wp-json\/wp\/v2\/tags?post=84426"}],"curies":[{"name":"wp","href":"https:\/\/api.w.org\/{rel}","templated":true}]}}