{"id":83385,"date":"2023-07-07T11:59:04","date_gmt":"2023-07-07T09:59:04","guid":{"rendered":"https:\/\/www.esmuc.cat\/estudios\/"},"modified":"2025-08-06T09:37:05","modified_gmt":"2025-08-06T07:37:05","slug":"estudios","status":"publish","type":"page","link":"https:\/\/www.esmuc.cat\/es\/estudios\/","title":{"rendered":"Estudios"},"content":{"rendered":"\n<div class=\"wp-block-columns is-layout-flex wp-container-core-columns-is-layout-9d6595d7 wp-block-columns-is-layout-flex\">\n<div class=\"wp-block-column is-layout-flow wp-block-column-is-layout-flow\">\n<figure class=\"wp-block-image size-full\"><a href=\"https:\/\/www.esmuc.cat\/es\/estudios\/grau\/\"><img decoding=\"async\" width=\"1920\" height=\"1080\" src=\"https:\/\/www.esmuc.cat\/wp-content\/uploads\/2025\/08\/EEES.jpg\" alt=\"\" class=\"wp-image-111147\" srcset=\"https:\/\/www.esmuc.cat\/wp-content\/uploads\/2025\/08\/EEES.jpg 1920w, https:\/\/www.esmuc.cat\/wp-content\/uploads\/2025\/08\/EEES-300x169.jpg 300w, https:\/\/www.esmuc.cat\/wp-content\/uploads\/2025\/08\/EEES-1024x576.jpg 1024w, https:\/\/www.esmuc.cat\/wp-content\/uploads\/2025\/08\/EEES-768x432.jpg 768w, https:\/\/www.esmuc.cat\/wp-content\/uploads\/2025\/08\/EEES-1536x864.jpg 1536w\" sizes=\"(max-width: 1920px) 100vw, 1920px\" \/><\/a><figcaption class=\"wp-element-caption\"><strong>Grado en Ense\u00f1anzas Art\u00edsticas Superiores de M\u00fasica<\/strong> (EEES)<\/figcaption><\/figure>\n\n\n\n<figure class=\"wp-block-image size-full\"><a href=\"https:\/\/www.esmuc.cat\/es\/estudios\/otra-oferta-formativa\/formacio-continuada\/\"><img decoding=\"async\" width=\"1920\" height=\"1080\" src=\"https:\/\/www.esmuc.cat\/wp-content\/uploads\/2025\/08\/ALTRA-OFERTA-FORMATIVA-1.jpg\" alt=\"\" class=\"wp-image-111144\" srcset=\"https:\/\/www.esmuc.cat\/wp-content\/uploads\/2025\/08\/ALTRA-OFERTA-FORMATIVA-1.jpg 1920w, https:\/\/www.esmuc.cat\/wp-content\/uploads\/2025\/08\/ALTRA-OFERTA-FORMATIVA-1-300x169.jpg 300w, https:\/\/www.esmuc.cat\/wp-content\/uploads\/2025\/08\/ALTRA-OFERTA-FORMATIVA-1-1024x576.jpg 1024w, https:\/\/www.esmuc.cat\/wp-content\/uploads\/2025\/08\/ALTRA-OFERTA-FORMATIVA-1-768x432.jpg 768w, https:\/\/www.esmuc.cat\/wp-content\/uploads\/2025\/08\/ALTRA-OFERTA-FORMATIVA-1-1536x864.jpg 1536w\" sizes=\"(max-width: 1920px) 100vw, 1920px\" \/><\/a><figcaption class=\"wp-element-caption\">\n          <strong>Otra oferta formativa<\/strong>\n        <\/figcaption><\/figure>\n\n\n\n<p><\/p>\n<\/div>\n\n\n\n<div class=\"wp-block-column is-layout-flow wp-block-column-is-layout-flow\">\n<figure class=\"wp-block-image size-full\"><a href=\"https:\/\/www.esmuc.cat\/es\/estudios\/masters-i-postgraus\/\"><img decoding=\"async\" width=\"1920\" height=\"1080\" src=\"https:\/\/www.esmuc.cat\/wp-content\/uploads\/2025\/08\/MASTERS.jpg\" alt=\"\" class=\"wp-image-111141\" srcset=\"https:\/\/www.esmuc.cat\/wp-content\/uploads\/2025\/08\/MASTERS.jpg 1920w, https:\/\/www.esmuc.cat\/wp-content\/uploads\/2025\/08\/MASTERS-300x169.jpg 300w, https:\/\/www.esmuc.cat\/wp-content\/uploads\/2025\/08\/MASTERS-1024x576.jpg 1024w, https:\/\/www.esmuc.cat\/wp-content\/uploads\/2025\/08\/MASTERS-768x432.jpg 768w, https:\/\/www.esmuc.cat\/wp-content\/uploads\/2025\/08\/MASTERS-1536x864.jpg 1536w\" sizes=\"(max-width: 1920px) 100vw, 1920px\" \/><\/a><figcaption class=\"wp-element-caption\">\n          <strong>M\u00e1sters en ense\u00f1anzas art\u00edsticas<\/strong>\n        <\/figcaption><\/figure>\n\n\n\n<figure class=\"wp-block-image size-full\"><a href=\"https:\/\/www.esmuc.cat\/es\/lesmuc-i-projectes-internacionals\/\"><img decoding=\"async\" width=\"768\" height=\"432\" src=\"https:\/\/www.esmuc.cat\/wp-content\/uploads\/2021\/10\/Mobilitat4-1.png\" alt=\"Movilidad\" class=\"wp-image-19153\"\/><\/a><figcaption class=\"wp-element-caption\">\n          <strong>Movilidad internacional<\/strong>\n        <\/figcaption><\/figure>\n<\/div>\n<\/div>\n","protected":false},"excerpt":{"rendered":"","protected":false},"author":4,"featured_media":0,"parent":0,"menu_order":0,"comment_status":"closed","ping_status":"closed","template":"","meta":{"_acf_changed":false,"_themeisle_gutenberg_block_has_review":false,"footnotes":""},"categories":[],"tags":[1170,1171],"class_list":["post-83385","page","type-page","status-publish","hentry","tag-especialitat-es","tag-estudis-es"],"acf":[],"publishpress_future_action":{"enabled":false,"date":"2026-05-06 14:08:42","action":"change-status","newStatus":"draft","terms":[],"taxonomy":"category","extraData":[]},"publishpress_future_workflow_manual_trigger":{"enabledWorkflows":[]},"_links":{"self":[{"href":"https:\/\/www.esmuc.cat\/es\/wp-json\/wp\/v2\/pages\/83385","targetHints":{"allow":["GET"]}}],"collection":[{"href":"https:\/\/www.esmuc.cat\/es\/wp-json\/wp\/v2\/pages"}],"about":[{"href":"https:\/\/www.esmuc.cat\/es\/wp-json\/wp\/v2\/types\/page"}],"author":[{"embeddable":true,"href":"https:\/\/www.esmuc.cat\/es\/wp-json\/wp\/v2\/users\/4"}],"replies":[{"embeddable":true,"href":"https:\/\/www.esmuc.cat\/es\/wp-json\/wp\/v2\/comments?post=83385"}],"version-history":[{"count":3,"href":"https:\/\/www.esmuc.cat\/es\/wp-json\/wp\/v2\/pages\/83385\/revisions"}],"predecessor-version":[{"id":111152,"href":"https:\/\/www.esmuc.cat\/es\/wp-json\/wp\/v2\/pages\/83385\/revisions\/111152"}],"wp:attachment":[{"href":"https:\/\/www.esmuc.cat\/es\/wp-json\/wp\/v2\/media?parent=83385"}],"wp:term":[{"taxonomy":"category","embeddable":true,"href":"https:\/\/www.esmuc.cat\/es\/wp-json\/wp\/v2\/categories?post=83385"},{"taxonomy":"post_tag","embeddable":true,"href":"https:\/\/www.esmuc.cat\/es\/wp-json\/wp\/v2\/tags?post=83385"}],"curies":[{"name":"wp","href":"https:\/\/api.w.org\/{rel}","templated":true}]}}