{"id":83182,"date":"2023-07-04T14:25:33","date_gmt":"2023-07-04T12:25:33","guid":{"rendered":"https:\/\/www.esmuc.cat\/servicios\/alumni\/empresas-y-entidades\/"},"modified":"2025-02-28T13:46:05","modified_gmt":"2025-02-28T12:46:05","slug":"empresas-y-entidades","status":"publish","type":"page","link":"https:\/\/www.esmuc.cat\/es\/servicios\/alumni\/empresas-y-entidades\/","title":{"rendered":"Empresas y entidades"},"content":{"rendered":"\n<div class=\"wp-block-columns is-layout-flex wp-container-core-columns-is-layout-9d6595d7 wp-block-columns-is-layout-flex\">\n<div class=\"wp-block-column esmuc__Menu_Masters is-layout-flow wp-block-column-is-layout-flow\" style=\"flex-basis:33.33%\">\n\n\n\n\n<p><\/p>\n<\/div>\n\n\n\n<div class=\"wp-block-column is-layout-flow wp-block-column-is-layout-flow\" style=\"flex-basis:66.66%\"><div class=\"breadcrumbs align  wp-block-bcn-breadcrumb-trail has-text-color has-background\" vocab=\"https:\/\/schema.org\/\" typeof=\"BreadcrumbList\">\n\t<span><\/span>\n\t<span property=\"itemListElement\" typeof=\"ListItem\"><a property=\"item\" typeof=\"WebPage\" title=\"Ir a ESMUC.\" href=\"https:\/\/www.esmuc.cat\/es\/\" class=\"home\" ><span property=\"name\">ESMUC<\/span><\/a><meta property=\"position\" content=\"1\"><\/span> &gt; <span property=\"itemListElement\" typeof=\"ListItem\"><a property=\"item\" typeof=\"WebPage\" title=\"Ir a Servicios.\" href=\"https:\/\/www.esmuc.cat\/es\/servicios\/\" class=\"post post-page\" ><span property=\"name\">Servicios<\/span><\/a><meta property=\"position\" content=\"2\"><\/span> &gt; <span property=\"itemListElement\" typeof=\"ListItem\"><a property=\"item\" typeof=\"WebPage\" title=\"Ir a Alumni.\" href=\"https:\/\/www.esmuc.cat\/es\/servicios\/alumni\/\" class=\"post post-page\" ><span property=\"name\">Alumni<\/span><\/a><meta property=\"position\" content=\"3\"><\/span> &gt; <span property=\"itemListElement\" typeof=\"ListItem\"><span property=\"name\" class=\"post post-page current-item\">Empresas y entidades<\/span><meta property=\"url\" content=\"https:\/\/www.esmuc.cat\/es\/servicios\/alumni\/empresas-y-entidades\/\"><meta property=\"position\" content=\"4\"><\/span><\/div>\n\n\n\n<h1 class=\"wp-block-heading\">Alumni<\/h1>\n\n\n\n<div style=\"height:10px\" aria-hidden=\"true\" class=\"wp-block-spacer\"><\/div>\n\n\n\n<h2 class=\"wp-block-heading\">Empresas y entidades<\/h2>\n\n\n\n<div style=\"height:30px\" aria-hidden=\"true\" class=\"wp-block-spacer\"><\/div>\n\n\n<figure class=\"wp-block-post-featured-image\"><img decoding=\"async\" width=\"640\" height=\"360\" src=\"https:\/\/www.esmuc.cat\/wp-content\/uploads\/2023\/06\/Aina_Alumni_Premi-Ramon-Llull-16.9.jpeg\" class=\"attachment-post-thumbnail size-post-thumbnail wp-post-image\" alt=\"Aina Alumni Premi Ram\u00f3n Llull 16.9\" style=\"object-fit:cover;\" srcset=\"https:\/\/www.esmuc.cat\/wp-content\/uploads\/2023\/06\/Aina_Alumni_Premi-Ramon-Llull-16.9.jpeg 640w, https:\/\/www.esmuc.cat\/wp-content\/uploads\/2023\/06\/Aina_Alumni_Premi-Ramon-Llull-16.9-300x169.jpeg 300w\" sizes=\"(max-width: 640px) 100vw, 640px\" title=\"Aina Alumni Premi Ram\u00f3n Llull 16.9\" \/><\/figure>\n\n\n<div style=\"height:10px\" aria-hidden=\"true\" class=\"wp-block-spacer\"><\/div>\n\n\n\n<p>\u00bfEres un\/a particular, instituci\u00f3n o entidad que necesita profesionales del \u00e1mbito de la m\u00fasica?<\/p>\n\n\n\n<div id=\"section-g0ce4b6\" class=\"wp-block-gutentor-e0 section-g0ce4b6 gutentor-element gutentor-element-advanced-text\"><div class=\"gutentor-text-wrap\"><p class=\"gutentor-text\">Rellena el siguiente formulario y se derivar\u00e1 tu oferta a las personas candidatas correspondientes entre los graduados y graduadas de ESMUC, sea por \u00e1mbito o perfil profesional.&nbsp;<br><a href=\"https:\/\/forms.office.com\/Pages\/ResponsePage.aspx?id=MziA2ZQOU0WslHunsTY0a5OESmcLkRxHqKiTkeSHe_FUQTFZNkczRk1QUkNIUUU4MTNERUFRODkwNS4u\" target=\"_blank\" rel=\"noreferrer noopener\"><\/a><\/p><\/div><\/div>\n\n\n\n<div id=\"section-g523276\" class=\"wp-block-gutentor-e2 section-g523276 gutentor-element gutentor-element-button button-align-center-desktop\"><span class=\"gutentor-button-wrap\"><a class=\"gutentor-button gutentor-block-button gutentor-icon-hide\" href=\"https:\/\/forms.office.com\/e\/Xck9Xv8fjP\" target=\"_blank\" rel=\"https:\/\/forms.office.com\/Pages\/ResponsePage.aspx?id=MziA2ZQOU0WslHunsTY0a5OESmcLkRxHqKiTkeSHe_FUQTFZNkczRk1QUkNIUUU4MTNERUFRODkwNS4u noopener noreferrer\"><i class=\"gutentor-button-icon fas fa-book\"><\/i><span>Inscripci\u00f3n ofertas laborales Esmuc Alumni<\/span><\/a><\/span><\/div>\n\n\n\n<div style=\"height:30px\" aria-hidden=\"true\" class=\"wp-block-spacer\"><\/div>\n<\/div>\n<\/div>\n","protected":false},"excerpt":{"rendered":"<p>Alumni Empresas y entidades \u00bfEres un\/a particular, instituci\u00f3n o entidad que necesita profesionales del \u00e1mbito de la m\u00fasica?<\/p>\n","protected":false},"author":43,"featured_media":81606,"parent":72395,"menu_order":0,"comment_status":"closed","ping_status":"closed","template":"","meta":{"_acf_changed":false,"_themeisle_gutenberg_block_has_review":false,"footnotes":""},"categories":[1315,1621,1620],"tags":[],"class_list":["post-83182","page","type-page","status-publish","has-post-thumbnail","hentry","category-altres-serveis-es","category-alumni-es","category-servicios"],"acf":[],"publishpress_future_action":{"enabled":false,"date":"2026-04-18 14:03:40","action":"change-status","newStatus":"draft","terms":[],"taxonomy":"category","extraData":[]},"publishpress_future_workflow_manual_trigger":{"enabledWorkflows":[]},"_links":{"self":[{"href":"https:\/\/www.esmuc.cat\/es\/wp-json\/wp\/v2\/pages\/83182","targetHints":{"allow":["GET"]}}],"collection":[{"href":"https:\/\/www.esmuc.cat\/es\/wp-json\/wp\/v2\/pages"}],"about":[{"href":"https:\/\/www.esmuc.cat\/es\/wp-json\/wp\/v2\/types\/page"}],"author":[{"embeddable":true,"href":"https:\/\/www.esmuc.cat\/es\/wp-json\/wp\/v2\/users\/43"}],"replies":[{"embeddable":true,"href":"https:\/\/www.esmuc.cat\/es\/wp-json\/wp\/v2\/comments?post=83182"}],"version-history":[{"count":6,"href":"https:\/\/www.esmuc.cat\/es\/wp-json\/wp\/v2\/pages\/83182\/revisions"}],"predecessor-version":[{"id":105111,"href":"https:\/\/www.esmuc.cat\/es\/wp-json\/wp\/v2\/pages\/83182\/revisions\/105111"}],"up":[{"embeddable":true,"href":"https:\/\/www.esmuc.cat\/es\/wp-json\/wp\/v2\/pages\/72395"}],"wp:featuredmedia":[{"embeddable":true,"href":"https:\/\/www.esmuc.cat\/es\/wp-json\/wp\/v2\/media\/81606"}],"wp:attachment":[{"href":"https:\/\/www.esmuc.cat\/es\/wp-json\/wp\/v2\/media?parent=83182"}],"wp:term":[{"taxonomy":"category","embeddable":true,"href":"https:\/\/www.esmuc.cat\/es\/wp-json\/wp\/v2\/categories?post=83182"},{"taxonomy":"post_tag","embeddable":true,"href":"https:\/\/www.esmuc.cat\/es\/wp-json\/wp\/v2\/tags?post=83182"}],"curies":[{"name":"wp","href":"https:\/\/api.w.org\/{rel}","templated":true}]}}