{"id":82212,"date":"2023-06-20T14:22:28","date_gmt":"2023-06-20T12:22:28","guid":{"rendered":"https:\/\/www.esmuc.cat\/sobre-lesmuc\/qualitat\/datos-e-indicadores\/datos-e-indicadores-de-grado-acceso-y-matricula\/"},"modified":"2024-01-10T16:27:16","modified_gmt":"2024-01-10T15:27:16","slug":"datos-e-indicadores-de-grado-acceso-y-matricula","status":"publish","type":"page","link":"https:\/\/www.esmuc.cat\/es\/escuela\/sobre-lesmuc\/qualitat\/datos-e-indicadores\/datos-e-indicadores-de-grado-acceso-y-matricula\/","title":{"rendered":"Datos e indicadores de Grado: acceso y matr\u00edcula"},"content":{"rendered":"\n<div class=\"wp-block-columns is-layout-flex wp-container-core-columns-is-layout-9d6595d7 wp-block-columns-is-layout-flex\">\n<div class=\"wp-block-column esmuc__Menu_Masters is-layout-flow wp-block-column-is-layout-flow\" style=\"flex-basis:33.33%\">\n\n<\/div>\n\n\n\n<div class=\"wp-block-column is-layout-flow wp-block-column-is-layout-flow\" style=\"flex-basis:66.66%\"><div class=\"breadcrumbs align  wp-block-bcn-breadcrumb-trail has-text-color has-background\" vocab=\"https:\/\/schema.org\/\" typeof=\"BreadcrumbList\">\n\t<span><\/span>\n\t<span property=\"itemListElement\" typeof=\"ListItem\"><a property=\"item\" typeof=\"WebPage\" title=\"Ir a ESMUC.\" href=\"https:\/\/www.esmuc.cat\/es\/\" class=\"home\" ><span property=\"name\">ESMUC<\/span><\/a><meta property=\"position\" content=\"1\"><\/span> &gt; <span property=\"itemListElement\" typeof=\"ListItem\"><a property=\"item\" typeof=\"WebPage\" title=\"Ir a Escuela.\" href=\"https:\/\/www.esmuc.cat\/es\/escuela\/\" class=\"post post-page\" ><span property=\"name\">Escuela<\/span><\/a><meta property=\"position\" content=\"2\"><\/span> &gt; <span property=\"itemListElement\" typeof=\"ListItem\"><a property=\"item\" typeof=\"WebPage\" title=\"Ir a Sobre la ESMUC.\" href=\"https:\/\/www.esmuc.cat\/es\/escuela\/sobre-lesmuc\/\" class=\"post post-page\" ><span property=\"name\">Sobre la ESMUC<\/span><\/a><meta property=\"position\" content=\"3\"><\/span> &gt; <span property=\"itemListElement\" typeof=\"ListItem\"><a property=\"item\" typeof=\"WebPage\" title=\"Ir a Calidad.\" href=\"https:\/\/www.esmuc.cat\/es\/escuela\/sobre-lesmuc\/qualitat\/\" class=\"post post-page\" ><span property=\"name\">Calidad<\/span><\/a><meta property=\"position\" content=\"4\"><\/span> &gt; <span property=\"itemListElement\" typeof=\"ListItem\"><a property=\"item\" typeof=\"WebPage\" title=\"Ir a Datos e indicadores.\" href=\"https:\/\/www.esmuc.cat\/es\/escuela\/sobre-lesmuc\/qualitat\/datos-e-indicadores\/\" class=\"post post-page\" ><span property=\"name\">Datos e indicadores<\/span><\/a><meta property=\"position\" content=\"5\"><\/span> &gt; <span property=\"itemListElement\" typeof=\"ListItem\"><span property=\"name\" class=\"post post-page current-item\">Datos e indicadores de Grado: acceso y matr\u00edcula<\/span><meta property=\"url\" content=\"https:\/\/www.esmuc.cat\/es\/escuela\/sobre-lesmuc\/qualitat\/datos-e-indicadores\/datos-e-indicadores-de-grado-acceso-y-matricula\/\"><meta property=\"position\" content=\"6\"><\/span><\/div>\n\n\n\n<h2 class=\"wp-block-heading\" id=\"1-dades-i-indicadors-de-grau\">Datos e indicadores de Grado<\/h2>\n\n\n\n<h3 class=\"wp-block-heading\" id=\"2-acc%C3%A9s-i-matr%C3%ADcula\">Acceso y matr\u00edcula<\/h3>\n\n\n\n<div style=\"height:30px\" aria-hidden=\"true\" class=\"wp-block-spacer\"><\/div>\n\n\n\n<section id=\"gm0bc7565\" class=\"wp-block-gutentor-m3 section-gm0bc7565 gutentor-module gutentor-container-cover\"><div class=\"grid-container\">\n<p>Para cursar estudios superiores de m\u00fasica es obligatorio superar una prueba de acceso. La Escuela Superior de M\u00fasica de Catalu\u00f1a ofrece cada a\u00f1o 150 plazas de ingreso en los estudios de grado, distribuidas por especialidades y, dentro de la especialidad de interpretaci\u00f3n, por \u00e1mbitos y por modalidades. <\/p>\n\n\n\n<div style=\"height:20px\" aria-hidden=\"true\" class=\"wp-block-spacer\"><\/div>\n\n\n\n<section id=\"gm3435d41\" class=\"wp-block-gutentor-m3 section-gm3435d41 gutentor-module gutentor-container-cover has-color-bg has-custom-bg\"><div class=\"grid-container\">\n<h5 class=\"wp-block-heading\" id=\"3-indicadors-de-la-dimensi%C3%B3\">Indicadores de la dimensi\u00f3n<\/h5>\n\n\n\n<div id=\"section-g75a7a7\" class=\"wp-block-gutentor-e7 section-g75a7a7 gutentor-element gutentor-element-list\"><ul class=\"grid-row gutentor-grid-item-wrap list-indicator-icon\"><li class=\"gutentor-list-item grid-lg-12 grid-md-12 grid-12\"><span class=\"gutentor-single-item gutentor-single-item-0\"><span class=\"gutentor-list-item-wrap g-s-list-wrap\"><span class=\"gutentor-single-list-item-icon\"><i class=\"list-item-icon fas fa-angle-right\"><\/i><\/span><span class=\"gutentor-list-item\"><p class=\"gutentor-single-item-title\"><strong>Solicitudes<\/strong>: n\u00famero de candidatos que solicitan el ingreo a los estudios.<\/p><\/span><\/span><\/span><\/li><li class=\"gutentor-list-item grid-lg-12 grid-md-12 grid-12\"><span class=\"gutentor-single-item gutentor-single-item-1\"><span class=\"gutentor-list-item-wrap g-s-list-wrap\"><span class=\"gutentor-single-list-item-icon\"><i class=\"list-item-icon fas fa-angle-right\"><\/i><\/span><span class=\"gutentor-list-item\"><p class=\"gutentor-single-item-title\"><strong>Demanda<\/strong>: porcentaje de solicitudes por plazas ofrecidas.<\/p><\/span><\/span><\/span><\/li><li class=\"gutentor-list-item grid-lg-12 grid-md-12 grid-12\"><span class=\"gutentor-single-item gutentor-single-item-2\"><span class=\"gutentor-list-item-wrap g-s-list-wrap\"><span class=\"gutentor-single-list-item-icon\"><i class=\"list-item-icon fas fa-angle-right\"><\/i><\/span><span class=\"gutentor-list-item\"><p class=\"gutentor-single-item-title\"><strong>Aspirantes<\/strong>: n\u00famero de candidatos y candidatas que se presentan a la prueba de acceso; en caso de hacer la prueba en diferentes especialidades, una misma persona es aspirante a diferentes pruebas.<\/p><\/span><\/span><\/span><\/li><li class=\"gutentor-list-item grid-lg-12 grid-md-12 grid-12\"><span class=\"gutentor-single-item gutentor-single-item-3\"><span class=\"gutentor-list-item-wrap g-s-list-wrap\"><span class=\"gutentor-single-list-item-icon\"><i class=\"list-item-icon fas fa-angle-right\"><\/i><\/span><span class=\"gutentor-list-item\"><p class=\"gutentor-single-item-title\"><strong>Matriculados<\/strong>: candidatos admitidos que se matriculan<\/p><\/span><\/span><\/span><\/li><\/ul><\/div>\n<\/div><\/section>\n\n\n\n<div style=\"height:20px\" aria-hidden=\"true\" class=\"wp-block-spacer\"><\/div>\n\n\n\n<section id=\"gm603b7a9\" class=\"wp-block-gutentor-m3 section-gm603b7a9 gutentor-module gutentor-container-cover\"><div class=\"grid-container\">\n<div class=\"wp-block-columns is-layout-flex wp-container-core-columns-is-layout-9d6595d7 wp-block-columns-is-layout-flex\">\n<div class=\"wp-block-column is-layout-flow wp-block-column-is-layout-flow\">\n<div id=\"section-gd5715a\" class=\"wp-block-gutentor-e2 section-gd5715a gutentor-element gutentor-element-button gutentor-btn-full-desktop\"><span class=\"gutentor-button-wrap\"><a class=\"gutentor-button gutentor-block-button gutentor-icon-hide\" href=\"https:\/\/www.esmuc.cat\/escola\/sobre-lesmuc\/qualitat\/dades-i-indicadors\/dades-i-indicadors-de-grau-acces-i-matricula\/acces-i-matricula-grau-dades-generals\/\"><i class=\"gutentor-button-icon fas fa-arrow-right\"><\/i><span>Informaci\u00f3n general<\/span><\/a><\/span><\/div>\n\n\n\n<div id=\"section-ge5170e\" class=\"wp-block-gutentor-e2 section-ge5170e gutentor-element gutentor-element-button gutentor-btn-full-desktop\"><span class=\"gutentor-button-wrap\"><a class=\"gutentor-button gutentor-block-button gutentor-icon-hide\" href=\"https:\/\/www.esmuc.cat\/escola\/sobre-lesmuc\/qualitat\/dades-i-indicadors\/dades-i-indicadors-de-grau-acces-i-matricula\/dades-i-indicadors-de-grau-acces-i-matricula-direccio\/\"><i class=\"gutentor-button-icon fas fa-book\"><\/i><span>Direcci\u00f3n<\/span><\/a><\/span><\/div>\n\n\n\n<div id=\"section-g56b909\" class=\"wp-block-gutentor-e2 section-g56b909 gutentor-element gutentor-element-button gutentor-btn-full-desktop\"><span class=\"gutentor-button-wrap\"><a class=\"gutentor-button gutentor-block-button gutentor-icon-hide\" href=\"https:\/\/www.esmuc.cat\/escola\/sobre-lesmuc\/qualitat\/dades-i-indicadors\/dades-i-indicadors-de-grau-acces-i-matricula\/dades-i-indicadors-de-grau-acces-i-matricula-musicologia\/\"><i class=\"gutentor-button-icon fas fa-book\"><\/i><span>Musicolog\u00eda<\/span><\/a><\/span><\/div>\n\n\n\n<div id=\"section-g5facec\" class=\"wp-block-gutentor-e2 section-g5facec gutentor-element gutentor-element-button gutentor-btn-full-desktop\"><span class=\"gutentor-button-wrap\"><a class=\"gutentor-button gutentor-block-button gutentor-icon-hide\" href=\"https:\/\/www.esmuc.cat\/escola\/sobre-lesmuc\/qualitat\/dades-i-indicadors\/dades-i-indicadors-de-grau-acces-i-matricula\/dades-i-indicadors-de-grau-acces-i-matricula-produccio-i-gestio\/\"><i class=\"gutentor-button-icon fas fa-book\"><\/i><span>Producci\u00f3n y Gesti\u00f3n<\/span><\/a><\/span><\/div>\n<\/div>\n\n\n\n<div class=\"wp-block-column is-layout-flow wp-block-column-is-layout-flow\">\n<div id=\"section-g994957\" class=\"wp-block-gutentor-e2 section-g994957 gutentor-element gutentor-element-button gutentor-btn-full-desktop\"><span class=\"gutentor-button-wrap\"><a class=\"gutentor-button gutentor-block-button gutentor-icon-hide\" href=\"https:\/\/www.esmuc.cat\/escola\/sobre-lesmuc\/qualitat\/dades-i-indicadors\/dades-i-indicadors-de-grau-acces-i-matricula\/dades-i-indicadors-de-grau-acces-i-matricula-composicio\/\"><i class=\"gutentor-button-icon fas fa-book\"><\/i><span>Composici\u00f3n<\/span><\/a><\/span><\/div>\n\n\n\n<div id=\"section-g0ccbf9\" class=\"wp-block-gutentor-e2 section-g0ccbf9 gutentor-element gutentor-element-button gutentor-btn-full-desktop\"><span class=\"gutentor-button-wrap\"><a class=\"gutentor-button gutentor-block-button gutentor-icon-hide\" href=\"https:\/\/www.esmuc.cat\/escola\/sobre-lesmuc\/qualitat\/dades-i-indicadors\/dades-i-indicadors-de-grau-acces-i-matricula\/dades-i-indicadors-de-grau-acces-i-matricula-interpretacio\/\"><i class=\"gutentor-button-icon fas fa-book\"><\/i><span>Interpretaci\u00f3n<\/span><\/a><\/span><\/div>\n\n\n\n<div id=\"section-g810bf5\" class=\"wp-block-gutentor-e2 section-g810bf5 gutentor-element gutentor-element-button gutentor-btn-full-desktop\"><span class=\"gutentor-button-wrap\"><a class=\"gutentor-button gutentor-block-button gutentor-icon-hide\" href=\"https:\/\/www.esmuc.cat\/escola\/sobre-lesmuc\/qualitat\/dades-i-indicadors\/dades-i-indicadors-de-grau-acces-i-matricula\/dades-i-indicadors-de-grau-acces-i-matricula-pedagogia\/\"><i class=\"gutentor-button-icon fas fa-book\"><\/i><span>Pedagog\u00eda<\/span><\/a><\/span><\/div>\n\n\n\n<div id=\"section-gdc8960\" class=\"wp-block-gutentor-e2 section-gdc8960 gutentor-element gutentor-element-button gutentor-btn-full-desktop\"><span class=\"gutentor-button-wrap\"><a class=\"gutentor-button gutentor-block-button gutentor-icon-hide\" href=\"https:\/\/www.esmuc.cat\/escola\/sobre-lesmuc\/qualitat\/dades-i-indicadors\/dades-i-indicadors-de-grau-acces-i-matricula\/dades-i-indicadors-de-grau-acces-i-matricula-sonologia\/\"><i class=\"gutentor-button-icon fas fa-book\"><\/i><span>Sonolog\u00eda<\/span><\/a><\/span><\/div>\n<\/div>\n<\/div>\n\n\n\n<p><\/p>\n<\/div><\/section>\n<\/div><\/section>\n<\/div>\n<\/div>\n","protected":false},"excerpt":{"rendered":"<p>Datos e indicadores de Grado Acceso y matr\u00edcula<\/p>\n","protected":false},"author":4,"featured_media":82063,"parent":82204,"menu_order":0,"comment_status":"closed","ping_status":"closed","template":"","meta":{"_acf_changed":false,"_themeisle_gutenberg_block_has_review":false,"footnotes":""},"categories":[1133,923],"tags":[1606],"class_list":["post-82212","page","type-page","status-publish","has-post-thumbnail","hentry","category-grau-es","category-sobre-lesmuc-es","tag-avaluacio-de-qualitat-es"],"acf":[],"publishpress_future_action":{"enabled":false,"date":"2026-04-12 17:25:58","action":"change-status","newStatus":"draft","terms":[],"taxonomy":"category","extraData":[]},"publishpress_future_workflow_manual_trigger":{"enabledWorkflows":[]},"_links":{"self":[{"href":"https:\/\/www.esmuc.cat\/es\/wp-json\/wp\/v2\/pages\/82212","targetHints":{"allow":["GET"]}}],"collection":[{"href":"https:\/\/www.esmuc.cat\/es\/wp-json\/wp\/v2\/pages"}],"about":[{"href":"https:\/\/www.esmuc.cat\/es\/wp-json\/wp\/v2\/types\/page"}],"author":[{"embeddable":true,"href":"https:\/\/www.esmuc.cat\/es\/wp-json\/wp\/v2\/users\/4"}],"replies":[{"embeddable":true,"href":"https:\/\/www.esmuc.cat\/es\/wp-json\/wp\/v2\/comments?post=82212"}],"version-history":[{"count":13,"href":"https:\/\/www.esmuc.cat\/es\/wp-json\/wp\/v2\/pages\/82212\/revisions"}],"predecessor-version":[{"id":89578,"href":"https:\/\/www.esmuc.cat\/es\/wp-json\/wp\/v2\/pages\/82212\/revisions\/89578"}],"up":[{"embeddable":true,"href":"https:\/\/www.esmuc.cat\/es\/wp-json\/wp\/v2\/pages\/82204"}],"wp:featuredmedia":[{"embeddable":true,"href":"https:\/\/www.esmuc.cat\/es\/wp-json\/wp\/v2\/media\/82063"}],"wp:attachment":[{"href":"https:\/\/www.esmuc.cat\/es\/wp-json\/wp\/v2\/media?parent=82212"}],"wp:term":[{"taxonomy":"category","embeddable":true,"href":"https:\/\/www.esmuc.cat\/es\/wp-json\/wp\/v2\/categories?post=82212"},{"taxonomy":"post_tag","embeddable":true,"href":"https:\/\/www.esmuc.cat\/es\/wp-json\/wp\/v2\/tags?post=82212"}],"curies":[{"name":"wp","href":"https:\/\/api.w.org\/{rel}","templated":true}]}}