{"id":82204,"date":"2023-06-20T14:13:46","date_gmt":"2023-06-20T12:13:46","guid":{"rendered":"https:\/\/www.esmuc.cat\/sobre-lesmuc\/qualitat\/datos-e-indicadores\/"},"modified":"2025-11-06T10:50:14","modified_gmt":"2025-11-06T09:50:14","slug":"datos-e-indicadores","status":"publish","type":"page","link":"https:\/\/www.esmuc.cat\/es\/escuela\/sobre-lesmuc\/qualitat\/datos-e-indicadores\/","title":{"rendered":"Datos e indicadores"},"content":{"rendered":"\n<div class=\"wp-block-columns is-layout-flex wp-container-core-columns-is-layout-9d6595d7 wp-block-columns-is-layout-flex\">\n<div class=\"wp-block-column esmuc__Menu_Masters is-layout-flow wp-block-column-is-layout-flow\" style=\"flex-basis:33.33%\">\n\n<\/div>\n\n\n\n<div class=\"wp-block-column is-layout-flow wp-block-column-is-layout-flow\" style=\"flex-basis:66.66%\"><div class=\"breadcrumbs align  wp-block-bcn-breadcrumb-trail has-text-color has-background\" vocab=\"https:\/\/schema.org\/\" typeof=\"BreadcrumbList\">\n\t<span><\/span>\n\t<span property=\"itemListElement\" typeof=\"ListItem\"><a property=\"item\" typeof=\"WebPage\" title=\"Ir a ESMUC.\" href=\"https:\/\/www.esmuc.cat\/es\/\" class=\"home\" ><span property=\"name\">ESMUC<\/span><\/a><meta property=\"position\" content=\"1\"><\/span> &gt; <span property=\"itemListElement\" typeof=\"ListItem\"><a property=\"item\" typeof=\"WebPage\" title=\"Ir a Escuela.\" href=\"https:\/\/www.esmuc.cat\/es\/escuela\/\" class=\"post post-page\" ><span property=\"name\">Escuela<\/span><\/a><meta property=\"position\" content=\"2\"><\/span> &gt; <span property=\"itemListElement\" typeof=\"ListItem\"><a property=\"item\" typeof=\"WebPage\" title=\"Ir a Sobre la ESMUC.\" href=\"https:\/\/www.esmuc.cat\/es\/escuela\/sobre-lesmuc\/\" class=\"post post-page\" ><span property=\"name\">Sobre la ESMUC<\/span><\/a><meta property=\"position\" content=\"3\"><\/span> &gt; <span property=\"itemListElement\" typeof=\"ListItem\"><a property=\"item\" typeof=\"WebPage\" title=\"Ir a Calidad.\" href=\"https:\/\/www.esmuc.cat\/es\/escuela\/sobre-lesmuc\/qualitat\/\" class=\"post post-page\" ><span property=\"name\">Calidad<\/span><\/a><meta property=\"position\" content=\"4\"><\/span> &gt; <span property=\"itemListElement\" typeof=\"ListItem\"><span property=\"name\" class=\"post post-page current-item\">Datos e indicadores<\/span><meta property=\"url\" content=\"https:\/\/www.esmuc.cat\/es\/escuela\/sobre-lesmuc\/qualitat\/datos-e-indicadores\/\"><meta property=\"position\" content=\"5\"><\/span><\/div>\n\n\n\n<h1 class=\"wp-block-heading\" id=\"1-dades-i-indicadors\">Datos e indicadores<\/h1>\n\n\n\n<div style=\"height:30px\" aria-hidden=\"true\" class=\"wp-block-spacer\"><\/div>\n\n\n\n<p>Los datos y los indicadores de las titulaciones son una herramienta de apoyo para el seguimiento y acreditaci\u00f3n de los estudios que conforman el Sistema Universitario de Catalu\u00f1a, dentro del <a href=\"https:\/\/www.ehea.info\/index.php\" target=\"_blank\" rel=\"noreferrer noopener\">Espacio Europeo de Ense\u00f1anzas Superiores<\/a>. Los fija y define la <a href=\"https:\/\/www.aqu.cat\/\" target=\"_blank\" rel=\"noreferrer noopener\">AQU<\/a>. Su estudio y an\u00e1lisis garantiza la calidad de las titulaciones y facilita su mejora continua, en el Marco de Verificaci\u00f3n, Seguimiento, Modificaci\u00f3n y Acreditaci\u00f3n. <\/p>\n\n\n\n<p>Se organizan en cinco dimensiones distintas: acceso y matr\u00edcula, profesorado, pr\u00e1cticas externas y movilidad, satisfacci\u00f3n y resultados acad\u00e9micos.<\/p>\n\n\n\n<section id=\"gm3711aac\" class=\"wp-block-gutentor-m3 section-gm3711aac gutentor-module gutentor-container-cover\"><div class=\"grid-container\">\n<section id=\"ff8667\" class=\"section-ff8667 gutentor-module gutentor-module-accordion\"><div class=\"grid-container\">\n<div id=\"93f9b4\" class=\"wp-block-gutentor-m6-item section-93f9b4 gutentor-module gutentor-module-accordion-item\"><div class=\"gutentor-module-accordion-panel g-a-panel-ff8667\"><div class=\"gm-ah-ff8667 gutentor-module-accordion-item-heading gutentor-module-icon-position-right\"><span class=\"gutentor-module-accordion-panel-handler\" role=\"button\"><span class=\"gutentor-module-accordion-panel-handler-label\">Datos e indicadores de Grado<\/span><span class=\"gutentor-module-accordion-icon\"><i class=\"gm-aio-ff8667 gutentor-module-accordion-icon-open fas fa-plus\"><\/i><i class=\"gm-aic-ff8667 gutentor-module-accordion-icon-close fas fa-minus\"><\/i><\/span><\/span><\/div><div class=\"gm-ab-ff8667 gutentor-module-accordion-body\">\n<div id=\"section-gbf4afb\" class=\"wp-block-gutentor-e7 section-gbf4afb gutentor-element gutentor-element-list text-align-left-desktop\"><ul class=\"grid-row gutentor-grid-item-wrap list-indicator-icon\"><li class=\"gutentor-list-item grid-lg-12 grid-md-12 grid-12\"><span class=\"gutentor-single-item gutentor-single-item-0\"><span class=\"gutentor-list-item-wrap g-s-list-wrap\"><span class=\"gutentor-single-list-item-icon\"><i class=\"list-item-icon fas fa-arrow-right\"><\/i><\/span><span class=\"gutentor-list-item\"><p class=\"gutentor-single-item-title\"><a href=\"https:\/\/www.esmuc.cat\/es\/sobre-lesmuc\/qualitat\/datos-e-indicadores\/datos-e-indicadores-de-grado-acceso-y-matricula\/\">Acceso y matr\u00edcula<\/a><\/p><\/span><\/span><\/span><\/li><li class=\"gutentor-list-item grid-lg-12 grid-md-12 grid-12\"><span class=\"gutentor-single-item gutentor-single-item-1\"><span class=\"gutentor-list-item-wrap g-s-list-wrap\"><span class=\"gutentor-single-list-item-icon\"><i class=\"list-item-icon fas fa-arrow-right\"><\/i><\/span><span class=\"gutentor-list-item\"><p class=\"gutentor-single-item-title\"><a href=\"https:\/\/www.esmuc.cat\/es\/sobre-lesmuc\/qualitat\/datos-e-indicadores\/dades-i-indicadors-de-grau-professorat\/\">Profesorado<\/a><\/p><\/span><\/span><\/span><\/li><li class=\"gutentor-list-item grid-lg-12 grid-md-12 grid-12\"><span class=\"gutentor-single-item gutentor-single-item-2\"><span class=\"gutentor-list-item-wrap g-s-list-wrap\"><span class=\"gutentor-single-list-item-icon\"><i class=\"list-item-icon fas fa-arrow-right\"><\/i><\/span><span class=\"gutentor-list-item\"><p class=\"gutentor-single-item-title\">Pr\u00e1cticas externas y movilidad<\/p><\/span><\/span><\/span><\/li><li class=\"gutentor-list-item grid-lg-12 grid-md-12 grid-12\"><span class=\"gutentor-single-item gutentor-single-item-3\"><span class=\"gutentor-list-item-wrap g-s-list-wrap\"><span class=\"gutentor-single-list-item-icon\"><i class=\"list-item-icon fas fa-arrow-right\"><\/i><\/span><span class=\"gutentor-list-item\"><p class=\"gutentor-single-item-title\"><a href=\"https:\/\/www.esmuc.cat\/es\/sobre-lesmuc\/qualitat\/datos-e-indicadores\/enquestes-de-satisfaccio\/\">Satisfacci\u00f3n<\/a><\/p><\/span><\/span><\/span><\/li><li class=\"gutentor-list-item grid-lg-12 grid-md-12 grid-12\"><span class=\"gutentor-single-item gutentor-single-item-4\"><span class=\"gutentor-list-item-wrap g-s-list-wrap\"><span class=\"gutentor-single-list-item-icon\"><i class=\"list-item-icon fas fa-arrow-right\"><\/i><\/span><span class=\"gutentor-list-item\"><p class=\"gutentor-single-item-title\"><a href=\"https:\/\/www.esmuc.cat\/es\/sobre-lesmuc\/qualitat\/datos-e-indicadores\/datos-e-indicadores-de-grado-resultados-del-aprendizaje\/\">Resultados acad\u00e9micos<\/a><\/p><\/span><\/span><\/span><\/li><\/ul><\/div>\n<\/div><\/div><\/div>\n\n\n\n<div id=\"8f9d04\" class=\"wp-block-gutentor-m6-item section-8f9d04 gutentor-module gutentor-module-accordion-item\"><div class=\"gutentor-module-accordion-panel g-a-panel-ff8667\"><div class=\"gm-ah-ff8667 gutentor-module-accordion-item-heading gutentor-module-icon-position-right\"><span class=\"gutentor-module-accordion-panel-handler\" role=\"button\"><span class=\"gutentor-module-accordion-panel-handler-label\">Datos e indicadores de M\u00e1ster<\/span><span class=\"gutentor-module-accordion-icon\"><i class=\"gm-aio-ff8667 gutentor-module-accordion-icon-open fas fa-plus\"><\/i><i class=\"gm-aic-ff8667 gutentor-module-accordion-icon-close fas fa-minus\"><\/i><\/span><\/span><\/div><div class=\"gm-ab-ff8667 gutentor-module-accordion-body\">\n<div id=\"section-g1642ec\" class=\"wp-block-gutentor-e7 section-g1642ec gutentor-element gutentor-element-list text-align-left-desktop\"><ul class=\"grid-row gutentor-grid-item-wrap list-indicator-icon\"><li class=\"gutentor-list-item grid-lg-12 grid-md-12 grid-12\"><span class=\"gutentor-single-item gutentor-single-item-0\"><span class=\"gutentor-list-item-wrap g-s-list-wrap\"><span class=\"gutentor-single-list-item-icon\"><i class=\"list-item-icon fas fa-arrow-right\"><\/i><\/span><span class=\"gutentor-list-item\"><p class=\"gutentor-single-item-title\"><a href=\"https:\/\/www.esmuc.cat\/es\/sobre-lesmuc\/qualitat\/datos-e-indicadores\/datos-e-indicadores-de-master-acceso-y-matricula\/\">Acceso y matr\u00edcula<\/a><\/p><\/span><\/span><\/span><\/li><li class=\"gutentor-list-item grid-lg-12 grid-md-12 grid-12\"><span class=\"gutentor-single-item gutentor-single-item-1\"><span class=\"gutentor-list-item-wrap g-s-list-wrap\"><span class=\"gutentor-single-list-item-icon\"><i class=\"list-item-icon fas fa-arrow-right\"><\/i><\/span><span class=\"gutentor-list-item\"><p class=\"gutentor-single-item-title\"><a href=\"https:\/\/www.esmuc.cat\/es\/sobre-lesmuc\/qualitat\/datos-e-indicadores\/datos-e-indicadores-de-master-profesorado\/\">Profesorado<\/a><\/p><\/span><\/span><\/span><\/li><li class=\"gutentor-list-item grid-lg-12 grid-md-12 grid-12\"><span class=\"gutentor-single-item gutentor-single-item-2\"><span class=\"gutentor-list-item-wrap g-s-list-wrap\"><span class=\"gutentor-single-list-item-icon\"><i class=\"list-item-icon fas fa-arrow-right\"><\/i><\/span><span class=\"gutentor-list-item\"><p class=\"gutentor-single-item-title\">Pr\u00e1cticas externas y movilidad<\/p><\/span><\/span><\/span><\/li><li class=\"gutentor-list-item grid-lg-12 grid-md-12 grid-12\"><span class=\"gutentor-single-item gutentor-single-item-3\"><span class=\"gutentor-list-item-wrap g-s-list-wrap\"><span class=\"gutentor-single-list-item-icon\"><i class=\"list-item-icon fas fa-arrow-right\"><\/i><\/span><span class=\"gutentor-list-item\"><p class=\"gutentor-single-item-title\">Satisfacci\u00f3n<\/p><\/span><\/span><\/span><\/li><li class=\"gutentor-list-item grid-lg-12 grid-md-12 grid-12\"><span class=\"gutentor-single-item gutentor-single-item-4\"><span class=\"gutentor-list-item-wrap g-s-list-wrap\"><span class=\"gutentor-single-list-item-icon\"><i class=\"list-item-icon fas fa-arrow-right\"><\/i><\/span><span class=\"gutentor-list-item\"><p class=\"gutentor-single-item-title\"><a href=\"https:\/\/www.esmuc.cat\/es\/sobre-lesmuc\/qualitat\/datos-e-indicadores\/datos-e-indicadores-de-master-resultados-del-aprendizaje\/\">Resultados acad\u00e9micos<\/a><\/p><\/span><\/span><\/span><\/li><\/ul><\/div>\n<\/div><\/div><\/div>\n<\/div><\/section>\n<\/div><\/section>\n<\/div>\n<\/div>\n","protected":false},"excerpt":{"rendered":"<p>Datos e indicadores Los datos y los indicadores de las titulaciones son una herramienta de apoyo para el seguimiento y acreditaci\u00f3n de los estudios que conforman el Sistema Universitario de Catalu\u00f1a, dentro del Espacio Europeo de Ense\u00f1anzas Superiores. Los fija y define la AQU. Su estudio y an\u00e1lisis garantiza la calidad de las titulaciones y [&hellip;]<\/p>\n","protected":false},"author":4,"featured_media":82063,"parent":47388,"menu_order":0,"comment_status":"closed","ping_status":"closed","template":"","meta":{"_acf_changed":false,"_themeisle_gutenberg_block_has_review":false,"footnotes":""},"categories":[923],"tags":[1606],"class_list":["post-82204","page","type-page","status-publish","has-post-thumbnail","hentry","category-sobre-lesmuc-es","tag-avaluacio-de-qualitat-es"],"acf":[],"publishpress_future_action":{"enabled":false,"date":"2026-05-07 01:43:39","action":"change-status","newStatus":"draft","terms":[],"taxonomy":"category","extraData":[]},"publishpress_future_workflow_manual_trigger":{"enabledWorkflows":[]},"_links":{"self":[{"href":"https:\/\/www.esmuc.cat\/es\/wp-json\/wp\/v2\/pages\/82204","targetHints":{"allow":["GET"]}}],"collection":[{"href":"https:\/\/www.esmuc.cat\/es\/wp-json\/wp\/v2\/pages"}],"about":[{"href":"https:\/\/www.esmuc.cat\/es\/wp-json\/wp\/v2\/types\/page"}],"author":[{"embeddable":true,"href":"https:\/\/www.esmuc.cat\/es\/wp-json\/wp\/v2\/users\/4"}],"replies":[{"embeddable":true,"href":"https:\/\/www.esmuc.cat\/es\/wp-json\/wp\/v2\/comments?post=82204"}],"version-history":[{"count":11,"href":"https:\/\/www.esmuc.cat\/es\/wp-json\/wp\/v2\/pages\/82204\/revisions"}],"predecessor-version":[{"id":113748,"href":"https:\/\/www.esmuc.cat\/es\/wp-json\/wp\/v2\/pages\/82204\/revisions\/113748"}],"up":[{"embeddable":true,"href":"https:\/\/www.esmuc.cat\/es\/wp-json\/wp\/v2\/pages\/47388"}],"wp:featuredmedia":[{"embeddable":true,"href":"https:\/\/www.esmuc.cat\/es\/wp-json\/wp\/v2\/media\/82063"}],"wp:attachment":[{"href":"https:\/\/www.esmuc.cat\/es\/wp-json\/wp\/v2\/media?parent=82204"}],"wp:term":[{"taxonomy":"category","embeddable":true,"href":"https:\/\/www.esmuc.cat\/es\/wp-json\/wp\/v2\/categories?post=82204"},{"taxonomy":"post_tag","embeddable":true,"href":"https:\/\/www.esmuc.cat\/es\/wp-json\/wp\/v2\/tags?post=82204"}],"curies":[{"name":"wp","href":"https:\/\/api.w.org\/{rel}","templated":true}]}}