{"id":73831,"date":"2023-02-08T16:53:38","date_gmt":"2023-02-08T15:53:38","guid":{"rendered":"https:\/\/www.esmuc.cat\/biblioteca-crai\/perspectiva-de-genere\/"},"modified":"2023-03-06T16:56:37","modified_gmt":"2023-03-06T15:56:37","slug":"inclusion","status":"publish","type":"page","link":"https:\/\/www.esmuc.cat\/es\/servicios\/biblioteca-crai\/inclusion\/","title":{"rendered":"Inclusi\u00f3n"},"content":{"rendered":"\n<h2 class=\"wp-block-heading\">Biblioteca-CRAi m\u00e1s inclusiva<\/h2>\n\n\n<section class=\"gutentor-post-module section-77cbe924-b748-4b5d-bef1-6141515667de gutentor-post-module-p1 gutentor_p1_template1 wp-block-gutentor-p1 esmuc__noticias_slider  g-pos-r-desktop g-pos-d-tablet g-pos-d-mobile g-pos-h-c-desktop gutentor-blog-grid\" id=\"77cbe924-b748-4b5d-bef1-6141515667de\" data-gbid=\"77cbe924-b748-4b5d-bef1-6141515667de\">\n<div class='grid-container'><div class='grid-row'><article class='gutentor-post  grid-md-4 grid-sm-4 grid-xs-12'><div class='gutentor-post-item'><div class='gutentor-post-image-box'><div class=\"gutentor-image-thumb\"><img decoding=\"async\" width=\"300\" height=\"162\" src=\"https:\/\/www.esmuc.cat\/wp-content\/uploads\/2023\/03\/DatabaseLaunch-1-300x162.png\" class=\"attachment-medium size-medium wp-post-image\" alt=\"Database_compositores\" title=\"Database_compositores\" \/><\/div><\/div><div class=\"gutentor-post-title-data-wrap\"><h3 class=\"gutentor-post-title\"><a href=\"https:\/\/www.esmuc.cat\/es\/boulanger-base-de-datos-de-repertorio-de-compositoras\/\" rel=\"bookmark\">Boulanger: Base de datos de repertorio de compositoras<\/a><\/h3><\/div><div class=\"gutentor-post-desc\">El pr\u00f3ximo 13 de marzo la Fundaci\u00f3n Boulanger har\u00e1 la presentaci\u00f3n oficial de la base de datos abier&hellip;<\/div><a class=\"gutentor-button gutentor-post-button\" href=\"https:\/\/www.esmuc.cat\/es\/boulanger-base-de-datos-de-repertorio-de-compositoras\/\"><span>M\u00e1s informaci\u00f3n<\/span><\/a><\/div><\/article><article class='gutentor-post  grid-md-4 grid-sm-4 grid-xs-12'><div class='gutentor-post-item'><div class='gutentor-post-image-box'><div class=\"gutentor-image-thumb\"><img decoding=\"async\" width=\"300\" height=\"225\" src=\"https:\/\/www.esmuc.cat\/wp-content\/uploads\/2025\/03\/IMG_8320-1-300x225.jpg\" class=\"attachment-medium size-medium wp-post-image\" alt=\"IMG_8320\" title=\"IMG_8320\" \/><\/div><\/div><div class=\"gutentor-post-title-data-wrap\"><h3 class=\"gutentor-post-title\"><a href=\"https:\/\/www.esmuc.cat\/es\/mujeres-musicas-nueva-exposicion-en-la-biblioteca-crai-de-la-esmuc\/\" rel=\"bookmark\">Mujeres m\u00fasicas, nueva exposici\u00f3n en la Biblioteca-CRAI de la ESMUC.<\/a><\/h3><\/div><div class=\"gutentor-post-desc\">Mujeres m\u00fasicas, nueva exposici\u00f3n.\n\nCon motivo de la celebraci\u00f3n del D\u00eda Internacional de las Mujere&hellip;<\/div><a class=\"gutentor-button gutentor-post-button\" href=\"https:\/\/www.esmuc.cat\/es\/mujeres-musicas-nueva-exposicion-en-la-biblioteca-crai-de-la-esmuc\/\"><span>M\u00e1s informaci\u00f3n<\/span><\/a><\/div><\/article><article class='gutentor-post  grid-md-4 grid-sm-4 grid-xs-12'><div class='gutentor-post-item'><div class='gutentor-post-image-box'><div class=\"gutentor-image-thumb\"><img decoding=\"async\" width=\"300\" height=\"201\" src=\"https:\/\/www.esmuc.cat\/wp-content\/uploads\/2025\/03\/GettyImages-1372357290-300x201.jpg\" class=\"attachment-medium size-medium wp-post-image\" alt=\"Raised purple fist of a woman for international women&#039;s day and the feminist movement. March 8 for feminism, independence, freedom, empowerment, and activism for women rights\" title=\"Raised purple fist of a woman for international women&#039;s day and the feminist movement. March 8 for feminism, independence, freedom, empowerment, and activism for women rights\" \/><\/div><\/div><div class=\"gutentor-post-title-data-wrap\"><h3 class=\"gutentor-post-title\"><a href=\"https:\/\/www.esmuc.cat\/es\/8m-en-la-biblioteca-crai-directoras-de-orquesta\/\" rel=\"bookmark\">8M en la Biblioteca-CRAI: Directoras de orquesta<\/a><\/h3><\/div><div class=\"gutentor-post-desc\">8M en la Biblioteca-CRAI: Directoras de orquesta\n\nEste mes se celebra el D\u00eda Internacional de las Mu&hellip;<\/div><a class=\"gutentor-button gutentor-post-button\" href=\"https:\/\/www.esmuc.cat\/es\/8m-en-la-biblioteca-crai-directoras-de-orquesta\/\"><span>M\u00e1s informaci\u00f3n<\/span><\/a><\/div><\/article><article class='gutentor-post  grid-md-4 grid-sm-4 grid-xs-12'><div class='gutentor-post-item'><div class='gutentor-post-image-box'><div class=\"gutentor-image-thumb\"><img decoding=\"async\" width=\"300\" height=\"169\" src=\"https:\/\/www.esmuc.cat\/wp-content\/uploads\/2024\/03\/En-linia-1-300x169.jpg\" class=\"attachment-medium size-medium wp-post-image\" alt=\"En linia (1)\" title=\"En linia (1)\" \/><\/div><\/div><div class=\"gutentor-post-title-data-wrap\"><h3 class=\"gutentor-post-title\"><a href=\"https:\/\/www.esmuc.cat\/es\/exposicion-digital-victoria-de-los-angeles-y-alicia-de-larrocha-100-anos-de-voz-y-piano\/\" rel=\"bookmark\">Exposici\u00f3n digital Victoria de los \u00c1ngeles y Alicia de Larrocha: 100 a\u00f1os de voz y piano<\/a><\/h3><\/div><div class=\"gutentor-post-desc\">Ya tiene disponible la versi\u00f3n digital de la \u00faltima exposici\u00f3n de la Biblioteca-CRAI de la ESMUC: Vi&hellip;<\/div><a class=\"gutentor-button gutentor-post-button\" href=\"https:\/\/www.esmuc.cat\/es\/exposicion-digital-victoria-de-los-angeles-y-alicia-de-larrocha-100-anos-de-voz-y-piano\/\"><span>M\u00e1s informaci\u00f3n<\/span><\/a><\/div><\/article><article class='gutentor-post  grid-md-4 grid-sm-4 grid-xs-12'><div class='gutentor-post-item'><div class='gutentor-post-image-box'><div class=\"gutentor-image-thumb\"><img decoding=\"async\" width=\"300\" height=\"169\" src=\"https:\/\/www.esmuc.cat\/wp-content\/uploads\/2024\/04\/Sello-CCB-imatge-destacada-300x169.png\" class=\"attachment-medium size-medium wp-post-image\" alt=\"Sello CCB imatge destacada\" title=\"Sello CCB imatge destacada\" \/><\/div><\/div><div class=\"gutentor-post-title-data-wrap\"><h3 class=\"gutentor-post-title\"><a href=\"https:\/\/www.esmuc.cat\/es\/la-biblioteca-crai-reconocida-con-la-distincion-sello-ccb-2023\/\" rel=\"bookmark\">La Biblioteca-CRAI reconocida con la Distinci\u00f3n Sello CCB 2023<\/a><\/h3><\/div><div class=\"gutentor-post-desc\">La Biblioteca-CRAI de la ESMUC ha quedado finalista en la VII Convocatoria de la Distinci\u00f3n Sello de&hellip;<\/div><a class=\"gutentor-button gutentor-post-button\" href=\"https:\/\/www.esmuc.cat\/es\/la-biblioteca-crai-reconocida-con-la-distincion-sello-ccb-2023\/\"><span>M\u00e1s informaci\u00f3n<\/span><\/a><\/div><\/article><article class='gutentor-post  grid-md-4 grid-sm-4 grid-xs-12'><div class='gutentor-post-item'><div class='gutentor-post-image-box'><div class=\"gutentor-image-thumb\"><img decoding=\"async\" width=\"300\" height=\"169\" src=\"https:\/\/www.esmuc.cat\/wp-content\/uploads\/2024\/04\/En-linia-300x169.png\" class=\"attachment-medium size-medium wp-post-image\" alt=\"En linia\" title=\"En linia\" \/><\/div><\/div><div class=\"gutentor-post-title-data-wrap\"><h3 class=\"gutentor-post-title\"><a href=\"https:\/\/www.esmuc.cat\/es\/victoria-de-los-angeles-y-alicia-de-larrocha-100-anos-de-voz-y-piano\/\" rel=\"bookmark\">Victoria de los \u00c1ngeles y Alicia de Larrocha: 100 a\u00f1os de voz y piano<\/a><\/h3><\/div><div class=\"gutentor-post-desc\">Ya pod\u00e9is ver la \u00faltima exposici\u00f3n de la Biblioteca-CRAI de l&#8217;ESMUC sobre Victoria de los \u00c1ngeles i &hellip;<\/div><a class=\"gutentor-button gutentor-post-button\" href=\"https:\/\/www.esmuc.cat\/es\/victoria-de-los-angeles-y-alicia-de-larrocha-100-anos-de-voz-y-piano\/\"><span>M\u00e1s informaci\u00f3n<\/span><\/a><\/div><\/article><article class='gutentor-post  grid-md-4 grid-sm-4 grid-xs-12'><div class='gutentor-post-item'><div class='gutentor-post-image-box'><div class=\"gutentor-image-thumb\"><img decoding=\"async\" width=\"207\" height=\"300\" src=\"https:\/\/www.esmuc.cat\/wp-content\/uploads\/2023\/06\/Cartel-A3-207x300.jpg\" class=\"attachment-medium size-medium wp-post-image\" alt=\"Cartel A3\" title=\"Cartel A3\" \/><\/div><\/div><div class=\"gutentor-post-title-data-wrap\"><h3 class=\"gutentor-post-title\"><a href=\"https:\/\/www.esmuc.cat\/es\/exposicion-digital-callas-alla-norma\/\" rel=\"bookmark\">Exposici\u00f3n digital Callas alla Norma<\/a><\/h3><\/div><div class=\"gutentor-post-desc\">Exposici\u00f3n digital Callas alla Norma\n\n\n\nYa ten\u00e9is disponible la versi\u00f3n digital de la \u00faltima exposic&hellip;<\/div><a class=\"gutentor-button gutentor-post-button\" href=\"https:\/\/www.esmuc.cat\/es\/exposicion-digital-callas-alla-norma\/\"><span>M\u00e1s informaci\u00f3n<\/span><\/a><\/div><\/article><article class='gutentor-post  grid-md-4 grid-sm-4 grid-xs-12'><div class='gutentor-post-item'><div class='gutentor-post-image-box'><div class=\"gutentor-image-thumb\"><img decoding=\"async\" width=\"300\" height=\"163\" src=\"https:\/\/www.esmuc.cat\/wp-content\/uploads\/2023\/06\/CATALOGO_AMM_IMAGEN_RRSS-300x163.jpg\" class=\"attachment-medium size-medium wp-post-image\" alt=\"CATALOGO_AMM_IMAGEN_RRSS\" title=\"CATALOGO_AMM_IMAGEN_RRSS\" \/><\/div><\/div><div class=\"gutentor-post-title-data-wrap\"><h3 class=\"gutentor-post-title\"><a href=\"https:\/\/www.esmuc.cat\/es\/catalogo-amm-de-obras-de-compositoras\/\" rel=\"bookmark\">Cat\u00e1logo AMM de obras de compositoras<\/a><\/h3><\/div><div class=\"gutentor-post-desc\">El cat\u00e1logo AMM de obras de compositoras recoge composiciones realizadas por mujeres y recoge las ca&hellip;<\/div><a class=\"gutentor-button gutentor-post-button\" href=\"https:\/\/www.esmuc.cat\/es\/catalogo-amm-de-obras-de-compositoras\/\"><span>M\u00e1s informaci\u00f3n<\/span><\/a><\/div><\/article><article class='gutentor-post  grid-md-4 grid-sm-4 grid-xs-12'><div class='gutentor-post-item'><div class='gutentor-post-image-box'><div class=\"gutentor-image-thumb\"><img decoding=\"async\" width=\"300\" height=\"135\" src=\"https:\/\/www.esmuc.cat\/wp-content\/uploads\/2023\/03\/GenderSoundsII-1-300x135.jpg\" class=\"attachment-medium size-medium wp-post-image\" alt=\"GenderSoundsII\" title=\"GenderSoundsII\" \/><\/div><\/div><div class=\"gutentor-post-title-data-wrap\"><h3 class=\"gutentor-post-title\"><a href=\"https:\/\/www.esmuc.cat\/es\/sesion-el-que-no-es-veu-no-existeix-visibilitzacio-de-les-dones-a-la-biblioteca-crai-de-lesmuc-a-las-jornadas-gender-sounds-ii\/\" rel=\"bookmark\">Sesi\u00f3n &#8220;El que no es veu no existeix: visibilitzaci\u00f3 de les dones a la Biblioteca-CRAI de l\u2019ESMUC&#8221; a las jornadas Gender Sounds II<\/a><\/h3><\/div><div class=\"gutentor-post-desc\">Sesi\u00f3n &#8220;El que no es veu no existeix: visibilitzaci\u00f3 de les dones a la Biblioteca-CRAI de l&#8217;ESMUC&#8221; a&hellip;<\/div><a class=\"gutentor-button gutentor-post-button\" href=\"https:\/\/www.esmuc.cat\/es\/sesion-el-que-no-es-veu-no-existeix-visibilitzacio-de-les-dones-a-la-biblioteca-crai-de-lesmuc-a-las-jornadas-gender-sounds-ii\/\"><span>M\u00e1s informaci\u00f3n<\/span><\/a><\/div><\/article><article class='gutentor-post  grid-md-4 grid-sm-4 grid-xs-12'><div class='gutentor-post-item'><div class='gutentor-post-image-box'><div class=\"gutentor-image-thumb\"><img decoding=\"async\" width=\"300\" height=\"169\" src=\"https:\/\/www.esmuc.cat\/wp-content\/uploads\/2023\/03\/Mapa_dones-300x169.png\" class=\"attachment-medium size-medium wp-post-image\" alt=\"Mapa_dones\" title=\"Mapa_dones\" \/><\/div><\/div><div class=\"gutentor-post-title-data-wrap\"><h3 class=\"gutentor-post-title\"><a href=\"https:\/\/www.esmuc.cat\/es\/recursos-de-recerca-mapa-de-dones-compositores\/\" rel=\"bookmark\">Recursos de investigaci\u00f3n: Mapa de Compositoras<\/a><\/h3><\/div><div class=\"gutentor-post-desc\">La Music\u00f2loga Sakira Ventura nos presenta este interesante recurso de investigaci\u00f3n dirigido a aquel&hellip;<\/div><a class=\"gutentor-button gutentor-post-button\" href=\"https:\/\/www.esmuc.cat\/es\/recursos-de-recerca-mapa-de-dones-compositores\/\"><span>M\u00e1s informaci\u00f3n<\/span><\/a><\/div><\/article><article class='gutentor-post  grid-md-4 grid-sm-4 grid-xs-12'><div class='gutentor-post-item'><div class='gutentor-post-image-box'><div class=\"gutentor-image-thumb\"><img decoding=\"async\" width=\"300\" height=\"169\" src=\"https:\/\/www.esmuc.cat\/wp-content\/uploads\/2023\/02\/Biblioteca-en-femeni-300x169.jpg\" class=\"attachment-medium size-medium wp-post-image\" alt=\"Biblioteca-en-femeni\" title=\"Biblioteca-en-femeni\" \/><\/div><\/div><div class=\"gutentor-post-title-data-wrap\"><h3 class=\"gutentor-post-title\"><a href=\"https:\/\/www.esmuc.cat\/es\/biblioteca-crai-esmuc-en-femeni\/\" rel=\"bookmark\">Biblioteca-CRAI ESMUC, en femenino<\/a><\/h3><\/div><div class=\"gutentor-post-desc\">Recogemos algunas de las acciones impulsadas desde la Biblioteca en materia de igualdad.&hellip;<\/div><a class=\"gutentor-button gutentor-post-button\" href=\"https:\/\/www.esmuc.cat\/es\/biblioteca-crai-esmuc-en-femeni\/\"><span>M\u00e1s informaci\u00f3n<\/span><\/a><\/div><\/article><article class='gutentor-post  grid-md-4 grid-sm-4 grid-xs-12'><div class='gutentor-post-item'><div class='gutentor-post-image-box'><div class=\"gutentor-image-thumb\"><img decoding=\"async\" width=\"300\" height=\"169\" src=\"https:\/\/www.esmuc.cat\/wp-content\/uploads\/2023\/02\/Callas-expo-web-300x169.jpg\" class=\"attachment-medium size-medium wp-post-image\" alt=\"Callas-expo-web\" title=\"Callas-expo-web\" \/><\/div><\/div><div class=\"gutentor-post-title-data-wrap\"><h3 class=\"gutentor-post-title\"><a href=\"https:\/\/www.esmuc.cat\/es\/exposicions-biblioteca-crai-esmuc-callas-alla-norma\/\" rel=\"bookmark\">Exposiciones Biblioteca-CRAI ESMUC: Callas alla Norma<\/a><\/h3><\/div><div class=\"gutentor-post-desc\">Con motivo del D\u00eda Internacional de las Mujeres, inauguramos una nueva exposici\u00f3n que conmemora el c&hellip;<\/div><a class=\"gutentor-button gutentor-post-button\" href=\"https:\/\/www.esmuc.cat\/es\/exposicions-biblioteca-crai-esmuc-callas-alla-norma\/\"><span>M\u00e1s informaci\u00f3n<\/span><\/a><\/div><\/article><article class='gutentor-post  grid-md-4 grid-sm-4 grid-xs-12'><div class='gutentor-post-item'><div class='gutentor-post-image-box'><div class=\"gutentor-image-thumb\"><img decoding=\"async\" width=\"300\" height=\"169\" src=\"https:\/\/www.esmuc.cat\/wp-content\/uploads\/2022\/11\/catalogo-compositoras800x500-300x169.jpg\" class=\"attachment-medium size-medium wp-post-image\" alt=\"Catalogo Compositoras800x500\" title=\"Catalogo Compositoras800x500\" \/><\/div><\/div><div class=\"gutentor-post-title-data-wrap\"><h3 class=\"gutentor-post-title\"><a href=\"https:\/\/www.esmuc.cat\/es\/el-cataleg-de-repertori-de-compositores-en-un-clic\/\" rel=\"bookmark\">El cat\u00e1logo de repertorio de compositoras, a solo un click<\/a><\/h3><\/div><div class=\"gutentor-post-desc\">Ya ten\u00e9is accesible todo el cat\u00e1logo de obras compuestas, adaptadas y arregladas por mujeres que han&hellip;<\/div><a class=\"gutentor-button gutentor-post-button\" href=\"https:\/\/www.esmuc.cat\/es\/el-cataleg-de-repertori-de-compositores-en-un-clic\/\"><span>M\u00e1s informaci\u00f3n<\/span><\/a><\/div><\/article><article class='gutentor-post  grid-md-4 grid-sm-4 grid-xs-12'><div class='gutentor-post-item'><div class='gutentor-post-image-box'><div class=\"gutentor-image-thumb\"><img decoding=\"async\" width=\"300\" height=\"169\" src=\"https:\/\/www.esmuc.cat\/wp-content\/uploads\/2021\/10\/305Biblioteca.png\" class=\"attachment-medium size-medium wp-post-image\" alt=\"305Biblioteca\" title=\"305Biblioteca\" \/><\/div><\/div><div class=\"gutentor-post-title-data-wrap\"><h3 class=\"gutentor-post-title\"><a href=\"https:\/\/www.esmuc.cat\/es\/musica-sota-perspectiva-de-genere\/\" rel=\"bookmark\">M\u00fasica con perspectiva de g\u00e9nero<\/a><\/h3><\/div><div class=\"gutentor-post-desc\">Nueva secci\u00f3n de la Biblioteca-CRAI, que se sintoniza con la realidad tal como la entendemos actualm&hellip;<\/div><a class=\"gutentor-button gutentor-post-button\" href=\"https:\/\/www.esmuc.cat\/es\/musica-sota-perspectiva-de-genere\/\"><span>M\u00e1s informaci\u00f3n<\/span><\/a><\/div><\/article><\/div><\/div><\/section>","protected":false},"excerpt":{"rendered":"<p>Biblioteca-CRAi m\u00e1s inclusiva<\/p>\n","protected":false},"author":5,"featured_media":0,"parent":39482,"menu_order":0,"comment_status":"closed","ping_status":"closed","template":"","meta":{"_acf_changed":false,"_themeisle_gutenberg_block_has_review":false,"footnotes":""},"categories":[1565,1564],"tags":[1566,1553],"class_list":["post-73831","page","type-page","status-publish","hentry","category-inclusio","category-perspectiva-de-genero","tag-genere-es","tag-musica-i-dones-es"],"acf":[],"publishpress_future_action":{"enabled":false,"date":"2026-04-15 17:40:55","action":"change-status","newStatus":"draft","terms":[],"taxonomy":"category","extraData":[]},"publishpress_future_workflow_manual_trigger":{"enabledWorkflows":[]},"_links":{"self":[{"href":"https:\/\/www.esmuc.cat\/es\/wp-json\/wp\/v2\/pages\/73831","targetHints":{"allow":["GET"]}}],"collection":[{"href":"https:\/\/www.esmuc.cat\/es\/wp-json\/wp\/v2\/pages"}],"about":[{"href":"https:\/\/www.esmuc.cat\/es\/wp-json\/wp\/v2\/types\/page"}],"author":[{"embeddable":true,"href":"https:\/\/www.esmuc.cat\/es\/wp-json\/wp\/v2\/users\/5"}],"replies":[{"embeddable":true,"href":"https:\/\/www.esmuc.cat\/es\/wp-json\/wp\/v2\/comments?post=73831"}],"version-history":[{"count":5,"href":"https:\/\/www.esmuc.cat\/es\/wp-json\/wp\/v2\/pages\/73831\/revisions"}],"predecessor-version":[{"id":75652,"href":"https:\/\/www.esmuc.cat\/es\/wp-json\/wp\/v2\/pages\/73831\/revisions\/75652"}],"up":[{"embeddable":true,"href":"https:\/\/www.esmuc.cat\/es\/wp-json\/wp\/v2\/pages\/39482"}],"wp:attachment":[{"href":"https:\/\/www.esmuc.cat\/es\/wp-json\/wp\/v2\/media?parent=73831"}],"wp:term":[{"taxonomy":"category","embeddable":true,"href":"https:\/\/www.esmuc.cat\/es\/wp-json\/wp\/v2\/categories?post=73831"},{"taxonomy":"post_tag","embeddable":true,"href":"https:\/\/www.esmuc.cat\/es\/wp-json\/wp\/v2\/tags?post=73831"}],"curies":[{"name":"wp","href":"https:\/\/api.w.org\/{rel}","templated":true}]}}