{"id":72523,"date":"2023-01-25T11:55:42","date_gmt":"2023-01-25T10:55:42","guid":{"rendered":"https:\/\/www.esmuc.cat\/?page_id=72523"},"modified":"2023-01-25T11:57:09","modified_gmt":"2023-01-25T10:57:09","slug":"certificados-academicos-alumni","status":"publish","type":"page","link":"https:\/\/www.esmuc.cat\/es\/servicios\/alumni\/certificados-academicos-alumni\/","title":{"rendered":"Certificados acad\u00e9micos alumni"},"content":{"rendered":"\n<div class=\"wp-block-columns is-layout-flex wp-container-core-columns-is-layout-9d6595d7 wp-block-columns-is-layout-flex\">\n<div class=\"wp-block-column esmuc__Menu_Masters is-layout-flow wp-block-column-is-layout-flow\" style=\"flex-basis:33.33%\">\n\n\n\n\n<p><\/p>\n<\/div>\n\n\n\n<div class=\"wp-block-column is-layout-flow wp-block-column-is-layout-flow\" style=\"flex-basis:66.66%\"><div class=\"breadcrumbs align  wp-block-bcn-breadcrumb-trail has-text-color has-background\" vocab=\"https:\/\/schema.org\/\" typeof=\"BreadcrumbList\">\n\t<span><\/span>\n\t<span property=\"itemListElement\" typeof=\"ListItem\"><a property=\"item\" typeof=\"WebPage\" title=\"Ir a ESMUC.\" href=\"https:\/\/www.esmuc.cat\/es\/\" class=\"home\" ><span property=\"name\">ESMUC<\/span><\/a><meta property=\"position\" content=\"1\"><\/span> &gt; <span property=\"itemListElement\" typeof=\"ListItem\"><a property=\"item\" typeof=\"WebPage\" title=\"Ir a Servicios.\" href=\"https:\/\/www.esmuc.cat\/es\/servicios\/\" class=\"post post-page\" ><span property=\"name\">Servicios<\/span><\/a><meta property=\"position\" content=\"2\"><\/span> &gt; <span property=\"itemListElement\" typeof=\"ListItem\"><a property=\"item\" typeof=\"WebPage\" title=\"Ir a Alumni.\" href=\"https:\/\/www.esmuc.cat\/es\/servicios\/alumni\/\" class=\"post post-page\" ><span property=\"name\">Alumni<\/span><\/a><meta property=\"position\" content=\"3\"><\/span> &gt; <span property=\"itemListElement\" typeof=\"ListItem\"><span property=\"name\" class=\"post post-page current-item\">Certificados acad\u00e9micos alumni<\/span><meta property=\"url\" content=\"https:\/\/www.esmuc.cat\/es\/servicios\/alumni\/certificados-academicos-alumni\/\"><meta property=\"position\" content=\"4\"><\/span><\/div>\n\n\n\n<h1 class=\"wp-block-heading\">Alumni<\/h1>\n\n\n\n<div style=\"height:10px\" aria-hidden=\"true\" class=\"wp-block-spacer\"><\/div>\n\n\n\n<h2 class=\"wp-block-heading\">Certificados y documentaci\u00f3n acad\u00e9mica&nbsp;<\/h2>\n\n\n\n<div style=\"height:30px\" aria-hidden=\"true\" class=\"wp-block-spacer\"><\/div>\n\n\n<figure class=\"wp-block-post-featured-image\"><img decoding=\"async\" width=\"1015\" height=\"571\" src=\"https:\/\/www.esmuc.cat\/wp-content\/uploads\/2023\/03\/Entrada_Esmuc-16.9.jpg\" class=\"attachment-post-thumbnail size-post-thumbnail wp-post-image\" alt=\"Entrada_Esmuc 16.9\" style=\"object-fit:cover;\" srcset=\"https:\/\/www.esmuc.cat\/wp-content\/uploads\/2023\/03\/Entrada_Esmuc-16.9.jpg 1015w, https:\/\/www.esmuc.cat\/wp-content\/uploads\/2023\/03\/Entrada_Esmuc-16.9-300x169.jpg 300w, https:\/\/www.esmuc.cat\/wp-content\/uploads\/2023\/03\/Entrada_Esmuc-16.9-768x432.jpg 768w\" sizes=\"(max-width: 1015px) 100vw, 1015px\" title=\"Entrada_Esmuc 16.9\" \/><\/figure>\n\n\n<div style=\"height:10px\" aria-hidden=\"true\" class=\"wp-block-spacer\"><\/div>\n\n\n\n<div id=\"section-gcc14ce\" class=\"wp-block-gutentor-e0 section-gcc14ce gutentor-element gutentor-element-advanced-text\"><div class=\"gutentor-text-wrap\"><p class=\"gutentor-text\"><br>Una vez acabados los estudios puedes solicitar el certificado acad\u00e9mico o el certificado de finalizaci\u00f3n de los estudios. Para m\u00e1s informaci\u00f3n consulte:<\/p><\/div><\/div>\n\n\n\n<div style=\"height:10px\" aria-hidden=\"true\" class=\"wp-block-spacer\"><\/div>\n\n\n\n<div id=\"section-g16b714\" class=\"wp-block-gutentor-e7 section-g16b714 gutentor-element gutentor-element-list\"><ul class=\"grid-row gutentor-grid-item-wrap list-indicator-icon\"><li class=\"gutentor-list-item grid-lg-12 grid-md-12 grid-12\"><span class=\"gutentor-single-item gutentor-single-item-0\"><span class=\"gutentor-list-item-wrap g-s-list-wrap\"><span class=\"gutentor-single-list-item-icon\"><i class=\"list-item-icon fas fa-angle-right\"><\/i><\/span><span class=\"gutentor-list-item\"><p class=\"gutentor-single-item-title\"><a href=\"https:\/\/www.esmuc.cat\/estudis\/tramits-academics\/\">Tr\u00e1mites Acad\u00e9micos de Grado<\/a><\/p><\/span><\/span><\/span><\/li><li class=\"gutentor-list-item grid-lg-12 grid-md-12 grid-12\"><span class=\"gutentor-single-item gutentor-single-item-1\"><span class=\"gutentor-list-item-wrap g-s-list-wrap\"><span class=\"gutentor-single-list-item-icon\"><i class=\"list-item-icon fas fa-angle-right\"><\/i><\/span><span class=\"gutentor-list-item\"><p class=\"gutentor-single-item-title\"><a href=\"https:\/\/www.esmuc.cat\/estudis\/tramits-academics\/\">Tr\u00e1mites Acad\u00e9micos de M\u00e1ster<\/a><\/p><\/span><\/span><\/span><\/li><\/ul><\/div>\n<\/div>\n<\/div>\n","protected":false},"excerpt":{"rendered":"<p>Alumni Certificados y documentaci\u00f3n acad\u00e9mica&nbsp;<\/p>\n","protected":false},"author":4,"featured_media":77760,"parent":72395,"menu_order":0,"comment_status":"closed","ping_status":"closed","template":"","meta":{"_acf_changed":false,"_themeisle_gutenberg_block_has_review":false,"footnotes":""},"categories":[633,1315,1561,416],"tags":[],"class_list":["post-72523","page","type-page","status-publish","has-post-thumbnail","hentry","category-altres-serveis","category-altres-serveis-es","category-alumni","category-serveis"],"acf":[],"publishpress_future_action":{"enabled":false,"date":"2026-04-17 14:14:29","action":"change-status","newStatus":"draft","terms":[],"taxonomy":"category","extraData":[]},"publishpress_future_workflow_manual_trigger":{"enabledWorkflows":[]},"_links":{"self":[{"href":"https:\/\/www.esmuc.cat\/es\/wp-json\/wp\/v2\/pages\/72523","targetHints":{"allow":["GET"]}}],"collection":[{"href":"https:\/\/www.esmuc.cat\/es\/wp-json\/wp\/v2\/pages"}],"about":[{"href":"https:\/\/www.esmuc.cat\/es\/wp-json\/wp\/v2\/types\/page"}],"author":[{"embeddable":true,"href":"https:\/\/www.esmuc.cat\/es\/wp-json\/wp\/v2\/users\/4"}],"replies":[{"embeddable":true,"href":"https:\/\/www.esmuc.cat\/es\/wp-json\/wp\/v2\/comments?post=72523"}],"version-history":[{"count":3,"href":"https:\/\/www.esmuc.cat\/es\/wp-json\/wp\/v2\/pages\/72523\/revisions"}],"predecessor-version":[{"id":72600,"href":"https:\/\/www.esmuc.cat\/es\/wp-json\/wp\/v2\/pages\/72523\/revisions\/72600"}],"up":[{"embeddable":true,"href":"https:\/\/www.esmuc.cat\/es\/wp-json\/wp\/v2\/pages\/72395"}],"wp:featuredmedia":[{"embeddable":true,"href":"https:\/\/www.esmuc.cat\/es\/wp-json\/wp\/v2\/media\/77760"}],"wp:attachment":[{"href":"https:\/\/www.esmuc.cat\/es\/wp-json\/wp\/v2\/media?parent=72523"}],"wp:term":[{"taxonomy":"category","embeddable":true,"href":"https:\/\/www.esmuc.cat\/es\/wp-json\/wp\/v2\/categories?post=72523"},{"taxonomy":"post_tag","embeddable":true,"href":"https:\/\/www.esmuc.cat\/es\/wp-json\/wp\/v2\/tags?post=72523"}],"curies":[{"name":"wp","href":"https:\/\/api.w.org\/{rel}","templated":true}]}}