{"id":72396,"date":"2023-01-25T11:45:28","date_gmt":"2023-01-25T10:45:28","guid":{"rendered":"https:\/\/www.esmuc.cat\/?page_id=72396"},"modified":"2025-02-28T13:44:23","modified_gmt":"2025-02-28T12:44:23","slug":"ventajas","status":"publish","type":"page","link":"https:\/\/www.esmuc.cat\/es\/servicios\/alumni\/ventajas\/","title":{"rendered":"Ventajas"},"content":{"rendered":"\n<div class=\"wp-block-columns is-layout-flex wp-container-core-columns-is-layout-9d6595d7 wp-block-columns-is-layout-flex\">\n<div class=\"wp-block-column esmuc__Menu_Masters is-layout-flow wp-block-column-is-layout-flow\" style=\"flex-basis:33.33%\">\n\n\n\n\n<p><\/p>\n<\/div>\n\n\n\n<div class=\"wp-block-column is-layout-flow wp-block-column-is-layout-flow\" style=\"flex-basis:66.66%\"><div class=\"breadcrumbs align  wp-block-bcn-breadcrumb-trail has-text-color has-background\" vocab=\"https:\/\/schema.org\/\" typeof=\"BreadcrumbList\">\n\t<span><\/span>\n\t<span property=\"itemListElement\" typeof=\"ListItem\"><a property=\"item\" typeof=\"WebPage\" title=\"Ir a ESMUC.\" href=\"https:\/\/www.esmuc.cat\/es\/\" class=\"home\" ><span property=\"name\">ESMUC<\/span><\/a><meta property=\"position\" content=\"1\"><\/span> &gt; <span property=\"itemListElement\" typeof=\"ListItem\"><a property=\"item\" typeof=\"WebPage\" title=\"Ir a Servicios.\" href=\"https:\/\/www.esmuc.cat\/es\/servicios\/\" class=\"post post-page\" ><span property=\"name\">Servicios<\/span><\/a><meta property=\"position\" content=\"2\"><\/span> &gt; <span property=\"itemListElement\" typeof=\"ListItem\"><a property=\"item\" typeof=\"WebPage\" title=\"Ir a Alumni.\" href=\"https:\/\/www.esmuc.cat\/es\/servicios\/alumni\/\" class=\"post post-page\" ><span property=\"name\">Alumni<\/span><\/a><meta property=\"position\" content=\"3\"><\/span> &gt; <span property=\"itemListElement\" typeof=\"ListItem\"><span property=\"name\" class=\"post post-page current-item\">Ventajas<\/span><meta property=\"url\" content=\"https:\/\/www.esmuc.cat\/es\/servicios\/alumni\/ventajas\/\"><meta property=\"position\" content=\"4\"><\/span><\/div>\n\n\n\n<h1 class=\"wp-block-heading\">Alumni<\/h1>\n\n\n\n<div style=\"height:10px\" aria-hidden=\"true\" class=\"wp-block-spacer\"><\/div>\n\n\n\n<h2 class=\"wp-block-heading\">Ventajas<\/h2>\n\n\n\n<div style=\"height:10px\" aria-hidden=\"true\" class=\"wp-block-spacer\"><\/div>\n\n\n<figure class=\"wp-block-post-featured-image\"><img decoding=\"async\" width=\"1000\" height=\"664\" src=\"https:\/\/www.esmuc.cat\/wp-content\/uploads\/2023\/01\/Aula-orquestra-1.jpg\" class=\"attachment-post-thumbnail size-post-thumbnail wp-post-image\" alt=\"Sala Orquestra\" style=\"object-fit:cover;\" srcset=\"https:\/\/www.esmuc.cat\/wp-content\/uploads\/2023\/01\/Aula-orquestra-1.jpg 1000w, https:\/\/www.esmuc.cat\/wp-content\/uploads\/2023\/01\/Aula-orquestra-1-300x199.jpg 300w, https:\/\/www.esmuc.cat\/wp-content\/uploads\/2023\/01\/Aula-orquestra-1-768x510.jpg 768w\" sizes=\"(max-width: 1000px) 100vw, 1000px\" title=\"Sala Orquestra\" \/><\/figure>\n\n\n<div style=\"height:10px\" aria-hidden=\"true\" class=\"wp-block-spacer\"><\/div>\n\n\n\n<div style=\"height:10px\" aria-hidden=\"true\" class=\"wp-block-spacer\"><\/div>\n\n\n\n<div id=\"section-gaa97e6\" class=\"wp-block-gutentor-e0 section-gaa97e6 gutentor-element gutentor-element-advanced-text\"><div class=\"gutentor-text-wrap\"><p class=\"gutentor-text\">Formar parte de la comunidad Alumni te permite acceder a un conjunto de servicios, ofertas y productos en el \u00e1mbito educativo, acad\u00e9mico y profesional. <br><br>Para acceder a las ofertas de entidades y empresas externas, sean p\u00fablicas o privadas, como promotoras o festivales que ofrecen precios especiales a graduados y graduadas hay que estar registrado\/a como Alumni.<\/p><\/div><\/div>\n\n\n\n<div style=\"height:46px\" aria-hidden=\"true\" class=\"wp-block-spacer\"><\/div>\n\n\n\n<hr class=\"wp-block-separator has-css-opacity\"\/>\n\n\n\n<div style=\"height:10px\" aria-hidden=\"true\" class=\"wp-block-spacer\"><\/div>\n\n\n\n<h4 class=\"wp-block-heading\">Servicios ESMUC<\/h4>\n\n\n\n<div style=\"height:10px\" aria-hidden=\"true\" class=\"wp-block-spacer\"><\/div>\n\n\n\n<p>Formar parte de la comunidad Alumni permite acceder a los servicios de la Escuela, como la Biblioteca-CRAI y el Parque de instrumentos.<\/p>\n\n\n\n<div style=\"height:10px\" aria-hidden=\"true\" class=\"wp-block-spacer\"><\/div>\n\n\n\n<h6 class=\"wp-block-heading\">Biblioteca-CRAI<\/h6>\n\n\n\n<div style=\"height:10px\" aria-hidden=\"true\" class=\"wp-block-spacer\"><\/div>\n\n\n\n<div class=\"wp-block-columns is-layout-flex wp-container-core-columns-is-layout-9d6595d7 wp-block-columns-is-layout-flex\">\n<div class=\"wp-block-column is-layout-flow wp-block-column-is-layout-flow\">\n<div id=\"section-g938ad9\" class=\"wp-block-gutentor-e0 section-g938ad9 gutentor-element gutentor-element-advanced-text\"><div class=\"gutentor-text-wrap\"><p class=\"gutentor-text\">En el momento de solicitar el t\u00edtulo acad\u00e9mico que acredita el Grado o el M\u00e1ster cursado en la Escuela, el alumnado se incluye autom\u00e1ticamente en el listado de Alumni. Este listado permite el acceso y uso a la Biblioteca-CRAI, en las mismas condiciones que el alumnado de grado. Solo es necesario que os identific\u00e9is como persona graduada en el punto de atenci\u00f3n al usuario y os cursar\u00e1n el alta en el servicio.<\/p><\/div><\/div>\n\n\n\n<div style=\"height:10px\" aria-hidden=\"true\" class=\"wp-block-spacer\"><\/div>\n<\/div>\n\n\n\n<div class=\"wp-block-column is-layout-flow wp-block-column-is-layout-flow\">\n<figure class=\"wp-block-image size-large\"><img decoding=\"async\" width=\"1024\" height=\"576\" src=\"https:\/\/www.esmuc.cat\/wp-content\/uploads\/2023\/01\/Biblioteca.jpg-16.9-1024x576.jpg\" alt=\"Biblioteca\" class=\"wp-image-71054\" srcset=\"https:\/\/www.esmuc.cat\/wp-content\/uploads\/2023\/01\/Biblioteca.jpg-16.9-1024x576.jpg 1024w, https:\/\/www.esmuc.cat\/wp-content\/uploads\/2023\/01\/Biblioteca.jpg-16.9-300x169.jpg 300w, https:\/\/www.esmuc.cat\/wp-content\/uploads\/2023\/01\/Biblioteca.jpg-16.9-768x432.jpg 768w, https:\/\/www.esmuc.cat\/wp-content\/uploads\/2023\/01\/Biblioteca.jpg-16.9-1536x864.jpg 1536w, https:\/\/www.esmuc.cat\/wp-content\/uploads\/2023\/01\/Biblioteca.jpg-16.9-2048x1152.jpg 2048w\" sizes=\"(max-width: 1024px) 100vw, 1024px\" \/><\/figure>\n<\/div>\n<\/div>\n\n\n\n<div style=\"height:10px\" aria-hidden=\"true\" class=\"wp-block-spacer\"><\/div>\n\n\n\n<h6 class=\"wp-block-heading\">Parque de instrumentos<\/h6>\n\n\n\n<div style=\"height:10px\" aria-hidden=\"true\" class=\"wp-block-spacer\"><\/div>\n\n\n\n<div class=\"wp-block-columns is-layout-flex wp-container-core-columns-is-layout-9d6595d7 wp-block-columns-is-layout-flex\">\n<div class=\"wp-block-column is-layout-flow wp-block-column-is-layout-flow\">\n<div id=\"section-g04272f\" class=\"wp-block-gutentor-e0 section-g04272f gutentor-element gutentor-element-advanced-text\"><div class=\"gutentor-text-wrap\"><p class=\"gutentor-text\">Como Alumni se pueden establecer colaboraciones para dar uso a los instrumentos del Parque. Ser\u00e1 necesario consultar la disponibilidad de los instrumentos seg\u00fan la naturaleza de la propuesta. <\/p><\/div><\/div>\n<\/div>\n\n\n\n<div class=\"wp-block-column is-layout-flow wp-block-column-is-layout-flow\">\n<figure class=\"wp-block-image size-large\"><img decoding=\"async\" width=\"1024\" height=\"576\" src=\"https:\/\/www.esmuc.cat\/wp-content\/uploads\/2022\/10\/cataleg-parc-instruments-esmuc-1-1024x576.jpg\" alt=\"\" class=\"wp-image-66025\" srcset=\"https:\/\/www.esmuc.cat\/wp-content\/uploads\/2022\/10\/cataleg-parc-instruments-esmuc-1-1024x576.jpg 1024w, https:\/\/www.esmuc.cat\/wp-content\/uploads\/2022\/10\/cataleg-parc-instruments-esmuc-1-300x169.jpg 300w, https:\/\/www.esmuc.cat\/wp-content\/uploads\/2022\/10\/cataleg-parc-instruments-esmuc-1-768x432.jpg 768w, https:\/\/www.esmuc.cat\/wp-content\/uploads\/2022\/10\/cataleg-parc-instruments-esmuc-1-1536x864.jpg 1536w, https:\/\/www.esmuc.cat\/wp-content\/uploads\/2022\/10\/cataleg-parc-instruments-esmuc-1-2048x1152.jpg 2048w\" sizes=\"(max-width: 1024px) 100vw, 1024px\" \/><\/figure>\n\n\n\n<div style=\"height:10px\" aria-hidden=\"true\" class=\"wp-block-spacer\"><\/div>\n<\/div>\n<\/div>\n\n\n\n<div style=\"height:10px\" aria-hidden=\"true\" class=\"wp-block-spacer\"><\/div>\n\n\n\n<hr class=\"wp-block-separator has-css-opacity\"\/>\n\n\n\n<div style=\"height:10px\" aria-hidden=\"true\" class=\"wp-block-spacer\"><\/div>\n\n\n\n<h4 class=\"wp-block-heading\">Espacios ESMUC<\/h4>\n\n\n\n<div style=\"height:12px\" aria-hidden=\"true\" class=\"wp-block-spacer\"><\/div>\n\n\n\n<div class=\"wp-block-columns is-layout-flex wp-container-core-columns-is-layout-9d6595d7 wp-block-columns-is-layout-flex\">\n<div class=\"wp-block-column is-layout-flow wp-block-column-is-layout-flow\">\n<div id=\"section-gded944\" class=\"wp-block-gutentor-e0 section-gded944 gutentor-element gutentor-element-advanced-text\"><div class=\"gutentor-text-wrap\"><p class=\"gutentor-text\">Para solicitar un aula o espacio en la ESMUC como Alumni puedes escribir un correo a<br><a href=\"mailto:esmuc.alumni@esmuc.cat\">esmuc.alumni@esmuc.cat<\/a><br>, explicando los motivos y\/o proyecto que motiva la petici\u00f3n, qui\u00e9n participa en la actividad e incluyendo el d\u00eda o d\u00edas que te interesan, las franjas horarias m\u00e1s adecuadas y si tienes alguna preferencia de espacio.<\/p><\/div><\/div>\n\n\n\n<div style=\"height:10px\" aria-hidden=\"true\" class=\"wp-block-spacer\"><\/div>\n<\/div>\n\n\n\n<div class=\"wp-block-column is-layout-flow wp-block-column-is-layout-flow\">\n<figure class=\"wp-block-image size-full\"><img decoding=\"async\" width=\"1000\" height=\"664\" src=\"http:\/\/www.esmuc.cat\/wp-content\/uploads\/2021\/06\/Aula-cor-2.jpg\" alt=\"Aula Cor 2\" class=\"wp-image-12596\"\/><\/figure>\n<\/div>\n<\/div>\n\n\n\n<div style=\"height:10px\" aria-hidden=\"true\" class=\"wp-block-spacer\"><\/div>\n\n\n\n<p class=\"has-text-align-center\"><strong>IMPORTANTE<\/strong>: <em>La petici\u00f3n s\u00f3lo se podr\u00e1 aprobar si se cursa con tiempo suficiente, si hay espacios disponibles y la actividad est\u00e1 correctamente justificada.<\/em><\/p>\n\n\n\n<div style=\"height:10px\" aria-hidden=\"true\" class=\"wp-block-spacer\"><\/div>\n\n\n\n<hr class=\"wp-block-separator has-css-opacity\"\/>\n\n\n\n<div style=\"height:10px\" aria-hidden=\"true\" class=\"wp-block-spacer\"><\/div>\n\n\n\n<h4 class=\"wp-block-heading\">Actividades ESMUC<\/h4>\n\n\n\n<div style=\"height:10px\" aria-hidden=\"true\" class=\"wp-block-spacer\"><\/div>\n\n\n\n<div style=\"height:10px\" aria-hidden=\"true\" class=\"wp-block-spacer\"><\/div>\n\n\n\n<div class=\"wp-block-columns is-layout-flex wp-container-core-columns-is-layout-9d6595d7 wp-block-columns-is-layout-flex\">\n<div class=\"wp-block-column is-layout-flow wp-block-column-is-layout-flow\">\n<div id=\"section-gec7239\" class=\"wp-block-gutentor-e0 section-gec7239 gutentor-element gutentor-element-advanced-text\"><div class=\"gutentor-text-wrap\"><p class=\"gutentor-text\">La Escuela ofrece a los Alumni actividades de forma gratuita o a precios reducidos, para que puedan avanzar en su trayectoria como m\u00fasicos y profesionales. Se incluyen ofertas formativas (congresos, jornadas o talleres) y ciclos de conciertos. Consulte<br><a href=\"https:\/\/www.esmuc.cat\/activitats\/agenda\/\">la Agenda de actividades<\/a><br>para estar al d\u00eda de las propuestas.<\/p><\/div><\/div>\n<\/div>\n\n\n\n<div class=\"wp-block-column is-layout-flow wp-block-column-is-layout-flow\">\n<figure class=\"wp-block-image size-large\"><img decoding=\"async\" width=\"1024\" height=\"682\" src=\"https:\/\/www.esmuc.cat\/wp-content\/uploads\/2023\/01\/ESMUCJordiDomenech_0029-1024x682.jpg\" alt=\"Esmuc Masterclass\" class=\"wp-image-71064\" srcset=\"https:\/\/www.esmuc.cat\/wp-content\/uploads\/2023\/01\/ESMUCJordiDomenech_0029-1024x682.jpg 1024w, https:\/\/www.esmuc.cat\/wp-content\/uploads\/2023\/01\/ESMUCJordiDomenech_0029-300x200.jpg 300w, https:\/\/www.esmuc.cat\/wp-content\/uploads\/2023\/01\/ESMUCJordiDomenech_0029-768x511.jpg 768w, https:\/\/www.esmuc.cat\/wp-content\/uploads\/2023\/01\/ESMUCJordiDomenech_0029-1536x1022.jpg 1536w, https:\/\/www.esmuc.cat\/wp-content\/uploads\/2023\/01\/ESMUCJordiDomenech_0029-2048x1363.jpg 2048w\" sizes=\"(max-width: 1024px) 100vw, 1024px\" \/><\/figure>\n<\/div>\n<\/div>\n\n\n\n<div style=\"height:10px\" aria-hidden=\"true\" class=\"wp-block-spacer\"><\/div>\n\n\n\n<hr class=\"wp-block-separator has-css-opacity\"\/>\n\n\n\n<div style=\"height:10px\" aria-hidden=\"true\" class=\"wp-block-spacer\"><\/div>\n\n\n\n<h4 class=\"wp-block-heading\">Convenios de colaboraci\u00f3n<\/h4>\n\n\n\n<div style=\"height:10px\" aria-hidden=\"true\" class=\"wp-block-spacer\"><\/div>\n\n\n\n<p>La Escuela establece convenios con Alumnis o formaciones de Alumni con tal de llevar a cabo colaboraciones. Este acuerdo permite un uso de los espacios y recursos de manera continuada y fluida, y el compromiso de las personas componentes con las actividades de la ESMUC donde se les requiera.<\/p>\n\n\n\n<p>Si quer\u00e9is convertiros en residentes de la ESMUC pod\u00e9is escribir a <a href=\"mailto:esmuc.alumni@esmuc.cat\">alumni.info@esmuc.cat<\/a> con vuestra propuesta.<\/p>\n<\/div>\n<\/div>\n\n\n\n<div style=\"height:59px\" aria-hidden=\"true\" class=\"wp-block-spacer\"><\/div>\n","protected":false},"excerpt":{"rendered":"<p>Alumni Ventajas Servicios ESMUC Formar parte de la comunidad Alumni permite acceder a los servicios de la Escuela, como la Biblioteca-CRAI y el Parque de instrumentos. Biblioteca-CRAI Parque de instrumentos Espacios ESMUC IMPORTANTE: La petici\u00f3n s\u00f3lo se podr\u00e1 aprobar si se cursa con tiempo suficiente, si hay espacios disponibles y la actividad est\u00e1 correctamente justificada. [&hellip;]<\/p>\n","protected":false},"author":4,"featured_media":71069,"parent":72395,"menu_order":0,"comment_status":"closed","ping_status":"closed","template":"","meta":{"_acf_changed":false,"_themeisle_gutenberg_block_has_review":false,"footnotes":""},"categories":[633,1315,1561,1621,416,1620],"tags":[],"class_list":["post-72396","page","type-page","status-publish","has-post-thumbnail","hentry","category-altres-serveis","category-altres-serveis-es","category-alumni","category-alumni-es","category-serveis","category-servicios"],"acf":[],"publishpress_future_action":{"enabled":false,"date":"2026-04-15 14:03:35","action":"change-status","newStatus":"draft","terms":[],"taxonomy":"category","extraData":[]},"publishpress_future_workflow_manual_trigger":{"enabledWorkflows":[]},"_links":{"self":[{"href":"https:\/\/www.esmuc.cat\/es\/wp-json\/wp\/v2\/pages\/72396","targetHints":{"allow":["GET"]}}],"collection":[{"href":"https:\/\/www.esmuc.cat\/es\/wp-json\/wp\/v2\/pages"}],"about":[{"href":"https:\/\/www.esmuc.cat\/es\/wp-json\/wp\/v2\/types\/page"}],"author":[{"embeddable":true,"href":"https:\/\/www.esmuc.cat\/es\/wp-json\/wp\/v2\/users\/4"}],"replies":[{"embeddable":true,"href":"https:\/\/www.esmuc.cat\/es\/wp-json\/wp\/v2\/comments?post=72396"}],"version-history":[{"count":10,"href":"https:\/\/www.esmuc.cat\/es\/wp-json\/wp\/v2\/pages\/72396\/revisions"}],"predecessor-version":[{"id":105108,"href":"https:\/\/www.esmuc.cat\/es\/wp-json\/wp\/v2\/pages\/72396\/revisions\/105108"}],"up":[{"embeddable":true,"href":"https:\/\/www.esmuc.cat\/es\/wp-json\/wp\/v2\/pages\/72395"}],"wp:featuredmedia":[{"embeddable":true,"href":"https:\/\/www.esmuc.cat\/es\/wp-json\/wp\/v2\/media\/71069"}],"wp:attachment":[{"href":"https:\/\/www.esmuc.cat\/es\/wp-json\/wp\/v2\/media?parent=72396"}],"wp:term":[{"taxonomy":"category","embeddable":true,"href":"https:\/\/www.esmuc.cat\/es\/wp-json\/wp\/v2\/categories?post=72396"},{"taxonomy":"post_tag","embeddable":true,"href":"https:\/\/www.esmuc.cat\/es\/wp-json\/wp\/v2\/tags?post=72396"}],"curies":[{"name":"wp","href":"https:\/\/api.w.org\/{rel}","templated":true}]}}