{"id":72395,"date":"2023-01-25T11:35:49","date_gmt":"2023-01-25T10:35:49","guid":{"rendered":"https:\/\/www.esmuc.cat\/?page_id=72395"},"modified":"2025-02-28T13:44:47","modified_gmt":"2025-02-28T12:44:47","slug":"alumni","status":"publish","type":"page","link":"https:\/\/www.esmuc.cat\/es\/servicios\/alumni\/","title":{"rendered":"Alumni"},"content":{"rendered":"\n<div class=\"wp-block-columns is-layout-flex wp-container-core-columns-is-layout-9d6595d7 wp-block-columns-is-layout-flex\">\n<div class=\"wp-block-column esmuc__Menu_Masters is-layout-flow wp-block-column-is-layout-flow\" style=\"flex-basis:33.33%\">\n\n\n\n\n<p><\/p>\n<\/div>\n\n\n\n<div class=\"wp-block-column is-layout-flow wp-block-column-is-layout-flow\" style=\"flex-basis:66.66%\"><div class=\"breadcrumbs align  wp-block-bcn-breadcrumb-trail has-text-color has-background\" vocab=\"https:\/\/schema.org\/\" typeof=\"BreadcrumbList\">\n\t<span><\/span>\n\t<span property=\"itemListElement\" typeof=\"ListItem\"><a property=\"item\" typeof=\"WebPage\" title=\"Ir a ESMUC.\" href=\"https:\/\/www.esmuc.cat\/es\/\" class=\"home\" ><span property=\"name\">ESMUC<\/span><\/a><meta property=\"position\" content=\"1\"><\/span> &gt; <span property=\"itemListElement\" typeof=\"ListItem\"><a property=\"item\" typeof=\"WebPage\" title=\"Ir a Servicios.\" href=\"https:\/\/www.esmuc.cat\/es\/servicios\/\" class=\"post post-page\" ><span property=\"name\">Servicios<\/span><\/a><meta property=\"position\" content=\"2\"><\/span> &gt; <span property=\"itemListElement\" typeof=\"ListItem\"><span property=\"name\" class=\"post post-page current-item\">Alumni<\/span><meta property=\"url\" content=\"https:\/\/www.esmuc.cat\/es\/servicios\/alumni\/\"><meta property=\"position\" content=\"3\"><\/span><\/div>\n\n\n\n<h1 class=\"wp-block-heading\">Alumni<\/h1>\n\n\n\n<div style=\"height:10px\" aria-hidden=\"true\" class=\"wp-block-spacer\"><\/div>\n\n\n\n<h2 class=\"wp-block-heading\">\u00a1Con\u00f3cenos!<\/h2>\n\n\n\n<div style=\"height:10px\" aria-hidden=\"true\" class=\"wp-block-spacer\"><\/div>\n\n\n<figure class=\"wp-block-post-featured-image\"><img decoding=\"async\" width=\"1920\" height=\"1080\" src=\"https:\/\/www.esmuc.cat\/wp-content\/uploads\/2023\/01\/Warm-Brown-Aesthetic-Fashion-Brand-Marketing-Presentation-16-9-1.png\" class=\"attachment-post-thumbnail size-post-thumbnail wp-post-image\" alt=\"Warm Brown Aesthetic Fashion Brand Marketing Presentation 16 9 (1)\" style=\"object-fit:cover;\" srcset=\"https:\/\/www.esmuc.cat\/wp-content\/uploads\/2023\/01\/Warm-Brown-Aesthetic-Fashion-Brand-Marketing-Presentation-16-9-1.png 1920w, https:\/\/www.esmuc.cat\/wp-content\/uploads\/2023\/01\/Warm-Brown-Aesthetic-Fashion-Brand-Marketing-Presentation-16-9-1-300x169.png 300w, https:\/\/www.esmuc.cat\/wp-content\/uploads\/2023\/01\/Warm-Brown-Aesthetic-Fashion-Brand-Marketing-Presentation-16-9-1-1024x576.png 1024w, https:\/\/www.esmuc.cat\/wp-content\/uploads\/2023\/01\/Warm-Brown-Aesthetic-Fashion-Brand-Marketing-Presentation-16-9-1-768x432.png 768w, https:\/\/www.esmuc.cat\/wp-content\/uploads\/2023\/01\/Warm-Brown-Aesthetic-Fashion-Brand-Marketing-Presentation-16-9-1-1536x864.png 1536w\" sizes=\"(max-width: 1920px) 100vw, 1920px\" title=\"Warm Brown Aesthetic Fashion Brand Marketing Presentation 16 9 (1)\" \/><\/figure>\n\n\n<div style=\"height:10px\" aria-hidden=\"true\" class=\"wp-block-spacer\"><\/div>\n\n\n\n<div id=\"section-gfc1ef8\" class=\"wp-block-gutentor-e0 section-gfc1ef8 gutentor-element gutentor-element-advanced-text\"><div class=\"gutentor-text-wrap\"><p class=\"gutentor-text\">ALUMNI es el espacio que ofrece la ESMUC para dar soporte y herramientas a todas las promociones de grado y m\u00e1ster, sobre todo en los primeros a\u00f1os de profesionalizaci\u00f3n una vez terminados los estudios.<\/p><\/div><\/div>\n\n\n\n<div id=\"section-gfed313\" class=\"wp-block-gutentor-e0 section-gfed313 gutentor-element gutentor-element-advanced-text\"><div class=\"gutentor-text-wrap\"><p class=\"gutentor-text\">Formar parte de la comunidad Alumni permite mantener el v\u00ednculo y disfrutar de actividades acad\u00e9micas de inter\u00e9s y servicios de la ESMUC, demandas laborales en exclusiva, oportunidades laborales como el Coro y Orquesta Alumni o formar parte de la bolsa de formaciones por colaboraciones con entidades externas. Asimismo, se dispone de ventajas y descuentos de entidades y empresas a una comunidad de m\u00e1s de 2.000 personas.&nbsp;<\/p><\/div><\/div>\n\n\n\n<div style=\"height:33px\" aria-hidden=\"true\" class=\"wp-block-spacer\"><\/div>\n\n\n\n<h2 class=\"wp-block-heading\">Contacto<\/h2>\n\n\n\n<div style=\"height:32px\" aria-hidden=\"true\" class=\"wp-block-spacer\"><\/div>\n\n\n\n<div id=\"section-g19c012\" class=\"wp-block-gutentor-e7 section-g19c012 gutentor-element gutentor-element-list\"><ul class=\"grid-row gutentor-grid-item-wrap list-indicator-icon\"><li class=\"gutentor-list-item grid-lg-12 grid-md-12 grid-12\"><span class=\"gutentor-single-item gutentor-single-item-0\"><span class=\"gutentor-list-item-wrap g-s-list-wrap\"><span class=\"gutentor-single-list-item-icon\"><i class=\"list-item-icon fas fa-envelope\"><\/i><\/span><span class=\"gutentor-list-item\"><p class=\"gutentor-single-item-title\">M\u00e1s informaci\u00f3n en: <a href=\"mailto:esmuc.alumni@esmuc.cat\">alumni.info@esmuc.cat<\/a><\/p><\/span><\/span><\/span><\/li><\/ul><\/div>\n<\/div>\n<\/div>\n","protected":false},"excerpt":{"rendered":"<p>Alumni \u00a1Con\u00f3cenos! Contacto<\/p>\n","protected":false},"author":4,"featured_media":73081,"parent":79859,"menu_order":0,"comment_status":"closed","ping_status":"closed","template":"","meta":{"_acf_changed":false,"_themeisle_gutenberg_block_has_review":false,"footnotes":""},"categories":[1315,1621,1620],"tags":[],"class_list":["post-72395","page","type-page","status-publish","has-post-thumbnail","hentry","category-altres-serveis-es","category-alumni-es","category-servicios"],"acf":[],"publishpress_future_action":{"enabled":false,"date":"2026-05-05 17:14:40","action":"change-status","newStatus":"draft","terms":[],"taxonomy":"category","extraData":[]},"publishpress_future_workflow_manual_trigger":{"enabledWorkflows":[]},"_links":{"self":[{"href":"https:\/\/www.esmuc.cat\/es\/wp-json\/wp\/v2\/pages\/72395","targetHints":{"allow":["GET"]}}],"collection":[{"href":"https:\/\/www.esmuc.cat\/es\/wp-json\/wp\/v2\/pages"}],"about":[{"href":"https:\/\/www.esmuc.cat\/es\/wp-json\/wp\/v2\/types\/page"}],"author":[{"embeddable":true,"href":"https:\/\/www.esmuc.cat\/es\/wp-json\/wp\/v2\/users\/4"}],"replies":[{"embeddable":true,"href":"https:\/\/www.esmuc.cat\/es\/wp-json\/wp\/v2\/comments?post=72395"}],"version-history":[{"count":8,"href":"https:\/\/www.esmuc.cat\/es\/wp-json\/wp\/v2\/pages\/72395\/revisions"}],"predecessor-version":[{"id":105109,"href":"https:\/\/www.esmuc.cat\/es\/wp-json\/wp\/v2\/pages\/72395\/revisions\/105109"}],"up":[{"embeddable":true,"href":"https:\/\/www.esmuc.cat\/es\/wp-json\/wp\/v2\/pages\/79859"}],"wp:featuredmedia":[{"embeddable":true,"href":"https:\/\/www.esmuc.cat\/es\/wp-json\/wp\/v2\/media\/73081"}],"wp:attachment":[{"href":"https:\/\/www.esmuc.cat\/es\/wp-json\/wp\/v2\/media?parent=72395"}],"wp:term":[{"taxonomy":"category","embeddable":true,"href":"https:\/\/www.esmuc.cat\/es\/wp-json\/wp\/v2\/categories?post=72395"},{"taxonomy":"post_tag","embeddable":true,"href":"https:\/\/www.esmuc.cat\/es\/wp-json\/wp\/v2\/tags?post=72395"}],"curies":[{"name":"wp","href":"https:\/\/api.w.org\/{rel}","templated":true}]}}