{"id":72363,"date":"2023-01-25T12:09:38","date_gmt":"2023-01-25T11:09:38","guid":{"rendered":"https:\/\/www.esmuc.cat\/?page_id=72363"},"modified":"2024-04-17T09:39:25","modified_gmt":"2024-04-17T07:39:25","slug":"quiero-hacer-un-erasmus-en-la-esmuc","status":"publish","type":"page","link":"https:\/\/www.esmuc.cat\/es\/estudis\/mobilitat-internacional\/quiero-hacer-un-erasmus-en-la-esmuc\/","title":{"rendered":"Estudiar en la ESMUC (Erasmus+)"},"content":{"rendered":"\n<div style=\"height:16px\" aria-hidden=\"true\" class=\"wp-block-spacer\"><\/div>\n\n\n\n<div class=\"wp-block-columns is-layout-flex wp-container-core-columns-is-layout-9d6595d7 wp-block-columns-is-layout-flex\">\n<div class=\"wp-block-column esmuc__Menu_Masters is-layout-flow wp-block-column-is-layout-flow\" style=\"flex-basis:33.33%\">\n\n<\/div>\n\n\n\n<div class=\"wp-block-column is-layout-flow wp-block-column-is-layout-flow\" style=\"flex-basis:66.66%\">\n<h1 class=\"wp-block-heading has-text-color\" id=\"biblioteca-crai\" style=\"color:#414141\">Estudiar en la ESMUC (Erasmus+)<\/h1>\n\n\n\n<div style=\"height:37px\" aria-hidden=\"true\" class=\"wp-block-spacer\"><\/div>\n\n\n<figure class=\"wp-block-post-featured-image\"><img decoding=\"async\" width=\"1000\" height=\"664\" src=\"https:\/\/www.esmuc.cat\/wp-content\/uploads\/2021\/06\/Aula-orquestra-5.jpg\" class=\"attachment-post-thumbnail size-post-thumbnail wp-post-image\" alt=\"Aula Orquestra 5\" style=\"object-fit:cover;\" title=\"Aula Orquestra 5\" \/><\/figure>\n\n\n<div style=\"height:10px\" aria-hidden=\"true\" class=\"wp-block-spacer\"><\/div>\n\n\n\n<div style=\"height:12px\" aria-hidden=\"true\" class=\"wp-block-spacer\"><\/div>\n\n\n\n<div id=\"section-g8d06b2\" class=\"wp-block-gutentor-e1 section-g8d06b2 gutentor-element gutentor-element-advanced-text\"><div class=\"gutentor-text-wrap\"><p class=\"gutentor-text\">Si quieres hacer medio a\u00f1o o un curso acad\u00e9mico en la ESMUC, primero debes dirigirte a la Oficina de Relaciones Internacionales de tu instituci\u00f3n y te informar\u00e1n de todos los tr\u00e1mites a seguir. Por nuestra parte, ten en cuenta que todas las solicitudes deben realizarse a trav\u00e9s de MOBILITY. Tu instituci\u00f3n te informar\u00e1 de si has sido aceptado. <br>&nbsp;<br>Si no existe un acuerdo bilateral establecido, la Oficina Internacional de su instituci\u00f3n se encargar\u00e1 de la solicitud Erasmus y otros tr\u00e1mites previos para establecer un acuerdo entre ambas instituciones.&nbsp;<\/p><\/div><\/div>\n\n\n\n<div id=\"section-g13951a\" class=\"wp-block-gutentor-e2 section-g13951a gutentor-element gutentor-element-button\"><span class=\"gutentor-button-wrap\"><a class=\"gutentor-button gutentor-block-button gutentor-icon-hide\" href=\"https:\/\/mobility.aec-music.eu\/\"><i class=\"gutentor-button-icon fas fa-book\"><\/i><span>Acceso a MOBILITY<\/span><\/a><\/span><\/div>\n\n\n\n<div id=\"section-gbb0cda\" class=\"wp-block-gutentor-e2 section-gbb0cda gutentor-element gutentor-element-button\"><span class=\"gutentor-button-wrap\"><a class=\"gutentor-button gutentor-block-button gutentor-icon-hide\" href=\"https:\/\/www.esmuc.cat\/centres-amb-conveni-bilateral-amb-lesmuc\/\"><i class=\"gutentor-button-icon fas fa-book\"><\/i><span>Centros que tienen un Convenio Bilateral con la ESMUC<\/span><\/a><\/span><\/div>\n\n\n\n<div style=\"height:53px\" aria-hidden=\"true\" class=\"wp-block-spacer\"><\/div>\n\n\n\n<section id=\"35e756\" class=\"section-35e756 gutentor-module gutentor-module-accordion\"><div class=\"grid-container\">\n<div id=\"625615\" class=\"wp-block-gutentor-m6-item section-625615 gutentor-module gutentor-module-accordion-item\"><div class=\"gutentor-module-accordion-panel g-a-panel-35e756\"><div class=\"gm-ah-35e756 gutentor-module-accordion-item-heading gutentor-module-icon-position-right\"><span class=\"gutentor-module-accordion-panel-handler\" role=\"button\"><span class=\"gutentor-module-accordion-panel-handler-label\">Solicitud Erasmus paso a paso <\/span><span class=\"gutentor-module-accordion-icon\"><i class=\"gm-aio-35e756 gutentor-module-accordion-icon-open fas fa-plus\"><\/i><i class=\"gm-aic-35e756 gutentor-module-accordion-icon-close fas fa-minus\"><\/i><\/span><\/span><\/div><div class=\"gm-ab-35e756 gutentor-module-accordion-body\">\n<div id=\"section-g1ed216\" class=\"wp-block-gutentor-e0 section-g1ed216 gutentor-element gutentor-element-advanced-text\"><div class=\"gutentor-text-wrap\"><p class=\"gutentor-text\"><strong>Todas las solicitudes deben presentarse a trav\u00e9s de <a href=\"https:\/\/mobility.aec-music.eu\/\" target=\"_blank\" rel=\"noreferrer noopener\">MOBILITY<\/a>.&nbsp;<\/strong><br>&nbsp;<br>Cuando realices tu solicitud, debes consultar el <strong>plan de estudios <\/strong>para decidir qu\u00e9 asignaturas quieres cursar. Es importante que establezcas la asignatura y el per\u00edodo que te interesa. M\u00e1s adelante, ser\u00e1 imposible modificar las decisiones individuales de las asignaturas y algunas asignaturas colectivas podr\u00edan quedar cerradas al llegar al m\u00e1ximo de estudiantes.&nbsp;<br>&nbsp;<br>Consulta el <a href=\"https:\/\/www.esmuc.cat\/escola\/calendari-academic\/\">calendario acad\u00e9mico<\/a> para conocer los per\u00edodos lectivos.&nbsp;<br>&nbsp;<br>La realizaci\u00f3n de las asignaturas se confirmar\u00e1 con la aprobaci\u00f3n de las materias solicitadas en tu Learning Agreement, que se devolver\u00e1 antes del inicio de tu estancia. Si alguna de las asignaturas debe modificarse posteriormente, y esto es posible, esta modificaci\u00f3n debe reflejarse necesariamente en el Learning Agreement original, que tambi\u00e9n debe aceptar su instituci\u00f3n de origen.&nbsp;<\/p><\/div><\/div>\n\n\n\n<section id=\"gm7a39a8d\" class=\"wp-block-gutentor-m3 section-gm7a39a8d gutentor-module gutentor-container-cover\"><div class=\"grid-container\">\n<h4 class=\"wp-block-heading\">Documentaci\u00f3n requerida&nbsp;<\/h4>\n<\/div><\/section>\n\n\n\n<div id=\"section-gac3e81\" class=\"wp-block-gutentor-e7 section-gac3e81 gutentor-element gutentor-element-list\"><ul class=\"grid-row gutentor-grid-item-wrap list-indicator-icon\"><li class=\"gutentor-list-item grid-lg-12 grid-md-12 grid-12\"><span class=\"gutentor-single-item gutentor-single-item-0\"><span class=\"gutentor-list-item-wrap g-s-list-wrap\"><span class=\"gutentor-single-list-item-icon\"><i class=\"list-item-icon fas fa-angle-right\"><\/i><\/span><span class=\"gutentor-list-item\"><p class=\"gutentor-single-item-title\">Curr\u00edculum Vitae\u00a0<\/p><\/span><\/span><\/span><\/li><li class=\"gutentor-list-item grid-lg-12 grid-md-12 grid-12\"><span class=\"gutentor-single-item gutentor-single-item-1\"><span class=\"gutentor-list-item-wrap g-s-list-wrap\"><span class=\"gutentor-single-list-item-icon\"><i class=\"list-item-icon fas fa-angle-right\"><\/i><\/span><span class=\"gutentor-list-item\"><p class=\"gutentor-single-item-title\">Carta de motivaci\u00f3n\u00a0<\/p><\/span><\/span><\/span><\/li><li class=\"gutentor-list-item grid-lg-12 grid-md-12 grid-12\"><span class=\"gutentor-single-item gutentor-single-item-2\"><span class=\"gutentor-list-item-wrap g-s-list-wrap\"><span class=\"gutentor-single-list-item-icon\"><i class=\"list-item-icon fas fa-angle-right\"><\/i><\/span><span class=\"gutentor-list-item\"><p class=\"gutentor-single-item-title\">Bolet\u00edn de notas y\/o certificado de estudios anteriores<\/p><\/span><\/span><\/span><\/li><li class=\"gutentor-list-item grid-lg-12 grid-md-12 grid-12\"><span class=\"gutentor-single-item gutentor-single-item-3\"><span class=\"gutentor-list-item-wrap g-s-list-wrap\"><span class=\"gutentor-single-list-item-icon\"><i class=\"list-item-icon fas fa-angle-right\"><\/i><\/span><span class=\"gutentor-list-item\"><p class=\"gutentor-single-item-title\">Copia escaneada de la p\u00e1gina del pasaporte con la fotograf\u00eda<\/p><\/span><\/span><\/span><\/li><li class=\"gutentor-list-item grid-lg-12 grid-md-12 grid-12\"><span class=\"gutentor-single-item gutentor-single-item-4\"><span class=\"gutentor-list-item-wrap g-s-list-wrap\"><span class=\"gutentor-single-list-item-icon\"><i class=\"list-item-icon fas fa-angle-right\"><\/i><\/span><span class=\"gutentor-list-item\"><p class=\"gutentor-single-item-title\">Portfolio, archivos de v\u00eddeo o de sonido<\/p><\/span><\/span><\/span><\/li><\/ul><\/div>\n\n\n\n<section id=\"gmee1c55c\" class=\"wp-block-gutentor-m3 section-gmee1c55c gutentor-module gutentor-container-cover\"><div class=\"grid-container\">\n<h4 class=\"wp-block-heading\">Plazo de inscripci\u00f3n<\/h4>\n<\/div><\/section>\n\n\n\n<div id=\"section-g4f662a\" class=\"wp-block-gutentor-e0 section-g4f662a gutentor-element gutentor-element-advanced-text\"><div class=\"gutentor-text-wrap\"><p class=\"gutentor-text\">Por favor, comprueba el plazo de presentaci\u00f3n de solicitudes ERASMUS en tu&nbsp;oficina Internacional. Podr\u00eda diferir de la fecha l\u00edmite fijada por la ESMUC que es el<strong> 28 de febrero<\/strong> tanto para el semestre de invierno como de verano del curso siguiente. &nbsp;<\/p><\/div><\/div>\n\n\n\n<section id=\"gma4a6ad4\" class=\"wp-block-gutentor-m3 section-gma4a6ad4 gutentor-module gutentor-container-cover\"><div class=\"grid-container\">\n<h4 class=\"wp-block-heading\">Evaluaci\u00f3n y decisiones finales<\/h4>\n<\/div><\/section>\n\n\n\n<div id=\"section-g9b2723\" class=\"wp-block-gutentor-e0 section-g9b2723 gutentor-element gutentor-element-advanced-text\"><div class=\"gutentor-text-wrap\"><p class=\"gutentor-text\">Las solicitudes completas presentadas a trav\u00e9s del sistema de solicitud online se enviar\u00e1n para su evaluaci\u00f3n al departamento en cuesti\u00f3n. Ten en cuenta que no se aceptaran solicitudes fuera de la fecha l\u00edmite. La decisi\u00f3n final la toma el Jefe del Departamento, y se basa en la calidad de la solicitud, y la disponibilidad de plazas de estudio y profesorado adecuado.\u00a0<\/p><\/div><\/div>\n<\/div><\/div><\/div>\n\n\n\n<div id=\"61c588\" class=\"wp-block-gutentor-m6-item section-61c588 gutentor-module gutentor-module-accordion-item\"><div class=\"gutentor-module-accordion-panel g-a-panel-35e756\"><div class=\"gm-ah-35e756 gutentor-module-accordion-item-heading gutentor-module-icon-position-right\"><span class=\"gutentor-module-accordion-panel-handler\" role=\"button\"><span class=\"gutentor-module-accordion-panel-handler-label\">Lengua de ense\u00f1anza\u00a0<\/span><span class=\"gutentor-module-accordion-icon\"><i class=\"gm-aio-35e756 gutentor-module-accordion-icon-open fas fa-plus\"><\/i><i class=\"gm-aic-35e756 gutentor-module-accordion-icon-close fas fa-minus\"><\/i><\/span><\/span><\/div><div class=\"gm-ab-35e756 gutentor-module-accordion-body\">\n<div id=\"section-gad5cad\" class=\"wp-block-gutentor-e0 section-gad5cad gutentor-element gutentor-element-advanced-text\"><div class=\"gutentor-text-wrap\"><p class=\"gutentor-text\">El catal\u00e1n es la lengua principal de ense\u00f1anza de la Escuela Superior de M\u00fasica de Catalu\u00f1a (ESMUC). Para poder seguir correctamente todas las clases, queremos aportar recursos para el alumnado que no conoce el idioma para facilitar su integraci\u00f3n. Consulta el <strong><a href=\"https:\/\/www.esmuc.cat\/estudis\/altra-oferta-formativa\/curs-de-catala-i-recursos-linguistics-per-a-estudiants\/\" target=\"_blank\" rel=\"noreferrer noopener\">Curso de catal\u00e1n y Recursos Ling\u00fc\u00edsticos<\/a> de la ESMUC.&nbsp;<\/strong><\/p><\/div><\/div>\n<\/div><\/div><\/div>\n\n\n\n<div id=\"99fa99\" class=\"wp-block-gutentor-m6-item section-99fa99 gutentor-module gutentor-module-accordion-item\"><div class=\"gutentor-module-accordion-panel g-a-panel-35e756\"><div class=\"gm-ah-35e756 gutentor-module-accordion-item-heading gutentor-module-icon-position-right\"><span class=\"gutentor-module-accordion-panel-handler\" role=\"button\"><span class=\"gutentor-module-accordion-panel-handler-label\">Descripci\u00f3n del sistema de calificaci\u00f3n<\/span><span class=\"gutentor-module-accordion-icon\"><i class=\"gm-aio-35e756 gutentor-module-accordion-icon-open fas fa-plus\"><\/i><i class=\"gm-aic-35e756 gutentor-module-accordion-icon-close fas fa-minus\"><\/i><\/span><\/span><\/div><div class=\"gm-ab-35e756 gutentor-module-accordion-body\">\n<div id=\"section-g675510\" class=\"wp-block-gutentor-e0 section-g675510 gutentor-element gutentor-element-advanced-text\"><div class=\"gutentor-text-wrap\"><p class=\"gutentor-text\">En ESMUC realizar\u00e1s ex\u00e1menes y trabajos individuales o en grupo (seg\u00fan las necesidades de cada Curso). El sistema de evaluaci\u00f3n se describe en detalle en el Plan Docente de cada asignatura.&nbsp;<br>&nbsp;<br>El rendimiento estudiantil se eval\u00faa mediante una escala de calificaci\u00f3n de 0 a 10 puntos, donde 10 corresponde al 100% de los contenidos acad\u00e9micos de la asignatura. Las notas van del 1 al 10. Es necesario un 5 para aprobar cualquiera de las asignaturas.&nbsp;<\/p><\/div><\/div>\n\n\n\n<div id=\"section-gd13b06\" class=\"wp-block-gutentor-e7 section-gd13b06 gutentor-element gutentor-element-list\"><ul class=\"grid-row gutentor-grid-item-wrap list-indicator-icon\"><li class=\"gutentor-list-item grid-lg-12 grid-md-12 grid-12\"><span class=\"gutentor-single-item gutentor-single-item-0\"><span class=\"gutentor-list-item-wrap g-s-list-wrap\"><span class=\"gutentor-single-list-item-icon\"><i class=\"list-item-icon fas fa-angle-right\"><\/i><\/span><span class=\"gutentor-list-item\"><p class=\"gutentor-single-item-title\"><strong>Matr\u00edcula de Honor<\/strong>: distinci\u00f3n especial (El n\u00famero de estudiantes elegibles para esta nota suele estar limitado por ley a menos del 5% para una evaluaci\u00f3n determinada, o, en grupos reducidos, a 1 estudiante de cada 20).\u00a0<\/p><\/span><\/span><\/span><\/li><li class=\"gutentor-list-item grid-lg-12 grid-md-12 grid-12\"><span class=\"gutentor-single-item gutentor-single-item-1\"><span class=\"gutentor-list-item-wrap g-s-list-wrap\"><span class=\"gutentor-single-list-item-icon\"><i class=\"list-item-icon fas fa-angle-right\"><\/i><\/span><span class=\"gutentor-list-item\"><p class=\"gutentor-single-item-title\"><strong>9\u201310 sobre 10<\/strong>: Excelente<\/p><\/span><\/span><\/span><\/li><li class=\"gutentor-list-item grid-lg-12 grid-md-12 grid-12\"><span class=\"gutentor-single-item gutentor-single-item-2\"><span class=\"gutentor-list-item-wrap g-s-list-wrap\"><span class=\"gutentor-single-list-item-icon\"><i class=\"list-item-icon fas fa-angle-right\"><\/i><\/span><span class=\"gutentor-list-item\"><p class=\"gutentor-single-item-title\"><strong>7-8.9 sobre 10<\/strong>: Notable<\/p><\/span><\/span><\/span><\/li><li class=\"gutentor-list-item grid-lg-12 grid-md-12 grid-12\"><span class=\"gutentor-single-item gutentor-single-item-3\"><span class=\"gutentor-list-item-wrap g-s-list-wrap\"><span class=\"gutentor-single-list-item-icon\"><i class=\"list-item-icon fas fa-angle-right\"><\/i><\/span><span class=\"gutentor-list-item\"><p class=\"gutentor-single-item-title\"><strong>5\u20136.9 sobre 10<\/strong>: Aprobado<\/p><\/span><\/span><\/span><\/li><li class=\"gutentor-list-item grid-lg-12 grid-md-12 grid-12\"><span class=\"gutentor-single-item gutentor-single-item-4\"><span class=\"gutentor-list-item-wrap g-s-list-wrap\"><span class=\"gutentor-single-list-item-icon\"><i class=\"list-item-icon fas fa-angle-right\"><\/i><\/span><span class=\"gutentor-list-item\"><p class=\"gutentor-single-item-title\"><strong>0\u20134.9 sobre 10<\/strong>: Suspendido<\/p><\/span><\/span><\/span><\/li><\/ul><\/div>\n<\/div><\/div><\/div>\n\n\n\n<div id=\"c318ee\" class=\"wp-block-gutentor-m6-item section-c318ee gutentor-module gutentor-module-accordion-item\"><div class=\"gutentor-module-accordion-panel g-a-panel-35e756\"><div class=\"gm-ah-35e756 gutentor-module-accordion-item-heading gutentor-module-icon-position-right\"><span class=\"gutentor-module-accordion-panel-handler\" role=\"button\"><span class=\"gutentor-module-accordion-panel-handler-label\">Vive la ESMUC\u00a0<\/span><span class=\"gutentor-module-accordion-icon\"><i class=\"gm-aio-35e756 gutentor-module-accordion-icon-open fas fa-plus\"><\/i><i class=\"gm-aic-35e756 gutentor-module-accordion-icon-close fas fa-minus\"><\/i><\/span><\/span><\/div><div class=\"gm-ab-35e756 gutentor-module-accordion-body\">\n<div id=\"section-g429ad0\" class=\"wp-block-gutentor-e0 section-g429ad0 gutentor-element gutentor-element-advanced-text\"><div class=\"gutentor-text-wrap\"><p class=\"gutentor-text\">Desde que la Oficina Erasmus te haya dado de alta como estudiante de la ESMUC, tendr\u00e1s acceso a los mismos servicios y actividades que el resto de estudiantes.&nbsp;<\/p><\/div><\/div>\n\n\n\n<div id=\"section-g3f684a\" class=\"wp-block-gutentor-e7 section-g3f684a gutentor-element gutentor-element-list\"><ul class=\"grid-row gutentor-grid-item-wrap list-indicator-icon\"><li class=\"gutentor-list-item grid-lg-12 grid-md-12 grid-12\"><span class=\"gutentor-single-item gutentor-single-item-0\"><span class=\"gutentor-list-item-wrap g-s-list-wrap\"><span class=\"gutentor-single-list-item-icon\"><i class=\"list-item-icon fas fa-angle-right\"><\/i><\/span><span class=\"gutentor-list-item\"><p class=\"gutentor-single-item-title\">Participar en los Grupos Institucionales estables (Orquesta Sinf\u00f3nica, Cobla, Big Band, Formaci\u00f3n de M\u00fasica Antigua, etc.) en las mismas condiciones que el resto de alumnos.<\/p><\/span><\/span><\/span><\/li><li class=\"gutentor-list-item grid-lg-12 grid-md-12 grid-12\"><span class=\"gutentor-single-item gutentor-single-item-1\"><span class=\"gutentor-list-item-wrap g-s-list-wrap\"><span class=\"gutentor-single-list-item-icon\"><i class=\"list-item-icon fas fa-angle-right\"><\/i><\/span><span class=\"gutentor-list-item\"><p class=\"gutentor-single-item-title\">Participar en grupos de c\u00e1mara si existe disponibilidad.\u00a0<\/p><\/span><\/span><\/span><\/li><li class=\"gutentor-list-item grid-lg-12 grid-md-12 grid-12\"><span class=\"gutentor-single-item gutentor-single-item-2\"><span class=\"gutentor-list-item-wrap g-s-list-wrap\"><span class=\"gutentor-single-list-item-icon\"><i class=\"list-item-icon fas fa-angle-right\"><\/i><\/span><span class=\"gutentor-list-item\"><p class=\"gutentor-single-item-title\">Utilizar los servicios del fondo de instrumentos, biblioteca y oficina audiovisual.\u00a0<\/p><\/span><\/span><\/span><\/li><li class=\"gutentor-list-item grid-lg-12 grid-md-12 grid-12\"><span class=\"gutentor-single-item gutentor-single-item-3\"><span class=\"gutentor-list-item-wrap g-s-list-wrap\"><span class=\"gutentor-single-list-item-icon\"><i class=\"list-item-icon fas fa-angle-right\"><\/i><\/span><span class=\"gutentor-list-item\"><p class=\"gutentor-single-item-title\">Accede a Mi Esmuc (una web restringida a los estudiantes).<\/p><\/span><\/span><\/span><\/li><li class=\"gutentor-list-item grid-lg-12 grid-md-12 grid-12\"><span class=\"gutentor-single-item gutentor-single-item-4\"><span class=\"gutentor-list-item-wrap g-s-list-wrap\"><span class=\"gutentor-single-list-item-icon\"><i class=\"list-item-icon fas fa-angle-right\"><\/i><\/span><span class=\"gutentor-list-item\"><p class=\"gutentor-single-item-title\">Asiste a los cursos, charlas y masterclass programados.<\/p><\/span><\/span><\/span><\/li><li class=\"gutentor-list-item grid-lg-12 grid-md-12 grid-12\"><span class=\"gutentor-single-item gutentor-single-item-5\"><span class=\"gutentor-list-item-wrap g-s-list-wrap\"><span class=\"gutentor-single-list-item-icon\"><i class=\"list-item-icon fas fa-angle-right\"><\/i><\/span><span class=\"gutentor-list-item\"><p class=\"gutentor-single-item-title\">Pida entradas gratuitas o con descuento para los conciertos que ofrecen esta posibilidad a los alumnos de la ESMUC.\u00a0<\/p><\/span><\/span><\/span><\/li><li class=\"gutentor-list-item grid-lg-12 grid-md-12 grid-12\"><span class=\"gutentor-single-item gutentor-single-item-6\"><span class=\"gutentor-list-item-wrap g-s-list-wrap\"><span class=\"gutentor-single-list-item-icon\"><i class=\"list-item-icon fas fa-angle-right\"><\/i><\/span><span class=\"gutentor-list-item\"><p class=\"gutentor-single-item-title\">Reserva aulas para estudiar, incluso el fin de semana y los festivos.<\/p><\/span><\/span><\/span><\/li><\/ul><\/div>\n<\/div><\/div><\/div>\n<\/div><\/section>\n\n\n\n<div style=\"height:23px\" aria-hidden=\"true\" class=\"wp-block-spacer\"><\/div>\n\n\n\n<div class=\"wp-block-columns is-layout-flex wp-container-core-columns-is-layout-9d6595d7 wp-block-columns-is-layout-flex\">\n<div class=\"wp-block-column is-layout-flow wp-block-column-is-layout-flow\" style=\"flex-basis:100%\">\n<h2 class=\"wp-block-heading\" id=\"coneix-nos\">Contacto<\/h2>\n\n\n\n<div style=\"height:10px\" aria-hidden=\"true\" class=\"wp-block-spacer\"><\/div>\n\n\n\n<div id=\"section-gb675a1\" class=\"wp-block-gutentor-e0 section-gb675a1 gutentor-element gutentor-element-advanced-text\"><div class=\"gutentor-text-wrap\"><p class=\"gutentor-text\">Si tienes cualquier duda o sugerencia puedes escribir a:<\/p><\/div><\/div>\n\n\n\n<section id=\"gmbee38a2\" class=\"wp-block-gutentor-m3 section-gmbee38a2 gutentor-module gutentor-container-cover\"><div class=\"grid-container\">\n<div id=\"section-ge06b7b\" class=\"wp-block-gutentor-e7 section-ge06b7b gutentor-element gutentor-element-list\"><ul class=\"grid-row gutentor-grid-item-wrap list-indicator-icon\"><li class=\"gutentor-list-item grid-lg-12 grid-md-12 grid-12\"><span class=\"gutentor-single-item gutentor-single-item-0\"><span class=\"gutentor-list-item-wrap g-s-list-wrap\"><span class=\"gutentor-single-list-item-icon\"><i class=\"list-item-icon fas fa-envelope\"><\/i><\/span><span class=\"gutentor-list-item\"><p class=\"gutentor-single-item-title\"><a href=\"mailto:erasmus@esmuc.cat\">erasmus@esmuc.cat<\/a><\/p><\/span><\/span><\/span><\/li><\/ul><\/div>\n<\/div><\/section>\n\n\n\n<div style=\"height:10px\" aria-hidden=\"true\" class=\"wp-block-spacer\"><\/div>\n\n\n\n<h3 class=\"wp-block-heading\">M\u00e1s informaci\u00f3n sobre el programa Erasmus+&nbsp;<\/h3>\n\n\n\n<div style=\"height:10px\" aria-hidden=\"true\" class=\"wp-block-spacer\"><\/div>\n\n\n\n<div id=\"section-gcfcb70\" class=\"wp-block-gutentor-e7 section-gcfcb70 gutentor-element gutentor-element-list\"><ul class=\"grid-row gutentor-grid-item-wrap list-indicator-icon\"><li class=\"gutentor-list-item grid-lg-12 grid-md-12 grid-12\"><span class=\"gutentor-single-item gutentor-single-item-0\"><span class=\"gutentor-list-item-wrap g-s-list-wrap\"><span class=\"gutentor-single-list-item-icon\"><i class=\"list-item-icon fas fa-angle-right\"><\/i><\/span><span class=\"gutentor-list-item\"><p class=\"gutentor-single-item-title\"><a href=\"http:\/\/www.sepie.es\/\" target=\"_blank\" rel=\"noreferrer noopener\">SEPIE <\/a>(Servicio Espa\u00f1ol para la Internacionalizaci\u00f3n de la Educaci\u00f3n)<\/p><\/span><\/span><\/span><\/li><li class=\"gutentor-list-item grid-lg-12 grid-md-12 grid-12\"><span class=\"gutentor-single-item gutentor-single-item-1\"><span class=\"gutentor-list-item-wrap g-s-list-wrap\"><span class=\"gutentor-single-list-item-icon\"><i class=\"list-item-icon fas fa-angle-right\"><\/i><\/span><span class=\"gutentor-list-item\"><p class=\"gutentor-single-item-title\"><a href=\"https:\/\/erasmus-plus.ec.europa.eu\/\">Comissi\u00f3 Europea<\/a><\/p><\/span><\/span><\/span><\/li><\/ul><\/div>\n\n\n\n<div style=\"height:10px\" aria-hidden=\"true\" class=\"wp-block-spacer\"><\/div>\n\n\n\n<section id=\"gm62e2d0d\" class=\"wp-block-gutentor-m3 section-gm62e2d0d gutentor-module gutentor-container-cover\"><div class=\"grid-container\">\n<div class=\"wp-block-columns is-layout-flex wp-container-core-columns-is-layout-9d6595d7 wp-block-columns-is-layout-flex\">\n<div class=\"wp-block-column is-layout-flow wp-block-column-is-layout-flow\">\n<div id=\"section-ge9dfff\" class=\"wp-block-gutentor-e6 section-ge9dfff gutentor-element gutentor-element-image\"><div class=\"gutentor-element-image-box\"><div class=\"gutentor-image-thumb\"><img decoding=\"async\" class=\"normal-image\" src=\"https:\/\/www.esmuc.cat\/wp-content\/uploads\/2022\/11\/ue-comission-erasmus.svg\" alt=\"Ue Comission Erasmus\" \/><\/div><\/div><\/div>\n<\/div>\n\n\n\n<div class=\"wp-block-column is-layout-flow wp-block-column-is-layout-flow\"><\/div>\n<\/div>\n<\/div><\/section>\n\n\n\n<div style=\"height:10px\" aria-hidden=\"true\" class=\"wp-block-spacer\"><\/div>\n<\/div>\n<\/div>\n\n\n\n<div style=\"height:10px\" aria-hidden=\"true\" class=\"wp-block-spacer\"><\/div>\n\n\n\n<div style=\"height:10px\" aria-hidden=\"true\" class=\"wp-block-spacer\"><\/div>\n<\/div>\n<\/div>\n\n\n\n<p><\/p>\n","protected":false},"excerpt":{"rendered":"<p>Estudiar en la ESMUC (Erasmus+) Contacto M\u00e1s informaci\u00f3n sobre el programa Erasmus+&nbsp;<\/p>\n","protected":false},"author":4,"featured_media":12585,"parent":11,"menu_order":0,"comment_status":"closed","ping_status":"closed","template":"","meta":{"_acf_changed":false,"_themeisle_gutenberg_block_has_review":false,"footnotes":""},"categories":[1075,399,627,1139],"tags":[],"class_list":["post-72363","page","type-page","status-publish","has-post-thumbnail","hentry","category-estudios","category-estudis","category-mobilitat-internacional","category-mobilitat-internacional-es"],"acf":[],"publishpress_future_action":{"enabled":false,"date":"2026-04-26 22:27:10","action":"change-status","newStatus":"draft","terms":[],"taxonomy":"category","extraData":[]},"publishpress_future_workflow_manual_trigger":{"enabledWorkflows":[]},"_links":{"self":[{"href":"https:\/\/www.esmuc.cat\/es\/wp-json\/wp\/v2\/pages\/72363","targetHints":{"allow":["GET"]}}],"collection":[{"href":"https:\/\/www.esmuc.cat\/es\/wp-json\/wp\/v2\/pages"}],"about":[{"href":"https:\/\/www.esmuc.cat\/es\/wp-json\/wp\/v2\/types\/page"}],"author":[{"embeddable":true,"href":"https:\/\/www.esmuc.cat\/es\/wp-json\/wp\/v2\/users\/4"}],"replies":[{"embeddable":true,"href":"https:\/\/www.esmuc.cat\/es\/wp-json\/wp\/v2\/comments?post=72363"}],"version-history":[{"count":10,"href":"https:\/\/www.esmuc.cat\/es\/wp-json\/wp\/v2\/pages\/72363\/revisions"}],"predecessor-version":[{"id":95028,"href":"https:\/\/www.esmuc.cat\/es\/wp-json\/wp\/v2\/pages\/72363\/revisions\/95028"}],"up":[{"embeddable":true,"href":"https:\/\/www.esmuc.cat\/es\/wp-json\/wp\/v2\/pages\/11"}],"wp:featuredmedia":[{"embeddable":true,"href":"https:\/\/www.esmuc.cat\/es\/wp-json\/wp\/v2\/media\/12585"}],"wp:attachment":[{"href":"https:\/\/www.esmuc.cat\/es\/wp-json\/wp\/v2\/media?parent=72363"}],"wp:term":[{"taxonomy":"category","embeddable":true,"href":"https:\/\/www.esmuc.cat\/es\/wp-json\/wp\/v2\/categories?post=72363"},{"taxonomy":"post_tag","embeddable":true,"href":"https:\/\/www.esmuc.cat\/es\/wp-json\/wp\/v2\/tags?post=72363"}],"curies":[{"name":"wp","href":"https:\/\/api.w.org\/{rel}","templated":true}]}}