{"id":69494,"date":"2022-12-14T11:18:00","date_gmt":"2022-12-14T10:18:00","guid":{"rendered":"https:\/\/www.esmuc.cat\/?page_id=69494"},"modified":"2026-03-30T10:09:16","modified_gmt":"2026-03-30T08:09:16","slug":"conciertos-finales","status":"publish","type":"page","link":"https:\/\/www.esmuc.cat\/es\/actividades\/concerts\/conciertos-finales\/","title":{"rendered":"Conciertos finales"},"content":{"rendered":"<div class=\"breadcrumbs align  wp-block-bcn-breadcrumb-trail has-text-color has-background\" vocab=\"https:\/\/schema.org\/\" typeof=\"BreadcrumbList\">\n\t<span><\/span>\n\t<span property=\"itemListElement\" typeof=\"ListItem\"><a property=\"item\" typeof=\"WebPage\" title=\"Ir a ESMUC.\" href=\"https:\/\/www.esmuc.cat\/es\/\" class=\"home\" ><span property=\"name\">ESMUC<\/span><\/a><meta property=\"position\" content=\"1\"><\/span> &gt; <span property=\"itemListElement\" typeof=\"ListItem\"><a property=\"item\" typeof=\"WebPage\" title=\"Ir a Actividades.\" href=\"https:\/\/www.esmuc.cat\/es\/actividades\/\" class=\"post post-page\" ><span property=\"name\">Actividades<\/span><\/a><meta property=\"position\" content=\"2\"><\/span> &gt; <span property=\"itemListElement\" typeof=\"ListItem\"><a property=\"item\" typeof=\"WebPage\" title=\"Ir a Ciclos y colaboraciones.\" href=\"https:\/\/www.esmuc.cat\/es\/actividades\/concerts\/\" class=\"post post-page\" ><span property=\"name\">Ciclos y colaboraciones<\/span><\/a><meta property=\"position\" content=\"3\"><\/span> &gt; <span property=\"itemListElement\" typeof=\"ListItem\"><span property=\"name\" class=\"post post-page current-item\">Conciertos finales<\/span><meta property=\"url\" content=\"https:\/\/www.esmuc.cat\/es\/actividades\/concerts\/conciertos-finales\/\"><meta property=\"position\" content=\"4\"><\/span><\/div>\n\n\n\n<div class=\"wp-block-columns is-layout-flex wp-container-core-columns-is-layout-9d6595d7 wp-block-columns-is-layout-flex\">\n<div class=\"wp-block-column is-layout-flow wp-block-column-is-layout-flow\" style=\"flex-basis:100%\">\n<div class=\"wp-block-cover has-parallax\" style=\"min-height:552px;aspect-ratio:unset;\"><div class=\"wp-block-cover__image-background wp-image-77024 has-parallax\" style=\"background-position:50% 50%;background-image:url(http:\/\/www.esmuc.cat\/wp-content\/uploads\/2023\/03\/concerts-finals-esmuc-2022-2023-scaled.jpg)\"><\/div><span aria-hidden=\"true\" class=\"wp-block-cover__background has-background-dim\"><\/span><div class=\"wp-block-cover__inner-container is-layout-flow wp-block-cover-is-layout-flow\">\n<div style=\"height:130px\" aria-hidden=\"true\" class=\"wp-block-spacer\"><\/div>\n\n\n\n<h2 class=\"wp-block-heading has-text-align-center\" style=\"font-size:47px;font-style:normal;font-weight:600\">Conciertos finales<\/h2>\n\n\n\n<div style=\"height:60px\" aria-hidden=\"true\" class=\"wp-block-spacer\"><\/div>\n\n\n\n<p class=\"has-medium-font-size\">Al final del curso acad\u00e9mico, el alumnado de las modalidades interpretativas y de direcci\u00f3n, as\u00ed como el de m\u00e1ster, muestra las competencias que ha alcanzado a lo largo del curso en un concierto abierto al p\u00fablico.<\/p>\n\n\n\n<p class=\"has-medium-font-size\">Estos conciertos, que abarcan todos los estilos de m\u00fasica y una gran diversidad de formatos, son una excelente oportunidad para descubrir nuevos talentos.<\/p>\n<\/div><\/div>\n\n\n\n<div style=\"height:45px\" aria-hidden=\"true\" class=\"wp-block-spacer\"><\/div>\n\n\n\n<p><strong>El acceso a los conciertos es libre<\/strong>. Pod\u00e9is consultar la informaci\u00f3n de fecha, hora y lugar en la <a href=\"https:\/\/www.esmuc.cat\/es\/actividades\/agenda-3\/\">agenda<\/a>.<\/p>\n\n\n\n<div id=\"section-g33e479\" class=\"wp-block-gutentor-e2 section-g33e479 gutentor-element gutentor-element-button\"><span class=\"gutentor-button-wrap\"><a class=\"gutentor-button gutentor-block-button gutentor-icon-hide\" href=\"https:\/\/www.esmuc.cat\/el-punt-final-sona-aixi-concerts-finals-2025-2026\/\"><i class=\"gutentor-button-icon fas fa-book\"><\/i><span>Programaci\u00f3n de conciertos finales 2025-2026<\/span><\/a><\/span><\/div>\n\n\n\n<div style=\"height:45px\" aria-hidden=\"true\" class=\"wp-block-spacer\"><\/div>\n\n\n\n<p>No os perd\u00e1is tampoco los conciertos de este ciclo en el <a href=\"https:\/\/www.youtube.com\/@CanalESMUC\" target=\"_blank\" rel=\"noreferrer noopener\">canal de YouTube<\/a> de la ESMUC.<\/p>\n<\/div>\n<\/div>\n","protected":false},"excerpt":{"rendered":"<p>El acceso a los conciertos es libre. Pod\u00e9is consultar la informaci\u00f3n de fecha, hora y lugar en la agenda. No os perd\u00e1is tampoco los conciertos de este ciclo en el canal de YouTube de la ESMUC.<\/p>\n","protected":false},"author":4,"featured_media":77026,"parent":34337,"menu_order":0,"comment_status":"closed","ping_status":"closed","template":"","meta":{"_acf_changed":false,"_themeisle_gutenberg_block_has_review":false,"footnotes":""},"categories":[1074,976,1081,1196],"tags":[1259],"class_list":["post-69494","page","type-page","status-publish","has-post-thumbnail","hentry","category-conciertos","category-escola-es","category-noticia-es","category-noticia-home-es","tag-concerts-es"],"acf":[],"publishpress_future_action":{"enabled":false,"date":"2026-04-15 11:54:15","action":"change-status","newStatus":"draft","terms":[],"taxonomy":"category","extraData":[]},"publishpress_future_workflow_manual_trigger":{"enabledWorkflows":[]},"_links":{"self":[{"href":"https:\/\/www.esmuc.cat\/es\/wp-json\/wp\/v2\/pages\/69494","targetHints":{"allow":["GET"]}}],"collection":[{"href":"https:\/\/www.esmuc.cat\/es\/wp-json\/wp\/v2\/pages"}],"about":[{"href":"https:\/\/www.esmuc.cat\/es\/wp-json\/wp\/v2\/types\/page"}],"author":[{"embeddable":true,"href":"https:\/\/www.esmuc.cat\/es\/wp-json\/wp\/v2\/users\/4"}],"replies":[{"embeddable":true,"href":"https:\/\/www.esmuc.cat\/es\/wp-json\/wp\/v2\/comments?post=69494"}],"version-history":[{"count":22,"href":"https:\/\/www.esmuc.cat\/es\/wp-json\/wp\/v2\/pages\/69494\/revisions"}],"predecessor-version":[{"id":118019,"href":"https:\/\/www.esmuc.cat\/es\/wp-json\/wp\/v2\/pages\/69494\/revisions\/118019"}],"up":[{"embeddable":true,"href":"https:\/\/www.esmuc.cat\/es\/wp-json\/wp\/v2\/pages\/34337"}],"wp:featuredmedia":[{"embeddable":true,"href":"https:\/\/www.esmuc.cat\/es\/wp-json\/wp\/v2\/media\/77026"}],"wp:attachment":[{"href":"https:\/\/www.esmuc.cat\/es\/wp-json\/wp\/v2\/media?parent=69494"}],"wp:term":[{"taxonomy":"category","embeddable":true,"href":"https:\/\/www.esmuc.cat\/es\/wp-json\/wp\/v2\/categories?post=69494"},{"taxonomy":"post_tag","embeddable":true,"href":"https:\/\/www.esmuc.cat\/es\/wp-json\/wp\/v2\/tags?post=69494"}],"curies":[{"name":"wp","href":"https:\/\/api.w.org\/{rel}","templated":true}]}}