{"id":68662,"date":"2022-11-28T11:53:57","date_gmt":"2022-11-28T10:53:57","guid":{"rendered":"https:\/\/www.esmuc.cat\/biblioteca-crai\/fondos-y-colecciones\/archivos-y-fondos-personales\/jordi-ribera-bergos\/"},"modified":"2024-01-15T18:14:11","modified_gmt":"2024-01-15T17:14:11","slug":"jordi-ribera-bergos","status":"publish","type":"page","link":"https:\/\/www.esmuc.cat\/es\/servicios\/biblioteca-crai\/fondos-y-colecciones\/archivos-y-fondos-personales\/jordi-ribera-bergos\/","title":{"rendered":"Jordi Ribera Berg\u00f3s"},"content":{"rendered":"\n<div class=\"wp-block-columns is-layout-flex wp-container-core-columns-is-layout-9d6595d7 wp-block-columns-is-layout-flex\">\n<div class=\"wp-block-column esmuc__Menu_Masters is-layout-flow wp-block-column-is-layout-flow\" style=\"flex-basis:33.33%\">\n\n<\/div>\n\n\n\n<div class=\"wp-block-column is-layout-flow wp-block-column-is-layout-flow\" style=\"flex-basis:66.66%\"><div class=\"breadcrumbs align  wp-block-bcn-breadcrumb-trail has-text-color has-background\" vocab=\"https:\/\/schema.org\/\" typeof=\"BreadcrumbList\">\n\t<span><\/span>\n\t<span property=\"itemListElement\" typeof=\"ListItem\"><a property=\"item\" typeof=\"WebPage\" title=\"Ir a ESMUC.\" href=\"https:\/\/www.esmuc.cat\/es\/\" class=\"home\" ><span property=\"name\">ESMUC<\/span><\/a><meta property=\"position\" content=\"1\"><\/span> &gt; <span property=\"itemListElement\" typeof=\"ListItem\"><a property=\"item\" typeof=\"WebPage\" title=\"Ir a Servicios.\" href=\"https:\/\/www.esmuc.cat\/es\/servicios\/\" class=\"post post-page\" ><span property=\"name\">Servicios<\/span><\/a><meta property=\"position\" content=\"2\"><\/span> &gt; <span property=\"itemListElement\" typeof=\"ListItem\"><a property=\"item\" typeof=\"WebPage\" title=\"Ir a Biblioteca-CRAI de la ESMUC.\" href=\"https:\/\/www.esmuc.cat\/es\/servicios\/biblioteca-crai\/\" class=\"post post-page\" ><span property=\"name\">Biblioteca-CRAI de la ESMUC<\/span><\/a><meta property=\"position\" content=\"3\"><\/span> &gt; <span property=\"itemListElement\" typeof=\"ListItem\"><a property=\"item\" typeof=\"WebPage\" title=\"Ir a Fondos y coleciones.\" href=\"https:\/\/www.esmuc.cat\/es\/servicios\/biblioteca-crai\/fondos-y-colecciones\/\" class=\"post post-page\" ><span property=\"name\">Fondos y coleciones<\/span><\/a><meta property=\"position\" content=\"4\"><\/span> &gt; <span property=\"itemListElement\" typeof=\"ListItem\"><a property=\"item\" typeof=\"WebPage\" title=\"Ir a Archivos y fondos personales.\" href=\"https:\/\/www.esmuc.cat\/es\/servicios\/biblioteca-crai\/fondos-y-colecciones\/archivos-y-fondos-personales\/\" class=\"post post-page\" ><span property=\"name\">Archivos y fondos personales<\/span><\/a><meta property=\"position\" content=\"5\"><\/span> &gt; <span property=\"itemListElement\" typeof=\"ListItem\"><span property=\"name\" class=\"post post-page current-item\">Jordi Ribera Berg\u00f3s<\/span><meta property=\"url\" content=\"https:\/\/www.esmuc.cat\/es\/servicios\/biblioteca-crai\/fondos-y-colecciones\/archivos-y-fondos-personales\/jordi-ribera-bergos\/\"><meta property=\"position\" content=\"6\"><\/span><\/div>\n\n\n\n<h1 class=\"wp-block-heading\">Jordi Ribera Berg\u00f3s  <\/h1>\n\n\n\n<h4 class=\"wp-block-heading\">(Barcelona, \u200b\u200b19\/05\/1961 &#8211; Sant Celoni, 24\/07\/2021)<\/h4>\n\n\n\n<div style=\"height:30px\" aria-hidden=\"true\" class=\"wp-block-spacer\"><\/div>\n\n\n\n<div id=\"section-g1ce55c\" class=\"wp-block-gutentor-e6 section-g1ce55c gutentor-element gutentor-element-image\"><div class=\"gutentor-element-image-box\"><div class=\"gutentor-image-thumb\"><img decoding=\"async\" class=\"normal-image\" src=\"https:\/\/www.esmuc.cat\/wp-content\/uploads\/2022\/11\/Jordi-Ribera-Bergos_web.jpg\" \/><\/div><\/div><\/div>\n\n\n\n<div id=\"section-ge23b18\" class=\"wp-block-gutentor-e7 section-ge23b18 gutentor-element gutentor-element-list\"><ul class=\"grid-row gutentor-grid-item-wrap list-indicator-icon\"><li class=\"gutentor-list-item grid-lg-12 grid-md-12 grid-12\"><span class=\"gutentor-single-item gutentor-single-item-0\"><span class=\"gutentor-list-item-wrap g-s-list-wrap\"><span class=\"gutentor-single-list-item-icon\"><i class=\"list-item-icon fas fa-angle-right\"><\/i><\/span><span class=\"gutentor-list-item\"><p class=\"gutentor-single-item-title\"><strong>Biografia<\/strong><\/p><\/span><\/span><\/span><\/li><\/ul><\/div>\n\n\n\n<p>Jordi Ribera i Berg\u00f3s naci\u00f3 en Barcelona el 19 de mayo de 1961. Curs\u00f3 la licenciatura de Historia del Arte en la Universidad de Barcelona, \u200b\u200ben 1985, y se doctor\u00f3 en 1999 en la misma universidad con una tesis sobre el escen\u00f3grafo Mauricio Vilomara.<\/p>\n\n\n\n<p>Es autor de varios libros, entre ellos, <em>Instrumentos musicales <\/em>(Madrid; Barcelona: Daimon, 1986) y <em>El C\u00edrculo del Liceo: historia, arte, cultura<\/em> (Barcelona: C\u00edrculo del Liceo: Edicions Catalanes, 1991), as\u00ed como varios art\u00edculos en la Revista de Catalunya y en Serra d&#8217;Or y cr\u00edticas musicales en revistas como Ritmo o Scherzo.<\/p>\n\n\n\n<p>Muri\u00f3 en Sant Celoni el 24 de agosto de 2021.<\/p>\n\n\n\n<div id=\"section-gde6c0f\" class=\"wp-block-gutentor-e7 section-gde6c0f gutentor-element gutentor-element-list\"><ul class=\"grid-row gutentor-grid-item-wrap list-indicator-icon\"><li class=\"gutentor-list-item grid-lg-12 grid-md-12 grid-12\"><span class=\"gutentor-single-item gutentor-single-item-0\"><span class=\"gutentor-list-item-wrap g-s-list-wrap\"><span class=\"gutentor-single-list-item-icon\"><i class=\"list-item-icon fas fa-angle-right\"><\/i><\/span><span class=\"gutentor-list-item\"><p class=\"gutentor-single-item-title\"><strong>Inventari<\/strong><\/p><\/span><\/span><\/span><\/li><\/ul><\/div>\n\n\n\n<p>La donaci\u00f3n est\u00e1 formada por 737 documentos especializados en \u00f3pera (147 partituras y 590 libros y libritos). Desde el a\u00f1o 2022 forma parte de las colecciones de la Biblioteca-CRAI de la ESMUC.<\/p>\n\n\n\n<p>El fondo no est\u00e1 catalogado pero puede consultarse el inventario:<\/p>\n\n\n\n<div id=\"section-g5b7a71\" class=\"wp-block-gutentor-e2 section-g5b7a71 gutentor-element gutentor-element-button\"><span class=\"gutentor-button-wrap\"><a class=\"gutentor-button gutentor-block-button gutentor-icon-hide\" href=\"https:\/\/www.esmuc.cat\/wp-content\/uploads\/2024\/01\/inventari-donacio-Jordi-Ribera.pdf\" target=\"_blank\" rel=\"noopener noreferrer\"><i class=\"gutentor-button-icon fas fa-book\"><\/i><span>Inventario<\/span><\/a><\/span><\/div>\n<\/div>\n<\/div>\n","protected":false},"excerpt":{"rendered":"<p>Jordi Ribera Berg\u00f3s (Barcelona, \u200b\u200b19\/05\/1961 &#8211; Sant Celoni, 24\/07\/2021) Jordi Ribera i Berg\u00f3s naci\u00f3 en Barcelona el 19 de mayo de 1961. Curs\u00f3 la licenciatura de Historia del Arte en la Universidad de Barcelona, \u200b\u200ben 1985, y se doctor\u00f3 en 1999 en la misma universidad con una tesis sobre el escen\u00f3grafo Mauricio Vilomara. Es autor [&hellip;]<\/p>\n","protected":false},"author":5,"featured_media":68652,"parent":41749,"menu_order":2,"comment_status":"closed","ping_status":"closed","template":"","meta":{"_acf_changed":false,"_themeisle_gutenberg_block_has_review":false,"footnotes":""},"categories":[1316],"tags":[1480,1481,1556],"class_list":["post-68662","page","type-page","status-publish","has-post-thumbnail","hentry","category-biblioteca-crai-es","tag-donacions-2-es","tag-fons-personals-2-es","tag-jordi-ribera-es"],"acf":[],"publishpress_future_action":{"enabled":false,"date":"2026-04-16 08:37:30","action":"change-status","newStatus":"draft","terms":[],"taxonomy":"category","extraData":[]},"publishpress_future_workflow_manual_trigger":{"enabledWorkflows":[]},"_links":{"self":[{"href":"https:\/\/www.esmuc.cat\/es\/wp-json\/wp\/v2\/pages\/68662","targetHints":{"allow":["GET"]}}],"collection":[{"href":"https:\/\/www.esmuc.cat\/es\/wp-json\/wp\/v2\/pages"}],"about":[{"href":"https:\/\/www.esmuc.cat\/es\/wp-json\/wp\/v2\/types\/page"}],"author":[{"embeddable":true,"href":"https:\/\/www.esmuc.cat\/es\/wp-json\/wp\/v2\/users\/5"}],"replies":[{"embeddable":true,"href":"https:\/\/www.esmuc.cat\/es\/wp-json\/wp\/v2\/comments?post=68662"}],"version-history":[{"count":9,"href":"https:\/\/www.esmuc.cat\/es\/wp-json\/wp\/v2\/pages\/68662\/revisions"}],"predecessor-version":[{"id":89729,"href":"https:\/\/www.esmuc.cat\/es\/wp-json\/wp\/v2\/pages\/68662\/revisions\/89729"}],"up":[{"embeddable":true,"href":"https:\/\/www.esmuc.cat\/es\/wp-json\/wp\/v2\/pages\/41749"}],"wp:featuredmedia":[{"embeddable":true,"href":"https:\/\/www.esmuc.cat\/es\/wp-json\/wp\/v2\/media\/68652"}],"wp:attachment":[{"href":"https:\/\/www.esmuc.cat\/es\/wp-json\/wp\/v2\/media?parent=68662"}],"wp:term":[{"taxonomy":"category","embeddable":true,"href":"https:\/\/www.esmuc.cat\/es\/wp-json\/wp\/v2\/categories?post=68662"},{"taxonomy":"post_tag","embeddable":true,"href":"https:\/\/www.esmuc.cat\/es\/wp-json\/wp\/v2\/tags?post=68662"}],"curies":[{"name":"wp","href":"https:\/\/api.w.org\/{rel}","templated":true}]}}