{"id":67937,"date":"2022-11-17T12:48:45","date_gmt":"2022-11-17T11:48:45","guid":{"rendered":"https:\/\/www.esmuc.cat\/?page_id=67937"},"modified":"2025-12-03T12:41:24","modified_gmt":"2025-12-03T11:41:24","slug":"curso-de-catalan-y-recursos-linguisticos-para-estudiantes","status":"publish","type":"page","link":"https:\/\/www.esmuc.cat\/es\/estudios\/otra-oferta-formativa\/curso-de-catalan-y-recursos-linguisticos-para-estudiantes\/","title":{"rendered":"Curso de catal\u00e1n y recursos ling\u00fc\u00edsticos para estudiantes"},"content":{"rendered":"\n<div class=\"wp-block-columns is-layout-flex wp-container-core-columns-is-layout-9d6595d7 wp-block-columns-is-layout-flex\">\n<div class=\"wp-block-column esmuc__Menu_Masters is-layout-flow wp-block-column-is-layout-flow\" style=\"flex-basis:33.33%\">\n\n\n\n\n<p><\/p>\n<\/div>\n\n\n\n<div class=\"wp-block-column is-layout-flow wp-block-column-is-layout-flow\" style=\"flex-basis:66.66%\"><div class=\"breadcrumbs align  wp-block-bcn-breadcrumb-trail has-text-color has-background\" vocab=\"https:\/\/schema.org\/\" typeof=\"BreadcrumbList\">\n\t<span><\/span>\n\t<span property=\"itemListElement\" typeof=\"ListItem\"><a property=\"item\" typeof=\"WebPage\" title=\"Ir a ESMUC.\" href=\"https:\/\/www.esmuc.cat\/es\/\" class=\"home\" ><span property=\"name\">ESMUC<\/span><\/a><meta property=\"position\" content=\"1\"><\/span> &gt; <span property=\"itemListElement\" typeof=\"ListItem\"><a property=\"item\" typeof=\"WebPage\" title=\"Ir a Estudios.\" href=\"https:\/\/www.esmuc.cat\/es\/estudios\/\" class=\"post post-page\" ><span property=\"name\">Estudios<\/span><\/a><meta property=\"position\" content=\"2\"><\/span> &gt; <span property=\"itemListElement\" typeof=\"ListItem\"><a property=\"item\" typeof=\"WebPage\" title=\"Ir a Otra oferta formativa.\" href=\"https:\/\/www.esmuc.cat\/es\/estudios\/otra-oferta-formativa\/\" class=\"post post-page\" ><span property=\"name\">Otra oferta formativa<\/span><\/a><meta property=\"position\" content=\"3\"><\/span> &gt; <span property=\"itemListElement\" typeof=\"ListItem\"><span property=\"name\" class=\"post post-page current-item\">Curso de catal\u00e1n y recursos ling\u00fc\u00edsticos para estudiantes<\/span><meta property=\"url\" content=\"https:\/\/www.esmuc.cat\/es\/estudios\/otra-oferta-formativa\/curso-de-catalan-y-recursos-linguisticos-para-estudiantes\/\"><meta property=\"position\" content=\"4\"><\/span><\/div>\n\n\n\n<div style=\"height:10px\" aria-hidden=\"true\" class=\"wp-block-spacer\"><\/div>\n\n\n\n<div class=\"wp-block-columns is-layout-flex wp-container-core-columns-is-layout-9d6595d7 wp-block-columns-is-layout-flex\">\n<div class=\"wp-block-column is-layout-flow wp-block-column-is-layout-flow\" style=\"flex-basis:66.66%\">\n<h2 class=\"wp-block-heading\">Curso de catal\u00e1n y recursos ling\u00fc\u00edsticos para estudiantes<\/h2>\n\n\n\n<div style=\"height:35px\" aria-hidden=\"true\" class=\"wp-block-spacer\"><\/div>\n\n\n\n<div id=\"section-g4d5511\" class=\"wp-block-gutentor-e0 section-g4d5511 gutentor-element gutentor-element-advanced-text\"><div class=\"gutentor-text-wrap\"><p class=\"gutentor-text\">El catal\u00e1n es la principal lengua de docencia en la Escola Superior de M\u00fasica de Catalunya. El centro ofrece recursos a los estudiantes que no conocen la lengua para que puedan seguir correctamente todas las clases y facilitar su integraci\u00f3n.<\/p><\/div><\/div>\n\n\n\n<div style=\"height:10px\" aria-hidden=\"true\" class=\"wp-block-spacer\"><\/div>\n<\/div>\n\n\n\n<div class=\"wp-block-column is-layout-flow wp-block-column-is-layout-flow\" style=\"flex-basis:33.33%\">\n<figure class=\"wp-block-image size-large\"><img decoding=\"async\" width=\"1024\" height=\"1024\" src=\"https:\/\/www.esmuc.cat\/wp-content\/uploads\/2022\/11\/c-imatgeLLIURE-1024x1024.jpg\" alt=\"C Imatgelliure\" class=\"wp-image-67922\" srcset=\"https:\/\/www.esmuc.cat\/wp-content\/uploads\/2022\/11\/c-imatgeLLIURE.jpg 1024w, https:\/\/www.esmuc.cat\/wp-content\/uploads\/2022\/11\/c-imatgeLLIURE-300x300.jpg 300w, https:\/\/www.esmuc.cat\/wp-content\/uploads\/2022\/11\/c-imatgeLLIURE-150x150.jpg 150w, https:\/\/www.esmuc.cat\/wp-content\/uploads\/2022\/11\/c-imatgeLLIURE-768x768.jpg 768w\" sizes=\"(max-width: 1024px) 100vw, 1024px\" \/><\/figure>\n<\/div>\n<\/div>\n\n\n\n<div style=\"height:10px\" aria-hidden=\"true\" class=\"wp-block-spacer\"><\/div>\n\n\n\n<h3 class=\"wp-block-heading\">Curso de catal\u00e1n para nuevo alumnado (formaci\u00f3n b\u00e1sica)<\/h3>\n\n\n\n<div style=\"height:10px\" aria-hidden=\"true\" class=\"wp-block-spacer\"><\/div>\n\n\n\n<div id=\"section-gff2c2c\" class=\"wp-block-gutentor-e0 section-gff2c2c gutentor-element gutentor-element-advanced-text\"><div class=\"gutentor-text-wrap\"><p class=\"gutentor-text\">Cada a\u00f1o, la ESMUC organiza un curso gratuito de catal\u00e1n, con profesorado propio de la escuela, dirigido a estudiantes que comienzan el <a href=\"https:\/\/www.esmuc.cat\/es\/estudios\/grau\/\">grado<\/a>, el <a href=\"https:\/\/www.esmuc.cat\/es\/estudios\/masters-i-postgraus\/\">m\u00e1ster<\/a> o un periodo de movilidad <a href=\"https:\/\/www.esmuc.cat\/es\/estudis\/mobilitat-internacional\/quiero-hacer-un-erasmus-en-la-esmuc\/\">Erasmus<\/a> y quieren disfrutar de una formaci\u00f3n b\u00e1sica. El curso tiene lugar de septiembre a diciembre.<br><br>Las personas interesadas deben disponer obligatoriamente del libro <em>A punt 1. Curs de Catal\u00e0. Llibre de l&#8217;alumne<\/em>, que puede comprarse en la misma editorial: <a href=\"https:\/\/www.pamsa.cat\/\">Publicacions de l\u2019Abadia de Montserrat<\/a>, calle de Ausi\u00e0s March, 92-98, Barcelona.<\/p><\/div><\/div>\n\n\n\n<div style=\"height:72px\" aria-hidden=\"true\" class=\"wp-block-spacer\"><\/div>\n\n\n\n<div style=\"height:10px\" aria-hidden=\"true\" class=\"wp-block-spacer\"><\/div>\n\n\n\n<div id=\"section-g422eea\" class=\"wp-block-gutentor-e2 section-g422eea gutentor-element gutentor-element-button button-align-center-desktop button-align-center-tablet button-align-center-mobile\"><span class=\"gutentor-button-wrap\"><a class=\"gutentor-button gutentor-block-button gutentor-icon-hide\" href=\"https:\/\/forms.office.com\/e\/hNBq5w9ymV\" target=\"_blank\" rel=\"noopener noreferrer\"><i class=\"gutentor-button-icon fas fa-book\"><\/i><span>Inscripciones<\/span><\/a><\/span><\/div>\n\n\n\n<div style=\"height:72px\" aria-hidden=\"true\" class=\"wp-block-spacer\"><\/div>\n\n\n\n<h4 class=\"wp-block-heading\"><strong>Recursos ling\u00fc\u00edsticos en l\u00ednea<\/strong><\/h4>\n\n\n\n<div style=\"height:10px\" aria-hidden=\"true\" class=\"wp-block-spacer\"><\/div>\n\n\n\n<div id=\"section-g36a010\" class=\"wp-block-gutentor-e0 section-g36a010 gutentor-element gutentor-element-advanced-text\"><div class=\"gutentor-text-wrap\"><p class=\"gutentor-text\">Aqu\u00ed pod\u00e9is consultar algunas p\u00e1ginas web de aprendizaje y usos del catal\u00e1n online.<\/p><\/div><\/div>\n\n\n\n<div style=\"height:10px\" aria-hidden=\"true\" class=\"wp-block-spacer\"><\/div>\n\n\n\n<section id=\"89a4d2\" class=\"section-89a4d2 gutentor-module gutentor-module-accordion\"><div class=\"grid-container\">\n<div id=\"b9634e\" class=\"wp-block-gutentor-m6-item section-b9634e gutentor-module gutentor-module-accordion-item\"><div class=\"gutentor-module-accordion-panel g-a-panel-89a4d2\"><div class=\"gm-ah-89a4d2 gutentor-module-accordion-item-heading gutentor-module-icon-position-right\"><span class=\"gutentor-module-accordion-panel-handler\" role=\"button\"><span class=\"gutentor-module-accordion-panel-handler-label\">Generalitat de Catalunya<\/span><span class=\"gutentor-module-accordion-icon\"><i class=\"gm-aio-89a4d2 gutentor-module-accordion-icon-open fas fa-plus\"><\/i><i class=\"gm-aic-89a4d2 gutentor-module-accordion-icon-close fas fa-minus\"><\/i><\/span><\/span><\/div><div class=\"gm-ab-89a4d2 gutentor-module-accordion-body\">\n<div id=\"section-gcd9d3f\" class=\"wp-block-gutentor-e0 section-gcd9d3f gutentor-element gutentor-element-advanced-text\"><div class=\"gutentor-text-wrap\"><p class=\"gutentor-text\"><a href=\"https:\/\/llengua.gencat.cat\/ca\/serveis\/informacio_i_difusio\/publicacions_en_linia\/viure_a_catalunya_col\/viure_a_catalunya_comencem_a_parlar\/\">Generalitat de Catalunya<\/a><br><br>\u201cVivir en Catalu\u00f1a. Comencemos a hablar\u201d. Recopilaci\u00f3n de conversaciones de temas de la vida cotidiana que empiezan por un nivel b\u00e1sico y van aumentando dificultad. Web oficial de la Generalitat de Catalunya.<\/p><\/div><\/div>\n<\/div><\/div><\/div>\n\n\n\n<div id=\"c5e48d\" class=\"wp-block-gutentor-m6-item section-c5e48d gutentor-module gutentor-module-accordion-item\"><div class=\"gutentor-module-accordion-panel g-a-panel-89a4d2\"><div class=\"gm-ah-89a4d2 gutentor-module-accordion-item-heading gutentor-module-icon-position-right\"><span class=\"gutentor-module-accordion-panel-handler\" role=\"button\"><span class=\"gutentor-module-accordion-panel-handler-label\">Consorci per a la Normalitzaci\u00f3 Ling\u00fc\u00edstica<\/span><span class=\"gutentor-module-accordion-icon\"><i class=\"gm-aio-89a4d2 gutentor-module-accordion-icon-open fas fa-plus\"><\/i><i class=\"gm-aic-89a4d2 gutentor-module-accordion-icon-close fas fa-minus\"><\/i><\/span><\/span><\/div><div class=\"gm-ab-89a4d2 gutentor-module-accordion-body\">\n<div id=\"section-g85a21c\" class=\"wp-block-gutentor-e0 section-g85a21c gutentor-element gutentor-element-advanced-text\"><div class=\"gutentor-text-wrap\"><p class=\"gutentor-text\"><a href=\"https:\/\/www.cpnl.cat\/cursos-de-catala\/cursos-generals-nivell-inicial\/\">Consorci per a la Normalitzaci\u00f3 Ling\u00fc\u00edstica<\/a><br><br>Es la instituci\u00f3n p\u00fablica que promueve el uso de la lengua catalana. Ofrece cursos gratuitos de catal\u00e1n tanto para principiantes como para hablantes con un nivel b\u00e1sico o intermedio.<\/p><\/div><\/div>\n<\/div><\/div><\/div>\n\n\n\n<div id=\"cd73e2\" class=\"wp-block-gutentor-m6-item section-cd73e2 gutentor-module gutentor-module-accordion-item\"><div class=\"gutentor-module-accordion-panel g-a-panel-89a4d2\"><div class=\"gm-ah-89a4d2 gutentor-module-accordion-item-heading gutentor-module-icon-position-right\"><span class=\"gutentor-module-accordion-panel-handler\" role=\"button\"><span class=\"gutentor-module-accordion-panel-handler-label\">Parla.cat<\/span><span class=\"gutentor-module-accordion-icon\"><i class=\"gm-aio-89a4d2 gutentor-module-accordion-icon-open fas fa-plus\"><\/i><i class=\"gm-aic-89a4d2 gutentor-module-accordion-icon-close fas fa-minus\"><\/i><\/span><\/span><\/div><div class=\"gm-ab-89a4d2 gutentor-module-accordion-body\">\n<div id=\"section-gd8302d\" class=\"wp-block-gutentor-e0 section-gd8302d gutentor-element gutentor-element-advanced-text\"><div class=\"gutentor-text-wrap\"><p class=\"gutentor-text\"><a href=\"https:\/\/www.parla.cat\/pres_catalaenlinia\/AppPHP\/login\/index.php?lang=en\">Parla.cat<\/a><br><br>Espacio virtual de aprendizaje que ofrece materiales did\u00e1cticos para aprender la lengua catalana al alcance de todos. El curso se puede realizar siguiendo la modalidad libre o la modalidad con tutor\u00eda.<\/p><\/div><\/div>\n<\/div><\/div><\/div>\n\n\n\n<div id=\"3a73f1\" class=\"wp-block-gutentor-m6-item section-3a73f1 gutentor-module gutentor-module-accordion-item\"><div class=\"gutentor-module-accordion-panel g-a-panel-89a4d2\"><div class=\"gm-ah-89a4d2 gutentor-module-accordion-item-heading gutentor-module-icon-position-right\"><span class=\"gutentor-module-accordion-panel-handler\" role=\"button\"><span class=\"gutentor-module-accordion-panel-handler-label\">Easy Languages<\/span><span class=\"gutentor-module-accordion-icon\"><i class=\"gm-aio-89a4d2 gutentor-module-accordion-icon-open fas fa-plus\"><\/i><i class=\"gm-aic-89a4d2 gutentor-module-accordion-icon-close fas fa-minus\"><\/i><\/span><\/span><\/div><div class=\"gm-ab-89a4d2 gutentor-module-accordion-body\">\n<div id=\"section-gd293a2\" class=\"wp-block-gutentor-e0 section-gd293a2 gutentor-element gutentor-element-advanced-text\"><div class=\"gutentor-text-wrap\"><p class=\"gutentor-text\"><a href=\"https:\/\/www.easy-languages.org\/easy-catalan\">Easy Languages<\/a><br><br>V\u00eddeos y podcasts de inter\u00e9s lingu\u00edstico.<\/p><\/div><\/div>\n<\/div><\/div><\/div>\n\n\n\n<div id=\"7ddcd3\" class=\"wp-block-gutentor-m6-item section-7ddcd3 gutentor-module gutentor-module-accordion-item\"><div class=\"gutentor-module-accordion-panel g-a-panel-89a4d2\"><div class=\"gm-ah-89a4d2 gutentor-module-accordion-item-heading gutentor-module-icon-position-right\"><span class=\"gutentor-module-accordion-panel-handler\" role=\"button\"><span class=\"gutentor-module-accordion-panel-handler-label\">Voluntariat per la llengua<\/span><span class=\"gutentor-module-accordion-icon\"><i class=\"gm-aio-89a4d2 gutentor-module-accordion-icon-open fas fa-plus\"><\/i><i class=\"gm-aic-89a4d2 gutentor-module-accordion-icon-close fas fa-minus\"><\/i><\/span><\/span><\/div><div class=\"gm-ab-89a4d2 gutentor-module-accordion-body\">\n<div id=\"section-g7ff4c3\" class=\"wp-block-gutentor-e0 section-g7ff4c3 gutentor-element gutentor-element-advanced-text\"><div class=\"gutentor-text-wrap\"><p class=\"gutentor-text\"><a href=\"https:\/\/www.vxl.cat\/\">Voluntariat per la llengua<\/a><br><br>Programa para\u00a0practicar catal\u00e1n a trav\u00e9s de la conversaci\u00f3n.<\/p><\/div><\/div>\n<\/div><\/div><\/div>\n\n\n\n<div id=\"f2959b\" class=\"wp-block-gutentor-m6-item section-f2959b gutentor-module gutentor-module-accordion-item\"><div class=\"gutentor-module-accordion-panel g-a-panel-89a4d2\"><div class=\"gm-ah-89a4d2 gutentor-module-accordion-item-heading gutentor-module-icon-position-right\"><span class=\"gutentor-module-accordion-panel-handler\" role=\"button\"><span class=\"gutentor-module-accordion-panel-handler-label\">Couch Polyglot<\/span><span class=\"gutentor-module-accordion-icon\"><i class=\"gm-aio-89a4d2 gutentor-module-accordion-icon-open fas fa-plus\"><\/i><i class=\"gm-aic-89a4d2 gutentor-module-accordion-icon-close fas fa-minus\"><\/i><\/span><\/span><\/div><div class=\"gm-ab-89a4d2 gutentor-module-accordion-body\">\n<div id=\"section-gd393ee\" class=\"wp-block-gutentor-e0 section-gd393ee gutentor-element gutentor-element-advanced-text\"><div class=\"gutentor-text-wrap\"><p class=\"gutentor-text\"><a href=\"https:\/\/www.youtube.com\/c\/couchpolyglot\">Couch Polyglot<\/a><br><br>Creadora de contenidos en las redes sociales que ense\u00f1a catalan a nivel b\u00e1sico.<\/p><\/div><\/div>\n<\/div><\/div><\/div>\n<\/div><\/section>\n\n\n\n<div style=\"height:10px\" aria-hidden=\"true\" class=\"wp-block-spacer\"><\/div>\n<\/div>\n<\/div>\n","protected":false},"excerpt":{"rendered":"<p>Curso de catal\u00e1n y recursos ling\u00fc\u00edsticos para estudiantes Curso de catal\u00e1n para nuevo alumnado (formaci\u00f3n b\u00e1sica) Recursos ling\u00fc\u00edsticos en l\u00ednea<\/p>\n","protected":false},"author":4,"featured_media":67920,"parent":84455,"menu_order":0,"comment_status":"closed","ping_status":"closed","template":"","meta":{"_acf_changed":false,"_themeisle_gutenberg_block_has_review":false,"footnotes":""},"categories":[1225],"tags":[1469],"class_list":["post-67937","page","type-page","status-publish","has-post-thumbnail","hentry","category-altra-oferta-formativa-es","tag-llengues-es"],"acf":[],"publishpress_future_action":{"enabled":false,"date":"2026-04-28 05:48:47","action":"change-status","newStatus":"draft","terms":[],"taxonomy":"category","extraData":[]},"publishpress_future_workflow_manual_trigger":{"enabledWorkflows":[]},"_links":{"self":[{"href":"https:\/\/www.esmuc.cat\/es\/wp-json\/wp\/v2\/pages\/67937","targetHints":{"allow":["GET"]}}],"collection":[{"href":"https:\/\/www.esmuc.cat\/es\/wp-json\/wp\/v2\/pages"}],"about":[{"href":"https:\/\/www.esmuc.cat\/es\/wp-json\/wp\/v2\/types\/page"}],"author":[{"embeddable":true,"href":"https:\/\/www.esmuc.cat\/es\/wp-json\/wp\/v2\/users\/4"}],"replies":[{"embeddable":true,"href":"https:\/\/www.esmuc.cat\/es\/wp-json\/wp\/v2\/comments?post=67937"}],"version-history":[{"count":16,"href":"https:\/\/www.esmuc.cat\/es\/wp-json\/wp\/v2\/pages\/67937\/revisions"}],"predecessor-version":[{"id":114651,"href":"https:\/\/www.esmuc.cat\/es\/wp-json\/wp\/v2\/pages\/67937\/revisions\/114651"}],"up":[{"embeddable":true,"href":"https:\/\/www.esmuc.cat\/es\/wp-json\/wp\/v2\/pages\/84455"}],"wp:featuredmedia":[{"embeddable":true,"href":"https:\/\/www.esmuc.cat\/es\/wp-json\/wp\/v2\/media\/67920"}],"wp:attachment":[{"href":"https:\/\/www.esmuc.cat\/es\/wp-json\/wp\/v2\/media?parent=67937"}],"wp:term":[{"taxonomy":"category","embeddable":true,"href":"https:\/\/www.esmuc.cat\/es\/wp-json\/wp\/v2\/categories?post=67937"},{"taxonomy":"post_tag","embeddable":true,"href":"https:\/\/www.esmuc.cat\/es\/wp-json\/wp\/v2\/tags?post=67937"}],"curies":[{"name":"wp","href":"https:\/\/api.w.org\/{rel}","templated":true}]}}