{"id":66431,"date":"2022-11-02T17:05:37","date_gmt":"2022-11-02T16:05:37","guid":{"rendered":"https:\/\/www.esmuc.cat\/?page_id=66431"},"modified":"2024-10-01T14:29:36","modified_gmt":"2024-10-01T12:29:36","slug":"espacios","status":"publish","type":"page","link":"https:\/\/www.esmuc.cat\/es\/escuela\/sobre-lesmuc\/espacios\/","title":{"rendered":"Espacios"},"content":{"rendered":"\n<div class=\"wp-block-columns is-layout-flex wp-container-core-columns-is-layout-9d6595d7 wp-block-columns-is-layout-flex\">\n<div class=\"wp-block-column esmuc__Menu_Masters is-layout-flow wp-block-column-is-layout-flow\" style=\"flex-basis:33.33%\">\n\n<\/div>\n\n\n\n<div class=\"wp-block-column is-layout-flow wp-block-column-is-layout-flow\" style=\"flex-basis:66.66%\"><div class=\"breadcrumbs align  wp-block-bcn-breadcrumb-trail has-text-color has-background\" vocab=\"https:\/\/schema.org\/\" typeof=\"BreadcrumbList\">\n\t<span><\/span>\n\t<span property=\"itemListElement\" typeof=\"ListItem\"><a property=\"item\" typeof=\"WebPage\" title=\"Ir a ESMUC.\" href=\"https:\/\/www.esmuc.cat\/es\/\" class=\"home\" ><span property=\"name\">ESMUC<\/span><\/a><meta property=\"position\" content=\"1\"><\/span> &gt; <span property=\"itemListElement\" typeof=\"ListItem\"><a property=\"item\" typeof=\"WebPage\" title=\"Ir a Escuela.\" href=\"https:\/\/www.esmuc.cat\/es\/escuela\/\" class=\"post post-page\" ><span property=\"name\">Escuela<\/span><\/a><meta property=\"position\" content=\"2\"><\/span> &gt; <span property=\"itemListElement\" typeof=\"ListItem\"><a property=\"item\" typeof=\"WebPage\" title=\"Ir a Sobre la ESMUC.\" href=\"https:\/\/www.esmuc.cat\/es\/escuela\/sobre-lesmuc\/\" class=\"post post-page\" ><span property=\"name\">Sobre la ESMUC<\/span><\/a><meta property=\"position\" content=\"3\"><\/span> &gt; <span property=\"itemListElement\" typeof=\"ListItem\"><span property=\"name\" class=\"post post-page current-item\">Espacios<\/span><meta property=\"url\" content=\"https:\/\/www.esmuc.cat\/es\/escuela\/sobre-lesmuc\/espacios\/\"><meta property=\"position\" content=\"4\"><\/span><\/div>\n\n\n\n<h1 class=\"wp-block-heading\">Espacios<\/h1>\n\n\n\n<div style=\"height:10px\" aria-hidden=\"true\" class=\"wp-block-spacer\"><\/div>\n\n\n\n<div id=\"section-gbd5915\" class=\"wp-block-gutentor-e7 section-gbd5915 gutentor-element gutentor-element-list\"><ul class=\"grid-row gutentor-grid-item-wrap list-indicator-icon\"><li class=\"gutentor-list-item grid-lg-12 grid-md-12 grid-12\"><span class=\"gutentor-single-item gutentor-single-item-0\"><span class=\"gutentor-list-item-wrap g-s-list-wrap\"><span class=\"gutentor-single-list-item-icon\"><i class=\"list-item-icon fas fa-envelope\"><\/i><\/span><span class=\"gutentor-list-item\"><p class=\"gutentor-single-item-title\">Reserva, cesi\u00f3n y alquiler de espacios:\u00a0<em>espais@esmuc.cat<\/em><\/p><\/span><\/span><\/span><\/li><\/ul><\/div>\n\n\n\n<div class=\"wp-block-columns is-layout-flex wp-container-core-columns-is-layout-9d6595d7 wp-block-columns-is-layout-flex\">\n<div class=\"wp-block-column is-layout-flow wp-block-column-is-layout-flow\" style=\"flex-basis:66.66%\">\n<p>La ESMUC est\u00e1 situada en el nuevo centro urbano de la Plaza de las Glorias, junto al <a href=\"https:\/\/www.tnc.cat\/\" target=\"_blank\" rel=\"noreferrer noopener\">Teatre Nacional de Catalunya<\/a> y a pocos metros del <a href=\"https:\/\/encantsbarcelona.com\/\" target=\"_blank\" rel=\"noreferrer noopener\">Mercat dels Encants<\/a> y del <a href=\"https:\/\/ajuntament.barcelona.cat\/museudeldisseny\/\" target=\"_blank\" rel=\"noreferrer noopener\">Museu del Disseny<\/a> de Barcelona. Compartimos sede con <a href=\"https:\/\/www.auditori.cat\/\" target=\"_blank\" rel=\"noreferrer noopener\">L&#8217;Auditori<\/a> y el <a href=\"https:\/\/ajuntament.barcelona.cat\/museumusica\/\" target=\"_blank\" rel=\"noreferrer noopener\">Museu de la M\u00fasica<\/a> de Barcelona, en un gran centro musical de 40.000 m<sup>\u00b2<\/sup>, obra del arquitecto&nbsp;<a href=\"http:\/\/es.wikipedia.org\/wiki\/Rafael_Moneo\" target=\"_blank\" rel=\"noreferrer noopener\">Rafael Moneo<\/a>.<\/p>\n\n\n\n<p>El edificio fue construido entre los a\u00f1os 1990 y 1999 en un terreno que ocupa dos manzanas del Eixample. Se reconoce enseguida por su aspecto sobrio y compacto, por la ret\u00edcula de hormig\u00f3n que se repite a lo largo de la fachada y los paneles de acero que le confieren su caracter\u00edstico color yema. La parte central de la construcci\u00f3n se sustenta sobre columnas, formando un pasaje que permite atravesar el edificio sin tener que circundarlo. En este espacio encontramos tambi\u00e9n la <em>Llanterna<\/em>, un monumental cubo de vidrio decorado por Pablo Palazuelo que act\u00faa como atrio y aut\u00e9ntico coraz\u00f3n del edificio.<\/p>\n\n\n\n<p>En el interior de la ESMUC encontramos la estructura de hormig\u00f3n presente en la fachada y un revestimiento de madera de arce que transmite calidez y luminosidad a todos los espacios. Las aulas est\u00e1n aisladas ac\u00fasticamente y cuentan con el equipamiento y el instrumental necesario para garantizar la calidad de la docencia.<\/p>\n\n\n\n<div class=\"wp-block-buttons is-layout-flex wp-block-buttons-is-layout-flex\"><\/div>\n<\/div>\n\n\n\n<div class=\"wp-block-column is-layout-flow wp-block-column-is-layout-flow\" style=\"flex-basis:33.33%\">\n<div id=\"section-g174f24\" class=\"wp-block-gutentor-e6 section-g174f24 gutentor-element gutentor-element-image gutentor-enabled-width\"><div class=\"gutentor-element-image-box\"><div class=\"gutentor-bg-image\"><\/div><\/div><\/div>\n<\/div>\n<\/div>\n\n\n\n<div class=\"wp-block-buttons is-layout-flex wp-block-buttons-is-layout-flex\"><\/div>\n\n\n\n<div id=\"section-g5ef2b6\" class=\"wp-block-gutentor-e2 section-g5ef2b6 gutentor-element gutentor-element-button button-align-left-desktop\"><span class=\"gutentor-button-wrap\"><a class=\"gutentor-button gutentor-block-button gutentor-icon-hide\" href=\"https:\/\/forms.office.com\/pages\/responsepage.aspx?id=MziA2ZQOU0WslHunsTY0a7jfbmZpvQxKt3xthj4dXbJUQ0hOMzRXS0VJRDA0MTZHQzQyUzhNSFRPUy4u\" target=\"_blank\" rel=\"noopener noreferrer\"><i class=\"gutentor-button-icon fas fa-book\"><\/i><span>Solicitud de alquiler o cesi\u00f3n de espacios<\/span><\/a><\/span><\/div>\n\n\n\n<div id=\"section-g-477bcba\" class=\"wp-block-gutentor-e2 section-g-477bcba gutentor-element gutentor-element-button button-align-left-desktop\"><span class=\"gutentor-button-wrap\"><a class=\"gutentor-button gutentor-block-button gutentor-icon-hide\" href=\"https:\/\/esmuc.sharepoint.com\/sites\/ESPAIS\/SitePages\/Servei-lloguer-cessio-espais.aspx?CT=1681888932659&amp;OR=OWA-NT&amp;CID=8349d287-8953-597a-f23d-77e5c35d991d\" target=\"_blank\" rel=\"noopener noreferrer\"><i class=\"gutentor-button-icon fas fa-book\"><\/i><span>Servicio de alquiler de espacios<\/span><\/a><\/span><\/div>\n\n\n\n<div style=\"height:10px\" aria-hidden=\"true\" class=\"wp-block-spacer\"><\/div>\n\n\n\n<section id=\"f653b6\" class=\"section-f653b6 gutentor-module gutentor-module-accordion\"><div class=\"grid-container\">\n<div id=\"be819d\" class=\"wp-block-gutentor-m6-item section-be819d gutentor-module gutentor-module-accordion-item\"><div class=\"gutentor-module-accordion-panel g-a-panel-f653b6\"><div class=\"gm-ah-f653b6 gutentor-module-accordion-item-heading gutentor-module-icon-position-right\"><span class=\"gutentor-module-accordion-panel-handler\" role=\"button\"><span class=\"gutentor-module-accordion-panel-handler-label\">Tarifas<\/span><span class=\"gutentor-module-accordion-icon\"><i class=\"gm-aio-f653b6 gutentor-module-accordion-icon-open fas fa-plus\"><\/i><i class=\"gm-aic-f653b6 gutentor-module-accordion-icon-close fas fa-minus\"><\/i><\/span><\/span><\/div><div class=\"gm-ab-f653b6 gutentor-module-accordion-body\">\n<div id=\"section-g05a97d\" class=\"wp-block-gutentor-e0 section-g05a97d gutentor-element gutentor-element-advanced-text\"><div class=\"gutentor-text-wrap\"><p class=\"gutentor-text\"><\/p><\/div><\/div>\n\n\n\n<section id=\"gm94da523\" class=\"wp-block-gutentor-m3 section-gm94da523 gutentor-module gutentor-container-cover\"><div class=\"grid-container\">\n<table id=\"tablepress-447\" class=\"tablepress tablepress-id-447 tbody-has-connected-cells\">\n<thead>\n<tr class=\"row-1\">\n\t<th class=\"column-1\">Precio\/Tasa<br \/>\n  <\/th><th class=\"column-2\">Descripci\u00f3n<br \/>\n  <\/th><th class=\"column-3\">Importe<br \/>\n  <\/th><th class=\"column-4\">Periodo<br \/>\n  <\/th>\n<\/tr>\n<\/thead>\n<tbody class=\"row-hover\">\n<tr class=\"row-2\">\n\t<td colspan=\"4\" class=\"column-1\">  <b>EXTERNOS<\/b><br \/>\n  <\/td>\n<\/tr>\n<tr class=\"row-3\">\n\t<td class=\"column-1\">  Aula de instrumento individual<br \/>\n  <\/td><td class=\"column-2\">  Aula general de 12m2<br \/>\n  <\/td><td class=\"column-3\">  20,00 \u20ac<br \/>\n  <\/td><td class=\"column-4\">  Hora<br \/>\n  <\/td>\n<\/tr>\n<tr class=\"row-4\">\n\t<td class=\"column-1\">  Aula de conjunto<br \/>\n  <\/td><td class=\"column-2\">  Aula general de 25m2<br \/>\n  <\/td><td class=\"column-3\">  55,00 \u20ac<br \/>\n  <\/td><td class=\"column-4\">  Hora<br \/>\n  <\/td>\n<\/tr>\n<tr class=\"row-5\">\n\t<td class=\"column-1\">  Aula colectiva<br \/>\n  <\/td><td class=\"column-2\">  Aula general de 54m2<br \/>\n  <\/td><td class=\"column-3\">  65,00 \u20ac<br \/>\n  <\/td><td class=\"column-4\">  Hora<br \/>\n  <\/td>\n<\/tr>\n<tr class=\"row-6\">\n\t<td class=\"column-1\">  Cabina<br \/>\n  <\/td><td class=\"column-2\">  Cabina 6m2<br \/>\n  <\/td><td class=\"column-3\">  12,00 \u20ac<br \/>\n  <\/td><td class=\"column-4\">  Hora<br \/>\n  <\/td>\n<\/tr>\n<tr class=\"row-7\">\n\t<td class=\"column-1\">  Aula de orquesta<\/td><td class=\"column-2\">  Aula de orquesta de 293 m2<br \/>\n  <\/td><td class=\"column-3\">  650,00 \u20ac<br \/>\n  <\/td><td class=\"column-4\">  1\/2 jornada de 4 horas<br \/>\n  <\/td>\n<\/tr>\n<tr class=\"row-8\">\n\t<td class=\"column-1\">  Aula de coro<br \/>\n  <\/td><td class=\"column-2\">  Aula de coro de 83 m2<br \/>\n  <\/td><td class=\"column-3\">  425,00 \u20ac<br \/>\n  <\/td><td class=\"column-4\">  1\/2 jornada de 4 horas<br \/>\n  <\/td>\n<\/tr>\n<tr class=\"row-9\">\n\t<td class=\"column-1\">  Aulas restringidas<br \/>\n  <\/td><td class=\"column-2\"> Aulas con equipamiento espec\u00edfico<br \/>\n  <br \/>\n  <\/td><td class=\"column-3\">Precio aula + c\u00e1lculo equipamiento<br \/>\n  <\/td><td class=\"column-4\">  Hora<br \/>\n  <\/td>\n<\/tr>\n<tr class=\"row-10\">\n\t<td class=\"column-1\">  Aulas espec\u00edficas<br \/>\n  <\/td><td class=\"column-2\">  Aules amb equipamiento espec\u00edfico y restringido<br \/>\n  <\/td><td class=\"column-3\">Precio aula + c\u00e1lculo equipamiento<br \/>\n  <\/td><td class=\"column-4\">  Hora<br \/>\n  <\/td>\n<\/tr>\n<tr class=\"row-11\">\n\t<td class=\"column-1\">  Vest\u00edbulo\u00a0A<br \/>\n  <\/td><td class=\"column-2\">  Varios espacios de paso que forman parte de un conjunto de espacios o zona<br \/>\n  <\/td><td class=\"column-3\">  200,00 \u20ac<br \/>\n  <\/td><td class=\"column-4\">  1\/2 jornada de 4 horas<br \/>\n  <\/td>\n<\/tr>\n<tr class=\"row-12\">\n\t<td class=\"column-1\">  Vest\u00edbulo\u00a0B<br \/>\n  <\/td><td class=\"column-2\">Varios espacios de paso que forman parte de un conjunto de espacios o zona<br \/>\n  <\/td><td class=\"column-3\">  100,00 \u20ac<br \/>\n  <\/td><td class=\"column-4\">  1\/2 jornada de 4 horas<br \/>\n  <\/td>\n<\/tr>\n<tr class=\"row-13\">\n\t<td class=\"column-1\">  Pasillo<br \/>\n  <\/td><td class=\"column-2\">  Varios espacios de paso que forman parte de un conjunto de espacios o zona<br \/>\n  <\/td><td class=\"column-3\">  100,00 \u20ac<br \/>\n  <\/td><td class=\"column-4\">  1\/2 jornada de 4 horas<br \/>\n  <\/td>\n<\/tr>\n<tr class=\"row-14\">\n\t<td class=\"column-1\">  Biblioteca<br \/>\n  <\/td><td class=\"column-2\">  Biblioteca<br \/>\n  <\/td><td class=\"column-3\">  500,00 \u20ac<br \/>\n  <\/td><td class=\"column-4\">  1\/2 jornada de 4 horas<br \/>\n  <\/td>\n<\/tr>\n<tr class=\"row-15\">\n\t<td class=\"column-1\">  Terraza<br \/>\n  <\/td><td class=\"column-2\">  Terraza<br \/>\n  <\/td><td class=\"column-3\">  500,00 \u20ac<br \/>\n  <\/td><td class=\"column-4\">  1\/2 jornada de 4 horas<br \/>\n  <\/td>\n<\/tr>\n<tr class=\"row-16\">\n\t<td class=\"column-1\">  Cantina<br \/>\n  <\/td><td class=\"column-2\">  Cantina y zona de <i>vending<\/i><br \/>\n  <\/td><td class=\"column-3\">  800,00 \u20ac<br \/>\n  <\/td><td class=\"column-4\">  D\u00eda<br \/>\n  <\/td>\n<\/tr>\n<tr class=\"row-17\">\n\t<td colspan=\"4\" class=\"column-1\">  <b>ALUMNI<\/b><br \/>\n  <\/td>\n<\/tr>\n<tr class=\"row-18\">\n\t<td class=\"column-1\">  Aula de instrumento individual<br \/>\n  <\/td><td class=\"column-2\">  Aula general de 12m2<br \/>\n  <\/td><td class=\"column-3\">  0,00 \u20ac<br \/>\n  <\/td><td class=\"column-4\">  Hora<br \/>\n  <\/td>\n<\/tr>\n<tr class=\"row-19\">\n\t<td class=\"column-1\">  Aula de conjunto<br \/>\n  <\/td><td class=\"column-2\">  Aula general de 25m2<br \/>\n  <\/td><td class=\"column-3\">  5,50 \u20ac<br \/>\n  <\/td><td class=\"column-4\">  Hora<br \/>\n  <\/td>\n<\/tr>\n<tr class=\"row-20\">\n\t<td class=\"column-1\">  Aula colectiva<br \/>\n  <\/td><td class=\"column-2\">  Aula general de 54m2<br \/>\n  <\/td><td class=\"column-3\">  10,00 \u20ac<br \/>\n  <\/td><td class=\"column-4\">  Hora<br \/>\n  <\/td>\n<\/tr>\n<tr class=\"row-21\">\n\t<td class=\"column-1\">  Cabina<br \/>\n  <\/td><td class=\"column-2\">  Cabina 6m2<br \/>\n  <\/td><td class=\"column-3\">  0,00 \u20ac<br \/>\n  <\/td><td class=\"column-4\">  Hora<br \/>\n  <\/td>\n<\/tr>\n<tr class=\"row-22\">\n\t<td class=\"column-1\">  Aulas espec\u00edficas<br \/>\n  <\/td><td class=\"column-2\">  Aulas con equipamiento espec\u00edfico<br \/>\n  <\/td><td class=\"column-3\">Precio aula + c\u00e1lculo equipamiento<br \/>\n  <\/td><td class=\"column-4\">  Hora<br \/>\n  <\/td>\n<\/tr>\n<tr class=\"row-23\">\n\t<td class=\"column-1\">  Aulas restringidas<br \/>\n  <\/td><td class=\"column-2\">  Aulas con equipamiento restringido<br \/>\n  <\/td><td class=\"column-3\">Precio aula + c\u00e1lculo equipamiento<br \/>\n  <\/td><td class=\"column-4\">  Hora<br \/>\n  <\/td>\n<\/tr>\n<tr class=\"row-24\">\n\t<td colspan=\"4\" class=\"column-1\">  <b>GRUPOS VINCULADOS<\/b><br \/>\n  <\/td>\n<\/tr>\n<tr class=\"row-25\">\n\t<td class=\"column-1\">  Aula de conjunto<br \/>\n  <\/td><td class=\"column-2\">  Aula general de 25m2<br \/>\n  <\/td><td class=\"column-3\">  5,50 \u20ac<br \/>\n  <\/td><td class=\"column-4\">  Hora<br \/>\n  <\/td>\n<\/tr>\n<tr class=\"row-26\">\n\t<td class=\"column-1\">  Aula colectiva<br \/>\n  <\/td><td class=\"column-2\">  Aula general de 54m2<br \/>\n  <\/td><td class=\"column-3\">  9,75 \u20ac<br \/>\n  <\/td><td class=\"column-4\">  Hora<br \/>\n  <\/td>\n<\/tr>\n<tr class=\"row-27\">\n\t<td class=\"column-1\">  Aula de orquesta<br \/>\n  <\/td><td class=\"column-2\">  Aula de orquesta de 293 m2<br \/>\n  <\/td><td class=\"column-3\">  97,50 \u20ac<br \/>\n  <\/td><td class=\"column-4\">  1\/2 jornada de 4 horas<br \/>\n  <\/td>\n<\/tr>\n<tr class=\"row-28\">\n\t<td class=\"column-1\">  Aula de coro<br \/>\n  <\/td><td class=\"column-2\">  Aula de coro de 83 m2<br \/>\n  <\/td><td class=\"column-3\">  63,75 \u20ac<br \/>\n  <\/td><td class=\"column-4\">  1\/2 jornada de 4 horas<br \/>\n  <\/td>\n<\/tr>\n<tr class=\"row-29\">\n\t<td class=\"column-1\">  Aulas espec\u00edficas<br \/>\n  <\/td><td class=\"column-2\">  Aulas con equipamiento espec\u00edfico<\/td><td class=\"column-3\">Precio aula + c\u00e1lculo equipamiento<br \/>\n  <\/td><td class=\"column-4\">  Hora<br \/>\n  <\/td>\n<\/tr>\n<tr class=\"row-30\">\n\t<td class=\"column-1\">  Aulas restringidas<br \/>\n  <\/td><td class=\"column-2\">  Aulas con equipamiento restringido<br \/>\n  <\/td><td class=\"column-3\">Precio aula + c\u00e1lculo equipamiento<br \/>\n  <\/td><td class=\"column-4\">  Hora<br \/>\n  <\/td>\n<\/tr>\n<tr class=\"row-31\">\n\t<td colspan=\"4\" class=\"column-1\">  <b>GRUPOS RESIDENTES<\/b><br \/>\n  <\/td>\n<\/tr>\n<tr class=\"row-32\">\n\t<td class=\"column-1\">  Aula de conjunto<br \/>\n  <\/td><td class=\"column-2\">  Aula general de 25m2<br \/>\n  <\/td><td class=\"column-3\">  11,00 \u20ac<br \/>\n  <\/td><td class=\"column-4\">  Hora<br \/>\n  <\/td>\n<\/tr>\n<tr class=\"row-33\">\n\t<td class=\"column-1\">  Aula colectiva<br \/>\n  <\/td><td class=\"column-2\">  Aula general de 54m2<br \/>\n  <\/td><td class=\"column-3\">  13,00 \u20ac<br \/>\n  <\/td><td class=\"column-4\">  Hora<br \/>\n  <\/td>\n<\/tr>\n<tr class=\"row-34\">\n\t<td class=\"column-1\">  Aula de orquesta<br \/>\n  <\/td><td class=\"column-2\">  Aula de orquesta de 293 m2<br \/>\n  <\/td><td class=\"column-3\">  130,00 \u20ac<br \/>\n  <\/td><td class=\"column-4\">  1\/2 jornada de 4 horas<br \/>\n  <\/td>\n<\/tr>\n<tr class=\"row-35\">\n\t<td class=\"column-1\">  Aula de coro<br \/>\n  <\/td><td class=\"column-2\">  Aula de coro de 83 m2<br \/>\n  <\/td><td class=\"column-3\">  85,00 \u20ac<br \/>\n  <\/td><td class=\"column-4\">  1\/2 jornada de 4 horas<br \/>\n  <\/td>\n<\/tr>\n<tr class=\"row-36\">\n\t<td class=\"column-1\">  Aulas espec\u00edficas<br \/>\n  <\/td><td class=\"column-2\">  Aulas con equipamiento espec\u00edfico<br \/>\n  <\/td><td class=\"column-3\">Precio aula + c\u00e1lculo equipamiento<\/td><td class=\"column-4\">  Hora<br \/>\n  <\/td>\n<\/tr>\n<tr class=\"row-37\">\n\t<td class=\"column-1\">  Aulas restringidas<br \/>\n  <\/td><td class=\"column-2\">  Aulas con equipamiento restringido<br \/>\n  <\/td><td class=\"column-3\">Precio aula + c\u00e1lculo equipamiento<br \/>\n  <\/td><td class=\"column-4\">  Hora<br \/>\n  <\/td>\n<\/tr>\n<\/tbody>\n<\/table>\n\n<\/div><\/section>\n<\/div><\/div><\/div>\n<\/div><\/section>\n\n\n\n<div style=\"height:60px\" aria-hidden=\"true\" class=\"wp-block-spacer\"><\/div>\n\n\n\n<h2 class=\"wp-block-heading\">Sala de orquesta (293m<sup>2<\/sup>)<\/h2>\n\n\n\n<div style=\"height:10px\" aria-hidden=\"true\" class=\"wp-block-spacer\"><\/div>\n\n\n\n<div id=\"section-g2b71b1\" class=\"wp-block-gutentor-e6 section-g2b71b1 gutentor-element gutentor-element-image\"><div class=\"gutentor-element-image-box\"><div class=\"gutentor-image-thumb\"><img decoding=\"async\" class=\"normal-image\" src=\"http:\/\/www.esmuc.cat\/wp-content\/uploads\/2021\/06\/Aula-orquestra-2.jpg\" alt=\"Aula Orquestra 2\" \/><\/div><\/div><\/div>\n\n\n\n<div class=\"wp-block-columns is-layout-flex wp-container-core-columns-is-layout-9d6595d7 wp-block-columns-is-layout-flex\">\n<div class=\"wp-block-column is-layout-flow wp-block-column-is-layout-flow\">\n<div id=\"section-gfa4cf8\" class=\"wp-block-gutentor-e6 section-gfa4cf8 gutentor-element gutentor-element-image\"><div class=\"gutentor-element-image-box\"><div class=\"gutentor-image-thumb\"><img decoding=\"async\" class=\"normal-image\" src=\"http:\/\/www.esmuc.cat\/wp-content\/uploads\/2021\/06\/Aula-orquestra-4.jpg\" alt=\"Aula Orquestra 4\" \/><\/div><\/div><\/div>\n\n\n\n<div id=\"section-gb70795\" class=\"wp-block-gutentor-e6 section-gb70795 gutentor-element gutentor-element-image\"><div class=\"gutentor-element-image-box\"><div class=\"gutentor-image-thumb\"><img decoding=\"async\" class=\"normal-image\" src=\"http:\/\/www.esmuc.cat\/wp-content\/uploads\/2021\/06\/Aula-orquestra-P.jpg\" alt=\"Aula Orquestra P\" \/><\/div><\/div><\/div>\n<\/div>\n\n\n\n<div class=\"wp-block-column is-layout-flow wp-block-column-is-layout-flow\">\n<div id=\"section-gf38ab4\" class=\"wp-block-gutentor-e6 section-gf38ab4 gutentor-element gutentor-element-image\"><div class=\"gutentor-element-image-box\"><div class=\"gutentor-image-thumb\"><img decoding=\"async\" class=\"normal-image\" src=\"http:\/\/www.esmuc.cat\/wp-content\/uploads\/2021\/06\/Aula-orquestra-5.jpg\" alt=\"Aula Orquestra 5\" \/><\/div><\/div><\/div>\n\n\n\n<div id=\"section-gaee3c9\" class=\"wp-block-gutentor-e6 section-gaee3c9 gutentor-element gutentor-element-image\"><div class=\"gutentor-element-image-box\"><div class=\"gutentor-image-thumb\"><img decoding=\"async\" class=\"normal-image\" src=\"http:\/\/www.esmuc.cat\/wp-content\/uploads\/2021\/06\/Aula-orquestra-3.jpg\" alt=\"Aula Orquestra 3\" \/><\/div><\/div><\/div>\n<\/div>\n<\/div>\n\n\n\n<div id=\"section-gacd5f6\" class=\"wp-block-gutentor-e6 section-gacd5f6 gutentor-element gutentor-element-image\"><div class=\"gutentor-element-image-box\"><div class=\"gutentor-image-thumb\"><img decoding=\"async\" class=\"normal-image\" src=\"http:\/\/www.esmuc.cat\/wp-content\/uploads\/2021\/06\/Aula-orquestra-1.jpg\" alt=\"Aula Orquestra 1\" \/><\/div><\/div><\/div>\n\n\n\n<div style=\"height:31px\" aria-hidden=\"true\" class=\"wp-block-spacer\"><\/div>\n\n\n\n<h2 class=\"wp-block-heading\">Aula de coro (83m<sup>2<\/sup>)<\/h2>\n\n\n\n<div style=\"height:10px\" aria-hidden=\"true\" class=\"wp-block-spacer\"><\/div>\n\n\n\n<div class=\"wp-block-columns is-layout-flex wp-container-core-columns-is-layout-9d6595d7 wp-block-columns-is-layout-flex\">\n<div class=\"wp-block-column is-layout-flow wp-block-column-is-layout-flow\">\n<div id=\"section-g5c48ee\" class=\"wp-block-gutentor-e6 section-g5c48ee gutentor-element gutentor-element-image\"><div class=\"gutentor-element-image-box\"><div class=\"gutentor-image-thumb\"><img decoding=\"async\" class=\"normal-image\" src=\"http:\/\/www.esmuc.cat\/wp-content\/uploads\/2021\/06\/Aula-cor-3.jpg\" alt=\"Aula Cor 3\" \/><\/div><\/div><\/div>\n<\/div>\n\n\n\n<div class=\"wp-block-column is-layout-flow wp-block-column-is-layout-flow\">\n<div id=\"section-g67ba81\" class=\"wp-block-gutentor-e6 section-g67ba81 gutentor-element gutentor-element-image\"><div class=\"gutentor-element-image-box\"><div class=\"gutentor-image-thumb\"><img decoding=\"async\" class=\"normal-image\" src=\"http:\/\/www.esmuc.cat\/wp-content\/uploads\/2021\/06\/Aula-cor-2.jpg\" alt=\"Aula Cor 2\" \/><\/div><\/div><\/div>\n<\/div>\n<\/div>\n\n\n\n<div id=\"section-gb4292f\" class=\"wp-block-gutentor-e6 section-gb4292f gutentor-element gutentor-element-image\"><div class=\"gutentor-element-image-box\"><div class=\"gutentor-image-thumb\"><img decoding=\"async\" class=\"normal-image\" src=\"http:\/\/www.esmuc.cat\/wp-content\/uploads\/2021\/06\/Aula-cor-P.jpg\" alt=\"Aula Cor P\" \/><\/div><\/div><\/div>\n\n\n\n<div class=\"wp-block-columns is-layout-flex wp-container-core-columns-is-layout-9d6595d7 wp-block-columns-is-layout-flex\">\n<div class=\"wp-block-column is-layout-flow wp-block-column-is-layout-flow\">\n<div id=\"section-g0b3f4d\" class=\"wp-block-gutentor-e6 section-g0b3f4d gutentor-element gutentor-element-image\"><div class=\"gutentor-element-image-box\"><div class=\"gutentor-image-thumb\"><img decoding=\"async\" class=\"normal-image\" src=\"http:\/\/www.esmuc.cat\/wp-content\/uploads\/2021\/06\/Aula-cor-1.jpg\" alt=\"Aula Cor 1\" \/><\/div><\/div><\/div>\n<\/div>\n\n\n\n<div class=\"wp-block-column is-layout-flow wp-block-column-is-layout-flow\">\n<div id=\"section-g1dc68b\" class=\"wp-block-gutentor-e6 section-g1dc68b gutentor-element gutentor-element-image\"><div class=\"gutentor-element-image-box\"><div class=\"gutentor-image-thumb\"><img decoding=\"async\" class=\"normal-image\" src=\"http:\/\/www.esmuc.cat\/wp-content\/uploads\/2021\/06\/Aula-cor-4.jpg\" alt=\"Aula Cor 4\" \/><\/div><\/div><\/div>\n<\/div>\n<\/div>\n\n\n\n<div style=\"height:19px\" aria-hidden=\"true\" class=\"wp-block-spacer\"><\/div>\n<\/div>\n<\/div>\n","protected":false},"excerpt":{"rendered":"<p>Espacios La ESMUC est\u00e1 situada en el nuevo centro urbano de la Plaza de las Glorias, junto al Teatre Nacional de Catalunya y a pocos metros del Mercat dels Encants y del Museu del Disseny de Barcelona. Compartimos sede con L&#8217;Auditori y el Museu de la M\u00fasica de Barcelona, en un gran centro musical de [&hellip;]<\/p>\n","protected":false},"author":4,"featured_media":12594,"parent":27017,"menu_order":9,"comment_status":"closed","ping_status":"closed","template":"","meta":{"_acf_changed":false,"_themeisle_gutenberg_block_has_review":false,"footnotes":""},"categories":[923],"tags":[],"class_list":["post-66431","page","type-page","status-publish","has-post-thumbnail","hentry","category-sobre-lesmuc-es"],"acf":[],"publishpress_future_action":{"enabled":false,"date":"2026-04-16 10:52:14","action":"change-status","newStatus":"draft","terms":[],"taxonomy":"category","extraData":[]},"publishpress_future_workflow_manual_trigger":{"enabledWorkflows":[]},"_links":{"self":[{"href":"https:\/\/www.esmuc.cat\/es\/wp-json\/wp\/v2\/pages\/66431","targetHints":{"allow":["GET"]}}],"collection":[{"href":"https:\/\/www.esmuc.cat\/es\/wp-json\/wp\/v2\/pages"}],"about":[{"href":"https:\/\/www.esmuc.cat\/es\/wp-json\/wp\/v2\/types\/page"}],"author":[{"embeddable":true,"href":"https:\/\/www.esmuc.cat\/es\/wp-json\/wp\/v2\/users\/4"}],"replies":[{"embeddable":true,"href":"https:\/\/www.esmuc.cat\/es\/wp-json\/wp\/v2\/comments?post=66431"}],"version-history":[{"count":15,"href":"https:\/\/www.esmuc.cat\/es\/wp-json\/wp\/v2\/pages\/66431\/revisions"}],"predecessor-version":[{"id":99322,"href":"https:\/\/www.esmuc.cat\/es\/wp-json\/wp\/v2\/pages\/66431\/revisions\/99322"}],"up":[{"embeddable":true,"href":"https:\/\/www.esmuc.cat\/es\/wp-json\/wp\/v2\/pages\/27017"}],"wp:featuredmedia":[{"embeddable":true,"href":"https:\/\/www.esmuc.cat\/es\/wp-json\/wp\/v2\/media\/12594"}],"wp:attachment":[{"href":"https:\/\/www.esmuc.cat\/es\/wp-json\/wp\/v2\/media?parent=66431"}],"wp:term":[{"taxonomy":"category","embeddable":true,"href":"https:\/\/www.esmuc.cat\/es\/wp-json\/wp\/v2\/categories?post=66431"},{"taxonomy":"post_tag","embeddable":true,"href":"https:\/\/www.esmuc.cat\/es\/wp-json\/wp\/v2\/tags?post=66431"}],"curies":[{"name":"wp","href":"https:\/\/api.w.org\/{rel}","templated":true}]}}