{"id":65014,"date":"2022-10-24T12:21:29","date_gmt":"2022-10-24T10:21:29","guid":{"rendered":"https:\/\/www.esmuc.cat\/?page_id=65014"},"modified":"2026-04-08T16:44:21","modified_gmt":"2026-04-08T14:44:21","slug":"comite-dempresa","status":"publish","type":"page","link":"https:\/\/www.esmuc.cat\/es\/escuela\/sobre-lesmuc\/organitzacio\/comite-dempresa\/","title":{"rendered":"Comit\u00e8 d&#8217;empresa"},"content":{"rendered":"\n<div class=\"wp-block-columns is-layout-flex wp-container-core-columns-is-layout-9d6595d7 wp-block-columns-is-layout-flex\">\n<div class=\"wp-block-column esmuc__Menu_Masters is-layout-flow wp-block-column-is-layout-flow\" style=\"flex-basis:33.33%\">\n\n<\/div>\n\n\n\n<div class=\"wp-block-column is-layout-flow wp-block-column-is-layout-flow\" style=\"flex-basis:66.66%\"><div class=\"breadcrumbs align  wp-block-bcn-breadcrumb-trail has-text-color has-background\" vocab=\"https:\/\/schema.org\/\" typeof=\"BreadcrumbList\">\n\t<span><\/span>\n\t<span property=\"itemListElement\" typeof=\"ListItem\"><a property=\"item\" typeof=\"WebPage\" title=\"Ir a ESMUC.\" href=\"https:\/\/www.esmuc.cat\/es\/\" class=\"home\" ><span property=\"name\">ESMUC<\/span><\/a><meta property=\"position\" content=\"1\"><\/span> &gt; <span property=\"itemListElement\" typeof=\"ListItem\"><a property=\"item\" typeof=\"WebPage\" title=\"Ir a Escuela.\" href=\"https:\/\/www.esmuc.cat\/es\/escuela\/\" class=\"post post-page\" ><span property=\"name\">Escuela<\/span><\/a><meta property=\"position\" content=\"2\"><\/span> &gt; <span property=\"itemListElement\" typeof=\"ListItem\"><a property=\"item\" typeof=\"WebPage\" title=\"Ir a Sobre la ESMUC.\" href=\"https:\/\/www.esmuc.cat\/es\/escuela\/sobre-lesmuc\/\" class=\"post post-page\" ><span property=\"name\">Sobre la ESMUC<\/span><\/a><meta property=\"position\" content=\"3\"><\/span> &gt; <span property=\"itemListElement\" typeof=\"ListItem\"><a property=\"item\" typeof=\"WebPage\" title=\"Ir a Organizaci\u00f3n.\" href=\"https:\/\/www.esmuc.cat\/es\/escuela\/sobre-lesmuc\/organitzacio\/\" class=\"post post-page\" ><span property=\"name\">Organizaci\u00f3n<\/span><\/a><meta property=\"position\" content=\"4\"><\/span> &gt; <span property=\"itemListElement\" typeof=\"ListItem\"><span property=\"name\" class=\"post post-page current-item\">Comit\u00e8 d&#8217;empresa<\/span><meta property=\"url\" content=\"https:\/\/www.esmuc.cat\/es\/escuela\/sobre-lesmuc\/organitzacio\/comite-dempresa\/\"><meta property=\"position\" content=\"5\"><\/span><\/div>\n\n\n\n<h1 class=\"wp-block-heading\">Comit\u00e9 de empresa<\/h1>\n\n\n\n<div style=\"height:10px\" aria-hidden=\"true\" class=\"wp-block-spacer\"><\/div>\n\n\n\n<div id=\"section-gbb4cbd\" class=\"wp-block-gutentor-e0 section-gbb4cbd gutentor-element gutentor-element-advanced-text\"><div class=\"gutentor-text-wrap\"><p class=\"gutentor-text\">El comit\u00e9 de empresa es el \u00f3rgano de representaci\u00f3n colectiva de los trabajadores de la ESMUC. <\/p><\/div><\/div>\n\n\n\n<div style=\"height:10px\" aria-hidden=\"true\" class=\"wp-block-spacer\"><\/div>\n\n\n\n<table id=\"tablepress-14\" class=\"tablepress tablepress-id-14 tbody-has-connected-cells\">\n<tbody class=\"row-striping row-hover\">\n<tr class=\"row-1\">\n\t<td class=\"column-1\">Presidenta<\/td><td class=\"column-2\">Carmina Brandariz Batlle<\/td>\n<\/tr>\n<tr class=\"row-2\">\n\t<td rowspan=\"12\" class=\"column-1\">Vocal<\/td><td class=\"column-2\">Montserrat Gasc\u00f3n Castillo<\/td>\n<\/tr>\n<tr class=\"row-3\">\n\t<td class=\"column-2\">Cristina Escl\u00e1pez Gil<\/td>\n<\/tr>\n<tr class=\"row-4\">\n\t<td class=\"column-2\">Laia Castellvell Guijarro<\/td>\n<\/tr>\n<tr class=\"row-5\">\n\t<td class=\"column-2\">Francesc Capella Hempel<\/td>\n<\/tr>\n<tr class=\"row-6\">\n\t<td class=\"column-2\">Rolf B\u00e4cker<\/td>\n<\/tr>\n<tr class=\"row-7\">\n\t<td class=\"column-2\">Sof\u00eda Mart\u00ednez Villar<\/td>\n<\/tr>\n<tr class=\"row-8\">\n\t<td class=\"column-2\">Ramon Torramilans Llu\u00eds<\/td>\n<\/tr>\n<tr class=\"row-9\">\n\t<td class=\"column-2\">Soraya Miras Quiroga<\/td>\n<\/tr>\n<tr class=\"row-10\">\n\t<td class=\"column-2\">Feliu Gasull i Altisent<\/td>\n<\/tr>\n<tr class=\"row-11\">\n\t<td class=\"column-2\">Susana Egea Ruiz<\/td>\n<\/tr>\n<tr class=\"row-12\">\n\t<td class=\"column-2\">Joan Motera Rodr\u00edguez<\/td>\n<\/tr>\n<tr class=\"row-13\">\n\t<td class=\"column-2\">Antonio \u00c1lvarez Moreno<\/td>\n<\/tr>\n<\/tbody>\n<\/table>\n\n\n\n\n<div id=\"section-gc6186a\" class=\"wp-block-gutentor-e0 section-gc6186a gutentor-element gutentor-element-advanced-text\"><div class=\"gutentor-text-wrap\"><p class=\"gutentor-text\"><br>Contacto: <strong>bustia.comite.empresa@esmuc.cat<\/strong><\/p><\/div><\/div>\n<\/div>\n<\/div>\n","protected":false},"excerpt":{"rendered":"<p>Comit\u00e9 de empresa<\/p>\n","protected":false},"author":4,"featured_media":0,"parent":33518,"menu_order":0,"comment_status":"closed","ping_status":"closed","template":"","meta":{"_acf_changed":false,"_themeisle_gutenberg_block_has_review":false,"footnotes":""},"categories":[424,923],"tags":[1776,1506],"class_list":["post-65014","page","type-page","status-publish","hentry","category-sobre-lesmuc","category-sobre-lesmuc-es","tag-recursos-humanos","tag-recursos-humans"],"acf":[],"publishpress_future_action":{"enabled":false,"date":"2026-04-16 20:29:03","action":"change-status","newStatus":"draft","terms":[],"taxonomy":"category","extraData":[]},"publishpress_future_workflow_manual_trigger":{"enabledWorkflows":[]},"_links":{"self":[{"href":"https:\/\/www.esmuc.cat\/es\/wp-json\/wp\/v2\/pages\/65014","targetHints":{"allow":["GET"]}}],"collection":[{"href":"https:\/\/www.esmuc.cat\/es\/wp-json\/wp\/v2\/pages"}],"about":[{"href":"https:\/\/www.esmuc.cat\/es\/wp-json\/wp\/v2\/types\/page"}],"author":[{"embeddable":true,"href":"https:\/\/www.esmuc.cat\/es\/wp-json\/wp\/v2\/users\/4"}],"replies":[{"embeddable":true,"href":"https:\/\/www.esmuc.cat\/es\/wp-json\/wp\/v2\/comments?post=65014"}],"version-history":[{"count":6,"href":"https:\/\/www.esmuc.cat\/es\/wp-json\/wp\/v2\/pages\/65014\/revisions"}],"predecessor-version":[{"id":118233,"href":"https:\/\/www.esmuc.cat\/es\/wp-json\/wp\/v2\/pages\/65014\/revisions\/118233"}],"up":[{"embeddable":true,"href":"https:\/\/www.esmuc.cat\/es\/wp-json\/wp\/v2\/pages\/33518"}],"wp:attachment":[{"href":"https:\/\/www.esmuc.cat\/es\/wp-json\/wp\/v2\/media?parent=65014"}],"wp:term":[{"taxonomy":"category","embeddable":true,"href":"https:\/\/www.esmuc.cat\/es\/wp-json\/wp\/v2\/categories?post=65014"},{"taxonomy":"post_tag","embeddable":true,"href":"https:\/\/www.esmuc.cat\/es\/wp-json\/wp\/v2\/tags?post=65014"}],"curies":[{"name":"wp","href":"https:\/\/api.w.org\/{rel}","templated":true}]}}