{"id":63663,"date":"2022-10-11T14:25:01","date_gmt":"2022-10-11T12:25:01","guid":{"rendered":"https:\/\/www.esmuc.cat\/?page_id=63663"},"modified":"2022-10-11T14:43:02","modified_gmt":"2022-10-11T12:43:02","slug":"barcelona-fiddle-congress-es","status":"publish","type":"page","link":"https:\/\/www.esmuc.cat\/es\/estudios\/otra-oferta-formativa\/barcelona-fiddle-congress-es\/","title":{"rendered":"Barcelona Fiddle Congress"},"content":{"rendered":"\n<div class=\"wp-block-columns is-layout-flex wp-container-core-columns-is-layout-9d6595d7 wp-block-columns-is-layout-flex\">\n<div class=\"wp-block-column esmuc__Menu_Masters is-layout-flow wp-block-column-is-layout-flow\" style=\"flex-basis:33.33%\">\n\n\n\n\n<p><\/p>\n<\/div>\n\n\n\n<div class=\"wp-block-column is-layout-flow wp-block-column-is-layout-flow\" style=\"flex-basis:66.66%\">\n<div class=\"wp-block-columns is-layout-flex wp-container-core-columns-is-layout-9d6595d7 wp-block-columns-is-layout-flex\">\n<div class=\"wp-block-column is-layout-flow wp-block-column-is-layout-flow\" style=\"flex-basis:100%\">\n<h1 class=\"wp-block-heading\">Barcelona Fiddle Congress<\/h1>\n\n\n\n<div style=\"height:22px\" aria-hidden=\"true\" class=\"wp-block-spacer\"><\/div>\n\n\n\n<figure class=\"wp-block-embed is-type-video is-provider-youtube wp-block-embed-youtube\"><div style=\"display: contents;\" >\n\n<div data-mode=\"normal\" data-oembed=\"1\" data-provider=\"youtubelist\" id=\"arve-youtubelist-pl8mhwsj9vcuzcu2c4ge_cy5k1k6z8uxe6\" style=\"max-width:900px;\" class=\"arve\">\n\t<div class=\"arve-inner\">\n\t\t<div style=\"aspect-ratio:500\/281\" class=\"arve-embed arve-embed--has-aspect-ratio\">\n\t\t\t<div class=\"arve-ar\" style=\"padding-top:56.200000%\"><\/div>\n\t\t\t<iframe allow=\"accelerometer &apos;none&apos;;autoplay &apos;none&apos;;bluetooth &apos;none&apos;;browsing-topics &apos;none&apos;;camera &apos;none&apos;;clipboard-read &apos;none&apos;;clipboard-write;display-capture &apos;none&apos;;encrypted-media &apos;none&apos;;gamepad &apos;none&apos;;geolocation &apos;none&apos;;gyroscope &apos;none&apos;;hid &apos;none&apos;;identity-credentials-get &apos;none&apos;;idle-detection &apos;none&apos;;keyboard-map &apos;none&apos;;local-fonts;magnetometer &apos;none&apos;;microphone &apos;none&apos;;midi &apos;none&apos;;otp-credentials &apos;none&apos;;payment &apos;none&apos;;picture-in-picture;publickey-credentials-create &apos;none&apos;;publickey-credentials-get &apos;none&apos;;screen-wake-lock &apos;none&apos;;serial &apos;none&apos;;summarizer &apos;none&apos;;sync-xhr;usb &apos;none&apos;;web-share;window-management &apos;none&apos;;xr-spatial-tracking &apos;none&apos;;\" allowfullscreen=\"\" class=\"arve-iframe fitvidsignore\" credentialless data-arve=\"arve-youtubelist-pl8mhwsj9vcuzcu2c4ge_cy5k1k6z8uxe6\" data-lenis-prevent=\"\" data-src-no-ap=\"https:\/\/www.youtube.com\/embed\/videoseries?list=PL8MHwSJ9VcuzCU2C4ge_Cy5K1k6Z8uXe6&amp;iv_load_policy=3&amp;modestbranding=1&amp;rel=0&amp;autohide=1&amp;playsinline=0&amp;autoplay=0\" frameborder=\"0\" height=\"505.8\" loading=\"lazy\" name=\"\" referrerpolicy=\"strict-origin-when-cross-origin\" sandbox=\"allow-scripts allow-same-origin allow-presentation allow-popups allow-popups-to-escape-sandbox\" scrolling=\"no\" src=\"https:\/\/www.youtube.com\/embed\/videoseries?list=PL8MHwSJ9VcuzCU2C4ge_Cy5K1k6Z8uXe6&#038;iv_load_policy=3&#038;modestbranding=1&#038;rel=0&#038;autohide=1&#038;playsinline=0&#038;autoplay=0\" title=\"\" width=\"900\"><\/iframe>\n\t\t\t\n\t\t<\/div>\n\t\t\n\t<\/div>\n\t\n\t\n\t<script type=\"application\/ld+json\">{\"@context\":\"http:\\\/\\\/schema.org\\\/\",\"@id\":\"https:\\\/\\\/www.esmuc.cat\\\/es\\\/estudios\\\/otra-oferta-formativa\\\/barcelona-fiddle-congress-es\\\/#arve-youtubelist-pl8mhwsj9vcuzcu2c4ge_cy5k1k6z8uxe6\",\"@type\":\"VideoObject\",\"embedURL\":\"https:\\\/\\\/www.youtube.com\\\/embed\\\/videoseries?list=PL8MHwSJ9VcuzCU2C4ge_Cy5K1k6Z8uXe6&iv_load_policy=3&modestbranding=1&rel=0&autohide=1&playsinline=0&autoplay=0\"}<\/script>\n\t\n<\/div>\n<\/div><figcaption><a href=\"https:\/\/www.youtube.com\/playlist?list=PL8MHwSJ9VcuzCU2C4ge_Cy5K1k6Z8uXe6\" target=\"_blank\" rel=\"noreferrer noopener\">Ver v\u00eddeos de ediciones anteriores<\/a><\/figcaption><\/figure>\n\n\n\n<div style=\"height:10px\" aria-hidden=\"true\" class=\"wp-block-spacer\"><\/div>\n\n\n\n<div class=\"wp-block-columns is-layout-flex wp-container-core-columns-is-layout-9d6595d7 wp-block-columns-is-layout-flex\">\n<div class=\"wp-block-column is-layout-flow wp-block-column-is-layout-flow\">\n<p>Desde el a\u00f1o 2013, la ESMUC organiza el Barcelona Fiddle Congress, un encuentro que quiere consolidar un espacio de debate en torno a los instrumentos de cuerda frotada dentro de la tradici\u00f3n musical popular. El congreso ha logrado un \u00e9xito de convocatoria&nbsp;en todas sus ediciones.<\/p>\n\n\n\n<p><em>Fiddle&nbsp;<\/em>es la palabra con la que los anglosajones se refieren al viol\u00edn en el \u00e1mbito folcl\u00f3rico. El Barcelona Fiddle Congress ha dado a conocer otras formas de tocar los instrumentos de cuerda. Un proyecto que asume la ESMUC&nbsp;como muestra de su compromiso con una&nbsp;educaci\u00f3n musical que abarca todos los estilos.<\/p>\n\n\n\n<p>El amplio programa de actividades incluye conferencias, debates, clases magistrales, talleres, <strong>conciertos <\/strong>y muestras de expositores de luthiers.<\/p>\n<\/div>\n<\/div>\n\n\n\n<div style=\"height:10px\" aria-hidden=\"true\" class=\"wp-block-spacer\"><\/div>\n\n\n\n<div class=\"wp-block-columns is-layout-flex wp-container-core-columns-is-layout-9d6595d7 wp-block-columns-is-layout-flex\">\n<div class=\"wp-block-column is-layout-flow wp-block-column-is-layout-flow\">\n<div id=\"section-g07cbff\" class=\"wp-block-gutentor-e7 section-g07cbff gutentor-element gutentor-element-list\"><ul class=\"grid-row gutentor-grid-item-wrap list-indicator-icon\"><li class=\"gutentor-list-item grid-lg-12 grid-md-12 grid-12\"><span class=\"gutentor-single-item gutentor-single-item-0\"><span class=\"gutentor-list-item-wrap g-s-list-wrap\"><span class=\"gutentor-single-list-item-icon\"><i class=\"list-item-icon fas fa-diagnoses\"><\/i><\/span><span class=\"gutentor-list-item\"><p class=\"gutentor-single-item-title\">Masterclasses<\/p><\/span><\/span><\/span><\/li><\/ul><\/div>\n<\/div>\n\n\n\n<div class=\"wp-block-column is-layout-flow wp-block-column-is-layout-flow\">\n<div id=\"section-g4d6d80\" class=\"wp-block-gutentor-e7 section-g4d6d80 gutentor-element gutentor-element-list\"><ul class=\"grid-row gutentor-grid-item-wrap list-indicator-icon\"><li class=\"gutentor-list-item grid-lg-12 grid-md-12 grid-12\"><span class=\"gutentor-single-item gutentor-single-item-0\"><span class=\"gutentor-list-item-wrap g-s-list-wrap\"><span class=\"gutentor-single-list-item-icon\"><i class=\"list-item-icon fas fa-toolbox\"><\/i><\/span><span class=\"gutentor-list-item\"><p class=\"gutentor-single-item-title\">Talleres<\/p><\/span><\/span><\/span><\/li><\/ul><\/div>\n<\/div>\n\n\n\n<div class=\"wp-block-column is-layout-flow wp-block-column-is-layout-flow\">\n<div id=\"section-gf1aa03\" class=\"wp-block-gutentor-e7 section-gf1aa03 gutentor-element gutentor-element-list\"><ul class=\"grid-row gutentor-grid-item-wrap list-indicator-icon\"><li class=\"gutentor-list-item grid-lg-12 grid-md-12 grid-12\"><span class=\"gutentor-single-item gutentor-single-item-0\"><span class=\"gutentor-list-item-wrap g-s-list-wrap\"><span class=\"gutentor-single-list-item-icon\"><i class=\"list-item-icon fas fa-music\"><\/i><\/span><span class=\"gutentor-list-item\"><p class=\"gutentor-single-item-title\">Conciertos<\/p><\/span><\/span><\/span><\/li><\/ul><\/div>\n<\/div>\n\n\n\n<div class=\"wp-block-column is-layout-flow wp-block-column-is-layout-flow\">\n<div id=\"section-gd0e76d\" class=\"wp-block-gutentor-e7 section-gd0e76d gutentor-element gutentor-element-list\"><ul class=\"grid-row gutentor-grid-item-wrap list-indicator-icon\"><li class=\"gutentor-list-item grid-lg-12 grid-md-12 grid-12\"><span class=\"gutentor-single-item gutentor-single-item-0\"><span class=\"gutentor-list-item-wrap g-s-list-wrap\"><span class=\"gutentor-single-list-item-icon\"><i class=\"list-item-icon fas fa-hand-holding\"><\/i><\/span><span class=\"gutentor-list-item\"><p class=\"gutentor-single-item-title\">Luthiers<\/p><\/span><\/span><\/span><\/li><\/ul><\/div>\n<\/div>\n<\/div>\n\n\n\n<div style=\"height:10px\" aria-hidden=\"true\" class=\"wp-block-spacer\"><\/div>\n\n\n\n<h2 class=\"wp-block-heading\">#Fiddle2022<\/h2>\n\n\n\n<ul class=\"wp-block-social-links is-layout-flex wp-block-social-links-is-layout-flex\"><li class=\"wp-social-link wp-social-link-facebook  wp-block-social-link\"><a rel=\"noopener nofollow\" target=\"_blank\" href=\"https:\/\/www.facebook.com\/BarcelonaFiddleCongress\/\" class=\"wp-block-social-link-anchor\"><svg width=\"24\" height=\"24\" viewBox=\"0 0 24 24\" version=\"1.1\" xmlns=\"http:\/\/www.w3.org\/2000\/svg\" aria-hidden=\"true\" focusable=\"false\"><path d=\"M12 2C6.5 2 2 6.5 2 12c0 5 3.7 9.1 8.4 9.9v-7H7.9V12h2.5V9.8c0-2.5 1.5-3.9 3.8-3.9 1.1 0 2.2.2 2.2.2v2.5h-1.3c-1.2 0-1.6.8-1.6 1.6V12h2.8l-.4 2.9h-2.3v7C18.3 21.1 22 17 22 12c0-5.5-4.5-10-10-10z\"><\/path><\/svg><span class=\"wp-block-social-link-label screen-reader-text\">Facebook<\/span><\/a><\/li><\/ul>\n\n\n\n<div style=\"height:24px\" aria-hidden=\"true\" class=\"wp-block-spacer\"><\/div>\n\n\n\n<div class=\"wp-block-columns is-layout-flex wp-container-core-columns-is-layout-9d6595d7 wp-block-columns-is-layout-flex\">\n<div class=\"wp-block-column is-layout-flow wp-block-column-is-layout-flow\">\n<div id=\"section-g61e794\" class=\"wp-block-gutentor-e6 section-g61e794 gutentor-element gutentor-element-image\"><div class=\"gutentor-element-image-box\"><div class=\"gutentor-image-thumb\"><img decoding=\"async\" class=\"normal-image\" src=\"http:\/\/www.esmuc.cat\/wp-content\/uploads\/2022\/03\/fiddle-logo.png\" alt=\"Fiddle Logo\" \/><\/div><\/div><\/div>\n\n\n\n<div style=\"height:15px\" aria-hidden=\"true\" class=\"wp-block-spacer\"><\/div>\n<\/div>\n\n\n\n<div class=\"wp-block-column is-layout-flow wp-block-column-is-layout-flow\">\n<div id=\"section-g587025\" class=\"wp-block-gutentor-e0 section-g587025 gutentor-element gutentor-element-advanced-text\"><div class=\"gutentor-text-wrap\"><p class=\"gutentor-text\">Los d\u00edas 1, 2 y 3 de julio de 2022 tuvo lugar la cuarta edici\u00f3n del Barcelona Fiddle Congress, con profesores de la talla de <a href=\"https:\/\/asiersuberbiola.com\/\" target=\"_blank\" rel=\"noreferrer noopener\">Asier Suberbiola<\/a>, <a href=\"https:\/\/es.colomabertran.com\/\" target=\"_blank\" rel=\"noreferrer noopener\">Coloma Bertr\u00e1n<\/a>, <a href=\"https:\/\/www.stanislawslowinski.pl\/\" target=\"_blank\" rel=\"noreferrer noopener\">Stanislaw Slowi\u0144ski<\/a>, <a href=\"https:\/\/www.nataliehaas.com\/\" target=\"_blank\" rel=\"noreferrer noopener\">Natalie Haas<\/a> y <a href=\"https:\/\/www.galenfraser.com\/\" target=\"_blank\" rel=\"noreferrer noopener\">Galen Fraser<\/a>, entre otros. Las actividades y los conciertos se llevaron a cabo en las aulas de la ESMUC y en instituciones amigas. Los instrumentos interpelados a participar son el <strong>viol\u00edn<\/strong>, la <strong>viola<\/strong>, el <strong>violonchelo <\/strong>y el <strong>contrabajo<\/strong>.<\/p><\/div><\/div>\n\n\n\n<div style=\"height:15px\" aria-hidden=\"true\" class=\"wp-block-spacer\"><\/div>\n\n\n\n<div id=\"section-g06e86f\" class=\"wp-block-gutentor-e2 section-g06e86f gutentor-element gutentor-element-button button-align-center-desktop button-align-center-tablet button-align-center-mobile\"><span class=\"gutentor-button-wrap\"><a class=\"gutentor-button gutentor-block-button gutentor-icon-hide\" href=\"https:\/\/barcelonafiddlecongress2022.sched.com\/\" target=\"_blank\" rel=\"noopener noreferrer\"><i class=\"gutentor-button-icon fas fa-book\"><\/i><span>Programa<\/span><\/a><\/span><\/div>\n\n\n\n<div style=\"height:15px\" aria-hidden=\"true\" class=\"wp-block-spacer\"><\/div>\n<\/div>\n<\/div>\n\n\n\n<div id=\"section-g60028b\" class=\"wp-block-gutentor-e0 section-g60028b gutentor-element gutentor-element-advanced-text\"><div class=\"gutentor-text-wrap\"><p class=\"gutentor-text\">Despu\u00e9s de dos a\u00f1os de cancelaci\u00f3n por la pandemia, esta edici\u00f3n ha consolidado el encuentro y corrobora la existencia de un p\u00fablico interesado en los instrumentos de cuerda frotada dentro de la tradici\u00f3n musical popular. Los tres conciertos abiertos al p\u00fablico que estaban previstos han llenado sus respectivos espacios, destacando la presencia de m\u00e1s de 500 personas en la gran actuaci\u00f3n al aire libre que ofreci\u00f3 el alumnado y el profesorado del congreso en el <a href=\"https:\/\/parkguell.barcelona\/\" target=\"_blank\" rel=\"noreferrer noopener\">Parc G\u00fcell<\/a>.<\/p><\/div><\/div>\n\n\n\n<div style=\"height:26px\" aria-hidden=\"true\" class=\"wp-block-spacer\"><\/div>\n\n\n\n<h4 class=\"wp-block-heading\"><em>Fiddle Pro<\/em><\/h4>\n\n\n\n<div style=\"height:10px\" aria-hidden=\"true\" class=\"wp-block-spacer\"><\/div>\n\n\n\n<div id=\"section-g4e3833\" class=\"wp-block-gutentor-e0 section-g4e3833 gutentor-element gutentor-element-advanced-text\"><div class=\"gutentor-text-wrap\"><p class=\"gutentor-text\"><em>Fiddle Pro <\/em>es un espacio para profesionales, proveedores, t\u00e9cnicos y tiendas de instrumentos musicales. Durante el congreso existen luthiers que muestran sus instrumentos, productos y servicios.<\/p><\/div><\/div>\n\n\n\n<div style=\"height:10px\" aria-hidden=\"true\" class=\"wp-block-spacer\"><\/div>\n\n\n\n<section id=\"section-5c1129d2-cd10-4467-9d1f-aed5948d25a6\" class=\"wp-block-gutentor-image-box gutentor-section gutentor-image-wrapper imagebox-template2\"><div class=\"grid-container\"><div class=\"gutentor-block-header\"><div class=\"gutentor-section-title text-left\"><h4 class=\"gutentor-title\"><\/h4><\/div><\/div><div class=\"grid-row gutentor-grid-item-wrap\"><div class=\"gutentor-grid-column grid-lg-12 grid-md-4 grid-12\"><div class=\"gutentor-single-item gutentor-image gutentor-single-item-0\"><div class=\"gutentor-single-item-wrap\"><div class=\"gutentor-single-item-image-box\"><div class=\"gutentor-image-thumb\"><img decoding=\"async\" class=\"normal-image\" src=\"http:\/\/www.esmuc.cat\/wp-content\/uploads\/2022\/06\/Gonzalo-Piarrette-esmuc.jpg\" alt=\"Gonzalo Piarrette Esmuc\" \/><\/div><\/div><div class=\"gutentor-single-item-content\"><h5 class=\"gutentor-single-item-title\">Gonzalo Piarrette<\/h5><p class=\"gutentor-single-item-desc\">Violinista. Centrado en la construcci\u00f3n de nuevos instrumentos, busca crear obras con personalidad propia. Tiene un taller en Alemania.<\/p><a class=\"gutentor-button gutentor-single-item-button gutentor-icon-hide\" href=\"https:\/\/www.gonzalopiarrette.com\"><i class=\"gutentor-button-icon fas fa-book\"><\/i><span>Web<\/span><\/a><\/div><\/div><\/div><\/div><\/div><\/div><\/section>\n\n\n\n<div style=\"height:38px\" aria-hidden=\"true\" class=\"wp-block-spacer\"><\/div>\n\n\n\n<section id=\"section-2ab52300-1751-4b64-a6ba-ff70ab713ca5\" class=\"wp-block-gutentor-image-box gutentor-section gutentor-image-wrapper imagebox-template2\"><div class=\"grid-container\"><div class=\"gutentor-block-header\"><div class=\"gutentor-section-title text-left\"><h4 class=\"gutentor-title\"><\/h4><\/div><\/div><div class=\"grid-row gutentor-grid-item-wrap\"><div class=\"gutentor-grid-column grid-lg-12 grid-md-4 grid-12\"><div class=\"gutentor-single-item gutentor-image gutentor-single-item-0\"><div class=\"gutentor-single-item-wrap\"><div class=\"gutentor-single-item-image-box\"><div class=\"gutentor-image-thumb\"><img decoding=\"async\" class=\"normal-image\" src=\"http:\/\/www.esmuc.cat\/wp-content\/uploads\/2022\/06\/Sergio-Chanquia-esmuc.jpg\" alt=\"Sergio Chanquia Esmuc\" \/><\/div><\/div><div class=\"gutentor-single-item-content\"><h5 class=\"gutentor-single-item-title\">Sergio Chanquia<\/h5><p class=\"gutentor-single-item-desc\">Se grad\u00faa como Luthier en la <a href=\"https:\/\/www.bele.es\/es\/\" target=\"_blank\" rel=\"noreferrer noopener\">escuela de lutheria Bele<\/a> de Bilbao. En Par\u00eds comienza su formaci\u00f3n como archetier en <a href=\"https:\/\/www.atelier-raffin.com\/\" target=\"_blank\" rel=\"noreferrer noopener\">atelier S. Raffin<\/a>, especializ\u00e1ndose en restauraci\u00f3n y fabricaci\u00f3n de arcos. En 2020 abre su propio atelier.<\/p><a class=\"gutentor-button gutentor-single-item-button gutentor-icon-hide\" href=\"https:\/\/sach-archetier.com\/\"><i class=\"gutentor-button-icon fas fa-book\"><\/i><span>Web<\/span><\/a><\/div><\/div><\/div><\/div><\/div><\/div><\/section>\n\n\n\n<div style=\"height:38px\" aria-hidden=\"true\" class=\"wp-block-spacer\"><\/div>\n\n\n\n<section id=\"section-4a4b584e-d622-4efa-aa5b-02f627a264d7\" class=\"wp-block-gutentor-image-box gutentor-section gutentor-image-wrapper imagebox-template2\"><div class=\"grid-container\"><div class=\"gutentor-block-header\"><div class=\"gutentor-section-title text-left\"><h4 class=\"gutentor-title\"><\/h4><\/div><\/div><div class=\"grid-row gutentor-grid-item-wrap\"><div class=\"gutentor-grid-column grid-lg-12 grid-md-4 grid-12\"><div class=\"gutentor-single-item gutentor-image gutentor-single-item-0\"><div class=\"gutentor-single-item-wrap\"><div class=\"gutentor-single-item-image-box\"><div class=\"gutentor-image-thumb\"><img decoding=\"async\" class=\"normal-image\" src=\"http:\/\/www.esmuc.cat\/wp-content\/uploads\/2022\/06\/Inaki-Arguinarena-esmuc.jpg\" alt=\"I\u00f1aki Argui\u00f1arena Esmuc\" \/><\/div><\/div><div class=\"gutentor-single-item-content\"><h5 class=\"gutentor-single-item-title\">I\u00f1aki Argui\u00f1arena<\/h5><p class=\"gutentor-single-item-desc\">Empieza a construir guitarras cl\u00e1sicas en la <a href=\"https:\/\/escueladeartesyartesanias.edu.uy\/\" target=\"_blank\" rel=\"noreferrer noopener\">Escuela de Artes y Artesan\u00edas Pedro Figari<\/a> (Montevideo) y termina abriendo<em>Arginarena Dellepiane Luthier<\/em> en Navarra.<\/p><a class=\"gutentor-button gutentor-single-item-button gutentor-icon-hide\" href=\"https:\/\/www.dellepianeluthier.com\/\"><i class=\"gutentor-button-icon fas fa-book\"><\/i><span>Web<\/span><\/a><\/div><\/div><\/div><\/div><\/div><\/div><\/section>\n\n\n\n<div style=\"height:38px\" aria-hidden=\"true\" class=\"wp-block-spacer\"><\/div>\n\n\n\n<section id=\"section-3deaf95e-f344-459c-b2a9-1e0e3916a1ca\" class=\"wp-block-gutentor-image-box gutentor-section gutentor-image-wrapper imagebox-template2\"><div class=\"grid-container\"><div class=\"gutentor-block-header\"><div class=\"gutentor-section-title text-left\"><h4 class=\"gutentor-title\"><\/h4><\/div><\/div><div class=\"grid-row gutentor-grid-item-wrap\"><div class=\"gutentor-grid-column grid-lg-12 grid-md-4 grid-12\"><div class=\"gutentor-single-item gutentor-image gutentor-single-item-0\"><div class=\"gutentor-single-item-wrap\"><div class=\"gutentor-single-item-image-box\"><div class=\"gutentor-image-thumb\"><img decoding=\"async\" class=\"normal-image\" src=\"http:\/\/www.esmuc.cat\/wp-content\/uploads\/2022\/06\/kepa-rubio-esmuc-scaled.jpg\" alt=\"Kepa Rubio Esmuc\" \/><\/div><\/div><div class=\"gutentor-single-item-content\"><h5 class=\"gutentor-single-item-title\">Kepa Rubio<\/h5><p class=\"gutentor-single-item-desc\">Curs\u00f3 sus estudios en la <a href=\"https:\/\/www.bele.es\/es\/\" target=\"_blank\" rel=\"noreferrer noopener\">Escuela de Lutheria de Bilbao<\/a> y desde entonces construye instrumentos de cuerda frotada en un peque\u00f1o pueblo de \u00c1lava. Especializado en violines, violas, violonchelos, y quintones (violinos de cinco cuerdas).<\/p><a class=\"gutentor-button gutentor-single-item-button gutentor-icon-hide\" href=\"https:\/\/www.deviolines.com\/sitios\/spain\/alava\/abornicano\/luthiers-1\/kepa-rubio-lutheria\/\"><i class=\"gutentor-button-icon fas fa-book\"><\/i><span>Ubicaci\u00f3n<\/span><\/a><\/div><\/div><\/div><\/div><\/div><\/div><\/section>\n\n\n\n<div style=\"height:44px\" aria-hidden=\"true\" class=\"wp-block-spacer\"><\/div>\n\n\n\n<hr class=\"wp-block-separator\"\/>\n\n\n\n<p>Entidades colaboradoras:<\/p>\n\n\n\n<figure class=\"wp-block-image size-full\"><img decoding=\"async\" width=\"797\" height=\"185\" src=\"http:\/\/www.esmuc.cat\/wp-content\/uploads\/2022\/09\/logos-collaboradores.png\" alt=\"Logos Collaboradores\" class=\"wp-image-61711\" srcset=\"https:\/\/www.esmuc.cat\/wp-content\/uploads\/2022\/09\/logos-collaboradores.png 797w, https:\/\/www.esmuc.cat\/wp-content\/uploads\/2022\/09\/logos-collaboradores-300x70.png 300w, https:\/\/www.esmuc.cat\/wp-content\/uploads\/2022\/09\/logos-collaboradores-768x178.png 768w\" sizes=\"(max-width: 797px) 100vw, 797px\" \/><\/figure>\n\n\n\n<div style=\"height:16px\" aria-hidden=\"true\" class=\"wp-block-spacer\"><\/div>\n\n\n\n<p><\/p>\n<\/div>\n<\/div>\n<\/div>\n<\/div>\n","protected":false},"excerpt":{"rendered":"<p>Barcelona Fiddle Congress Desde el a\u00f1o 2013, la ESMUC organiza el Barcelona Fiddle Congress, un encuentro que quiere consolidar un espacio de debate en torno a los instrumentos de cuerda frotada dentro de la tradici\u00f3n musical popular. El congreso ha logrado un \u00e9xito de convocatoria&nbsp;en todas sus ediciones. Fiddle&nbsp;es la palabra con la que los [&hellip;]<\/p>\n","protected":false},"author":4,"featured_media":0,"parent":84455,"menu_order":0,"comment_status":"closed","ping_status":"closed","template":"","meta":{"_acf_changed":false,"_themeisle_gutenberg_block_has_review":false,"footnotes":""},"categories":[1078,1225,1080],"tags":[1292,1293],"class_list":["post-63663","page","type-page","status-publish","hentry","category-activitats-extracurriculars-es","category-altra-oferta-formativa-es","category-jornades-i-tallers-es","tag-congres-es","tag-corda-fregada-es"],"acf":[],"publishpress_future_action":{"enabled":false,"date":"2026-05-21 11:27:15","action":"change-status","newStatus":"draft","terms":[],"taxonomy":"category","extraData":[]},"publishpress_future_workflow_manual_trigger":{"enabledWorkflows":[]},"_links":{"self":[{"href":"https:\/\/www.esmuc.cat\/es\/wp-json\/wp\/v2\/pages\/63663","targetHints":{"allow":["GET"]}}],"collection":[{"href":"https:\/\/www.esmuc.cat\/es\/wp-json\/wp\/v2\/pages"}],"about":[{"href":"https:\/\/www.esmuc.cat\/es\/wp-json\/wp\/v2\/types\/page"}],"author":[{"embeddable":true,"href":"https:\/\/www.esmuc.cat\/es\/wp-json\/wp\/v2\/users\/4"}],"replies":[{"embeddable":true,"href":"https:\/\/www.esmuc.cat\/es\/wp-json\/wp\/v2\/comments?post=63663"}],"version-history":[{"count":5,"href":"https:\/\/www.esmuc.cat\/es\/wp-json\/wp\/v2\/pages\/63663\/revisions"}],"predecessor-version":[{"id":63726,"href":"https:\/\/www.esmuc.cat\/es\/wp-json\/wp\/v2\/pages\/63663\/revisions\/63726"}],"up":[{"embeddable":true,"href":"https:\/\/www.esmuc.cat\/es\/wp-json\/wp\/v2\/pages\/84455"}],"wp:attachment":[{"href":"https:\/\/www.esmuc.cat\/es\/wp-json\/wp\/v2\/media?parent=63663"}],"wp:term":[{"taxonomy":"category","embeddable":true,"href":"https:\/\/www.esmuc.cat\/es\/wp-json\/wp\/v2\/categories?post=63663"},{"taxonomy":"post_tag","embeddable":true,"href":"https:\/\/www.esmuc.cat\/es\/wp-json\/wp\/v2\/tags?post=63663"}],"curies":[{"name":"wp","href":"https:\/\/api.w.org\/{rel}","templated":true}]}}