{"id":62656,"date":"2021-10-21T09:55:52","date_gmt":"2021-10-21T07:55:52","guid":{"rendered":"https:\/\/www.esmuc.cat\/biblioteca-crai\/biblioteca-digital\/bases-de-datos\/nkoda\/"},"modified":"2024-10-14T16:00:21","modified_gmt":"2024-10-14T14:00:21","slug":"nkoda","status":"publish","type":"page","link":"https:\/\/www.esmuc.cat\/es\/servicios\/biblioteca-crai\/biblioteca-digital\/bases-de-datos\/nkoda\/","title":{"rendered":"Nkoda: instrucciones de instalaci\u00f3n y acceso"},"content":{"rendered":"\n<div class=\"wp-block-columns is-layout-flex wp-container-core-columns-is-layout-9d6595d7 wp-block-columns-is-layout-flex\">\n<div class=\"wp-block-column esmuc__Menu_Masters is-layout-flow wp-block-column-is-layout-flow\" style=\"flex-basis:33.33%\">\n\n<\/div>\n\n\n\n<div class=\"wp-block-column is-layout-flow wp-block-column-is-layout-flow\" style=\"flex-basis:66.66%\"><div class=\"breadcrumbs align  wp-block-bcn-breadcrumb-trail has-text-color has-background\" vocab=\"https:\/\/schema.org\/\" typeof=\"BreadcrumbList\">\n\t<span><\/span>\n\t<span property=\"itemListElement\" typeof=\"ListItem\"><a property=\"item\" typeof=\"WebPage\" title=\"Ir a ESMUC.\" href=\"https:\/\/www.esmuc.cat\/es\/\" class=\"home\" ><span property=\"name\">ESMUC<\/span><\/a><meta property=\"position\" content=\"1\"><\/span> &gt; <span property=\"itemListElement\" typeof=\"ListItem\"><a property=\"item\" typeof=\"WebPage\" title=\"Ir a Servicios.\" href=\"https:\/\/www.esmuc.cat\/es\/servicios\/\" class=\"post post-page\" ><span property=\"name\">Servicios<\/span><\/a><meta property=\"position\" content=\"2\"><\/span> &gt; <span property=\"itemListElement\" typeof=\"ListItem\"><a property=\"item\" typeof=\"WebPage\" title=\"Ir a Biblioteca-CRAI de la ESMUC.\" href=\"https:\/\/www.esmuc.cat\/es\/servicios\/biblioteca-crai\/\" class=\"post post-page\" ><span property=\"name\">Biblioteca-CRAI de la ESMUC<\/span><\/a><meta property=\"position\" content=\"3\"><\/span> &gt; <span property=\"itemListElement\" typeof=\"ListItem\"><a property=\"item\" typeof=\"WebPage\" title=\"Ir a Biblioteca digital.\" href=\"https:\/\/www.esmuc.cat\/es\/servicios\/biblioteca-crai\/biblioteca-digital\/\" class=\"post post-page\" ><span property=\"name\">Biblioteca digital<\/span><\/a><meta property=\"position\" content=\"4\"><\/span> &gt; <span property=\"itemListElement\" typeof=\"ListItem\"><a property=\"item\" typeof=\"WebPage\" title=\"Ir a Bases de datos.\" href=\"https:\/\/www.esmuc.cat\/es\/servicios\/biblioteca-crai\/biblioteca-digital\/bases-de-datos\/\" class=\"post post-page\" ><span property=\"name\">Bases de datos<\/span><\/a><meta property=\"position\" content=\"5\"><\/span> &gt; <span property=\"itemListElement\" typeof=\"ListItem\"><span property=\"name\" class=\"post post-page current-item\">Nkoda: instrucciones de instalaci\u00f3n y acceso<\/span><meta property=\"url\" content=\"https:\/\/www.esmuc.cat\/es\/servicios\/biblioteca-crai\/biblioteca-digital\/bases-de-datos\/nkoda\/\"><meta property=\"position\" content=\"6\"><\/span><\/div>\n\n\n\n<h1 class=\"wp-block-heading\" id=\"nkoda\">Nkoda<\/h1>\n\n\n\n<div style=\"height:44px\" aria-hidden=\"true\" class=\"wp-block-spacer\"><\/div>\n\n\n\n<p>Nkoda es un servicio de partituras electr\u00f3nicas. Para una descripci\u00f3n m\u00e1s detallada de las prestaciones de  esta aplicaci\u00f3n, pod\u00e9is consultar <a href=\"https:\/\/www.esmuc.cat\/es\/nuevass-bases-de-datos-en-la-biblioteca-crai\/\">este post<\/a>.<\/p>\n\n\n\n<p>Se puede hacer un visionado general de la base de datos de Nkoda <a href=\"https:\/\/www.nkoda.com\/\" target=\"_blank\" rel=\"noreferrer noopener nofollow\">desde su propia web<\/a>, tambi\u00e9n a trav\u00e9s de su aplicaci\u00f3n, disponible para Android e IOS.<\/p>\n\n\n\n<div style=\"height:19px\" aria-hidden=\"true\" class=\"wp-block-spacer\"><\/div>\n\n\n\n<h2 class=\"wp-block-heading\" id=\"instruccions-d-instal-lacio-i-acces\">Instrucciones de instalaci\u00f3n y acceso<\/h2>\n\n\n\n<p><strong>NOTA:&nbsp;<\/strong>Seguir estas indicaciones para que vuestro perfil est\u00e9 vinculado al de la Escola Superior de M\u00fasica de Catalunya y poder acceder al recurso sin incidencias.<\/p>\n\n\n\n<p><strong>1. <\/strong>Descargar la aplicaci\u00f3n de Nkoda a vuestro dispositivo:<\/p>\n\n\n\n<ul class=\"wp-block-list\">\n<li><a href=\"https:\/\/apps.apple.com\/us\/app\/nkoda-the-sheet-music-library\/id1327811418\">iOS (iPad &amp; iPhone)<\/a><\/li>\n\n\n\n<li><a href=\"https:\/\/www.nkoda.com\/download\/mac\">Mac<\/a><\/li>\n\n\n\n<li><a href=\"https:\/\/apps.microsoft.com\/store\/detail\/nkoda\/9NGB20M8VMQ1?hl=en-us&amp;gl=us&amp;activetab=pivot%3Aoverviewtab\">Microsoft<\/a><\/li>\n\n\n\n<li><a href=\"https:\/\/play.google.com\/store\/apps\/details?id=com.nkoda.app&amp;hl=en_GB&amp;pli=1\">Google Play<\/a><\/li>\n<\/ul>\n\n\n\n<div style=\"height:15px\" aria-hidden=\"true\" class=\"wp-block-spacer\"><\/div>\n\n\n\n<p><strong>2. <\/strong>Acceder a:\u00a0<a href=\"https:\/\/app.nkoda.com\/sign-up\">https:\/\/app.nkoda.com\/sign-up<\/a>. Seleccionar la opci\u00f3n de\u00a0<strong>Google<\/strong>.<\/p>\n\n\n\n<div id=\"section-gff299b\" class=\"wp-block-gutentor-e6 section-gff299b gutentor-element gutentor-element-image gutentor-enabled-width\"><div class=\"gutentor-element-image-box\"><div class=\"gutentor-image-thumb\"><img decoding=\"async\" class=\"normal-image\" src=\"https:\/\/www.esmuc.cat\/wp-content\/uploads\/2024\/10\/image.png\" \/><\/div><\/div><\/div>\n\n\n\n<div style=\"height:24px\" aria-hidden=\"true\" class=\"wp-block-spacer\"><\/div>\n\n\n\n<div style=\"height:50px\" aria-hidden=\"true\" class=\"wp-block-spacer\"><\/div>\n\n\n\n<p><strong>3. <\/strong>A continuaci\u00f3n, se os demanar\u00e1 que hag\u00e1is el registro. En este punto,&nbsp;<strong>introducir vuestro correo electr\u00f3nico corporativo, vuestro correo electr\u00f3nico de la ESMUC<\/strong>&nbsp;y&nbsp;la <strong>contrase\u00f1a que utiliz\u00e1is para acceder a los recursos de la escuela <\/strong>(ASIMUT, Office365 o La meva ESMUC). Es importante que el correo sea @esmuc.cat o @est.esmuc.cat para poder autenticaros correctamente.<\/p>\n\n\n\n<div id=\"section-g4fd18a\" class=\"wp-block-gutentor-e6 section-g4fd18a gutentor-element gutentor-element-image gutentor-enabled-width\"><div class=\"gutentor-element-image-box\"><div class=\"gutentor-image-thumb\"><img decoding=\"async\" class=\"normal-image\" src=\"https:\/\/www.esmuc.cat\/wp-content\/uploads\/2022\/03\/Pantalla2Nkoda.png\" alt=\"Pantalla2nkoda\" \/><\/div><\/div><\/div>\n\n\n\n<div style=\"height:32px\" aria-hidden=\"true\" class=\"wp-block-spacer\"><\/div>\n\n\n\n<p><strong>4. <\/strong>Luego deb\u00e9is introducir los detalles de vuestra cuenta de usuario.<\/p>\n\n\n\n<div style=\"height:22px\" aria-hidden=\"true\" class=\"wp-block-spacer\"><\/div>\n\n\n\n<p><strong>5. <\/strong>Seguidamente aparecer\u00e1 la siguiente pantalla informativa para confirmar que eres miembro de la ESMUC, alo que habr\u00e1 que responder &#8220;Yes&#8221;.&nbsp;<\/p>\n\n\n\n<div id=\"section-g50bf90\" class=\"wp-block-gutentor-e6 section-g50bf90 gutentor-element gutentor-element-image gutentor-enabled-width\"><div class=\"gutentor-element-image-box\"><div class=\"gutentor-image-thumb\"><img decoding=\"async\" class=\"normal-image\" src=\"https:\/\/www.esmuc.cat\/wp-content\/uploads\/2022\/03\/Pantalla3Nkoda.png\" alt=\"Pantalla3nkoda\" \/><\/div><\/div><\/div>\n\n\n\n<div style=\"height:25px\" aria-hidden=\"true\" class=\"wp-block-spacer\"><\/div>\n\n\n\n<div style=\"height:58px\" aria-hidden=\"true\" class=\"wp-block-spacer\"><\/div>\n\n\n\n<p><strong>6. <\/strong>Ver\u00e9is una pantalla verde en la que se indica &#8220;<strong>You are signed in as a member of the Escola Superior de M\u00fasica de Catalunya<\/strong>&#8220;. Esto significa que el proceso se ha completado con \u00e9xito y que ya pod\u00e9is acceder al recurso.&nbsp;<\/p>\n\n\n\n<div id=\"section-g8a37bb\" class=\"wp-block-gutentor-e6 section-g8a37bb gutentor-element gutentor-element-image gutentor-enabled-width\"><div class=\"gutentor-element-image-box\"><div class=\"gutentor-image-thumb\"><img decoding=\"async\" class=\"normal-image\" src=\"https:\/\/www.esmuc.cat\/wp-content\/uploads\/2022\/03\/Pantalla4Nkoda.png\" alt=\"Pantalla4nkoda\" \/><\/div><\/div><\/div>\n<\/div>\n<\/div>\n","protected":false},"excerpt":{"rendered":"<p>Nkoda Nkoda es un servicio de partituras electr\u00f3nicas. Para una descripci\u00f3n m\u00e1s detallada de las prestaciones de esta aplicaci\u00f3n, pod\u00e9is consultar este post. Se puede hacer un visionado general de la base de datos de Nkoda desde su propia web, tambi\u00e9n a trav\u00e9s de su aplicaci\u00f3n, disponible para Android e IOS. Instrucciones de instalaci\u00f3n y [&hellip;]<\/p>\n","protected":false},"author":5,"featured_media":0,"parent":40830,"menu_order":2,"comment_status":"closed","ping_status":"closed","template":"","meta":{"_acf_changed":false,"_themeisle_gutenberg_block_has_review":false,"footnotes":""},"categories":[1316],"tags":[1540,1541,1361],"class_list":["post-62656","page","type-page","status-publish","hentry","category-biblioteca-crai-es","tag-bases-de-dades-es","tag-nkoda-es","tag-partitures-electroniques-es"],"acf":[],"publishpress_future_action":{"enabled":false,"date":"2026-04-14 07:34:09","action":"change-status","newStatus":"draft","terms":[],"taxonomy":"category","extraData":[]},"publishpress_future_workflow_manual_trigger":{"enabledWorkflows":[]},"_links":{"self":[{"href":"https:\/\/www.esmuc.cat\/es\/wp-json\/wp\/v2\/pages\/62656","targetHints":{"allow":["GET"]}}],"collection":[{"href":"https:\/\/www.esmuc.cat\/es\/wp-json\/wp\/v2\/pages"}],"about":[{"href":"https:\/\/www.esmuc.cat\/es\/wp-json\/wp\/v2\/types\/page"}],"author":[{"embeddable":true,"href":"https:\/\/www.esmuc.cat\/es\/wp-json\/wp\/v2\/users\/5"}],"replies":[{"embeddable":true,"href":"https:\/\/www.esmuc.cat\/es\/wp-json\/wp\/v2\/comments?post=62656"}],"version-history":[{"count":4,"href":"https:\/\/www.esmuc.cat\/es\/wp-json\/wp\/v2\/pages\/62656\/revisions"}],"predecessor-version":[{"id":100099,"href":"https:\/\/www.esmuc.cat\/es\/wp-json\/wp\/v2\/pages\/62656\/revisions\/100099"}],"up":[{"embeddable":true,"href":"https:\/\/www.esmuc.cat\/es\/wp-json\/wp\/v2\/pages\/40830"}],"wp:attachment":[{"href":"https:\/\/www.esmuc.cat\/es\/wp-json\/wp\/v2\/media?parent=62656"}],"wp:term":[{"taxonomy":"category","embeddable":true,"href":"https:\/\/www.esmuc.cat\/es\/wp-json\/wp\/v2\/categories?post=62656"},{"taxonomy":"post_tag","embeddable":true,"href":"https:\/\/www.esmuc.cat\/es\/wp-json\/wp\/v2\/tags?post=62656"}],"curies":[{"name":"wp","href":"https:\/\/api.w.org\/{rel}","templated":true}]}}