{"id":58575,"date":"2022-09-09T09:06:54","date_gmt":"2022-09-09T07:06:54","guid":{"rendered":"https:\/\/www.esmuc.cat\/aviso-legal\/"},"modified":"2023-03-29T17:56:27","modified_gmt":"2023-03-29T15:56:27","slug":"aviso-legal","status":"publish","type":"page","link":"https:\/\/www.esmuc.cat\/es\/aviso-legal\/","title":{"rendered":"Aviso legal"},"content":{"rendered":"\n<h2 class=\"wp-block-heading\">Aviso legal<\/h2>\n\n\n\n<div style=\"height:20px\" aria-hidden=\"true\"><\/div>\n\n\n\n<h3 class=\"has-medium-font-size wp-block-heading\">1. &#8211; IDENTIFICACI\u00d3N DEL TITULAR DEL DOMINIO<\/h3>\n\n\n\n<p>En cumplimiento del deber de informaci\u00f3n recogido en el art\u00edculo 10 de la Ley 34\/2002, de 11 de julio, de Servicios de la Sociedad de la Informaci\u00f3n y del Comercio Electr\u00f3nico, a continuaci\u00f3n se publican los siguientes datos: <\/p>\n\n\n\n<p>El titular de esta website es la Fundaci\u00f3n Escola Superior de M\u00fasica de Catalunya (ESMUC) con domicilio en C. Padilla, 155, Edificio de L&#8217;Auditori, 08013 Barcelona, con n\u00famero de CIF: G-62429329. <\/p>\n\n\n\n<p>Tel\u00e9fono de contacto: 93 352 30 11 <\/p>\n\n\n\n<p>Correo electr\u00f3nico de contacto: <a href=\"mailto:info@esmuc.cat\" target=\"_blank\" rel=\"noreferrer noopener\">info@esmuc.cat<\/a>  <\/p>\n\n\n\n<h3 class=\"has-medium-font-size wp-block-heading\">2. &#8211; NORMAS DE USO DEL PORTAL <\/h3>\n\n\n\n<p>Se entender\u00e1 como usuario a la persona que accede y utilice este website. El usuario por el mero hecho de serlo acepta estas condiciones de uso. <\/p>\n\n\n\n<p>El usuario asume la responsabilidad del uso que pueda realizar de esta web. Esta responsabilidad se extiende al registro necesario para acceder a determinados servicios o contenidos. El usuario ser\u00e1 responsable de aportar informaci\u00f3n veraz y l\u00edcita en el proceso de registro. <\/p>\n\n\n\n<p>El usuario se compromete a hacer un uso adecuado de los contenidos y servicios que ESMUC ofrece a trav\u00e9s de esta web y con car\u00e1cter enunciativo pero no limitativo, a no utilizarlos para: <\/p>\n\n\n\n<div id=\"section-g4c7b82\" class=\"wp-block-gutentor-e7 section-g4c7b82 gutentor-element gutentor-element-list\"><ul class=\"grid-row gutentor-grid-item-wrap list-indicator-icon\"><li class=\"gutentor-list-item grid-lg-12 grid-md-12 grid-12\"><span class=\"gutentor-single-item gutentor-single-item-0\"><span class=\"gutentor-list-item-wrap g-s-list-wrap g-s-list-i-icon\"><span class=\"gutentor-single-list-item-icon\"><i class=\"list-item-icon fas fa-angle-right\"><\/i><\/span><span class=\"gutentor-list-item\"><p class=\"gutentor-single-item-title\">Provocar danys en els sistemes f\u00edsics i l\u00f2gics de l\u2019ESMUC, dels seus prove\u00efdors o de terceres persones, introduir o difondre a la xarxa virus inform\u00e0tics o qualssevol altres sistemes f\u00edsics o l\u00f2gics que siguin susce<\/p><\/span><\/span><\/span><\/li><li class=\"gutentor-list-item grid-lg-12 grid-md-12 grid-12\"><span class=\"gutentor-single-item gutentor-single-item-1\"><span class=\"gutentor-list-item-wrap g-s-list-wrap g-s-list-i-icon\"><span class=\"gutentor-single-list-item-icon\"><i class=\"list-item-icon fas fa-angle-right\"><\/i><\/span><span class=\"gutentor-list-item\"><p class=\"gutentor-single-item-title\">Intentar accedir i, si escau, fer servir els comptes de correu electr\u00f2nic d&#8217;altres usuaris i modificar o manipular els seus missatges.\u00a0<\/p><\/span><\/span><\/span><\/li><\/ul><\/div>\n\n\n\n<p>Queda prohibida la publicaci\u00f3n en nuestros sitios web de contenidos que atenten contra los principios enumerados a continuaci\u00f3n, reserv\u00e1ndose el titular del dominio el ejercicio de cuantas acciones sean procedentes en derecho contra los responsables de su publicaci\u00f3n: <\/p>\n\n\n\n<div id=\"section-gbc027a\" class=\"wp-block-gutentor-e7 section-gbc027a gutentor-element gutentor-element-list\"><ul class=\"grid-row gutentor-grid-item-wrap list-indicator-icon\"><li class=\"gutentor-list-item grid-lg-12 grid-md-12 grid-12\"><span class=\"gutentor-single-item gutentor-single-item-0\"><span class=\"gutentor-list-item-wrap g-s-list-wrap g-s-list-i-icon\"><span class=\"gutentor-single-list-item-icon\"><i class=\"list-item-icon fas fa-angle-right\"><\/i><\/span><span class=\"gutentor-list-item\"><p class=\"gutentor-single-item-title\">La salvaguarda de l&#8217;ordre p\u00fablic, la investigaci\u00f3 penal, seguretat p\u00fablica i defensa nacional.<\/p><\/span><\/span><\/span><\/li><li class=\"gutentor-list-item grid-lg-12 grid-md-12 grid-12\"><span class=\"gutentor-single-item gutentor-single-item-1\"><span class=\"gutentor-list-item-wrap g-s-list-wrap g-s-list-i-icon\"><span class=\"gutentor-single-list-item-icon\"><i class=\"list-item-icon fas fa-angle-right\"><\/i><\/span><span class=\"gutentor-list-item\"><p class=\"gutentor-single-item-title\">La protecci\u00f3 de la salut p\u00fablica o de les persones f\u00edsiques que tinguin la condici\u00f3 de consumidors o usuaris.<\/p><\/span><\/span><\/span><\/li><li class=\"gutentor-list-item grid-lg-12 grid-md-12 grid-12\"><span class=\"gutentor-single-item gutentor-single-item-2\"><span class=\"gutentor-list-item-wrap g-s-list-wrap g-s-list-i-icon\"><span class=\"gutentor-single-list-item-icon\"><i class=\"list-item-icon fas fa-angle-right\"><\/i><\/span><span class=\"gutentor-list-item\"><p class=\"gutentor-single-item-title\">El respecte a la dignitat de la persona i al principi de no discriminaci\u00f3 per motius de ra\u00e7a, sexe, opini\u00f3, nacionalitat, discapacitat o qualsevol altra circumst\u00e0ncia personal o social.<\/p><\/span><\/span><\/span><\/li><li class=\"gutentor-list-item grid-lg-12 grid-md-12 grid-12\"><span class=\"gutentor-single-item gutentor-single-item-3\"><span class=\"gutentor-list-item-wrap g-s-list-wrap g-s-list-i-icon\"><span class=\"gutentor-single-list-item-icon\"><i class=\"list-item-icon fas fa-angle-right\"><\/i><\/span><span class=\"gutentor-list-item\"><p class=\"gutentor-single-item-title\">La protecci\u00f3 de la joventut i de la inf\u00e0ncia.<\/p><\/span><\/span><\/span><\/li><li class=\"gutentor-list-item grid-lg-12 grid-md-12 grid-12\"><span class=\"gutentor-single-item gutentor-single-item-4\"><span class=\"gutentor-list-item-wrap g-s-list-wrap g-s-list-i-icon\"><span class=\"gutentor-single-list-item-icon\"><i class=\"list-item-icon fas fa-angle-right\"><\/i><\/span><span class=\"gutentor-list-item\"><p class=\"gutentor-single-item-title\">El respecte a l&#8217;autonomia de la voluntat de l&#8217;afectat.<\/p><\/span><\/span><\/span><\/li><li class=\"gutentor-list-item grid-lg-12 grid-md-12 grid-12\"><span class=\"gutentor-single-item gutentor-single-item-5\"><span class=\"gutentor-list-item-wrap g-s-list-wrap g-s-list-i-icon\"><span class=\"gutentor-single-list-item-icon\"><i class=\"list-item-icon fas fa-angle-right\"><\/i><\/span><span class=\"gutentor-list-item\"><p class=\"gutentor-single-item-title\">El respecte a la propietat intel\u00b7lectual del publicat.<\/p><\/span><\/span><\/span><\/li><li class=\"gutentor-list-item grid-lg-12 grid-md-12 grid-12\"><span class=\"gutentor-single-item gutentor-single-item-6\"><span class=\"gutentor-list-item-wrap g-s-list-wrap g-s-list-i-icon\"><span class=\"gutentor-single-list-item-icon\"><i class=\"list-item-icon fas fa-angle-right\"><\/i><\/span><span class=\"gutentor-list-item\"><p class=\"gutentor-single-item-title\">En general, el respecte a la legalitat vigent.<\/p><\/span><\/span><\/span><\/li><\/ul><\/div>\n\n\n\n<p>La ESMUC se reserva el derecho de retirar todos aquellos comentarios y aportaciones que vulneren el respeto a la dignidad de la persona, que sean discriminatorios, xen\u00f3fobos, racistas, pornogr\u00e1ficos, que atenten contra la juventud o la infancia, el orden o la seguridad p\u00fablica o que, a su juicio, no fuesen adecuados para su publicaci\u00f3n. <\/p>\n\n\n\n<p>En cualquier caso, el titular del dominio no ser\u00e1 responsable de las opiniones vertidas por los usuarios a trav\u00e9s de los foros, chats, u otras herramientas de participaci\u00f3n que puedan incorporarse a esta web. <\/p>\n\n\n\n<h3 class=\"has-medium-font-size wp-block-heading\">2.3. USO DE CONTRASE\u00d1AS<\/h3>\n\n\n\n<p>Para acceder a determinados contenidos es necesario introducir un c\u00f3digo de usuario y una password. Si no dispone de una, puede pedirla a informatica@esmuc.cat. <\/p>\n\n\n\n<p>Les informamos que las passwords son personales e intransferibles. El usuario es el \u00fanico responsable de las consecuencias que puedan derivarse del uso de su contrase\u00f1a. <\/p>\n\n\n\n<p>Para cualquier incidencia con las passwords puede contactar con informatica@esmuc.cat. <\/p>\n\n\n\n<h3 class=\"has-medium-font-size wp-block-heading\">3.- PROPIEDAD INTELECTUAL E INDUSTRIAL <\/h3>\n\n\n\n<p>ESMUC es titular de todos los derechos de propiedad intelectual e industrial de sus p\u00e1ginas web, como tambi\u00e9n lo es de todo su contenido, por lo que toda reproducci\u00f3n, distribuci\u00f3n y comunicaci\u00f3n p\u00fablica total o parcial de su contenido queda expresamente prohibida sin la autorizaci\u00f3n expresa del titular. <\/p>\n\n\n\n<h3 class=\"has-medium-font-size wp-block-heading\">4.- RESPONSABILIDAD <\/h3>\n\n\n\n<p>El titular del dominio no se hace responsable de los da\u00f1os y perjuicios que pudieran derivarse de interferencias o aver\u00edas telef\u00f3nicas, desconexiones en el sistema electr\u00f3nico, presencia de virus inform\u00e1ticos, programas maliciosos o cualquier otro factor ajeno a su control. Tampoco ser\u00e1 responsable de los contenidos o sistemas de terceros conectados con su dominio. <\/p>\n\n\n\n<p>El titular del dominio se reserva el ejercicio de las acciones legales que correspondan contra quienes vulneren estas condiciones. <\/p>\n\n\n\n<h3 class=\"has-medium-font-size wp-block-heading\">5.- MODIFICACIONES DE LAS PRESENTES CONDICIONES Y VIGENCIA <\/h3>\n\n\n\n<p>La ESMUC puede modificar estas condiciones en cualquier momento, sin previo aviso, publicando sus modificaciones tal y como aparecen. <\/p>\n\n\n\n<h3 class=\"has-medium-font-size wp-block-heading\">6.- LEGISLACI\u00d3N APLICABLE Y JURISDICCI\u00d3N <\/h3>\n\n\n\n<p>La relaci\u00f3n entre el titular del dominio y el usuario se regir\u00e1 por la normativa espa\u00f1ola vigente y cualquier controversia se someter\u00e1 a los Juzgados y Tribunales que corresponda a la ciudad de Barcelona. <\/p>\n","protected":false},"excerpt":{"rendered":"<p>Aviso legal 1. &#8211; IDENTIFICACI\u00d3N DEL TITULAR DEL DOMINIO En cumplimiento del deber de informaci\u00f3n recogido en el art\u00edculo 10 de la Ley 34\/2002, de 11 de julio, de Servicios de la Sociedad de la Informaci\u00f3n y del Comercio Electr\u00f3nico, a continuaci\u00f3n se publican los siguientes datos: El titular de esta website es la Fundaci\u00f3n [&hellip;]<\/p>\n","protected":false},"author":4,"featured_media":0,"parent":0,"menu_order":0,"comment_status":"closed","ping_status":"closed","template":"","meta":{"_acf_changed":false,"_themeisle_gutenberg_block_has_review":false,"footnotes":""},"categories":[],"tags":[],"class_list":["post-58575","page","type-page","status-publish","hentry"],"acf":[],"publishpress_future_action":{"enabled":false,"date":"2026-04-27 17:18:30","action":"change-status","newStatus":"draft","terms":[],"taxonomy":"category","extraData":[]},"publishpress_future_workflow_manual_trigger":{"enabledWorkflows":[]},"_links":{"self":[{"href":"https:\/\/www.esmuc.cat\/es\/wp-json\/wp\/v2\/pages\/58575","targetHints":{"allow":["GET"]}}],"collection":[{"href":"https:\/\/www.esmuc.cat\/es\/wp-json\/wp\/v2\/pages"}],"about":[{"href":"https:\/\/www.esmuc.cat\/es\/wp-json\/wp\/v2\/types\/page"}],"author":[{"embeddable":true,"href":"https:\/\/www.esmuc.cat\/es\/wp-json\/wp\/v2\/users\/4"}],"replies":[{"embeddable":true,"href":"https:\/\/www.esmuc.cat\/es\/wp-json\/wp\/v2\/comments?post=58575"}],"version-history":[{"count":8,"href":"https:\/\/www.esmuc.cat\/es\/wp-json\/wp\/v2\/pages\/58575\/revisions"}],"predecessor-version":[{"id":77727,"href":"https:\/\/www.esmuc.cat\/es\/wp-json\/wp\/v2\/pages\/58575\/revisions\/77727"}],"wp:attachment":[{"href":"https:\/\/www.esmuc.cat\/es\/wp-json\/wp\/v2\/media?parent=58575"}],"wp:term":[{"taxonomy":"category","embeddable":true,"href":"https:\/\/www.esmuc.cat\/es\/wp-json\/wp\/v2\/categories?post=58575"},{"taxonomy":"post_tag","embeddable":true,"href":"https:\/\/www.esmuc.cat\/es\/wp-json\/wp\/v2\/tags?post=58575"}],"curies":[{"name":"wp","href":"https:\/\/api.w.org\/{rel}","templated":true}]}}