{"id":55281,"date":"2022-07-26T10:26:11","date_gmt":"2022-07-26T08:26:11","guid":{"rendered":"https:\/\/www.esmuc.cat\/biblioteca-crai\/fondos-y-colecciones\/archivos-y-fondos-personales\/albert-reguant\/"},"modified":"2022-07-26T10:46:48","modified_gmt":"2022-07-26T08:46:48","slug":"albert-reguant","status":"publish","type":"page","link":"https:\/\/www.esmuc.cat\/es\/servicios\/biblioteca-crai\/fondos-y-colecciones\/archivos-y-fondos-personales\/albert-reguant\/","title":{"rendered":"Albert Reguant"},"content":{"rendered":"\n<div class=\"wp-block-columns is-layout-flex wp-container-core-columns-is-layout-9d6595d7 wp-block-columns-is-layout-flex\">\n<div class=\"wp-block-column esmuc__Menu_Masters is-layout-flow wp-block-column-is-layout-flow\" style=\"flex-basis:33.33%\">\n\n<\/div>\n\n\n\n<div class=\"wp-block-column is-layout-flow wp-block-column-is-layout-flow\" style=\"flex-basis:66.66%\"><div class=\"breadcrumbs align  wp-block-bcn-breadcrumb-trail has-text-color has-background\" vocab=\"https:\/\/schema.org\/\" typeof=\"BreadcrumbList\">\n\t<span><\/span>\n\t<span property=\"itemListElement\" typeof=\"ListItem\"><a property=\"item\" typeof=\"WebPage\" title=\"Ir a ESMUC.\" href=\"https:\/\/www.esmuc.cat\/es\/\" class=\"home\" ><span property=\"name\">ESMUC<\/span><\/a><meta property=\"position\" content=\"1\"><\/span> &gt; <span property=\"itemListElement\" typeof=\"ListItem\"><a property=\"item\" typeof=\"WebPage\" title=\"Ir a Servicios.\" href=\"https:\/\/www.esmuc.cat\/es\/servicios\/\" class=\"post post-page\" ><span property=\"name\">Servicios<\/span><\/a><meta property=\"position\" content=\"2\"><\/span> &gt; <span property=\"itemListElement\" typeof=\"ListItem\"><a property=\"item\" typeof=\"WebPage\" title=\"Ir a Biblioteca-CRAI de la ESMUC.\" href=\"https:\/\/www.esmuc.cat\/es\/servicios\/biblioteca-crai\/\" class=\"post post-page\" ><span property=\"name\">Biblioteca-CRAI de la ESMUC<\/span><\/a><meta property=\"position\" content=\"3\"><\/span> &gt; <span property=\"itemListElement\" typeof=\"ListItem\"><a property=\"item\" typeof=\"WebPage\" title=\"Ir a Fondos y coleciones.\" href=\"https:\/\/www.esmuc.cat\/es\/servicios\/biblioteca-crai\/fondos-y-colecciones\/\" class=\"post post-page\" ><span property=\"name\">Fondos y coleciones<\/span><\/a><meta property=\"position\" content=\"4\"><\/span> &gt; <span property=\"itemListElement\" typeof=\"ListItem\"><a property=\"item\" typeof=\"WebPage\" title=\"Ir a Archivos y fondos personales.\" href=\"https:\/\/www.esmuc.cat\/es\/servicios\/biblioteca-crai\/fondos-y-colecciones\/archivos-y-fondos-personales\/\" class=\"post post-page\" ><span property=\"name\">Archivos y fondos personales<\/span><\/a><meta property=\"position\" content=\"5\"><\/span> &gt; <span property=\"itemListElement\" typeof=\"ListItem\"><span property=\"name\" class=\"post post-page current-item\">Albert Reguant<\/span><meta property=\"url\" content=\"https:\/\/www.esmuc.cat\/es\/servicios\/biblioteca-crai\/fondos-y-colecciones\/archivos-y-fondos-personales\/albert-reguant\/\"><meta property=\"position\" content=\"6\"><\/span><\/div>\n\n\n\n<h1 class=\"wp-block-heading\">Albert Reguant<\/h1>\n\n\n\n<div style=\"height:30px\" aria-hidden=\"true\" class=\"wp-block-spacer\"><\/div>\n\n\n\n<div id=\"section-g774ec9\" class=\"wp-block-gutentor-e7 section-g774ec9 gutentor-element gutentor-element-list\"><ul class=\"grid-row gutentor-grid-item-wrap list-indicator-icon\"><li class=\"gutentor-list-item grid-lg-12 grid-md-12 grid-12\"><span class=\"gutentor-single-item gutentor-single-item-0\"><span class=\"gutentor-list-item-wrap g-s-list-wrap\"><span class=\"gutentor-single-list-item-icon\"><i class=\"list-item-icon fas fa-angle-right\"><\/i><\/span><span class=\"gutentor-list-item\"><p class=\"gutentor-single-item-title\"><strong>Biograf\u00eda<\/strong><\/p><\/span><\/span><\/span><\/li><\/ul><\/div>\n\n\n\n<p><\/p>\n\n\n\n<p><strong>Albert Reguant<\/strong> naci\u00f3 en Barcelona. Reconocido por su trayectoria como <strong>divulgador musical<\/strong> en televisi\u00f3n, radio y prensa escrita, su labor ha contribuido de manera decisiva a la promoci\u00f3n de artistas internacionales dentro de nuestro pa\u00eds.<\/p>\n\n\n\n<p>Su carrera period\u00edstica se inici\u00f3 con el programa semanal de m\u00fasica alternativa \u00abHidrogen\u00bb, que se emiti\u00f3 desde 1992 hasta 2002, en Televisi\u00f3 de Catalunya. Tambi\u00e9n trabaj\u00f3 en los programas \u00abM\u00fasiques del M\u00f3n\u00bb y \u00abPlaneta Musica\u00bb que a\u00fan hoy se consideran referentes en el \u00e1mbito de las <strong>M\u00fasicas del Mundo<\/strong>.<\/p>\n\n\n\n<p>Ha sido corresponsal para diversas publicaciones especializadas en Word Music en Espa\u00f1a, Italia y Francia. Asiste regularmente a ls eventos m\u00e9s reconocidos a nivel mundial vinculados a este tipo de m\u00fasica. Con una marcada preferencia por los estilos folk ancestral y contempor\u00e1neo, bluegrass, m\u00fasica celta, m\u00fasica neocl\u00e1sica y progresiva, ha llegado a conformar una fonoteca que reune m\u00fasica de todos los rincones del mundo.<\/p>\n\n\n\n<p>Actualmente, sigue emitiendo su programa \u00abLes Rutes del So\u00bb que se emite semanalmente.<\/p>\n\n\n\n<div style=\"height:30px\" aria-hidden=\"true\" class=\"wp-block-spacer\"><\/div>\n\n\n\n<div id=\"section-g6c1f78\" class=\"wp-block-gutentor-e7 section-g6c1f78 gutentor-element gutentor-element-list\"><ul class=\"grid-row gutentor-grid-item-wrap list-indicator-icon\"><li class=\"gutentor-list-item grid-lg-12 grid-md-12 grid-12\"><span class=\"gutentor-single-item gutentor-single-item-0\"><span class=\"gutentor-list-item-wrap g-s-list-wrap\"><span class=\"gutentor-single-list-item-icon\"><i class=\"list-item-icon fas fa-angle-right\"><\/i><\/span><span class=\"gutentor-list-item\"><p class=\"gutentor-single-item-title\"><strong>Inventario<\/strong><\/p><\/span><\/span><\/span><\/li><\/ul><\/div>\n\n\n\n<p>En 2019 Albert Reguant decidi\u00f3 ofrecer en donaci\u00f3n su <strong>colecci\u00f3n personal de discos<\/strong> consistente en <strong>m\u00e1s de 3.000 CD<\/strong>, mayormente de m\u00fasicas tradicionales, folkl\u00f3ricas y alternativas de todo el mundo. La relevancia y calidad art\u00edstica de la colecci\u00f3n como el exotismo y peculiaridad de los discos, despertaron el inter\u00e9s de la Biblioteca, que consider\u00f3 muy oportuna la aceptaci\u00f3n de la donaci\u00f3n.<\/p>\n\n\n\n<p>El fondo se encuentra en proceso de catalogaci\u00f3n con lo que ya se pueden localizar algunos de los discos mediante el cat\u00e1logo en l\u00ednea. Tamb\u00e9 se puede consultar el inventario facilitado por el donante.<\/p>\n\n\n\n<p><\/p>\n\n\n\n<div id=\"section-g0e1c59\" class=\"wp-block-gutentor-e2 section-g0e1c59 gutentor-element gutentor-element-button\"><span class=\"gutentor-button-wrap\"><a class=\"gutentor-button gutentor-block-button gutentor-icon-hide\" href=\"https:\/\/www.esmuc.cat\/wp-content\/uploads\/2021\/11\/inventari_Aguilerlla.xls\"><i class=\"gutentor-button-icon fas fa-book\"><\/i><span>Inventari<\/span><\/a><\/span><\/div>\n\n\n\n<div style=\"height:49px\" aria-hidden=\"true\" class=\"wp-block-spacer\"><\/div>\n<\/div>\n<\/div>\n\n\n","protected":false},"excerpt":{"rendered":"<p>Albert Reguant Albert Reguant naci\u00f3 en Barcelona. Reconocido por su trayectoria como divulgador musical en televisi\u00f3n, radio y prensa escrita, su labor ha contribuido de manera decisiva a la promoci\u00f3n de artistas internacionales dentro de nuestro pa\u00eds. Su carrera period\u00edstica se inici\u00f3 con el programa semanal de m\u00fasica alternativa \u00abHidrogen\u00bb, que se emiti\u00f3 desde 1992 [&hellip;]<\/p>\n","protected":false},"author":5,"featured_media":0,"parent":41749,"menu_order":2,"comment_status":"closed","ping_status":"closed","template":"","meta":{"_acf_changed":false,"_themeisle_gutenberg_block_has_review":false,"footnotes":""},"categories":[1316],"tags":[1535,1480,1481],"class_list":["post-55281","page","type-page","status-publish","hentry","category-biblioteca-crai-es","tag-albert-reguant-es","tag-donacions-2-es","tag-fons-personals-2-es"],"acf":[],"publishpress_future_action":{"enabled":false,"date":"2026-04-15 11:41:21","action":"change-status","newStatus":"draft","terms":[],"taxonomy":"category","extraData":[]},"publishpress_future_workflow_manual_trigger":{"enabledWorkflows":[]},"_links":{"self":[{"href":"https:\/\/www.esmuc.cat\/es\/wp-json\/wp\/v2\/pages\/55281","targetHints":{"allow":["GET"]}}],"collection":[{"href":"https:\/\/www.esmuc.cat\/es\/wp-json\/wp\/v2\/pages"}],"about":[{"href":"https:\/\/www.esmuc.cat\/es\/wp-json\/wp\/v2\/types\/page"}],"author":[{"embeddable":true,"href":"https:\/\/www.esmuc.cat\/es\/wp-json\/wp\/v2\/users\/5"}],"replies":[{"embeddable":true,"href":"https:\/\/www.esmuc.cat\/es\/wp-json\/wp\/v2\/comments?post=55281"}],"version-history":[{"count":1,"href":"https:\/\/www.esmuc.cat\/es\/wp-json\/wp\/v2\/pages\/55281\/revisions"}],"predecessor-version":[{"id":55294,"href":"https:\/\/www.esmuc.cat\/es\/wp-json\/wp\/v2\/pages\/55281\/revisions\/55294"}],"up":[{"embeddable":true,"href":"https:\/\/www.esmuc.cat\/es\/wp-json\/wp\/v2\/pages\/41749"}],"wp:attachment":[{"href":"https:\/\/www.esmuc.cat\/es\/wp-json\/wp\/v2\/media?parent=55281"}],"wp:term":[{"taxonomy":"category","embeddable":true,"href":"https:\/\/www.esmuc.cat\/es\/wp-json\/wp\/v2\/categories?post=55281"},{"taxonomy":"post_tag","embeddable":true,"href":"https:\/\/www.esmuc.cat\/es\/wp-json\/wp\/v2\/tags?post=55281"}],"curies":[{"name":"wp","href":"https:\/\/api.w.org\/{rel}","templated":true}]}}