{"id":47390,"date":"2021-06-28T14:00:49","date_gmt":"2021-06-28T12:00:49","guid":{"rendered":"https:\/\/www.esmuc.cat\/sobre-lesmuc\/qualitat\/enquestes-de-satisfaccio\/"},"modified":"2026-05-05T12:48:55","modified_gmt":"2026-05-05T10:48:55","slug":"encuestas-de-satisfaccion-alumnado","status":"publish","type":"page","link":"https:\/\/www.esmuc.cat\/es\/escuela\/sobre-lesmuc\/qualitat\/encuestas-de-satisfaccion\/encuestas-de-satisfaccion-alumnado\/","title":{"rendered":"Encuestas de satisfacci\u00f3n del alumnado"},"content":{"rendered":"<div class=\"breadcrumbs align  wp-block-bcn-breadcrumb-trail has-text-color has-background\" vocab=\"https:\/\/schema.org\/\" typeof=\"BreadcrumbList\">\n\t<span><\/span>\n\t<span property=\"itemListElement\" typeof=\"ListItem\"><a property=\"item\" typeof=\"WebPage\" title=\"Ir a ESMUC.\" href=\"https:\/\/www.esmuc.cat\/es\/\" class=\"home\" ><span property=\"name\">ESMUC<\/span><\/a><meta property=\"position\" content=\"1\"><\/span> &gt; <span property=\"itemListElement\" typeof=\"ListItem\"><a property=\"item\" typeof=\"WebPage\" title=\"Ir a Escuela.\" href=\"https:\/\/www.esmuc.cat\/es\/escuela\/\" class=\"post post-page\" ><span property=\"name\">Escuela<\/span><\/a><meta property=\"position\" content=\"2\"><\/span> &gt; <span property=\"itemListElement\" typeof=\"ListItem\"><a property=\"item\" typeof=\"WebPage\" title=\"Ir a Sobre la ESMUC.\" href=\"https:\/\/www.esmuc.cat\/es\/escuela\/sobre-lesmuc\/\" class=\"post post-page\" ><span property=\"name\">Sobre la ESMUC<\/span><\/a><meta property=\"position\" content=\"3\"><\/span> &gt; <span property=\"itemListElement\" typeof=\"ListItem\"><a property=\"item\" typeof=\"WebPage\" title=\"Ir a Calidad.\" href=\"https:\/\/www.esmuc.cat\/es\/escuela\/sobre-lesmuc\/qualitat\/\" class=\"post post-page\" ><span property=\"name\">Calidad<\/span><\/a><meta property=\"position\" content=\"4\"><\/span> &gt; <span property=\"itemListElement\" typeof=\"ListItem\"><a property=\"item\" typeof=\"WebPage\" title=\"Ir a Encuestas de satisfacci\u00f3n.\" href=\"https:\/\/www.esmuc.cat\/es\/escuela\/sobre-lesmuc\/qualitat\/encuestas-de-satisfaccion\/\" class=\"post post-page\" ><span property=\"name\">Encuestas de satisfacci\u00f3n<\/span><\/a><meta property=\"position\" content=\"5\"><\/span> &gt; <span property=\"itemListElement\" typeof=\"ListItem\"><span property=\"name\" class=\"post post-page current-item\">Encuestas de satisfacci\u00f3n del alumnado<\/span><meta property=\"url\" content=\"https:\/\/www.esmuc.cat\/es\/escuela\/sobre-lesmuc\/qualitat\/encuestas-de-satisfaccion\/encuestas-de-satisfaccion-alumnado\/\"><meta property=\"position\" content=\"6\"><\/span><\/div>\n\n\n\n<div style=\"height:30px\" aria-hidden=\"true\" class=\"wp-block-spacer\"><\/div>\n\n\n\n<h2 class=\"wp-block-heading\">Encuestas de satisfacci\u00f3n del alumnado<\/h2>\n\n\n\n<div style=\"height:30px\" aria-hidden=\"true\" class=\"wp-block-spacer\"><\/div>\n\n\n\n<iframe loading=\"lazy\" title=\"Enquestes alumnat 2021-26\" width=\"1024\" height=\"612\" src=\"https:\/\/app.powerbi.com\/view?r=eyJrIjoiMzJhNWU4OWUtMjNmNS00NGM3LWE0MWItNmUxY2E3YWIzNmY0IiwidCI6ImQ5ODAzODMzLTBlOTQtNDU1My1hYzk0LTdiYTdiMTM2MzQ2YiIsImMiOjl9&#038;pageName=a246b99cd900a4b00421\" frameborder=\"0\" allowFullScreen=\"true\"><\/iframe>\n\n\n\n<hr class=\"wp-block-separator has-alpha-channel-opacity\"\/>\n\n\n\n<p>La Escola Superior de M\u00fasica de Catalunya recaba opiniones de los distintos grupos y colectivos que participan en sus programas de formaci\u00f3n mediante encuestas an\u00f3nimas. Las cifras reflejan:<\/p>\n\n\n\n<div id=\"section-g-opadxdd\" class=\"wp-block-gutentor-e7 section-g-opadxdd gutentor-element gutentor-element-list\"><ul class=\"grid-row gutentor-grid-item-wrap list-indicator-icon\"><li class=\"gutentor-list-item grid-lg-12 grid-md-12 grid-12\"><span class=\"gutentor-single-item gutentor-single-item-0\"><span class=\"gutentor-list-item-wrap g-s-list-wrap\"><span class=\"gutentor-single-list-item-icon\"><i class=\"list-item-icon fas fa-arrow-right\"><\/i><\/span><span class=\"gutentor-list-item\"><p class=\"gutentor-single-item-title\">El nivel de satisfacci\u00f3n con las asignaturas.<\/p><\/span><\/span><\/span><\/li><li class=\"gutentor-list-item grid-lg-12 grid-md-12 grid-12\"><span class=\"gutentor-single-item gutentor-single-item-1\"><span class=\"gutentor-list-item-wrap g-s-list-wrap\"><span class=\"gutentor-single-list-item-icon\"><i class=\"list-item-icon fas fa-arrow-right\"><\/i><\/span><span class=\"gutentor-list-item\"><p class=\"gutentor-single-item-title\">El nivel de satisfacci\u00f3n con las actividades docentes.<\/p><\/span><\/span><\/span><\/li><\/ul><\/div>\n\n\n\n<p>Para ambos indicadores, tambi\u00e9n se recoge la desviaci\u00f3n est\u00e1ndar. Esta medida muestra la variaci\u00f3n o dispersi\u00f3n de los valores con respecto a la media.<\/p>\n\n\n\n<p>La Ag\u00e8ncia per a la Qualitat del Sistema Universitari de Catalunya (AQU) coordina una encuesta de satisfacci\u00f3n dirigida a los reci\u00e9n titulados de grado y m\u00e1ster. Los estudios art\u00edsticos de la ESMUC han sido verificados por la AQU utilizando los mismos criterios que se emplean para evaluar los estudios universitarios.<\/p>\n","protected":false},"excerpt":{"rendered":"<p>Encuestas de satisfacci\u00f3n del alumnado La Escola Superior de M\u00fasica de Catalunya recaba opiniones de los distintos grupos y colectivos que participan en sus programas de formaci\u00f3n mediante encuestas an\u00f3nimas. Las cifras reflejan: Para ambos indicadores, tambi\u00e9n se recoge la desviaci\u00f3n est\u00e1ndar. Esta medida muestra la variaci\u00f3n o dispersi\u00f3n de los valores con respecto a [&hellip;]<\/p>\n","protected":false},"author":4,"featured_media":0,"parent":117955,"menu_order":1,"comment_status":"closed","ping_status":"closed","template":"","meta":{"_acf_changed":false,"_themeisle_gutenberg_block_has_review":false,"footnotes":""},"categories":[923],"tags":[1511,1606],"class_list":["post-47390","page","type-page","status-publish","hentry","category-sobre-lesmuc-es","tag-avaluacio-de-qualitat","tag-avaluacio-de-qualitat-es"],"acf":[],"publishpress_future_action":{"enabled":false,"date":"2026-05-20 00:38:24","action":"change-status","newStatus":"draft","terms":[],"taxonomy":"category","extraData":[]},"publishpress_future_workflow_manual_trigger":{"enabledWorkflows":[]},"_links":{"self":[{"href":"https:\/\/www.esmuc.cat\/es\/wp-json\/wp\/v2\/pages\/47390","targetHints":{"allow":["GET"]}}],"collection":[{"href":"https:\/\/www.esmuc.cat\/es\/wp-json\/wp\/v2\/pages"}],"about":[{"href":"https:\/\/www.esmuc.cat\/es\/wp-json\/wp\/v2\/types\/page"}],"author":[{"embeddable":true,"href":"https:\/\/www.esmuc.cat\/es\/wp-json\/wp\/v2\/users\/4"}],"replies":[{"embeddable":true,"href":"https:\/\/www.esmuc.cat\/es\/wp-json\/wp\/v2\/comments?post=47390"}],"version-history":[{"count":17,"href":"https:\/\/www.esmuc.cat\/es\/wp-json\/wp\/v2\/pages\/47390\/revisions"}],"predecessor-version":[{"id":119628,"href":"https:\/\/www.esmuc.cat\/es\/wp-json\/wp\/v2\/pages\/47390\/revisions\/119628"}],"up":[{"embeddable":true,"href":"https:\/\/www.esmuc.cat\/es\/wp-json\/wp\/v2\/pages\/117955"}],"wp:attachment":[{"href":"https:\/\/www.esmuc.cat\/es\/wp-json\/wp\/v2\/media?parent=47390"}],"wp:term":[{"taxonomy":"category","embeddable":true,"href":"https:\/\/www.esmuc.cat\/es\/wp-json\/wp\/v2\/categories?post=47390"},{"taxonomy":"post_tag","embeddable":true,"href":"https:\/\/www.esmuc.cat\/es\/wp-json\/wp\/v2\/tags?post=47390"}],"curies":[{"name":"wp","href":"https:\/\/api.w.org\/{rel}","templated":true}]}}