{"id":47388,"date":"2022-03-03T11:35:12","date_gmt":"2022-03-03T10:35:12","guid":{"rendered":"https:\/\/www.esmuc.cat\/sobre-lesmuc\/qualitat\/"},"modified":"2026-03-27T14:42:56","modified_gmt":"2026-03-27T13:42:56","slug":"qualitat","status":"publish","type":"page","link":"https:\/\/www.esmuc.cat\/es\/escuela\/sobre-lesmuc\/qualitat\/","title":{"rendered":"Calidad"},"content":{"rendered":"\n<div class=\"wp-block-columns is-layout-flex wp-container-core-columns-is-layout-9d6595d7 wp-block-columns-is-layout-flex\">\n<div class=\"wp-block-column esmuc__Menu_Masters is-layout-flow wp-block-column-is-layout-flow\" style=\"flex-basis:33.33%\">\n\n<\/div>\n\n\n\n<div class=\"wp-block-column is-layout-flow wp-block-column-is-layout-flow\" style=\"flex-basis:66.66%\"><div class=\"breadcrumbs align  wp-block-bcn-breadcrumb-trail has-text-color has-background\" vocab=\"https:\/\/schema.org\/\" typeof=\"BreadcrumbList\">\n\t<span><\/span>\n\t<span property=\"itemListElement\" typeof=\"ListItem\"><a property=\"item\" typeof=\"WebPage\" title=\"Ir a ESMUC.\" href=\"https:\/\/www.esmuc.cat\/es\/\" class=\"home\" ><span property=\"name\">ESMUC<\/span><\/a><meta property=\"position\" content=\"1\"><\/span> &gt; <span property=\"itemListElement\" typeof=\"ListItem\"><a property=\"item\" typeof=\"WebPage\" title=\"Ir a Escuela.\" href=\"https:\/\/www.esmuc.cat\/es\/escuela\/\" class=\"post post-page\" ><span property=\"name\">Escuela<\/span><\/a><meta property=\"position\" content=\"2\"><\/span> &gt; <span property=\"itemListElement\" typeof=\"ListItem\"><a property=\"item\" typeof=\"WebPage\" title=\"Ir a Sobre la ESMUC.\" href=\"https:\/\/www.esmuc.cat\/es\/escuela\/sobre-lesmuc\/\" class=\"post post-page\" ><span property=\"name\">Sobre la ESMUC<\/span><\/a><meta property=\"position\" content=\"3\"><\/span> &gt; <span property=\"itemListElement\" typeof=\"ListItem\"><span property=\"name\" class=\"post post-page current-item\">Calidad<\/span><meta property=\"url\" content=\"https:\/\/www.esmuc.cat\/es\/escuela\/sobre-lesmuc\/qualitat\/\"><meta property=\"position\" content=\"4\"><\/span><\/div>\n\n\n\n<h1 class=\"wp-block-heading\">Calidad<\/h1>\n\n\n\n<div style=\"height:30px\" aria-hidden=\"true\" class=\"wp-block-spacer\"><\/div>\n\n\n<figure class=\"wp-block-post-featured-image\"><img decoding=\"async\" width=\"2560\" height=\"1707\" src=\"https:\/\/www.esmuc.cat\/wp-content\/uploads\/2022\/10\/enquesta-imatgeLLIURE-esmuc-1-scaled-e1679575582901.jpg\" class=\"attachment-post-thumbnail size-post-thumbnail wp-post-image\" alt=\"enquesta-imatgeLLIURE-esmuc (1)\" style=\"object-fit:cover;\" title=\"enquesta-imatgeLLIURE-esmuc (1)\" \/><\/figure>\n\n\n<section id=\"g-dprp8js\" class=\"wp-block-gutentor-m3 section-g-dprp8js gutentor-module gutentor-container-cover\"><div class=\"grid-container\">\n<p>La Escola Superior de M\u00fasica de Catalunya est\u00e1 integrada en el Espacio Europeo de Educaci\u00f3n Superior (EEES) y ha sido pionera en impartir el grado de m\u00fasica y diferentes estudios de m\u00e1ster con los criterios propios de la ense\u00f1anza superior (niveles MECES 2-EQF 6 i MECES 3-EQF 7).<\/p>\n\n\n\n<p>Los programas formativos han sido verificados y acreditados por la Ag\u00e8ncia per a la Qualitat del Sistema Universitari de Catalunya (AQU) a partir de los est\u00e1ndares europeos que aseguran su calidad. <\/p>\n\n\n\n<p>Asimismo, el centro dispone de un Sistema Interno de Garant\u00eda de la Calidad (SIGC) que da cumplimiento a las directrices europeas y que se revisa peri\u00f3dicamente a partir del dise\u00f1o evaluado favorablemente por la AQU en 2015, con encuestas de satisfacci\u00f3n cuatrimestrales. La Escuela garantiza, por lo tanto, la calidad de los estudios de grado y de m\u00e1ster, as\u00ed como de su gesti\u00f3n y mejora continua.<\/p>\n<\/div><\/section>\n\n\n\n<section id=\"g-11c4x37\" class=\"wp-block-gutentor-m3 section-g-11c4x37 gutentor-module gutentor-container-cover\"><div class=\"grid-container\">\n<div id=\"section-g-266f61k\" class=\"wp-block-gutentor-e2 section-g-266f61k gutentor-element gutentor-element-button gutentor-btn-custom-desktop\"><span class=\"gutentor-button-wrap\"><a class=\"gutentor-button gutentor-block-button gutentor-icon-hide\" href=\"https:\/\/www.esmuc.cat\/es\/escuela\/sobre-lesmuc\/qualitat\/sistema-intern-de-garantia-de-la-qualitat-sigq\/\"><i class=\"gutentor-button-icon fas fa-book\"><\/i><span>Sistema Interno de Garantia de la Calidad (SIGQ) <\/span><\/a><\/span><\/div>\n\n\n\n<div id=\"section-g-00wactw\" class=\"wp-block-gutentor-e2 section-g-00wactw gutentor-element gutentor-element-button gutentor-btn-custom-desktop\"><span class=\"gutentor-button-wrap\"><a class=\"gutentor-button gutentor-block-button gutentor-icon-hide\" href=\"https:\/\/www.esmuc.cat\/es\/escuela\/sobre-lesmuc\/qualitat\/datos-e-indicadores\/\"><i class=\"gutentor-button-icon fas fa-book\"><\/i><span>Datos e indicadores <\/span><\/a><\/span><\/div>\n\n\n\n<div id=\"section-g-1rf1sr1\" class=\"wp-block-gutentor-e2 section-g-1rf1sr1 gutentor-element gutentor-element-button gutentor-btn-custom-desktop\"><span class=\"gutentor-button-wrap\"><a class=\"gutentor-button gutentor-block-button gutentor-icon-hide\" href=\"https:\/\/www.esmuc.cat\/es\/escuela\/sobre-lesmuc\/qualitat\/encuestas-de-satisfaccion\/\"><i class=\"gutentor-button-icon fas fa-book\"><\/i><span>Encuestas de satisfacci\u00f3n <\/span><\/a><\/span><\/div>\n\n\n\n<div id=\"section-g-qzu1tp8\" class=\"wp-block-gutentor-e2 section-g-qzu1tp8 gutentor-element gutentor-element-button gutentor-btn-custom-desktop\"><span class=\"gutentor-button-wrap\"><a class=\"gutentor-button gutentor-block-button gutentor-icon-hide\" href=\"https:\/\/www.esmuc.cat\/es\/escuela\/sobre-lesmuc\/qualitat\/comissions-de-qualitat\/\"><i class=\"gutentor-button-icon fas fa-book\"><\/i><span>Comisiones de Calidad <\/span><\/a><\/span><\/div>\n\n\n\n<div id=\"section-g-y7h7io7\" class=\"wp-block-gutentor-e2 section-g-y7h7io7 gutentor-element gutentor-element-button gutentor-btn-custom-desktop\"><span class=\"gutentor-button-wrap\"><a class=\"gutentor-button gutentor-block-button gutentor-icon-hide\" href=\"https:\/\/www.esmuc.cat\/es\/escuela\/sobre-lesmuc\/qualitat\/publicaciones\/\"><i class=\"gutentor-button-icon fas fa-book\"><\/i><span>Publicaciones<\/span><\/a><\/span><\/div>\n\n\n\n<div id=\"section-g-s3cwwex\" class=\"wp-block-gutentor-e2 section-g-s3cwwex gutentor-element gutentor-element-button gutentor-btn-custom-desktop\"><span class=\"gutentor-button-wrap\"><a class=\"gutentor-button gutentor-block-button gutentor-icon-hide\" href=\"https:\/\/www.esmuc.cat\/es\/escuela\/sobre-lesmuc\/qualitat\/informacio-sobre-la-qualitat-dels-programes-formatius\/\"><i class=\"gutentor-button-icon fas fa-book\"><\/i><span>Informes AQU<\/span><\/a><\/span><\/div>\n<\/div><\/section>\n<\/div>\n<\/div>\n","protected":false},"excerpt":{"rendered":"<p>Calidad<\/p>\n","protected":false},"author":5,"featured_media":64147,"parent":27017,"menu_order":0,"comment_status":"closed","ping_status":"closed","template":"","meta":{"_acf_changed":false,"_themeisle_gutenberg_block_has_review":false,"footnotes":""},"categories":[923],"tags":[1606],"class_list":["post-47388","page","type-page","status-publish","has-post-thumbnail","hentry","category-sobre-lesmuc-es","tag-avaluacio-de-qualitat-es"],"acf":[],"publishpress_future_action":{"enabled":false,"date":"2026-04-26 20:47:26","action":"change-status","newStatus":"draft","terms":[],"taxonomy":"category","extraData":[]},"publishpress_future_workflow_manual_trigger":{"enabledWorkflows":[]},"_links":{"self":[{"href":"https:\/\/www.esmuc.cat\/es\/wp-json\/wp\/v2\/pages\/47388","targetHints":{"allow":["GET"]}}],"collection":[{"href":"https:\/\/www.esmuc.cat\/es\/wp-json\/wp\/v2\/pages"}],"about":[{"href":"https:\/\/www.esmuc.cat\/es\/wp-json\/wp\/v2\/types\/page"}],"author":[{"embeddable":true,"href":"https:\/\/www.esmuc.cat\/es\/wp-json\/wp\/v2\/users\/5"}],"replies":[{"embeddable":true,"href":"https:\/\/www.esmuc.cat\/es\/wp-json\/wp\/v2\/comments?post=47388"}],"version-history":[{"count":17,"href":"https:\/\/www.esmuc.cat\/es\/wp-json\/wp\/v2\/pages\/47388\/revisions"}],"predecessor-version":[{"id":118000,"href":"https:\/\/www.esmuc.cat\/es\/wp-json\/wp\/v2\/pages\/47388\/revisions\/118000"}],"up":[{"embeddable":true,"href":"https:\/\/www.esmuc.cat\/es\/wp-json\/wp\/v2\/pages\/27017"}],"wp:featuredmedia":[{"embeddable":true,"href":"https:\/\/www.esmuc.cat\/es\/wp-json\/wp\/v2\/media\/64147"}],"wp:attachment":[{"href":"https:\/\/www.esmuc.cat\/es\/wp-json\/wp\/v2\/media?parent=47388"}],"wp:term":[{"taxonomy":"category","embeddable":true,"href":"https:\/\/www.esmuc.cat\/es\/wp-json\/wp\/v2\/categories?post=47388"},{"taxonomy":"post_tag","embeddable":true,"href":"https:\/\/www.esmuc.cat\/es\/wp-json\/wp\/v2\/tags?post=47388"}],"curies":[{"name":"wp","href":"https:\/\/api.w.org\/{rel}","templated":true}]}}