{"id":46730,"date":"2022-03-23T13:35:30","date_gmt":"2022-03-23T12:35:30","guid":{"rendered":"https:\/\/www.esmuc.cat\/grau\/marc-normatiu\/llengua-estrangera\/"},"modified":"2022-06-13T09:31:11","modified_gmt":"2022-06-13T07:31:11","slug":"llengua-estrangera","status":"publish","type":"page","link":"https:\/\/www.esmuc.cat\/es\/estudios\/grau\/marc-normatiu\/llengua-estrangera\/","title":{"rendered":"Lengua extranjera"},"content":{"rendered":"\n<div class=\"wp-block-columns is-layout-flex wp-container-core-columns-is-layout-9d6595d7 wp-block-columns-is-layout-flex\">\n<div class=\"wp-block-column esmuc__Menu_Masters is-layout-flow wp-block-column-is-layout-flow\" style=\"flex-basis:33.33%\">\n\n<\/div>\n\n\n\n<div class=\"wp-block-column is-layout-flow wp-block-column-is-layout-flow\" style=\"flex-basis:66.66%\"><div class=\"breadcrumbs align  wp-block-bcn-breadcrumb-trail has-text-color has-background\" vocab=\"https:\/\/schema.org\/\" typeof=\"BreadcrumbList\">\n\t<span><\/span>\n\t<span property=\"itemListElement\" typeof=\"ListItem\"><a property=\"item\" typeof=\"WebPage\" title=\"Ir a ESMUC.\" href=\"https:\/\/www.esmuc.cat\/es\/\" class=\"home\" ><span property=\"name\">ESMUC<\/span><\/a><meta property=\"position\" content=\"1\"><\/span> &gt; <span property=\"itemListElement\" typeof=\"ListItem\"><a property=\"item\" typeof=\"WebPage\" title=\"Ir a Estudios.\" href=\"https:\/\/www.esmuc.cat\/es\/estudios\/\" class=\"post post-page\" ><span property=\"name\">Estudios<\/span><\/a><meta property=\"position\" content=\"2\"><\/span> &gt; <span property=\"itemListElement\" typeof=\"ListItem\"><a property=\"item\" typeof=\"WebPage\" title=\"Ir a Grado.\" href=\"https:\/\/www.esmuc.cat\/es\/estudios\/grau\/\" class=\"post post-page\" ><span property=\"name\">Grado<\/span><\/a><meta property=\"position\" content=\"3\"><\/span> &gt; <span property=\"itemListElement\" typeof=\"ListItem\"><a property=\"item\" typeof=\"WebPage\" title=\"Ir a Presentaci\u00f3n y marco normativo.\" href=\"https:\/\/www.esmuc.cat\/es\/estudios\/grau\/marc-normatiu\/\" class=\"post post-page\" ><span property=\"name\">Presentaci\u00f3n y marco normativo<\/span><\/a><meta property=\"position\" content=\"4\"><\/span> &gt; <span property=\"itemListElement\" typeof=\"ListItem\"><span property=\"name\" class=\"post post-page current-item\">Lengua extranjera<\/span><meta property=\"url\" content=\"https:\/\/www.esmuc.cat\/es\/estudios\/grau\/marc-normatiu\/llengua-estrangera\/\"><meta property=\"position\" content=\"5\"><\/span><\/div>\n\n\n\n<h1 class=\"wp-block-heading\">Acreditaci\u00f3n de la competencia en lengua extranjera<\/h1>\n\n\n\n<hr class=\"wp-block-separator\"\/>\n\n\n\n<p>El alumnado que inicie sus estudios de Grado en una instituci\u00f3n catalana a partir del curso 2018-2019 y posteriores debe alcanzar los conocimientos y competencias suficientes en, como m\u00ednimo, una lengua extranjera, en los t\u00e9rminos que establezca la normativa aplicable a los planes de estudios y dem\u00e1s normativa interna del centro.<\/p>\n\n\n\n<p>La normativa de la ESMUC establece el ingl\u00e9s como lengua extranjera preferente, y que los conocimientos y competencias en esta lengua deben acreditarse a trav\u00e9s de una de las siguientes opciones:<\/p>\n\n\n\n<div id=\"section-g3670ba\" class=\"wp-block-gutentor-m12 section-g3670ba gutentor-module gutentor-module-quote\">\n<section id=\"gmeab2d63\" class=\"wp-block-gutentor-m3 section-gmeab2d63 gutentor-module gutentor-container-cover has-color-bg has-custom-bg\"><div class=\"grid-container\">\n<div id=\"section-g192c98\" class=\"wp-block-gutentor-e1 section-g192c98 gutentor-element gutentor-element-advanced-text\"><div class=\"gutentor-text-wrap\"><p class=\"gutentor-text\">\u00b7 Una <strong>titulaci\u00f3n universitaria <\/strong>que tiene por objeto el estudio de terceras lenguas con un m\u00ednimo de 30 ECTS de aprendizaje.<br><br>\u00b7 Un <strong>t\u00edtulo de bachillerato<\/strong> o asimilado o un t\u00edtulo universitario cursado en el extranjero.<br><br>\u00b7 Haber cursado un <strong>Bachillerato internacional<\/strong> (en ingl\u00e9s).<br><br>\u00b7 Acreditaci\u00f3n del <strong>nivel B1<\/strong> a trav\u00e9s de un diploma o certificado en una escuela oficial de idiomas o instituciones equivalentes.<br><br>\u00b7 Estancia de un m\u00ednimo de <strong>3 meses en un centro extranjero<\/strong>, a trav\u00e9s del programa Erasmus u otros estudios acad\u00e9micos o pr\u00e1cticas donde el uso del ingl\u00e9s sea obligado (en este caso un m\u00ednimo de 6-9 ECTS deben haber superado en ingl\u00e9s). En el caso de pr\u00e1cticas, la memoria de la misma debe presentarse en ingl\u00e9s.<br><br>\u00b7 Redacci\u00f3n y defensa del <strong>TFG en ingl\u00e9s<\/strong>.<\/p><\/div><\/div>\n<\/div><\/section>\n<\/div>\n\n\n\n<div id=\"section-g74e1fd\" class=\"wp-block-gutentor-e0 section-g74e1fd gutentor-element gutentor-element-advanced-text\"><div class=\"gutentor-text-wrap\"><p class=\"gutentor-text\">Para acreditar el requisito de dominio de lengua extranjera deber\u00e1 presentarse la documentaci\u00f3n correspondiente a la hora de solicitar el t\u00edtulo correspondiente a la Secretar\u00eda Acad\u00e9mica de la escuela, dentro del plazo establecido a los efectos.<\/p><\/div><\/div>\n\n\n\n<div id=\"section-g27d114\" class=\"wp-block-gutentor-e2 section-g27d114 gutentor-element gutentor-element-button\"><span class=\"gutentor-button-wrap\"><a class=\"gutentor-button gutentor-block-button gutentor-icon-hide\" href=\"https:\/\/www.boe.es\/diario_boe\/txt.php?id=BOE-A-2020-17264\" target=\"_blank\" rel=\"noopener noreferrer\"><i class=\"gutentor-button-icon fas fa-book\"><\/i><span>Consulta la legislaci\u00f3n aplicable<\/span><\/a><\/span><\/div>\n<\/div>\n<\/div>\n","protected":false},"excerpt":{"rendered":"<p>Acreditaci\u00f3n de la competencia en lengua extranjera El alumnado que inicie sus estudios de Grado en una instituci\u00f3n catalana a partir del curso 2018-2019 y posteriores debe alcanzar los conocimientos y competencias suficientes en, como m\u00ednimo, una lengua extranjera, en los t\u00e9rminos que establezca la normativa aplicable a los planes de estudios y dem\u00e1s normativa [&hellip;]<\/p>\n","protected":false},"author":4,"featured_media":0,"parent":31106,"menu_order":0,"comment_status":"closed","ping_status":"closed","template":"","meta":{"_acf_changed":false,"_themeisle_gutenberg_block_has_review":false,"footnotes":""},"categories":[1133],"tags":[1468,1469],"class_list":["post-46730","page","type-page","status-publish","hentry","category-grau-es","tag-competencies-es","tag-llengues-es"],"acf":[],"publishpress_future_action":{"enabled":false,"date":"2026-04-16 10:36:55","action":"change-status","newStatus":"draft","terms":[],"taxonomy":"category","extraData":[]},"publishpress_future_workflow_manual_trigger":{"enabledWorkflows":[]},"_links":{"self":[{"href":"https:\/\/www.esmuc.cat\/es\/wp-json\/wp\/v2\/pages\/46730","targetHints":{"allow":["GET"]}}],"collection":[{"href":"https:\/\/www.esmuc.cat\/es\/wp-json\/wp\/v2\/pages"}],"about":[{"href":"https:\/\/www.esmuc.cat\/es\/wp-json\/wp\/v2\/types\/page"}],"author":[{"embeddable":true,"href":"https:\/\/www.esmuc.cat\/es\/wp-json\/wp\/v2\/users\/4"}],"replies":[{"embeddable":true,"href":"https:\/\/www.esmuc.cat\/es\/wp-json\/wp\/v2\/comments?post=46730"}],"version-history":[{"count":3,"href":"https:\/\/www.esmuc.cat\/es\/wp-json\/wp\/v2\/pages\/46730\/revisions"}],"predecessor-version":[{"id":46965,"href":"https:\/\/www.esmuc.cat\/es\/wp-json\/wp\/v2\/pages\/46730\/revisions\/46965"}],"up":[{"embeddable":true,"href":"https:\/\/www.esmuc.cat\/es\/wp-json\/wp\/v2\/pages\/31106"}],"wp:attachment":[{"href":"https:\/\/www.esmuc.cat\/es\/wp-json\/wp\/v2\/media?parent=46730"}],"wp:term":[{"taxonomy":"category","embeddable":true,"href":"https:\/\/www.esmuc.cat\/es\/wp-json\/wp\/v2\/categories?post=46730"},{"taxonomy":"post_tag","embeddable":true,"href":"https:\/\/www.esmuc.cat\/es\/wp-json\/wp\/v2\/tags?post=46730"}],"curies":[{"name":"wp","href":"https:\/\/api.w.org\/{rel}","templated":true}]}}