{"id":45814,"date":"2021-02-10T07:04:24","date_gmt":"2021-02-10T06:04:24","guid":{"rendered":"https:\/\/www.esmuc.cat\/masters-i-postgraus\/postgrau-darts-esceniques-i-accio-social\/"},"modified":"2025-03-06T09:50:02","modified_gmt":"2025-03-06T08:50:02","slug":"postgrau-darts-esceniques-i-accio-social","status":"publish","type":"page","link":"https:\/\/www.esmuc.cat\/es\/estudios\/masters-i-postgraus\/postgrau-darts-esceniques-i-accio-social\/","title":{"rendered":"Postgrado de artes esc\u00e9nicas y acci\u00f3n social"},"content":{"rendered":"\n<div class=\"wp-block-columns is-layout-flex wp-container-core-columns-is-layout-9d6595d7 wp-block-columns-is-layout-flex\">\n<div class=\"wp-block-column esmuc__Menu_Masters d-none d-lg-block is-layout-flow wp-block-column-is-layout-flow\" style=\"flex-basis:33.33%\">\n<div style=\"height:40px\" aria-hidden=\"true\" class=\"wp-block-spacer\"><\/div>\n\n\n\n\n<\/div>\n\n\n\n<div class=\"wp-block-column is-layout-flow wp-block-column-is-layout-flow\" style=\"flex-basis:66.66%\"><div class=\"breadcrumbs align  wp-block-bcn-breadcrumb-trail has-text-color has-background\" vocab=\"https:\/\/schema.org\/\" typeof=\"BreadcrumbList\">\n\t<span><\/span>\n\t<span property=\"itemListElement\" typeof=\"ListItem\"><a property=\"item\" typeof=\"WebPage\" title=\"Ir a ESMUC.\" href=\"https:\/\/www.esmuc.cat\/es\/\" class=\"home\" ><span property=\"name\">ESMUC<\/span><\/a><meta property=\"position\" content=\"1\"><\/span> &gt; <span property=\"itemListElement\" typeof=\"ListItem\"><a property=\"item\" typeof=\"WebPage\" title=\"Ir a Estudios.\" href=\"https:\/\/www.esmuc.cat\/es\/estudios\/\" class=\"post post-page\" ><span property=\"name\">Estudios<\/span><\/a><meta property=\"position\" content=\"2\"><\/span> &gt; <span property=\"itemListElement\" typeof=\"ListItem\"><a property=\"item\" typeof=\"WebPage\" title=\"Ir a M\u00e1steres y posgrados.\" href=\"https:\/\/www.esmuc.cat\/es\/estudios\/masters-i-postgraus\/\" class=\"post post-page\" ><span property=\"name\">M\u00e1steres y posgrados<\/span><\/a><meta property=\"position\" content=\"3\"><\/span> &gt; <span property=\"itemListElement\" typeof=\"ListItem\"><span property=\"name\" class=\"post post-page current-item\">Postgrado de artes esc\u00e9nicas y acci\u00f3n social<\/span><meta property=\"url\" content=\"https:\/\/www.esmuc.cat\/es\/estudios\/masters-i-postgraus\/postgrau-darts-esceniques-i-accio-social\/\"><meta property=\"position\" content=\"4\"><\/span><\/div>\n\n\n\n<h1 class=\"wp-block-heading\">Postgrado de artes esc\u00e9nicas y acci\u00f3n social<\/h1>\n\n\n\n<div style=\"height:10px\" aria-hidden=\"true\" class=\"wp-block-spacer\"><\/div>\n\n\n\n<figure class=\"wp-block-embed is-type-video is-provider-youtube wp-block-embed-youtube\"><div style=\"display: contents;\" >\n\n<div data-mode=\"normal\" data-oembed=\"1\" data-provider=\"youtube\" id=\"arve-youtube-fdivwt2phha\" style=\"max-width:900px;\" class=\"arve\">\n\t<div class=\"arve-inner\">\n\t\t<div style=\"aspect-ratio:500\/281\" class=\"arve-embed arve-embed--has-aspect-ratio\">\n\t\t\t<div class=\"arve-ar\" style=\"padding-top:56.200000%\"><\/div>\n\t\t\t<iframe allow=\"accelerometer &apos;none&apos;;autoplay &apos;none&apos;;bluetooth &apos;none&apos;;browsing-topics &apos;none&apos;;camera &apos;none&apos;;clipboard-read &apos;none&apos;;clipboard-write;display-capture &apos;none&apos;;encrypted-media &apos;none&apos;;gamepad &apos;none&apos;;geolocation &apos;none&apos;;gyroscope &apos;none&apos;;hid &apos;none&apos;;identity-credentials-get &apos;none&apos;;idle-detection &apos;none&apos;;keyboard-map &apos;none&apos;;local-fonts;magnetometer &apos;none&apos;;microphone &apos;none&apos;;midi &apos;none&apos;;otp-credentials &apos;none&apos;;payment &apos;none&apos;;picture-in-picture;publickey-credentials-create &apos;none&apos;;publickey-credentials-get &apos;none&apos;;screen-wake-lock &apos;none&apos;;serial &apos;none&apos;;summarizer &apos;none&apos;;sync-xhr;usb &apos;none&apos;;web-share;window-management &apos;none&apos;;xr-spatial-tracking &apos;none&apos;;\" allowfullscreen=\"\" class=\"arve-iframe fitvidsignore\" credentialless data-arve=\"arve-youtube-fdivwt2phha\" data-lenis-prevent=\"\" data-src-no-ap=\"https:\/\/www.youtube-nocookie.com\/embed\/FdivWT2pHHA?start=13&amp;feature=oembed&amp;iv_load_policy=3&amp;modestbranding=1&amp;rel=0&amp;autohide=1&amp;playsinline=0&amp;autoplay=0\" frameborder=\"0\" height=\"505.8\" loading=\"lazy\" name=\"\" referrerpolicy=\"strict-origin-when-cross-origin\" sandbox=\"allow-scripts allow-same-origin allow-presentation allow-popups allow-popups-to-escape-sandbox\" scrolling=\"no\" src=\"https:\/\/www.youtube-nocookie.com\/embed\/FdivWT2pHHA?start=13&#038;feature=oembed&#038;iv_load_policy=3&#038;modestbranding=1&#038;rel=0&#038;autohide=1&#038;playsinline=0&#038;autoplay=0\" title=\"\" width=\"900\"><\/iframe>\n\t\t\t\n\t\t<\/div>\n\t\t\n\t<\/div>\n\t\n\t\n\t<script type=\"application\/ld+json\">{\"@context\":\"http:\\\/\\\/schema.org\\\/\",\"@id\":\"https:\\\/\\\/www.esmuc.cat\\\/es\\\/estudios\\\/masters-i-postgraus\\\/postgrau-darts-esceniques-i-accio-social\\\/#arve-youtube-fdivwt2phha\",\"type\":\"VideoObject\",\"embedURL\":\"https:\\\/\\\/www.youtube-nocookie.com\\\/embed\\\/FdivWT2pHHA?start=13&feature=oembed&iv_load_policy=3&modestbranding=1&rel=0&autohide=1&playsinline=0&autoplay=0\"}<\/script>\n\t\n<\/div>\n<\/div><\/figure>\n\n\n\n<div style=\"height:30px\" aria-hidden=\"true\" class=\"wp-block-spacer\"><\/div>\n\n\n\n<p>El Postgrado en Artes Esc\u00e9nicas y Acci\u00f3n Social, coorganizado por el <a href=\"https:\/\/www.institutdelteatre.cat\/\" target=\"_blank\" rel=\"noreferrer noopener\">Institut del Teatre<\/a>, <a href=\"https:\/\/xamfra.net\/\" target=\"_blank\" rel=\"noreferrer noopener\">Xamfr\u00e0<\/a> y la ESMUC, se dirige a graduados y profesionales del \u00e1mbito de las ciencias sociales, de la educaci\u00f3n y de las artes esc\u00e9nicas y, en general, a toda persona interesada en las artes esc\u00e9nicas como medio de empoderamiento y transformaci\u00f3n personal y grupal.<\/p>\n\n\n\n<p>El posgrado capacita para intervenir en la creaci\u00f3n, promoci\u00f3n, producci\u00f3n o programaci\u00f3n de proyectos de artes esc\u00e9nicas aplicadas a la comunidad en m\u00faltiples \u00e1mbitos pedag\u00f3gicos y sociales, configurando un marco formativo global para adentrarse, con garant\u00edas de calidad y rigor, en la pr\u00e1ctica de las artes esc\u00e9nicas aplicadas, especialmente en los \u00e1mbitos de la m\u00fasica, la danza y el teatro.<\/p>\n\n\n\n<p>Las clases se imparten en el Institut del Teatre (sede de Barcelona).<\/p>\n\n\n\n<div style=\"height:13px\" aria-hidden=\"true\" class=\"wp-block-spacer\"><\/div>\n\n\n\n<div id=\"section-g-gutsehm\" class=\"wp-block-gutentor-e1 section-g-gutsehm gutentor-element gutentor-element-advanced-text\"><div class=\"gutentor-text-wrap\"><p class=\"gutentor-text\"><strong>Reuni\u00f3n informativa (online y presencial): 27 de marzo 2025 \u2013 18:00h<\/strong><br>En la sede del Institut del Teatre de Barcelona y por streaming. <a href=\"https:\/\/teams.microsoft.com\/l\/meetup-join\/19%3ameeting_OTM2Mjc1MDItMjA0MC00YWJlLTgxNjMtMmI4M2I1M2M4MzI3%40thread.v2\/0?context=%7B%22Tid%22%3A%226766561e-4fb5-4af0-901b-ad2a5006845d%22%2C%22Oid%22%3A%22acdd5110-e5d8-49dc-a59b-a3c348c07ca9%22%2C%22IsBroadcastMeeting%22%3Atrue%2C%22role%22%3A%22a%22%7D&amp;btype=a&amp;role=a\">Enlace de la sesi\u00f3n<\/a><\/p><\/div><\/div>\n\n\n\n<div id=\"section-g3bd88e\" class=\"wp-block-gutentor-e2 section-g3bd88e gutentor-element gutentor-element-button\"><span class=\"gutentor-button-wrap\"><a class=\"gutentor-button gutentor-block-button gutentor-icon-hide\" href=\"https:\/\/www.institutdelteatre.cat\/ca\/estudis\/oferta\/masterspostgraus\/postgrau-en-arts-esceniques-i-accio-social\"><i class=\"gutentor-button-icon fas fa-book\"><\/i><span>Accede a la p\u00e1gina propia del posgrado<\/span><\/a><\/span><\/div>\n<\/div>\n<\/div>\n","protected":false},"excerpt":{"rendered":"<p>Postgrado de artes esc\u00e9nicas y acci\u00f3n social El Postgrado en Artes Esc\u00e9nicas y Acci\u00f3n Social, coorganizado por el Institut del Teatre, Xamfr\u00e0 y la ESMUC, se dirige a graduados y profesionales del \u00e1mbito de las ciencias sociales, de la educaci\u00f3n y de las artes esc\u00e9nicas y, en general, a toda persona interesada en las artes [&hellip;]<\/p>\n","protected":false},"author":4,"featured_media":0,"parent":28457,"menu_order":0,"comment_status":"closed","ping_status":"closed","template":"","meta":{"_acf_changed":false,"_themeisle_gutenberg_block_has_review":false,"footnotes":""},"categories":[1102],"tags":[],"class_list":["post-45814","page","type-page","status-publish","hentry","category-postgraus-es"],"acf":[],"publishpress_future_action":{"enabled":false,"date":"2026-04-29 12:19:25","action":"change-status","newStatus":"draft","terms":[],"taxonomy":"category","extraData":[]},"publishpress_future_workflow_manual_trigger":{"enabledWorkflows":[]},"_links":{"self":[{"href":"https:\/\/www.esmuc.cat\/es\/wp-json\/wp\/v2\/pages\/45814","targetHints":{"allow":["GET"]}}],"collection":[{"href":"https:\/\/www.esmuc.cat\/es\/wp-json\/wp\/v2\/pages"}],"about":[{"href":"https:\/\/www.esmuc.cat\/es\/wp-json\/wp\/v2\/types\/page"}],"author":[{"embeddable":true,"href":"https:\/\/www.esmuc.cat\/es\/wp-json\/wp\/v2\/users\/4"}],"replies":[{"embeddable":true,"href":"https:\/\/www.esmuc.cat\/es\/wp-json\/wp\/v2\/comments?post=45814"}],"version-history":[{"count":21,"href":"https:\/\/www.esmuc.cat\/es\/wp-json\/wp\/v2\/pages\/45814\/revisions"}],"predecessor-version":[{"id":105235,"href":"https:\/\/www.esmuc.cat\/es\/wp-json\/wp\/v2\/pages\/45814\/revisions\/105235"}],"up":[{"embeddable":true,"href":"https:\/\/www.esmuc.cat\/es\/wp-json\/wp\/v2\/pages\/28457"}],"wp:attachment":[{"href":"https:\/\/www.esmuc.cat\/es\/wp-json\/wp\/v2\/media?parent=45814"}],"wp:term":[{"taxonomy":"category","embeddable":true,"href":"https:\/\/www.esmuc.cat\/es\/wp-json\/wp\/v2\/categories?post=45814"},{"taxonomy":"post_tag","embeddable":true,"href":"https:\/\/www.esmuc.cat\/es\/wp-json\/wp\/v2\/tags?post=45814"}],"curies":[{"name":"wp","href":"https:\/\/api.w.org\/{rel}","templated":true}]}}