{"id":42359,"date":"2022-05-09T16:01:00","date_gmt":"2022-05-09T14:01:00","guid":{"rendered":"https:\/\/www.esmuc.cat\/biblioteca-crai\/eines-de-recerca\/"},"modified":"2024-11-05T16:51:31","modified_gmt":"2024-11-05T15:51:31","slug":"elaboracion-de-citas-y-bibliografias","status":"publish","type":"page","link":"https:\/\/www.esmuc.cat\/es\/servicios\/biblioteca-crai\/elaboracion-de-citas-y-bibliografias\/","title":{"rendered":"Elaboraci\u00f3n de citas y bibliograf\u00edas"},"content":{"rendered":"\n<div class=\"wp-block-columns is-layout-flex wp-container-core-columns-is-layout-9d6595d7 wp-block-columns-is-layout-flex\">\n<div class=\"wp-block-column is-layout-flow wp-block-column-is-layout-flow\" style=\"flex-basis:66%\"><div class=\"breadcrumbs align  wp-block-bcn-breadcrumb-trail has-text-color has-background\" vocab=\"https:\/\/schema.org\/\" typeof=\"BreadcrumbList\">\n\t<span><\/span>\n\t<span property=\"itemListElement\" typeof=\"ListItem\"><a property=\"item\" typeof=\"WebPage\" title=\"Ir a ESMUC.\" href=\"https:\/\/www.esmuc.cat\/es\/\" class=\"home\" ><span property=\"name\">ESMUC<\/span><\/a><meta property=\"position\" content=\"1\"><\/span> &gt; <span property=\"itemListElement\" typeof=\"ListItem\"><a property=\"item\" typeof=\"WebPage\" title=\"Ir a Servicios.\" href=\"https:\/\/www.esmuc.cat\/es\/servicios\/\" class=\"post post-page\" ><span property=\"name\">Servicios<\/span><\/a><meta property=\"position\" content=\"2\"><\/span> &gt; <span property=\"itemListElement\" typeof=\"ListItem\"><a property=\"item\" typeof=\"WebPage\" title=\"Ir a Biblioteca-CRAI de la ESMUC.\" href=\"https:\/\/www.esmuc.cat\/es\/servicios\/biblioteca-crai\/\" class=\"post post-page\" ><span property=\"name\">Biblioteca-CRAI de la ESMUC<\/span><\/a><meta property=\"position\" content=\"3\"><\/span> &gt; <span property=\"itemListElement\" typeof=\"ListItem\"><span property=\"name\" class=\"post post-page current-item\">Elaboraci\u00f3n de citas y bibliograf\u00edas<\/span><meta property=\"url\" content=\"https:\/\/www.esmuc.cat\/es\/servicios\/biblioteca-crai\/elaboracion-de-citas-y-bibliografias\/\"><meta property=\"position\" content=\"4\"><\/span><\/div>\n\n\n\n<h1 class=\"wp-block-heading\">Citas y bibliograf\u00edas<\/h1>\n\n\n\n<div style=\"height:31px\" aria-hidden=\"true\" class=\"wp-block-spacer\"><\/div>\n\n\n\n<p>Diferentes colectivos de la comunidad ESMUC desarrollan de forma regular <strong>actividades de investigaci\u00f3n<\/strong>. Desde la instituci\u00f3n se promueven proyectos de investigaci\u00f3n activa y se llevan a cabo trabajos vinculados a las distintas \u00e1reas de conocimiento y especializaci\u00f3n musicales.<\/p>\n\n\n\n<p>Con el objetivo de dar soporte al alumnado y profesorado, la Biblioteca-CRAI de la ESMUC ofrece un conjunto de herramientas que facilitan la labor tanto de las personas que se inician en la investigaci\u00f3n como de los investigadores e investigadoras ya consolidados.<\/p>\n\n\n\n<p>En esta secci\u00f3n encontrar\u00e9is informaci\u00f3n sobre c\u00f3mo elaborar citas y bibliograf\u00edas seg\u00fan una de las normas m\u00e1s utilizadas en nuestro centro: la APA7.<\/p>\n\n\n\n<div style=\"height:31px\" aria-hidden=\"true\" class=\"wp-block-spacer\"><\/div>\n\n\n\n<div style=\"width: 100%;\"><div style=\"position: relative; padding-bottom: 56.25%; padding-top: 0; height: 0;\"><iframe loading=\"lazy\" title=\"Citaciones\" frameborder=\"0\" width=\"1200\" height=\"675\" style=\"position: absolute; top: 0; left: 0; width: 100%; height: 100%;\" src=\"https:\/\/view.genial.ly\/63f77e6297008a00128e262c\" type=\"text\/html\" allowscriptaccess=\"always\" allowfullscreen=\"true\" scrolling=\"yes\" allownetworking=\"all\"><\/iframe> <\/div> <\/div>\n\n\n\n<div style=\"height:31px\" aria-hidden=\"true\" class=\"wp-block-spacer\"><\/div>\n\n\n\n<h2 class=\"wp-block-heading\">\u00c9tica Acad\u00e9mica<\/h2>\n\n\n\n<div style=\"height:31px\" aria-hidden=\"true\" class=\"wp-block-spacer\"><\/div>\n\n\n\n<p>&#8211;<strong>Respetar<\/strong> los valores esenciales de la comunidad acad\u00e9mica. Esto implica la honradez con los dem\u00e1s y contigo mismo\/a.<\/p>\n\n\n\n<p>&#8211;<strong>Reconocer<\/strong> el trabajo de los dem\u00e1s. Citar, no plagiar.<\/p>\n\n\n\n<div style=\"height:16px\" aria-hidden=\"true\" class=\"wp-block-spacer\"><\/div>\n\n\n\n<p>A la hora de realizar<strong> trabajos acad\u00e9micos<\/strong> es com\u00fan utilizar ideas e informaci\u00f3n de otros trabajos ya publicados. Este trabajo de segundas personas debe reconocerse, citarse, y <strong>no plagiar<\/strong>. Te explicamos cuatro formas de evitar el plagio:<\/p>\n\n\n\n<div style=\"height:31px\" aria-hidden=\"true\" class=\"wp-block-spacer\"><\/div>\n\n\n\n<figure class=\"wp-block-image size-large\"><img decoding=\"async\" width=\"1024\" height=\"1024\" src=\"https:\/\/www.esmuc.cat\/wp-content\/uploads\/2024\/11\/espanyol-1024x1024.png\" alt=\"Espanyol\" class=\"wp-image-100932\" srcset=\"https:\/\/www.esmuc.cat\/wp-content\/uploads\/2024\/11\/espanyol-1024x1024.png 1024w, https:\/\/www.esmuc.cat\/wp-content\/uploads\/2024\/11\/espanyol-300x300.png 300w, https:\/\/www.esmuc.cat\/wp-content\/uploads\/2024\/11\/espanyol-150x150.png 150w, https:\/\/www.esmuc.cat\/wp-content\/uploads\/2024\/11\/espanyol-768x768.png 768w, https:\/\/www.esmuc.cat\/wp-content\/uploads\/2024\/11\/espanyol.png 1200w\" sizes=\"(max-width: 1024px) 100vw, 1024px\" \/><\/figure>\n\n\n\n<div style=\"height:31px\" aria-hidden=\"true\" class=\"wp-block-spacer\"><\/div>\n\n\n\n<p>Por \u00faltimo, os dejamos como recurso una gu\u00eda de Zotero, un gestor de referencias libre. <\/p>\n\n\n\n<p>Se trata de un manual de descarga y uso del software donde encontrar\u00e9is tambi\u00e9n enlaces de inter\u00e9s.&nbsp;<\/p>\n\n\n\n<div style=\"height:31px\" aria-hidden=\"true\" class=\"wp-block-spacer\"><\/div>\n\n\n\n<div style=\"width: 100%;\"><div style=\"position: relative; padding-bottom: 56.25%; padding-top: 0; height: 0;\"><iframe loading=\"lazy\" title=\"CAST - Zotero - Guia del gestor de refer\u00e8ncies\" frameborder=\"0\" width=\"1200\" height=\"675\" style=\"position: absolute; top: 0; left: 0; width: 100%; height: 100%;\" src=\"https:\/\/view.genially.com\/67290437db8144e0768fc5ff\" type=\"text\/html\" allowscriptaccess=\"always\" allowfullscreen=\"true\" scrolling=\"yes\" allownetworking=\"all\"><\/iframe> <\/div> <\/div>\n<\/div>\n<\/div>\n\n\n\n<p><\/p>\n","protected":false},"excerpt":{"rendered":"<p>Citas y bibliograf\u00edas Diferentes colectivos de la comunidad ESMUC desarrollan de forma regular actividades de investigaci\u00f3n. Desde la instituci\u00f3n se promueven proyectos de investigaci\u00f3n activa y se llevan a cabo trabajos vinculados a las distintas \u00e1reas de conocimiento y especializaci\u00f3n musicales. Con el objetivo de dar soporte al alumnado y profesorado, la Biblioteca-CRAI de la [&hellip;]<\/p>\n","protected":false},"author":5,"featured_media":0,"parent":39482,"menu_order":2,"comment_status":"closed","ping_status":"closed","template":"","meta":{"_acf_changed":false,"_themeisle_gutenberg_block_has_review":false,"footnotes":""},"categories":[1316],"tags":[1278],"class_list":["post-42359","page","type-page","status-publish","hentry","category-biblioteca-crai-es","tag-recerca-es"],"acf":[],"publishpress_future_action":{"enabled":false,"date":"2026-04-15 15:32:32","action":"change-status","newStatus":"draft","terms":[],"taxonomy":"category","extraData":[]},"publishpress_future_workflow_manual_trigger":{"enabledWorkflows":[]},"_links":{"self":[{"href":"https:\/\/www.esmuc.cat\/es\/wp-json\/wp\/v2\/pages\/42359","targetHints":{"allow":["GET"]}}],"collection":[{"href":"https:\/\/www.esmuc.cat\/es\/wp-json\/wp\/v2\/pages"}],"about":[{"href":"https:\/\/www.esmuc.cat\/es\/wp-json\/wp\/v2\/types\/page"}],"author":[{"embeddable":true,"href":"https:\/\/www.esmuc.cat\/es\/wp-json\/wp\/v2\/users\/5"}],"replies":[{"embeddable":true,"href":"https:\/\/www.esmuc.cat\/es\/wp-json\/wp\/v2\/comments?post=42359"}],"version-history":[{"count":23,"href":"https:\/\/www.esmuc.cat\/es\/wp-json\/wp\/v2\/pages\/42359\/revisions"}],"predecessor-version":[{"id":100937,"href":"https:\/\/www.esmuc.cat\/es\/wp-json\/wp\/v2\/pages\/42359\/revisions\/100937"}],"up":[{"embeddable":true,"href":"https:\/\/www.esmuc.cat\/es\/wp-json\/wp\/v2\/pages\/39482"}],"wp:attachment":[{"href":"https:\/\/www.esmuc.cat\/es\/wp-json\/wp\/v2\/media?parent=42359"}],"wp:term":[{"taxonomy":"category","embeddable":true,"href":"https:\/\/www.esmuc.cat\/es\/wp-json\/wp\/v2\/categories?post=42359"},{"taxonomy":"post_tag","embeddable":true,"href":"https:\/\/www.esmuc.cat\/es\/wp-json\/wp\/v2\/tags?post=42359"}],"curies":[{"name":"wp","href":"https:\/\/api.w.org\/{rel}","templated":true}]}}