{"id":42357,"date":"2021-10-13T09:06:30","date_gmt":"2021-10-13T07:06:30","guid":{"rendered":"https:\/\/www.esmuc.cat\/biblioteca-crai\/directori-fons-documentals\/"},"modified":"2023-07-05T11:32:19","modified_gmt":"2023-07-05T09:32:19","slug":"directorio-fondos-documentales","status":"publish","type":"page","link":"https:\/\/www.esmuc.cat\/es\/servicios\/biblioteca-crai\/directorio-fondos-documentales\/","title":{"rendered":"Directorio de fondos documentales"},"content":{"rendered":"\n<div class=\"wp-block-columns is-layout-flex wp-container-core-columns-is-layout-9d6595d7 wp-block-columns-is-layout-flex\">\n<div class=\"wp-block-column esmuc__Menu_Masters is-layout-flow wp-block-column-is-layout-flow\" style=\"flex-basis:33.33%\">\n\n<\/div>\n\n\n\n<div class=\"wp-block-column is-layout-flow wp-block-column-is-layout-flow\" style=\"flex-basis:66.66%\"><div class=\"breadcrumbs align  wp-block-bcn-breadcrumb-trail has-text-color has-background\" vocab=\"https:\/\/schema.org\/\" typeof=\"BreadcrumbList\">\n\t<span><\/span>\n\t<span property=\"itemListElement\" typeof=\"ListItem\"><a property=\"item\" typeof=\"WebPage\" title=\"Ir a ESMUC.\" href=\"https:\/\/www.esmuc.cat\/es\/\" class=\"home\" ><span property=\"name\">ESMUC<\/span><\/a><meta property=\"position\" content=\"1\"><\/span> &gt; <span property=\"itemListElement\" typeof=\"ListItem\"><a property=\"item\" typeof=\"WebPage\" title=\"Ir a Servicios.\" href=\"https:\/\/www.esmuc.cat\/es\/servicios\/\" class=\"post post-page\" ><span property=\"name\">Servicios<\/span><\/a><meta property=\"position\" content=\"2\"><\/span> &gt; <span property=\"itemListElement\" typeof=\"ListItem\"><a property=\"item\" typeof=\"WebPage\" title=\"Ir a Biblioteca-CRAI de la ESMUC.\" href=\"https:\/\/www.esmuc.cat\/es\/servicios\/biblioteca-crai\/\" class=\"post post-page\" ><span property=\"name\">Biblioteca-CRAI de la ESMUC<\/span><\/a><meta property=\"position\" content=\"3\"><\/span> &gt; <span property=\"itemListElement\" typeof=\"ListItem\"><span property=\"name\" class=\"post post-page current-item\">Directorio de fondos documentales<\/span><meta property=\"url\" content=\"https:\/\/www.esmuc.cat\/es\/servicios\/biblioteca-crai\/directorio-fondos-documentales\/\"><meta property=\"position\" content=\"4\"><\/span><\/div>\n\n\n\n<h1 class=\"wp-block-heading\">Directorio de fondos documentales<\/h1>\n\n\n\n<div style=\"height:44px\" aria-hidden=\"true\" class=\"wp-block-spacer\"><\/div>\n\n\n\n<p>En esta secci\u00f3n se recogen los accesos a diferentes <strong>fondos documentales<\/strong> relacionados con la m\u00fasica que est\u00e1n custodiados por otras instituciones. Estos fondos documentales pueden estar ubicados en bibliotecas, archivos u otro tipo de entidad o instituci\u00f3n, tanto especializadas en m\u00fasica, como tambi\u00e9n generalistas con una secci\u00f3n de su fondo dedicada al \u00e1mbito musical.<\/p>\n\n\n\n<p>En el \u00e1mbito estatal hay dos buscadores de patrimonio musical que son fundamentales y que resultan bastante exhaustivos:<\/p>\n\n\n\n<section id=\"gmb89a8f6\" class=\"wp-block-gutentor-m2 section-gmb89a8f6 gutentor-module gutentor-dynamic-columns esmuc__menu_instrumentos\"><div class=\"grid-container\"><div class=\"grid-row\">\n<div id=\"col-gmce791f\" class=\"wp-block-gutentor-m2-col col-gmce791f gutentor-module gutentor-dynamic-single-column grid-lg-6 grid-md-4 grid-12\"><div id=\"section-gmce791f\" class=\"section-gmce791f gutentor-single-col\">\n<div id=\"section-g95ce86\" class=\"wp-block-gutentor-e6 section-g95ce86 gutentor-element gutentor-element-image gutentor-enabled-width\"><div class=\"gutentor-element-image-box\"><a class=\"gutentor-element-image-link\" href=\"https:\/\/cdmyd.mcu.es\/mapapatrimoniomusical\/\" target=\"_blank\" rel=\"noopener noreferrer nofollow\"><div class=\"gutentor-image-thumb\"><img decoding=\"async\" class=\"normal-image\" src=\"https:\/\/www.esmuc.cat\/wp-content\/uploads\/2021\/10\/MapaPatrimonioMusical.png\" alt=\"Mapa de Patrimonio Musical\" \/><\/div><\/a><\/div><\/div>\n\n\n\n<p><\/p>\n\n\n\n<p><strong><a href=\"https:\/\/cdmyd.mcu.es\/mapapatrimoniomusical\/\" target=\"_blank\" rel=\"noreferrer noopener\">Mapa de Patrimonio Musical<\/a><\/strong>.   Proyecto del Centro de Documentaci\u00f3n de Artes Esc\u00e9nicas y de la M\u00fasica que recoge geolocalizados todos los fondos patrimoniales relacionados con la m\u00fasica.<\/p>\n<\/div><\/div>\n\n\n\n<div id=\"col-gm6feac8\" class=\"wp-block-gutentor-m2-col col-gm6feac8 gutentor-module gutentor-dynamic-single-column grid-lg-6 grid-md-4 grid-12\"><div id=\"section-gm6feac8\" class=\"section-gm6feac8 gutentor-single-col\">\n<div id=\"section-g0635e5\" class=\"wp-block-gutentor-e6 section-g0635e5 gutentor-element gutentor-element-image gutentor-enabled-width\"><div class=\"gutentor-element-image-box\"><a class=\"gutentor-element-image-link\" href=\"https:\/\/pares.culturaydeporte.gob.es\/inicio.html\" target=\"_blank\" rel=\"noopener noreferrer nofollow\"><div class=\"gutentor-image-thumb\"><img decoding=\"async\" class=\"normal-image\" src=\"https:\/\/www.esmuc.cat\/wp-content\/uploads\/2021\/10\/PARES.png\" alt=\"PARES Portal de Archivos \" \/><\/div><\/a><\/div><\/div>\n\n\n\n<p><\/p>\n\n\n\n<p><strong><a href=\"https:\/\/pares.culturaydeporte.gob.es\/inicio.html\" target=\"_blank\" rel=\"noreferrer noopener\">Portal de Archivos del Estado<\/a><\/strong>.  Proyecto del Ministerio de Cultura que tiene el objetivo de difundir el Patrimonio Documental conservado en forma digital de los archivos de gesti\u00f3n estatal  <\/p>\n<\/div><\/div>\n<\/div><\/div><\/section>\n\n\n\n<div style=\"height:55px\" aria-hidden=\"true\" class=\"wp-block-spacer\"><\/div>\n\n\n\n<h2 class=\"wp-block-heading\">Otros fondos documentales<\/h2>\n\n\n\n<p>Por otra parte podreis encontrar otras instituciones cuyos fondos son de inter\u00e9s y que la Biblioteca-CRAI ha recopilado en la siguiente base de datos:<\/p>\n\n\n\n<div class=\"flourish-embed flourish-table\" data-src=\"visualisation\/7553163\"><script src=\"https:\/\/public.flourish.studio\/resources\/embed.js\"><\/script><\/div>\n<\/div>\n<\/div>\n","protected":false},"excerpt":{"rendered":"<p>Directorio de fondos documentales En esta secci\u00f3n se recogen los accesos a diferentes fondos documentales relacionados con la m\u00fasica que est\u00e1n custodiados por otras instituciones. Estos fondos documentales pueden estar ubicados en bibliotecas, archivos u otro tipo de entidad o instituci\u00f3n, tanto especializadas en m\u00fasica, como tambi\u00e9n generalistas con una secci\u00f3n de su fondo dedicada [&hellip;]<\/p>\n","protected":false},"author":5,"featured_media":0,"parent":39482,"menu_order":2,"comment_status":"closed","ping_status":"closed","template":"","meta":{"_acf_changed":false,"_themeisle_gutenberg_block_has_review":false,"footnotes":""},"categories":[1316],"tags":[1540,1350,1354],"class_list":["post-42357","page","type-page","status-publish","hentry","category-biblioteca-crai-es","tag-bases-de-dades-es","tag-llibres-es","tag-recursos-electronics-es"],"acf":[],"publishpress_future_action":{"enabled":false,"date":"2026-04-30 20:15:05","action":"change-status","newStatus":"draft","terms":[],"taxonomy":"category","extraData":[]},"publishpress_future_workflow_manual_trigger":{"enabledWorkflows":[]},"_links":{"self":[{"href":"https:\/\/www.esmuc.cat\/es\/wp-json\/wp\/v2\/pages\/42357","targetHints":{"allow":["GET"]}}],"collection":[{"href":"https:\/\/www.esmuc.cat\/es\/wp-json\/wp\/v2\/pages"}],"about":[{"href":"https:\/\/www.esmuc.cat\/es\/wp-json\/wp\/v2\/types\/page"}],"author":[{"embeddable":true,"href":"https:\/\/www.esmuc.cat\/es\/wp-json\/wp\/v2\/users\/5"}],"replies":[{"embeddable":true,"href":"https:\/\/www.esmuc.cat\/es\/wp-json\/wp\/v2\/comments?post=42357"}],"version-history":[{"count":4,"href":"https:\/\/www.esmuc.cat\/es\/wp-json\/wp\/v2\/pages\/42357\/revisions"}],"predecessor-version":[{"id":83238,"href":"https:\/\/www.esmuc.cat\/es\/wp-json\/wp\/v2\/pages\/42357\/revisions\/83238"}],"up":[{"embeddable":true,"href":"https:\/\/www.esmuc.cat\/es\/wp-json\/wp\/v2\/pages\/39482"}],"wp:attachment":[{"href":"https:\/\/www.esmuc.cat\/es\/wp-json\/wp\/v2\/media?parent=42357"}],"wp:term":[{"taxonomy":"category","embeddable":true,"href":"https:\/\/www.esmuc.cat\/es\/wp-json\/wp\/v2\/categories?post=42357"},{"taxonomy":"post_tag","embeddable":true,"href":"https:\/\/www.esmuc.cat\/es\/wp-json\/wp\/v2\/tags?post=42357"}],"curies":[{"name":"wp","href":"https:\/\/api.w.org\/{rel}","templated":true}]}}