{"id":42300,"date":"2022-05-13T16:50:49","date_gmt":"2022-05-13T14:50:49","guid":{"rendered":"https:\/\/www.esmuc.cat\/?page_id=42300"},"modified":"2023-05-26T10:13:33","modified_gmt":"2023-05-26T08:13:33","slug":"e-musica-y-audiovisuales","status":"publish","type":"page","link":"https:\/\/www.esmuc.cat\/es\/servicios\/biblioteca-crai\/biblioteca-digital\/e-musica-y-audiovisuales\/","title":{"rendered":"Grabaciones sonoras y audiovisuales"},"content":{"rendered":"\n<div class=\"wp-block-columns is-layout-flex wp-container-core-columns-is-layout-9d6595d7 wp-block-columns-is-layout-flex\">\n<div class=\"wp-block-column is-layout-flow wp-block-column-is-layout-flow\" style=\"flex-basis:66.66%\"><div class=\"breadcrumbs align  wp-block-bcn-breadcrumb-trail has-text-color has-background\" vocab=\"https:\/\/schema.org\/\" typeof=\"BreadcrumbList\">\n\t<span><\/span>\n\t<span property=\"itemListElement\" typeof=\"ListItem\"><a property=\"item\" typeof=\"WebPage\" title=\"Ir a ESMUC.\" href=\"https:\/\/www.esmuc.cat\/es\/\" class=\"home\" ><span property=\"name\">ESMUC<\/span><\/a><meta property=\"position\" content=\"1\"><\/span> &gt; <span property=\"itemListElement\" typeof=\"ListItem\"><a property=\"item\" typeof=\"WebPage\" title=\"Ir a Servicios.\" href=\"https:\/\/www.esmuc.cat\/es\/servicios\/\" class=\"post post-page\" ><span property=\"name\">Servicios<\/span><\/a><meta property=\"position\" content=\"2\"><\/span> &gt; <span property=\"itemListElement\" typeof=\"ListItem\"><a property=\"item\" typeof=\"WebPage\" title=\"Ir a Biblioteca-CRAI de la ESMUC.\" href=\"https:\/\/www.esmuc.cat\/es\/servicios\/biblioteca-crai\/\" class=\"post post-page\" ><span property=\"name\">Biblioteca-CRAI de la ESMUC<\/span><\/a><meta property=\"position\" content=\"3\"><\/span> &gt; <span property=\"itemListElement\" typeof=\"ListItem\"><a property=\"item\" typeof=\"WebPage\" title=\"Ir a Biblioteca digital.\" href=\"https:\/\/www.esmuc.cat\/es\/servicios\/biblioteca-crai\/biblioteca-digital\/\" class=\"post post-page\" ><span property=\"name\">Biblioteca digital<\/span><\/a><meta property=\"position\" content=\"4\"><\/span> &gt; <span property=\"itemListElement\" typeof=\"ListItem\"><span property=\"name\" class=\"post post-page current-item\">Grabaciones sonoras y audiovisuales<\/span><meta property=\"url\" content=\"https:\/\/www.esmuc.cat\/es\/servicios\/biblioteca-crai\/biblioteca-digital\/e-musica-y-audiovisuales\/\"><meta property=\"position\" content=\"5\"><\/span><\/div>\n\n\n\n<h1 class=\"wp-block-heading\" id=\"bases-de-dades-de-recerca\">Grabaciones sonoras y audiovisuales<\/h1>\n\n\n\n<div style=\"height:44px\" aria-hidden=\"true\" class=\"wp-block-spacer\"><\/div>\n<\/div>\n<\/div>\n\n\n\n<section id=\"gmc7ed424\" class=\"wp-block-gutentor-m0 section-gmc7ed424 gutentor-module gutentor-module-carousel gutentor-slick-a-default-desktop gutentor-slick-a-default-tablet gutentor-slick-a-default-mobile\"><div class=\"grid-container\"><div class=\"gutentor-module-carousel-row\" data-dots=\"false\" data-dotstablet=\"false\" data-dotsmobile=\"false\" data-arrows=\"true\" data-arrowstablet=\"true\" data-arrowsmobile=\"true\" data-infinite=\"false\" data-autoplay=\"false\" data-draggable=\"true\" data-pauseonfocus=\"true\" data-pauseonhover=\"true\" data-autoplayspeed=\"3000\" data-cmondesktop=\"false\" data-cmontablet=\"false\" data-cmonmobile=\"false\" data-nextarrow=\"fas fa-angle-right\" data-prevarrow=\"fas fa-angle-left\" data-arrowspositiondesktop=\"gutentor-slick-a-default-desktop\" data-arrowspositiontablet=\"gutentor-slick-a-default-tablet\" data-arrowspositionmobile=\"gutentor-slick-a-default-mobile\" data-speed=\"300\" data-slideitemdesktop=\"4\" data-slideitemtablet=\"3\" data-slideitemmobile=\"2\" data-slidescroll-desktop=\"4\" data-slidescroll-tablet=\"3\" data-slidescroll-mobile=\"2\">\n<div id=\"col-gm79b775\" class=\"wp-block-gutentor-m0-col col-gm79b775 gutentor-carousel-item\"><div id=\"section-gm79b775\" class=\"section-gm79b775 gutentor-col-wrap\">\n<div id=\"section-g40f92a\" class=\"wp-block-gutentor-e6 section-g40f92a gutentor-element gutentor-element-image\"><div class=\"gutentor-element-image-box\"><a class=\"gutentor-element-image-link\" href=\"https:\/\/edu-medici-tv.esmuc.idm.oclc.org\/es\/\" target=\"_blank\" rel=\"noopener noreferrer\"><div class=\"gutentor-image-thumb\"><img decoding=\"async\" class=\"normal-image\" src=\"https:\/\/www.esmuc.cat\/wp-content\/uploads\/2022\/09\/medici.png\" \/><\/div><\/a><\/div><\/div>\n<\/div><\/div>\n\n\n\n<div id=\"col-gm1f16f4\" class=\"wp-block-gutentor-m0-col col-gm1f16f4 gutentor-carousel-item\"><div id=\"section-gm1f16f4\" class=\"section-gm1f16f4 gutentor-col-wrap\">\n<div id=\"section-g1295da\" class=\"wp-block-gutentor-e6 section-g1295da gutentor-element gutentor-element-image\"><div class=\"gutentor-element-image-box\"><a class=\"gutentor-element-image-link\" href=\"https:\/\/esmucatalunya-naxosmusiclibrary-com.esmuc.idm.oclc.org\/\" target=\"_blank\" rel=\"noopener noreferrer\"><div class=\"gutentor-image-thumb\"><img decoding=\"async\" class=\"normal-image\" src=\"https:\/\/www.esmuc.cat\/wp-content\/uploads\/2022\/09\/Naxos_ML.png\" \/><\/div><\/a><\/div><\/div>\n<\/div><\/div>\n\n\n\n<div id=\"col-gm9f8a50\" class=\"wp-block-gutentor-m0-col col-gm9f8a50 gutentor-carousel-item\"><div id=\"section-gm9f8a50\" class=\"section-gm9f8a50 gutentor-col-wrap\">\n<div id=\"section-g118dd1\" class=\"wp-block-gutentor-e6 section-g118dd1 gutentor-element gutentor-element-image\"><div class=\"gutentor-element-image-box\"><a class=\"gutentor-element-image-link\" href=\"https:\/\/search-alexanderstreet-com.esmuc.idm.oclc.org\/musc\" target=\"_blank\" rel=\"noopener noreferrer\"><div class=\"gutentor-image-thumb\"><img decoding=\"async\" class=\"normal-image\" src=\"https:\/\/www.esmuc.cat\/wp-content\/uploads\/2022\/09\/Music_and_Dance.png\" \/><\/div><\/a><\/div><\/div>\n<\/div><\/div>\n\n\n\n<div id=\"col-gm396759\" class=\"wp-block-gutentor-m0-col col-gm396759 gutentor-carousel-item\"><div id=\"section-gm396759\" class=\"section-gm396759 gutentor-col-wrap\">\n<div id=\"section-gad3ffe\" class=\"wp-block-gutentor-e6 section-gad3ffe gutentor-element gutentor-element-image\"><div class=\"gutentor-element-image-box\"><a class=\"gutentor-element-image-link\" href=\"https:\/\/www.youtube.com\/c\/CanalESMUC\/featured\"><div class=\"gutentor-image-thumb\"><img decoding=\"async\" class=\"normal-image\" src=\"https:\/\/www.esmuc.cat\/wp-content\/uploads\/2022\/09\/LOGO-ESMUC-WEB-B-2.png\" alt=\"Logo Esmuc Web B\" \/><\/div><\/a><\/div><\/div>\n<\/div><\/div>\n<\/div><\/div><\/section>\n\n\n\n<table id=\"tablepress-475\" class=\"tablepress tablepress-id-475\">\n<thead>\n<tr class=\"row-1\">\n\t<th class=\"column-1\"><strong>Recurso<\/strong><\/th><th class=\"column-2\">Descripci\u00f3n<strong><\/th><th class=\"column-3\">Acceso<\/strong><\/th><th class=\"column-4\">Tutorial<\/strong><\/th>\n<\/tr>\n<\/thead>\n<tbody class=\"row-striping row-hover\">\n<tr class=\"row-2\">\n\t<td class=\"column-1\">Caixaforum+<\/td><td class=\"column-2\"><strong>Plataforma de contenidos culturales de actualidad en formato audiovisual y visionado en streaming. Los contenidos est\u00e1n producidos y son promocionados por La Caixa. Es necesario registrarse para poder visualizar de manera gratu\u00efta los v\u00eddeos. Consta de diferentes secciones: arquitectura, artes esc\u00e9nicas, artes visuales, ciencias sociales, ciencias f\u00edsicas, cinema, literatura, m\u00fasica y pensamiento e historia.  <\/P><BR>ALCANCE TEM\u00c1TICO: - M\u00fasica, Artes esc\u00e9nicas, Arte y cultura<BR>ALCANCE CRONOL\u00d3GICO: Actualidad<\/td><td class=\"column-3\"><a href=\"https:\/\/caixaforumplus.org\/about\" rel=\"noopener\" target=\"_blank\">Acceso abierto<\/a><\/td><td class=\"column-4\"><\/td>\n<\/tr>\n<tr class=\"row-3\">\n\t<td class=\"column-1\">Canal de Youtube de l'ESMUC<\/td><td class=\"column-2\">Canal de Youtube de la ESMUC con diversas listas de reproducci\u00f3n<br \/>\n<BR>ALCANCE TEM\u00c1TICO: Intepretaci\u00f3n - M\u00fasica Cl\u00e1sica y Contempor\u00e1nea y Jazz y M\u00fasica Moderna<BR>ALCANCE CRONOL\u00d3GICO: 2013-Actualidad<\/td><td class=\"column-3\"><a href=\"https:\/\/www.youtube.com\/c\/CanalESMUC\/featured\">Acceso abierto<\/a><\/td><td class=\"column-4\"><\/td>\n<\/tr>\n<tr class=\"row-4\">\n\t<td class=\"column-1\">Medici.tv Edu<\/td><td class=\"column-2\"><strong>Servicio de streaming de V\u00eddeos<\/strong><BR><P>Permite acceder a m\u00e1s de 1.200 grabaciones de v\u00eddeo de conciertos de m\u00fasica cl\u00e1sica Tambi\u00e9n retransmite en directo eventos musicales a nivel internacional a trav\u00e9s de Internet y de aplicaciones para m\u00f3viles.<\/P><BR>ALCANCE TEM\u00c1TICO: Intepretaci\u00f3n - M\u00fasica Cl\u00e1sica y Contempor\u00e1nea<BR>ALCANCE CRONOL\u00d3GICO: 1940-Actualidad<\/td><td class=\"column-3\"><a href=\"https:\/\/edu-medici-tv.esmuc.idm.oclc.org\/es\/\" title=\"Acceso desde las instalaciones de la ESMUC o desde casa restringido a la Comunidad ESMUC\" target=\"_blank\" rel=\"noopener\">Acceso exclusivo ESMUC<\/a><\/td><td class=\"column-4\"><iframe loading=\"lazy\" width=\"560\" height=\"315\" src=\"https:\/\/www.youtube.com\/embed\/-1BbwnwMozI?list=PL8MHwSJ9Vcuw2MZjHLWwBZfz1ZTSsY1q8\" title=\"Medici.tv | Recursos digitals | Biblioteca - CRAI | ESMUC\" frameborder=\"0\" allow=\"accelerometer; autoplay; clipboard-write; encrypted-media; gyroscope; picture-in-picture; web-share\" referrerpolicy=\"strict-origin-when-cross-origin\" allowfullscreen><\/iframe><\/td>\n<\/tr>\n<tr class=\"row-5\">\n\t<td class=\"column-1\">Medici.tv Jazz<\/td><td class=\"column-2\"><strong>Servicio de streaming de V\u00eddeos<\/strong><BR><P>Permite acceder a programas y conciertos de jazz, des de conciertos hist\u00f3ricos hasta eventps m\u00e1s recientes. Tambi\u00e9n retransmite en directo eventos musicales a nivel internacional por internet y aplicaciones para m\u00f3viles. Podemos encontrar toto tipo de g\u00e9neros: jazz cl\u00e1sico, free jazz, smooth jazz, blues, soul o swing, <\/P><BR>ALCANCE TEM\u00c1TICO: Intepretaci\u00f3n - Jazz y M\u00fasica Moderna<BR>ALCANCE CRONOL\u00d3GICO: 1940-Actualidad<\/td><td class=\"column-3\"><a href=\"https:\/\/edu-medici-tv.esmuc.idm.oclc.org\/es\/jazz\/\" title=\"Acceso desde las instalaciones de la ESMUC o desde casa restringido a la Comunidad ESMUC\" target=\"_blank\" rel=\"noopener\">Acceso exclusivo ESMUC<\/a><\/td><td class=\"column-4\"><iframe loading=\"lazy\" width=\"560\" height=\"315\" src=\"https:\/\/www.youtube.com\/embed\/5qsQNWg9Q6w?list=PL8MHwSJ9Vcuw2MZjHLWwBZfz1ZTSsY1q8\" title=\"E-Library | Recursos digitals | Biblioteca - CRAI | ESMUC\" frameborder=\"0\" allow=\"accelerometer; autoplay; clipboard-write; encrypted-media; gyroscope; picture-in-picture; web-share\" referrerpolicy=\"strict-origin-when-cross-origin\" allowfullscreen><\/iframe><\/td>\n<\/tr>\n<tr class=\"row-6\">\n\t<td class=\"column-1\">Music and dance online<\/td><td class=\"column-2\"><strong>Biblioteca digital de Audios, libros, partituras, revistas y videos.<br \/>\nIncluye m\u00e1s de 11 millones de pistas de audio y 2500 horas de v\u00eddeo, que representan la oferta online m\u00e1s grande y completa de actuaciones de audio y v\u00eddeo.<\/strong><\/P><BR>ALCANCE TEM\u00c1TICO: Intepretaci\u00f3n - M\u00fasica Cl\u00e1sica y Contempor\u00e1nea<br \/>\n<BR<ALCANCE CRONOL\u00d3GICO: --<\/td><td class=\"column-3\"><a href=\"https:\/\/search-alexanderstreet-com.esmuc.idm.oclc.org\/musc\" title=\"Acceso desde las instalaciones de la ESMUC o desde casa restringido a la Comunidad ESMUC\" target=\"_blank\" rel=\"noopener\">Acceso exclusivo ESMUC<\/a><\/td><td class=\"column-4\"><iframe loading=\"lazy\" width=\"560\" height=\"315\" src=\"https:\/\/www.youtube.com\/embed\/MFA9uRdZKZo?list=PL8MHwSJ9Vcuw2MZjHLWwBZfz1ZTSsY1q8\" title=\"Music and dance online | Recursos digitals | Biblioteca - CRAI | ESMUC\" frameborder=\"0\" allow=\"accelerometer; autoplay; clipboard-write; encrypted-media; gyroscope; picture-in-picture; web-share\" referrerpolicy=\"strict-origin-when-cross-origin\" allowfullscreen><\/iframe><\/td>\n<\/tr>\n<tr class=\"row-7\">\n\t<td class=\"column-1\">Naxos Music Library<\/td><td class=\"column-2\"><strong>Servicio de streaming de Audios<\/strong><BR><P>Sello discogr\u00e1fico especializado en m\u00fasica cl\u00e1sica y contempor\u00e1nea principalmente. Cat\u00e1logo completo de las discogr\u00e1ficas Naxos, Marco Polo y Da Capo.<br \/>\nActualizaci\u00f3n mensual. Hasta 2 usuarios conectados de manera simult\u00e1nea.<br \/>\nNavegador recomendado: Mozilla Firefox<\/P><BR>ALCANCE TEM\u00c1TICO: Intepretaci\u00f3n - M\u00fasica Cl\u00e1sica y Contempor\u00e1nea y Jazz y M\u00fasica Moderna<BR>ALCANCE CRONOL\u00d3GICO: --\"<br \/>\n<\/td><td class=\"column-3\"><a href=\"https:\/\/esmucatalunya-naxosmusiclibrary-com.esmuc.idm.oclc.org\/\" title=\"Acceso desde las instalaciones de la ESMUC o desde casa restringido a la Comunidad ESMUC\" target=\"_blank\" rel=\"noopener\">Acceso exclusivo ESMUC<\/a><\/td><td class=\"column-4\"><iframe loading=\"lazy\" width=\"560\" height=\"315\" src=\"https:\/\/www.youtube.com\/embed\/EK-KVRX7Vy8?list=PL8MHwSJ9Vcuw2MZjHLWwBZfz1ZTSsY1q8\" title=\"Naxos | Recursos digitals | Biblioteca - CRAI | ESMUC\" frameborder=\"0\" allow=\"accelerometer; autoplay; clipboard-write; encrypted-media; gyroscope; picture-in-picture; web-share\" referrerpolicy=\"strict-origin-when-cross-origin\" allowfullscreen><\/iframe><\/td>\n<\/tr>\n<tr class=\"row-8\">\n\t<td class=\"column-1\">Auditori play, L'<\/td><td class=\"column-2\"><strong>Servicio de streaming v\u00eddeos y documentales del Auditorio de Barcelona<\/strong><BR><P>Plataforma en streaming que ofrece contenidos de m\u00fasica clasica, jazz, m\u00fasica de cambra, m\u00fasicas del mundo, etc. tanto v\u00eddeos de conciertos en directo como documentales o entrevistas.<\/P><BR>ALCANCE TEM\u00c1TICO: Intepretaci\u00f3n - M\u00fasica Cl\u00e1sica y Contempor\u00e1nea y Jazz y M\u00fasica Moderna<BR>ALCANCE CRONOL\u00d3GICO: --<br \/>\n<\/td><td class=\"column-3\"><a href=\"https:\/\/www.auditori.cat\/es\/play-2\/?s_artist=\" title=\"Acceso abierto\" target=\"_blank\" rel=\"noopener\">Acceso abierto<\/a><\/td><td class=\"column-4\"><\/td>\n<\/tr>\n<tr class=\"row-9\">\n\t<td class=\"column-1\"><\/td><td class=\"column-2\"><\/td><td class=\"column-3\"><\/td><td class=\"column-4\"><\/td>\n<\/tr>\n<tr class=\"row-10\">\n\t<td class=\"column-1\"><\/td><td class=\"column-2\"><\/td><td class=\"column-3\"><\/td><td class=\"column-4\"><\/td>\n<\/tr>\n<tr class=\"row-11\">\n\t<td class=\"column-1\"><\/td><td class=\"column-2\"><\/td><td class=\"column-3\"><\/td><td class=\"column-4\"><\/td>\n<\/tr>\n<tr class=\"row-12\">\n\t<td class=\"column-1\"><\/td><td class=\"column-2\"><\/td><td class=\"column-3\"><\/td><td class=\"column-4\"><\/td>\n<\/tr>\n<tr class=\"row-13\">\n\t<td class=\"column-1\"><\/td><td class=\"column-2\"><\/td><td class=\"column-3\"><\/td><td class=\"column-4\"><\/td>\n<\/tr>\n<tr class=\"row-14\">\n\t<td class=\"column-1\"><\/td><td class=\"column-2\"><\/td><td class=\"column-3\"><\/td><td class=\"column-4\"><\/td>\n<\/tr>\n<tr class=\"row-15\">\n\t<td class=\"column-1\"><\/td><td class=\"column-2\"><\/td><td class=\"column-3\"><\/td><td class=\"column-4\"><\/td>\n<\/tr>\n<tr class=\"row-16\">\n\t<td class=\"column-1\"><\/td><td class=\"column-2\"><\/td><td class=\"column-3\"><\/td><td class=\"column-4\"><\/td>\n<\/tr>\n<tr class=\"row-17\">\n\t<td class=\"column-1\"><\/td><td class=\"column-2\"><\/td><td class=\"column-3\"><\/td><td class=\"column-4\"><\/td>\n<\/tr>\n<tr class=\"row-18\">\n\t<td class=\"column-1\"><\/td><td class=\"column-2\"><\/td><td class=\"column-3\"><\/td><td class=\"column-4\"><\/td>\n<\/tr>\n<tr class=\"row-19\">\n\t<td class=\"column-1\"><\/td><td class=\"column-2\"><\/td><td class=\"column-3\"><\/td><td class=\"column-4\"><\/td>\n<\/tr>\n<tr class=\"row-20\">\n\t<td class=\"column-1\"><\/td><td class=\"column-2\"><\/td><td class=\"column-3\"><\/td><td class=\"column-4\"><\/td>\n<\/tr>\n<tr class=\"row-21\">\n\t<td class=\"column-1\"><\/td><td class=\"column-2\"><\/td><td class=\"column-3\"><\/td><td class=\"column-4\"><\/td>\n<\/tr>\n<tr class=\"row-22\">\n\t<td class=\"column-1\"><\/td><td class=\"column-2\"><\/td><td class=\"column-3\"><\/td><td class=\"column-4\"><\/td>\n<\/tr>\n<tr class=\"row-23\">\n\t<td class=\"column-1\"><\/td><td class=\"column-2\"><\/td><td class=\"column-3\"><\/td><td class=\"column-4\"><\/td>\n<\/tr>\n<tr class=\"row-24\">\n\t<td class=\"column-1\"><\/td><td class=\"column-2\"><\/td><td class=\"column-3\"><\/td><td class=\"column-4\"><\/td>\n<\/tr>\n<tr class=\"row-25\">\n\t<td class=\"column-1\"><\/td><td class=\"column-2\"><\/td><td class=\"column-3\"><\/td><td class=\"column-4\"><\/td>\n<\/tr>\n<tr class=\"row-26\">\n\t<td class=\"column-1\"><\/td><td class=\"column-2\"><\/td><td class=\"column-3\"><\/td><td class=\"column-4\"><\/td>\n<\/tr>\n<tr class=\"row-27\">\n\t<td class=\"column-1\"><\/td><td class=\"column-2\"><\/td><td class=\"column-3\"><\/td><td class=\"column-4\"><\/td>\n<\/tr>\n<tr class=\"row-28\">\n\t<td class=\"column-1\"><\/td><td class=\"column-2\"><\/td><td class=\"column-3\"><\/td><td class=\"column-4\"><\/td>\n<\/tr>\n<tr class=\"row-29\">\n\t<td class=\"column-1\"><\/td><td class=\"column-2\"><\/td><td class=\"column-3\"><\/td><td class=\"column-4\"><\/td>\n<\/tr>\n<tr class=\"row-30\">\n\t<td class=\"column-1\"><\/td><td class=\"column-2\"><\/td><td class=\"column-3\"><\/td><td class=\"column-4\"><\/td>\n<\/tr>\n<tr class=\"row-31\">\n\t<td class=\"column-1\"><\/td><td class=\"column-2\"><\/td><td class=\"column-3\"><\/td><td class=\"column-4\"><\/td>\n<\/tr>\n<tr class=\"row-32\">\n\t<td class=\"column-1\"><\/td><td class=\"column-2\"><\/td><td class=\"column-3\"><\/td><td class=\"column-4\"><\/td>\n<\/tr>\n<tr class=\"row-33\">\n\t<td class=\"column-1\"><\/td><td class=\"column-2\"><\/td><td class=\"column-3\"><\/td><td class=\"column-4\"><\/td>\n<\/tr>\n<tr class=\"row-34\">\n\t<td class=\"column-1\"><\/td><td class=\"column-2\"><\/td><td class=\"column-3\"><\/td><td class=\"column-4\"><\/td>\n<\/tr>\n<tr class=\"row-35\">\n\t<td class=\"column-1\"><\/td><td class=\"column-2\"><\/td><td class=\"column-3\"><\/td><td class=\"column-4\"><\/td>\n<\/tr>\n<tr class=\"row-36\">\n\t<td class=\"column-1\"><\/td><td class=\"column-2\"><\/td><td class=\"column-3\"><\/td><td class=\"column-4\"><\/td>\n<\/tr>\n<tr class=\"row-37\">\n\t<td class=\"column-1\"><\/td><td class=\"column-2\"><\/td><td class=\"column-3\"><\/td><td class=\"column-4\"><\/td>\n<\/tr>\n<tr class=\"row-38\">\n\t<td class=\"column-1\"><\/td><td class=\"column-2\"><\/td><td class=\"column-3\"><\/td><td class=\"column-4\"><\/td>\n<\/tr>\n<tr class=\"row-39\">\n\t<td class=\"column-1\"><\/td><td class=\"column-2\"><\/td><td class=\"column-3\"><\/td><td class=\"column-4\"><\/td>\n<\/tr>\n<tr class=\"row-40\">\n\t<td class=\"column-1\"><\/td><td class=\"column-2\"><\/td><td class=\"column-3\"><\/td><td class=\"column-4\"><\/td>\n<\/tr>\n<tr class=\"row-41\">\n\t<td class=\"column-1\"><\/td><td class=\"column-2\"><\/td><td class=\"column-3\"><\/td><td class=\"column-4\"><\/td>\n<\/tr>\n<tr class=\"row-42\">\n\t<td class=\"column-1\"><\/td><td class=\"column-2\"><\/td><td class=\"column-3\"><\/td><td class=\"column-4\"><\/td>\n<\/tr>\n<tr class=\"row-43\">\n\t<td class=\"column-1\"><\/td><td class=\"column-2\"><\/td><td class=\"column-3\"><\/td><td class=\"column-4\"><\/td>\n<\/tr>\n<tr class=\"row-44\">\n\t<td class=\"column-1\"><\/td><td class=\"column-2\"><\/td><td class=\"column-3\"><\/td><td class=\"column-4\"><\/td>\n<\/tr>\n<tr class=\"row-45\">\n\t<td class=\"column-1\"><\/td><td class=\"column-2\"><\/td><td class=\"column-3\"><\/td><td class=\"column-4\"><\/td>\n<\/tr>\n<\/tbody>\n<\/table>\n<!-- #tablepress-475 from cache -->\n\n\n\n<section id=\"gm4b7bb61\" class=\"wp-block-gutentor-m3 section-gm4b7bb61 gutentor-module gutentor-container-cover\"><div class=\"grid-container\"><\/div><\/section>\n\n\n\n<p><\/p>\n","protected":false},"excerpt":{"rendered":"<p>Grabaciones sonoras y audiovisuales<\/p>\n","protected":false},"author":5,"featured_media":0,"parent":40845,"menu_order":2,"comment_status":"closed","ping_status":"closed","template":"","meta":{"_acf_changed":false,"_themeisle_gutenberg_block_has_review":false,"footnotes":""},"categories":[1316],"tags":[1435,1413,1354],"class_list":["post-42300","page","type-page","status-publish","hentry","category-biblioteca-crai-es","tag-audiovisuals","tag-discografia-es","tag-recursos-electronics-es"],"acf":[],"publishpress_future_action":{"enabled":false,"date":"2026-04-18 16:40:02","action":"change-status","newStatus":"draft","terms":[],"taxonomy":"category","extraData":[]},"publishpress_future_workflow_manual_trigger":{"enabledWorkflows":[]},"_links":{"self":[{"href":"https:\/\/www.esmuc.cat\/es\/wp-json\/wp\/v2\/pages\/42300","targetHints":{"allow":["GET"]}}],"collection":[{"href":"https:\/\/www.esmuc.cat\/es\/wp-json\/wp\/v2\/pages"}],"about":[{"href":"https:\/\/www.esmuc.cat\/es\/wp-json\/wp\/v2\/types\/page"}],"author":[{"embeddable":true,"href":"https:\/\/www.esmuc.cat\/es\/wp-json\/wp\/v2\/users\/5"}],"replies":[{"embeddable":true,"href":"https:\/\/www.esmuc.cat\/es\/wp-json\/wp\/v2\/comments?post=42300"}],"version-history":[{"count":5,"href":"https:\/\/www.esmuc.cat\/es\/wp-json\/wp\/v2\/pages\/42300\/revisions"}],"predecessor-version":[{"id":80951,"href":"https:\/\/www.esmuc.cat\/es\/wp-json\/wp\/v2\/pages\/42300\/revisions\/80951"}],"up":[{"embeddable":true,"href":"https:\/\/www.esmuc.cat\/es\/wp-json\/wp\/v2\/pages\/40845"}],"wp:attachment":[{"href":"https:\/\/www.esmuc.cat\/es\/wp-json\/wp\/v2\/media?parent=42300"}],"wp:term":[{"taxonomy":"category","embeddable":true,"href":"https:\/\/www.esmuc.cat\/es\/wp-json\/wp\/v2\/categories?post=42300"},{"taxonomy":"post_tag","embeddable":true,"href":"https:\/\/www.esmuc.cat\/es\/wp-json\/wp\/v2\/tags?post=42300"}],"curies":[{"name":"wp","href":"https:\/\/api.w.org\/{rel}","templated":true}]}}