{"id":42275,"date":"2021-06-16T17:20:36","date_gmt":"2021-06-16T15:20:36","guid":{"rendered":"https:\/\/www.esmuc.cat\/biblioteca-crai\/fons-i-colleccions-documentals-de-la-biblioteca-crai\/"},"modified":"2025-03-18T18:57:40","modified_gmt":"2025-03-18T17:57:40","slug":"fondos-y-colecciones","status":"publish","type":"page","link":"https:\/\/www.esmuc.cat\/es\/servicios\/biblioteca-crai\/fondos-y-colecciones\/","title":{"rendered":"Fondos y coleciones"},"content":{"rendered":"\n<div class=\"wp-block-columns is-layout-flex wp-container-core-columns-is-layout-9d6595d7 wp-block-columns-is-layout-flex\">\n<div class=\"wp-block-column esmuc__Menu_Masters is-layout-flow wp-block-column-is-layout-flow\" style=\"flex-basis:33.33%\">\n\n<\/div>\n\n\n\n<div class=\"wp-block-column is-layout-flow wp-block-column-is-layout-flow\" style=\"flex-basis:66.66%\"><div class=\"breadcrumbs align  wp-block-bcn-breadcrumb-trail has-text-color has-background\" vocab=\"https:\/\/schema.org\/\" typeof=\"BreadcrumbList\">\n\t<span><\/span>\n\t<span property=\"itemListElement\" typeof=\"ListItem\"><a property=\"item\" typeof=\"WebPage\" title=\"Ir a ESMUC.\" href=\"https:\/\/www.esmuc.cat\/es\/\" class=\"home\" ><span property=\"name\">ESMUC<\/span><\/a><meta property=\"position\" content=\"1\"><\/span> &gt; <span property=\"itemListElement\" typeof=\"ListItem\"><a property=\"item\" typeof=\"WebPage\" title=\"Ir a Servicios.\" href=\"https:\/\/www.esmuc.cat\/es\/servicios\/\" class=\"post post-page\" ><span property=\"name\">Servicios<\/span><\/a><meta property=\"position\" content=\"2\"><\/span> &gt; <span property=\"itemListElement\" typeof=\"ListItem\"><a property=\"item\" typeof=\"WebPage\" title=\"Ir a Biblioteca-CRAI de la ESMUC.\" href=\"https:\/\/www.esmuc.cat\/es\/servicios\/biblioteca-crai\/\" class=\"post post-page\" ><span property=\"name\">Biblioteca-CRAI de la ESMUC<\/span><\/a><meta property=\"position\" content=\"3\"><\/span> &gt; <span property=\"itemListElement\" typeof=\"ListItem\"><span property=\"name\" class=\"post post-page current-item\">Fondos y coleciones<\/span><meta property=\"url\" content=\"https:\/\/www.esmuc.cat\/es\/servicios\/biblioteca-crai\/fondos-y-colecciones\/\"><meta property=\"position\" content=\"4\"><\/span><\/div>\n\n\n\n<h1 class=\"wp-block-heading\">Fondos y coleciones<\/h1>\n\n\n\n<div style=\"height:34px\" aria-hidden=\"true\" class=\"wp-block-spacer\"><\/div>\n\n\n\n<p>Los fondos documentales que ofrece la biblioteca se ha constituido de adquisiciones bajo unas directrices de colecci\u00f3n (pol\u00edtica de colecciones) y donaciones desinteresadas.<\/p>\n\n\n\n<p> La Biblioteca-CRAI tambi\u00e9n es disposit\u00e1ria de TFG i TFM de estudiantes.<\/p>\n\n\n\n<section id=\"gm3347aec\" class=\"wp-block-gutentor-m2 section-gm3347aec gutentor-module gutentor-dynamic-columns esmuc__menu_instrumentos\"><div class=\"grid-container\"><div class=\"grid-row\">\n<div id=\"col-gm695427\" class=\"wp-block-gutentor-m2-col col-gm695427 gutentor-module gutentor-dynamic-single-column grid-lg-4 grid-md-4 grid-6\"><div id=\"section-gm695427\" class=\"section-gm695427 gutentor-single-col\">\n<div id=\"section-g0f98ff\" class=\"wp-block-gutentor-e6 section-g0f98ff gutentor-element gutentor-element-image gutentor-enabled-width text-align-center-desktop\"><div class=\"gutentor-element-image-box\"><a class=\"gutentor-element-image-link\" href=\"https:\/\/www.esmuc.cat\/es\/servicios\/biblioteca-crai\/fondos-y-colecciones\/politica-de-colecciones\/\"><div class=\"gutentor-image-thumb\"><img decoding=\"async\" class=\"normal-image\" src=\"https:\/\/www.esmuc.cat\/wp-content\/uploads\/2021\/10\/1.png\" alt=\"Pol\u00edtica de colecciones y donaciones\"><\/div><\/a><\/div><\/div>\n<\/div><\/div>\n\n\n\n<div id=\"col-gmf8c852\" class=\"wp-block-gutentor-m2-col col-gmf8c852 gutentor-module gutentor-dynamic-single-column grid-lg-4 grid-md-4 grid-6\"><div id=\"section-gmf8c852\" class=\"section-gmf8c852 gutentor-single-col\">\n<div id=\"section-ga82647\" class=\"wp-block-gutentor-e6 section-ga82647 gutentor-element gutentor-element-image gutentor-enabled-width text-align-center-desktop\"><div class=\"gutentor-element-image-box\"><a class=\"gutentor-element-image-link\" href=\"https:\/\/www.esmuc.cat\/es\/servicios\/biblioteca-crai\/fondos-y-colecciones\/compras-y-subscripciones\/\"><div class=\"gutentor-image-thumb\"><img decoding=\"async\" class=\"normal-image\" src=\"https:\/\/www.esmuc.cat\/wp-content\/uploads\/2021\/10\/2-1.png\" alt=\"Compras y suscripciones\"><\/div><\/a><\/div><\/div>\n<\/div><\/div>\n\n\n\n<div id=\"col-gmcccba9\" class=\"wp-block-gutentor-m2-col col-gmcccba9 gutentor-module gutentor-dynamic-single-column grid-lg-4 grid-md-4 grid-6\"><div id=\"section-gmcccba9\" class=\"section-gmcccba9 gutentor-single-col\">\n<div id=\"section-g1fba1d\" class=\"wp-block-gutentor-e6 section-g1fba1d gutentor-element gutentor-element-image gutentor-enabled-width text-align-center-desktop\"><div class=\"gutentor-element-image-box\"><a class=\"gutentor-element-image-link\" href=\"https:\/\/www.esmuc.cat\/es\/servicios\/biblioteca-crai\/fondos-y-colecciones\/fondo-bibliografico\/\"><div class=\"gutentor-image-thumb\"><img decoding=\"async\" class=\"normal-image\" src=\"https:\/\/www.esmuc.cat\/wp-content\/uploads\/2021\/10\/3-1.png\" alt=\"Fondo de biblioteca\"><\/div><\/a><\/div><\/div>\n<\/div><\/div>\n<\/div><\/div><\/section>\n\n\n\n<section id=\"gm9e203fb\" class=\"wp-block-gutentor-m2 section-gm9e203fb gutentor-module gutentor-dynamic-columns esmuc__menu_instrumentos\"><div class=\"grid-container\"><div class=\"grid-row\">\n<div id=\"col-gm7c2260\" class=\"wp-block-gutentor-m2-col col-gm7c2260 gutentor-module gutentor-dynamic-single-column grid-lg-4 grid-md-4 grid-6\"><div id=\"section-gm7c2260\" class=\"section-gm7c2260 gutentor-single-col\">\n<div id=\"section-ge6bed2\" class=\"wp-block-gutentor-e6 section-ge6bed2 gutentor-element gutentor-element-image gutentor-enabled-width text-align-center-desktop\"><div class=\"gutentor-element-image-box\"><a class=\"gutentor-element-image-link\" href=\"https:\/\/www.esmuc.cat\/es\/servicios\/biblioteca-crai\/cataleg\/\"><div class=\"gutentor-image-thumb\"><img decoding=\"async\" class=\"normal-image\" src=\"https:\/\/www.esmuc.cat\/wp-content\/uploads\/2021\/10\/Cataleg-1.png\" alt=\"Cat\u00e1logo\"><\/div><\/a><\/div><\/div>\n<\/div><\/div>\n\n\n\n<div id=\"col-gmb27989\" class=\"wp-block-gutentor-m2-col col-gmb27989 gutentor-module gutentor-dynamic-single-column grid-lg-4 grid-md-4 grid-6\"><div id=\"section-gmb27989\" class=\"section-gmb27989 gutentor-single-col\">\n<div id=\"section-g140e1a\" class=\"wp-block-gutentor-e6 section-g140e1a gutentor-element gutentor-element-image gutentor-enabled-width text-align-center-desktop\"><div class=\"gutentor-element-image-box\"><a class=\"gutentor-element-image-link\" href=\"https:\/\/www.esmuc.cat\/es\/servicios\/biblioteca-crai\/fondos-y-colecciones\/deposito-de-trabajos-finales\/\"><div class=\"gutentor-image-thumb\"><img decoding=\"async\" class=\"normal-image\" src=\"https:\/\/www.esmuc.cat\/wp-content\/uploads\/2021\/10\/5.png\" alt=\"5\"><\/div><\/a><\/div><\/div>\n<\/div><\/div>\n\n\n\n<div id=\"col-gm6eb822\" class=\"wp-block-gutentor-m2-col col-gm6eb822 gutentor-module gutentor-dynamic-single-column grid-lg-4 grid-md-4 grid-6\"><div id=\"section-gm6eb822\" class=\"section-gm6eb822 gutentor-single-col\">\n<div id=\"section-gb7ed87\" class=\"wp-block-gutentor-e6 section-gb7ed87 gutentor-element gutentor-element-image gutentor-enabled-width text-align-center-desktop\"><div class=\"gutentor-element-image-box\"><a class=\"gutentor-element-image-link\" href=\"https:\/\/www.esmuc.cat\/es\/servicios\/biblioteca-crai\/fondos-y-colecciones\/archivos-y-fondos-personales\/\"><div class=\"gutentor-image-thumb\"><img decoding=\"async\" class=\"normal-image\" src=\"https:\/\/www.esmuc.cat\/wp-content\/uploads\/2021\/10\/4-1.png\" alt=\"Archivo y fondo personal\"><\/div><\/a><\/div><\/div>\n<\/div><\/div>\n<\/div><\/div><\/section>\n<\/div>\n<\/div>\n","protected":false},"excerpt":{"rendered":"<p>Fondos y coleciones Los fondos documentales que ofrece la biblioteca se ha constituido de adquisiciones bajo unas directrices de colecci\u00f3n (pol\u00edtica de colecciones) y donaciones desinteresadas. La Biblioteca-CRAI tambi\u00e9n es disposit\u00e1ria de TFG i TFM de estudiantes.<\/p>\n","protected":false},"author":5,"featured_media":0,"parent":39482,"menu_order":0,"comment_status":"closed","ping_status":"closed","template":"","meta":{"_acf_changed":false,"_themeisle_gutenberg_block_has_review":false,"footnotes":""},"categories":[1316],"tags":[1369,1336,1774,1372],"class_list":["post-42275","page","type-page","status-publish","hentry","category-biblioteca-crai-es","tag-colleccio-documental-es","tag-fons-documentals-es","tag-politica-de-adquisiciones","tag-politica-de-donacions-es"],"acf":[],"publishpress_future_action":{"enabled":false,"date":"2026-04-21 20:51:50","action":"change-status","newStatus":"draft","terms":[],"taxonomy":"category","extraData":[]},"publishpress_future_workflow_manual_trigger":{"enabledWorkflows":[]},"_links":{"self":[{"href":"https:\/\/www.esmuc.cat\/es\/wp-json\/wp\/v2\/pages\/42275","targetHints":{"allow":["GET"]}}],"collection":[{"href":"https:\/\/www.esmuc.cat\/es\/wp-json\/wp\/v2\/pages"}],"about":[{"href":"https:\/\/www.esmuc.cat\/es\/wp-json\/wp\/v2\/types\/page"}],"author":[{"embeddable":true,"href":"https:\/\/www.esmuc.cat\/es\/wp-json\/wp\/v2\/users\/5"}],"replies":[{"embeddable":true,"href":"https:\/\/www.esmuc.cat\/es\/wp-json\/wp\/v2\/comments?post=42275"}],"version-history":[{"count":4,"href":"https:\/\/www.esmuc.cat\/es\/wp-json\/wp\/v2\/pages\/42275\/revisions"}],"predecessor-version":[{"id":105673,"href":"https:\/\/www.esmuc.cat\/es\/wp-json\/wp\/v2\/pages\/42275\/revisions\/105673"}],"up":[{"embeddable":true,"href":"https:\/\/www.esmuc.cat\/es\/wp-json\/wp\/v2\/pages\/39482"}],"wp:attachment":[{"href":"https:\/\/www.esmuc.cat\/es\/wp-json\/wp\/v2\/media?parent=42275"}],"wp:term":[{"taxonomy":"category","embeddable":true,"href":"https:\/\/www.esmuc.cat\/es\/wp-json\/wp\/v2\/categories?post=42275"},{"taxonomy":"post_tag","embeddable":true,"href":"https:\/\/www.esmuc.cat\/es\/wp-json\/wp\/v2\/tags?post=42275"}],"curies":[{"name":"wp","href":"https:\/\/api.w.org\/{rel}","templated":true}]}}