{"id":41864,"date":"2021-10-11T13:38:13","date_gmt":"2021-10-11T11:38:13","guid":{"rendered":"https:\/\/www.esmuc.cat\/archivos-y-fondos-personales\/victoria-dels-angels\/"},"modified":"2022-05-13T14:48:47","modified_gmt":"2022-05-13T12:48:47","slug":"victoria-de-los-angeles","status":"publish","type":"page","link":"https:\/\/www.esmuc.cat\/es\/servicios\/biblioteca-crai\/fondos-y-colecciones\/archivos-y-fondos-personales\/victoria-de-los-angeles\/","title":{"rendered":"Victoria de los \u00c1ngeles"},"content":{"rendered":"\n<div class=\"wp-block-columns is-layout-flex wp-container-core-columns-is-layout-9d6595d7 wp-block-columns-is-layout-flex\">\n<div class=\"wp-block-column esmuc__Menu_Masters is-layout-flow wp-block-column-is-layout-flow\" style=\"flex-basis:33.33%\">\n\n<\/div>\n\n\n\n<div class=\"wp-block-column is-layout-flow wp-block-column-is-layout-flow\" style=\"flex-basis:66.66%\"><div class=\"breadcrumbs align  wp-block-bcn-breadcrumb-trail has-text-color has-background\" vocab=\"https:\/\/schema.org\/\" typeof=\"BreadcrumbList\">\n\t<span><\/span>\n\t<span property=\"itemListElement\" typeof=\"ListItem\"><a property=\"item\" typeof=\"WebPage\" title=\"Ir a ESMUC.\" href=\"https:\/\/www.esmuc.cat\/es\/\" class=\"home\" ><span property=\"name\">ESMUC<\/span><\/a><meta property=\"position\" content=\"1\"><\/span> &gt; <span property=\"itemListElement\" typeof=\"ListItem\"><a property=\"item\" typeof=\"WebPage\" title=\"Ir a Servicios.\" href=\"https:\/\/www.esmuc.cat\/es\/servicios\/\" class=\"post post-page\" ><span property=\"name\">Servicios<\/span><\/a><meta property=\"position\" content=\"2\"><\/span> &gt; <span property=\"itemListElement\" typeof=\"ListItem\"><a property=\"item\" typeof=\"WebPage\" title=\"Ir a Biblioteca-CRAI de la ESMUC.\" href=\"https:\/\/www.esmuc.cat\/es\/servicios\/biblioteca-crai\/\" class=\"post post-page\" ><span property=\"name\">Biblioteca-CRAI de la ESMUC<\/span><\/a><meta property=\"position\" content=\"3\"><\/span> &gt; <span property=\"itemListElement\" typeof=\"ListItem\"><a property=\"item\" typeof=\"WebPage\" title=\"Ir a Fondos y coleciones.\" href=\"https:\/\/www.esmuc.cat\/es\/servicios\/biblioteca-crai\/fondos-y-colecciones\/\" class=\"post post-page\" ><span property=\"name\">Fondos y coleciones<\/span><\/a><meta property=\"position\" content=\"4\"><\/span> &gt; <span property=\"itemListElement\" typeof=\"ListItem\"><a property=\"item\" typeof=\"WebPage\" title=\"Ir a Archivos y fondos personales.\" href=\"https:\/\/www.esmuc.cat\/es\/servicios\/biblioteca-crai\/fondos-y-colecciones\/archivos-y-fondos-personales\/\" class=\"post post-page\" ><span property=\"name\">Archivos y fondos personales<\/span><\/a><meta property=\"position\" content=\"5\"><\/span> &gt; <span property=\"itemListElement\" typeof=\"ListItem\"><span property=\"name\" class=\"post post-page current-item\">Victoria de los \u00c1ngeles<\/span><meta property=\"url\" content=\"https:\/\/www.esmuc.cat\/es\/servicios\/biblioteca-crai\/fondos-y-colecciones\/archivos-y-fondos-personales\/victoria-de-los-angeles\/\"><meta property=\"position\" content=\"6\"><\/span><\/div>\n\n\n\n<h1 class=\"wp-block-heading\">Victoria de los \u00c1ngeles (Barcelona, 1923-2005)<\/h1>\n\n\n\n<div style=\"height:30px\" aria-hidden=\"true\" class=\"wp-block-spacer\"><\/div>\n\n\n\n<div id=\"section-g8afca0\" class=\"wp-block-gutentor-e7 section-g8afca0 gutentor-element gutentor-element-list\"><ul class=\"grid-row gutentor-grid-item-wrap list-indicator-icon\"><li class=\"gutentor-list-item grid-lg-12 grid-md-12 grid-12\"><span class=\"gutentor-single-item gutentor-single-item-0\"><span class=\"gutentor-list-item-wrap g-s-list-wrap\"><span class=\"gutentor-single-list-item-icon\"><i class=\"list-item-icon fas fa-angle-right\"><\/i><\/span><span class=\"gutentor-list-item\"><p class=\"gutentor-single-item-title\"> <strong>Biograf\u00eda**<\/strong> <\/p><\/span><\/span><\/span><\/li><\/ul><\/div>\n\n\n\n<p>Hija de un bedel de la Universidad de Barcelona, \u200b\u200bestudi\u00f3 en el Conservatori del Liceu (1940-42) con Dolors Frau y, m\u00e1s tarde, con el grupo Ars Musicae, de Barcelona. De estudiante, actu\u00f3 en el Palau de la M\u00fasica Catalana (1941), donde debut\u00f3 oficialmente en 1944, con un recital para la Asociaci\u00f3n de Cultura Musical.<\/p>\n\n\n\n<p>En 1945 debut\u00f3 en el Liceu, con Le nozze di Figaro; actu\u00f3 cada a\u00f1o hasta 1950, y de forma discontinua en 1955, 1956, 1958, 1961, 1971 y, despu\u00e9s de un largo par\u00e9ntesis, en 1992. En 1947 gan\u00f3 el Concurso Internacional de Canto de Ginebra, y el 19 Par\u00eds (con Fausto, de Gounod), en el Covent garden de Londres (con La boh\u00e8me, de Puccini) y en el Teatro alla Scala de Mil\u00e1n (con un recital y, al a\u00f1o siguiente, con Ariadne auf Naxos, de R.Strauss) . En 1951 se present\u00f3 en el Metropolitan Opera House de Nueva York, y desde entonces actu\u00f3 en todo el mundo. En 1960 cant\u00f3 en el Festival de Edimburgo, y en 1961 en el de Bayreuth (con Tannh\u00e4user). Grab\u00f3 en discos sus mejores creaciones: Manon (Massenet), Fausto (Gounod), Il barbiere di Siviglia (rossini), lieder, etc. <\/p>\n\n\n\n<p>En 1961 cant\u00f3 en el estreno mundial de Atl\u00e1ntida, de Falla, en el Liceu de Barcelona. En 1979 interpret\u00f3 una \u00f3pera por \u00faltima vez (Pelleas et M\u00e9lisande) y posteriormente se dedic\u00f3 a los recitales de fragmentos oper\u00edsticos y en el lied. Se destaca su participaci\u00f3n, en 1987, en la inauguraci\u00f3n de la emisora \u200b\u200bCatalunya M\u00fasica en el Palau de la M\u00fasica Catalana. <\/p>\n\n\n\n<p>Obtuvo varios galardones y distinciones, entre ellos el Premio Nacional de M\u00fasica del Ministerio de Cultura (1978), el premio Pr\u00edncipe de Asturias de las artes (1991), el Premio Internacional de M\u00fasica Pau Casals en la primera convocatoria (1992), y el premio de la Academia Charles Cros (1994) y los nombramientos como Acad\u00e9mica de Honor de la Real Academia de Bellas Artes de Sant Jordi (1981) y como doctora honoris causa por la Universidad de Barcelona (1987). Su discograf\u00eda abarca 22 \u00f3peras completas y unos 40 discos con obras diversas.<\/p>\n\n\n\n<div style=\"height:30px\" aria-hidden=\"true\" class=\"wp-block-spacer\"><\/div>\n\n\n\n<div id=\"section-g1a4d64\" class=\"wp-block-gutentor-e7 section-g1a4d64 gutentor-element gutentor-element-list\"><ul class=\"grid-row gutentor-grid-item-wrap list-indicator-icon\"><li class=\"gutentor-list-item grid-lg-12 grid-md-12 grid-12\"><span class=\"gutentor-single-item gutentor-single-item-0\"><span class=\"gutentor-list-item-wrap g-s-list-wrap\"><span class=\"gutentor-single-list-item-icon\"><i class=\"list-item-icon fas fa-angle-right\"><\/i><\/span><span class=\"gutentor-list-item\"><p class=\"gutentor-single-item-title\"> <strong>Inventario<\/strong> <\/p><\/span><\/span><\/span><\/li><\/ul><\/div>\n\n\n\n<p>El fondo documental re\u00fane 4.284 documentos, especialmente partituras impresas y manuscritas de la Biblioteca personal de Victoria de los \u00c1ngeles.<\/p>\n\n\n\n<p>El fondo es una cesi\u00f3n en comodato de la Fundaci\u00f3n Victoria de los \u00c1ngeles y forma parte desde el a\u00f1o 2008 de les colecciones de la Biblioteca de la ESMUC.<\/p>\n\n\n\n<p>Puede consultarse la descripci\u00f3n general del fondo a trav\u00e9s del cat\u00e1logo de la Biblioteca: <a href=\"http:\/\/catalegclassicbeg.cultura.gencat.cat\/record=b1518102~S70*cat\">http:\/\/catalegclassicbeg.cultura.gencat.cat\/record=b1518102~S70*cat<\/a><\/p>\n\n\n\n<p>La descripci\u00f3n detallada de todos los documentos se puede  consultar en el inventario: <\/p>\n\n\n\n<div id=\"section-gf2cc62\" class=\"wp-block-gutentor-e2 section-gf2cc62 gutentor-element gutentor-element-button\"><span class=\"gutentor-button-wrap\"><a class=\"gutentor-button gutentor-block-button gutentor-icon-hide\" href=\"https:\/\/www.esmuc.cat\/wp-content\/uploads\/2021\/11\/Inventari-donacio\u0301-Victo\u0300ria-dels-A\u0300ngels.xls\" target=\"_blank\" rel=\"noopener noreferrer\"><i class=\"gutentor-button-icon fas fa-book\"><\/i><span>Inventario<\/span><\/a><\/span><\/div>\n\n\n\n<p><br>** Biograf\u00eda tomada de Enciclop\u00e8dia.cat (www.enciclopedia.cat)<\/p>\n<\/div>\n<\/div>\n","protected":false},"excerpt":{"rendered":"<p>Victoria de los \u00c1ngeles (Barcelona, 1923-2005) Hija de un bedel de la Universidad de Barcelona, \u200b\u200bestudi\u00f3 en el Conservatori del Liceu (1940-42) con Dolors Frau y, m\u00e1s tarde, con el grupo Ars Musicae, de Barcelona. De estudiante, actu\u00f3 en el Palau de la M\u00fasica Catalana (1941), donde debut\u00f3 oficialmente en 1944, con un recital para [&hellip;]<\/p>\n","protected":false},"author":5,"featured_media":0,"parent":41749,"menu_order":5,"comment_status":"closed","ping_status":"closed","template":"","meta":{"_acf_changed":false,"_themeisle_gutenberg_block_has_review":false,"footnotes":""},"categories":[1316],"tags":[1425,1426],"class_list":["post-41864","page","type-page","status-publish","hentry","category-biblioteca-crai-es","tag-donacions","tag-fons-personals"],"acf":[],"publishpress_future_action":{"enabled":false,"date":"2026-04-24 08:30:15","action":"change-status","newStatus":"draft","terms":[],"taxonomy":"category","extraData":[]},"publishpress_future_workflow_manual_trigger":{"enabledWorkflows":[]},"_links":{"self":[{"href":"https:\/\/www.esmuc.cat\/es\/wp-json\/wp\/v2\/pages\/41864","targetHints":{"allow":["GET"]}}],"collection":[{"href":"https:\/\/www.esmuc.cat\/es\/wp-json\/wp\/v2\/pages"}],"about":[{"href":"https:\/\/www.esmuc.cat\/es\/wp-json\/wp\/v2\/types\/page"}],"author":[{"embeddable":true,"href":"https:\/\/www.esmuc.cat\/es\/wp-json\/wp\/v2\/users\/5"}],"replies":[{"embeddable":true,"href":"https:\/\/www.esmuc.cat\/es\/wp-json\/wp\/v2\/comments?post=41864"}],"version-history":[{"count":3,"href":"https:\/\/www.esmuc.cat\/es\/wp-json\/wp\/v2\/pages\/41864\/revisions"}],"predecessor-version":[{"id":42172,"href":"https:\/\/www.esmuc.cat\/es\/wp-json\/wp\/v2\/pages\/41864\/revisions\/42172"}],"up":[{"embeddable":true,"href":"https:\/\/www.esmuc.cat\/es\/wp-json\/wp\/v2\/pages\/41749"}],"wp:attachment":[{"href":"https:\/\/www.esmuc.cat\/es\/wp-json\/wp\/v2\/media?parent=41864"}],"wp:term":[{"taxonomy":"category","embeddable":true,"href":"https:\/\/www.esmuc.cat\/es\/wp-json\/wp\/v2\/categories?post=41864"},{"taxonomy":"post_tag","embeddable":true,"href":"https:\/\/www.esmuc.cat\/es\/wp-json\/wp\/v2\/tags?post=41864"}],"curies":[{"name":"wp","href":"https:\/\/api.w.org\/{rel}","templated":true}]}}