{"id":41832,"date":"2021-10-11T13:29:57","date_gmt":"2021-10-11T11:29:57","guid":{"rendered":"https:\/\/www.esmuc.cat\/archivos-y-fondos-personales\/jose-ortiz-de-zarate-alufre\/"},"modified":"2022-05-13T15:15:10","modified_gmt":"2022-05-13T13:15:10","slug":"jose-ortiz-de-zarate-alufre","status":"publish","type":"page","link":"https:\/\/www.esmuc.cat\/es\/servicios\/biblioteca-crai\/fondos-y-colecciones\/archivos-y-fondos-personales\/jose-ortiz-de-zarate-alufre\/","title":{"rendered":"Jos\u00e9 Ortiz de Z\u00e1rate Alufre"},"content":{"rendered":"\n<div class=\"wp-block-columns is-layout-flex wp-container-core-columns-is-layout-9d6595d7 wp-block-columns-is-layout-flex\">\n<div class=\"wp-block-column esmuc__Menu_Masters is-layout-flow wp-block-column-is-layout-flow\" style=\"flex-basis:33.33%\">\n\n<\/div>\n\n\n\n<div class=\"wp-block-column is-layout-flow wp-block-column-is-layout-flow\" style=\"flex-basis:66.66%\"><div class=\"breadcrumbs align  wp-block-bcn-breadcrumb-trail has-text-color has-background\" vocab=\"https:\/\/schema.org\/\" typeof=\"BreadcrumbList\">\n\t<span><\/span>\n\t<span property=\"itemListElement\" typeof=\"ListItem\"><a property=\"item\" typeof=\"WebPage\" title=\"Ir a ESMUC.\" href=\"https:\/\/www.esmuc.cat\/es\/\" class=\"home\" ><span property=\"name\">ESMUC<\/span><\/a><meta property=\"position\" content=\"1\"><\/span> &gt; <span property=\"itemListElement\" typeof=\"ListItem\"><a property=\"item\" typeof=\"WebPage\" title=\"Ir a Servicios.\" href=\"https:\/\/www.esmuc.cat\/es\/servicios\/\" class=\"post post-page\" ><span property=\"name\">Servicios<\/span><\/a><meta property=\"position\" content=\"2\"><\/span> &gt; <span property=\"itemListElement\" typeof=\"ListItem\"><a property=\"item\" typeof=\"WebPage\" title=\"Ir a Biblioteca-CRAI de la ESMUC.\" href=\"https:\/\/www.esmuc.cat\/es\/servicios\/biblioteca-crai\/\" class=\"post post-page\" ><span property=\"name\">Biblioteca-CRAI de la ESMUC<\/span><\/a><meta property=\"position\" content=\"3\"><\/span> &gt; <span property=\"itemListElement\" typeof=\"ListItem\"><a property=\"item\" typeof=\"WebPage\" title=\"Ir a Fondos y coleciones.\" href=\"https:\/\/www.esmuc.cat\/es\/servicios\/biblioteca-crai\/fondos-y-colecciones\/\" class=\"post post-page\" ><span property=\"name\">Fondos y coleciones<\/span><\/a><meta property=\"position\" content=\"4\"><\/span> &gt; <span property=\"itemListElement\" typeof=\"ListItem\"><a property=\"item\" typeof=\"WebPage\" title=\"Ir a Archivos y fondos personales.\" href=\"https:\/\/www.esmuc.cat\/es\/servicios\/biblioteca-crai\/fondos-y-colecciones\/archivos-y-fondos-personales\/\" class=\"post post-page\" ><span property=\"name\">Archivos y fondos personales<\/span><\/a><meta property=\"position\" content=\"5\"><\/span> &gt; <span property=\"itemListElement\" typeof=\"ListItem\"><span property=\"name\" class=\"post post-page current-item\">Jos\u00e9 Ortiz de Z\u00e1rate Alufre<\/span><meta property=\"url\" content=\"https:\/\/www.esmuc.cat\/es\/servicios\/biblioteca-crai\/fondos-y-colecciones\/archivos-y-fondos-personales\/jose-ortiz-de-zarate-alufre\/\"><meta property=\"position\" content=\"6\"><\/span><\/div>\n\n\n\n<h1 class=\"wp-block-heading\">Jos\u00e9 Ortiz de Z\u00e1rate Alufre (Valencia, 04\/11\/1886-Barcelona, 14\/04\/1959)<\/h1>\n\n\n\n<div style=\"height:30px\" aria-hidden=\"true\" class=\"wp-block-spacer\"><\/div>\n\n\n\n<div id=\"section-g60659c\" class=\"wp-block-gutentor-e7 section-g60659c gutentor-element gutentor-element-list\"><ul class=\"grid-row gutentor-grid-item-wrap list-indicator-icon\"><li class=\"gutentor-list-item grid-lg-12 grid-md-12 grid-12\"><span class=\"gutentor-single-item gutentor-single-item-0\"><span class=\"gutentor-list-item-wrap g-s-list-wrap\"><span class=\"gutentor-single-list-item-icon\"><i class=\"list-item-icon fas fa-angle-right\"><\/i><\/span><span class=\"gutentor-list-item\"><p class=\"gutentor-single-item-title\"> <strong>Biografia <\/strong> <\/p><\/span><\/span><\/span><\/li><\/ul><\/div>\n\n\n\n<p>Director de orquesta, pianista y compositor. Cultiv\u00f3 especialmente la zarzuela y la m\u00fasica popular. Muy activo e implicado en la red social y musical de su \u00e9poca.<\/p>\n\n\n\n<p>Viaj\u00f3 por Espa\u00f1a al frente de orquestas y de diversas agrupaciones de m\u00fasicos instrumentistas y cantantes como la Compa\u00f1\u00eda Calvo de Rojas, Hermanos Velasco o Grande Compa\u00f1\u00eda L\u00edrica Espa\u00f1ola. Entre los a\u00f1os 1918 y 1929 viaj\u00f3 a Cuba y M\u00e9xico donde realiz\u00f3 varios conciertos y fue muy reconocido.<\/p>\n\n\n\n<p>Como compositor, adem\u00e1s de escribir obra propia arregl\u00f3, instrument\u00f3 y realiz\u00f3 reducciones de obras de otros autores como Jacinto Guerrero, Ramon Ferr\u00e9s y Pablo Soroz\u00e1bal.<\/p>\n\n\n\n<p>Durante la Guerra Civil (1936-1939) y la posguerra no se quiso declarar militante de ning\u00fan partido pol\u00edtico y, por tanto, fue considerado enemigo del r\u00e9gimen, marginado y apartado del mundo profesional. Para sobrevivir escrib\u00eda m\u00fasica que firmaban otros compositores amigos.<\/p>\n\n\n\n<div style=\"height:30px\" aria-hidden=\"true\" class=\"wp-block-spacer\"><\/div>\n\n\n\n<div id=\"section-g1be485\" class=\"wp-block-gutentor-e7 section-g1be485 gutentor-element gutentor-element-list\"><ul class=\"grid-row gutentor-grid-item-wrap list-indicator-icon\"><li class=\"gutentor-list-item grid-lg-12 grid-md-12 grid-12\"><span class=\"gutentor-single-item gutentor-single-item-0\"><span class=\"gutentor-list-item-wrap g-s-list-wrap\"><span class=\"gutentor-single-list-item-icon\"><i class=\"list-item-icon fas fa-angle-right\"><\/i><\/span><span class=\"gutentor-list-item\"><p class=\"gutentor-single-item-title\"> <strong>Inventario<\/strong><\/p><\/span><\/span><\/span><\/li><\/ul><\/div>\n\n\n\n<p>El fondo re\u00fane pr\u00e1cticamente todo el legado conservado por su \u00fanico hijo. Podemos encontrar partituras impresas y manuscritas compuestas por Ortiz de Z\u00e1rate y otros compositores de la \u00e9poca, libretos, libros, programas de mano, documentaci\u00f3n familiar y personal, correspondencia, carteles, recortes de prensa y numerosos retratos familiares.<\/p>\n\n\n\n<p>Desde el a\u00f1o 2005 forma parte de las colecciones de la Biblioteca de la Esmuc. Puede consultarse la descripci\u00f3n general del fondo a trav\u00e9s del cat\u00e1logo de la Biblioteca: <a href=\"http:\/\/catalegclassicbeg.cultura.gencat.cat\/record=b1515972~S70*cat.\">http:\/\/catalegclassicbeg.cultura.gencat.cat\/record=b1515972~S70*cat.<\/a><\/p>\n\n\n\n<p>Para la descripci\u00f3n detallada de todos los documentos se puede consultar el inventario:<\/p>\n\n\n\n<div id=\"section-g33fb87\" class=\"wp-block-gutentor-e2 section-g33fb87 gutentor-element gutentor-element-button\"><span class=\"gutentor-button-wrap\"><a class=\"gutentor-button gutentor-block-button gutentor-icon-hide\" href=\"\/wp-content\/uploads\/2021\/10\/Inventari-Donacio-Ortiz-de-Zarate-2005.pdf\"><i class=\"gutentor-button-icon fas fa-book\"><\/i><span>Inventario<\/span><\/a><\/span><\/div>\n<\/div>\n<\/div>\n","protected":false},"excerpt":{"rendered":"<p>Jos\u00e9 Ortiz de Z\u00e1rate Alufre (Valencia, 04\/11\/1886-Barcelona, 14\/04\/1959) Director de orquesta, pianista y compositor. Cultiv\u00f3 especialmente la zarzuela y la m\u00fasica popular. Muy activo e implicado en la red social y musical de su \u00e9poca. Viaj\u00f3 por Espa\u00f1a al frente de orquestas y de diversas agrupaciones de m\u00fasicos instrumentistas y cantantes como la Compa\u00f1\u00eda Calvo [&hellip;]<\/p>\n","protected":false},"author":5,"featured_media":0,"parent":41749,"menu_order":5,"comment_status":"closed","ping_status":"closed","template":"","meta":{"_acf_changed":false,"_themeisle_gutenberg_block_has_review":false,"footnotes":""},"categories":[1316],"tags":[1425,1426],"class_list":["post-41832","page","type-page","status-publish","hentry","category-biblioteca-crai-es","tag-donacions","tag-fons-personals"],"acf":[],"publishpress_future_action":{"enabled":false,"date":"2026-04-12 15:18:46","action":"change-status","newStatus":"draft","terms":[],"taxonomy":"category","extraData":[]},"publishpress_future_workflow_manual_trigger":{"enabledWorkflows":[]},"_links":{"self":[{"href":"https:\/\/www.esmuc.cat\/es\/wp-json\/wp\/v2\/pages\/41832","targetHints":{"allow":["GET"]}}],"collection":[{"href":"https:\/\/www.esmuc.cat\/es\/wp-json\/wp\/v2\/pages"}],"about":[{"href":"https:\/\/www.esmuc.cat\/es\/wp-json\/wp\/v2\/types\/page"}],"author":[{"embeddable":true,"href":"https:\/\/www.esmuc.cat\/es\/wp-json\/wp\/v2\/users\/5"}],"replies":[{"embeddable":true,"href":"https:\/\/www.esmuc.cat\/es\/wp-json\/wp\/v2\/comments?post=41832"}],"version-history":[{"count":2,"href":"https:\/\/www.esmuc.cat\/es\/wp-json\/wp\/v2\/pages\/41832\/revisions"}],"predecessor-version":[{"id":41844,"href":"https:\/\/www.esmuc.cat\/es\/wp-json\/wp\/v2\/pages\/41832\/revisions\/41844"}],"up":[{"embeddable":true,"href":"https:\/\/www.esmuc.cat\/es\/wp-json\/wp\/v2\/pages\/41749"}],"wp:attachment":[{"href":"https:\/\/www.esmuc.cat\/es\/wp-json\/wp\/v2\/media?parent=41832"}],"wp:term":[{"taxonomy":"category","embeddable":true,"href":"https:\/\/www.esmuc.cat\/es\/wp-json\/wp\/v2\/categories?post=41832"},{"taxonomy":"post_tag","embeddable":true,"href":"https:\/\/www.esmuc.cat\/es\/wp-json\/wp\/v2\/tags?post=41832"}],"curies":[{"name":"wp","href":"https:\/\/api.w.org\/{rel}","templated":true}]}}