{"id":41816,"date":"2021-10-11T13:19:43","date_gmt":"2021-10-11T11:19:43","guid":{"rendered":"https:\/\/www.esmuc.cat\/archivos-y-fondos-personales\/salvador-mas-conde\/"},"modified":"2022-05-13T15:15:51","modified_gmt":"2022-05-13T13:15:51","slug":"salvador-mas-conde","status":"publish","type":"page","link":"https:\/\/www.esmuc.cat\/es\/servicios\/biblioteca-crai\/fondos-y-colecciones\/archivos-y-fondos-personales\/salvador-mas-conde\/","title":{"rendered":"Salvador Mas Conde"},"content":{"rendered":"\n<div class=\"wp-block-columns is-layout-flex wp-container-core-columns-is-layout-9d6595d7 wp-block-columns-is-layout-flex\">\n<div class=\"wp-block-column esmuc__Menu_Masters is-layout-flow wp-block-column-is-layout-flow\" style=\"flex-basis:33.33%\">\n\n<\/div>\n\n\n\n<div class=\"wp-block-column is-layout-flow wp-block-column-is-layout-flow\" style=\"flex-basis:66.66%\"><div class=\"breadcrumbs align  wp-block-bcn-breadcrumb-trail has-text-color has-background\" vocab=\"https:\/\/schema.org\/\" typeof=\"BreadcrumbList\">\n\t<span><\/span>\n\t<span property=\"itemListElement\" typeof=\"ListItem\"><a property=\"item\" typeof=\"WebPage\" title=\"Ir a ESMUC.\" href=\"https:\/\/www.esmuc.cat\/es\/\" class=\"home\" ><span property=\"name\">ESMUC<\/span><\/a><meta property=\"position\" content=\"1\"><\/span> &gt; <span property=\"itemListElement\" typeof=\"ListItem\"><a property=\"item\" typeof=\"WebPage\" title=\"Ir a Servicios.\" href=\"https:\/\/www.esmuc.cat\/es\/servicios\/\" class=\"post post-page\" ><span property=\"name\">Servicios<\/span><\/a><meta property=\"position\" content=\"2\"><\/span> &gt; <span property=\"itemListElement\" typeof=\"ListItem\"><a property=\"item\" typeof=\"WebPage\" title=\"Ir a Biblioteca-CRAI de la ESMUC.\" href=\"https:\/\/www.esmuc.cat\/es\/servicios\/biblioteca-crai\/\" class=\"post post-page\" ><span property=\"name\">Biblioteca-CRAI de la ESMUC<\/span><\/a><meta property=\"position\" content=\"3\"><\/span> &gt; <span property=\"itemListElement\" typeof=\"ListItem\"><a property=\"item\" typeof=\"WebPage\" title=\"Ir a Fondos y coleciones.\" href=\"https:\/\/www.esmuc.cat\/es\/servicios\/biblioteca-crai\/fondos-y-colecciones\/\" class=\"post post-page\" ><span property=\"name\">Fondos y coleciones<\/span><\/a><meta property=\"position\" content=\"4\"><\/span> &gt; <span property=\"itemListElement\" typeof=\"ListItem\"><a property=\"item\" typeof=\"WebPage\" title=\"Ir a Archivos y fondos personales.\" href=\"https:\/\/www.esmuc.cat\/es\/servicios\/biblioteca-crai\/fondos-y-colecciones\/archivos-y-fondos-personales\/\" class=\"post post-page\" ><span property=\"name\">Archivos y fondos personales<\/span><\/a><meta property=\"position\" content=\"5\"><\/span> &gt; <span property=\"itemListElement\" typeof=\"ListItem\"><span property=\"name\" class=\"post post-page current-item\">Salvador Mas Conde<\/span><meta property=\"url\" content=\"https:\/\/www.esmuc.cat\/es\/servicios\/biblioteca-crai\/fondos-y-colecciones\/archivos-y-fondos-personales\/salvador-mas-conde\/\"><meta property=\"position\" content=\"6\"><\/span><\/div>\n\n\n\n<h1 class=\"wp-block-heading\">Salvador Mas Conde<\/h1>\n\n\n\n<div style=\"height:30px\" aria-hidden=\"true\" class=\"wp-block-spacer\"><\/div>\n\n\n\n<div id=\"section-gaea228\" class=\"wp-block-gutentor-e7 section-gaea228 gutentor-element gutentor-element-list\"><ul class=\"grid-row gutentor-grid-item-wrap list-indicator-icon\"><li class=\"gutentor-list-item grid-lg-12 grid-md-12 grid-12\"><span class=\"gutentor-single-item gutentor-single-item-0\"><span class=\"gutentor-list-item-wrap g-s-list-wrap\"><span class=\"gutentor-single-list-item-icon\"><i class=\"list-item-icon fas fa-angle-right\"><\/i><\/span><span class=\"gutentor-list-item\"><p class=\"gutentor-single-item-title\"> <strong>Biograf\u00eda<\/strong> <\/p><\/span><\/span><\/span><\/li><\/ul><\/div>\n\n\n\n<p>Naci\u00f3 en Barcelona y se form\u00f3 musicalmente en Montserrat, en el CSMM de Barcelona, \u200b\u200ben Salzburgo con Bruno Maderna, en Siena con Franco Ferrara, y graduado en la Escuela Superior de M\u00fasica y Arte Dram\u00e1tico de Viena, con H. Swarowsky y G. Theuring. Tambi\u00e9n realiz\u00f3 estudios de Filolog\u00eda Rom\u00e1nica en la UA de Barcelona.<\/p>\n\n\n\n<p>Galardonado por la FEV, por el Ministerio de Cultura Austr\u00edaco y en el Segundo Curso Internacional Hans Swarowsky de Directores de Orquesta en Viena.<\/p>\n\n\n\n<p>Ha sido director en la \u00d3pera de Maguncia, titular de la Orquesta Ciudad de Barcelona, \u200b\u200bdel Orfe\u00f3 Catal\u00e0, de la Orquesta Filarm\u00f3nica del W\u00fcrttemberg (Alemania), de la Orquesta Sinf\u00f3nica de Maastricht (Paisos Bajos), de la Orquesta Sinf\u00f3nica de D\u00fcsseldorf (Alemania) y de la Orquesta de C\u00e1mara de Israel, en Tel Aviv. Actualmente ldirige la Orquesta Ciudad de Granada, con quien ha actuado recientemente en Berl\u00edn en el Festival de Potsdam.<\/p>\n\n\n\n<p>Adem\u00e1s de dirigir en Espa\u00f1a, ha sido invitado a Alemania, Austria, B\u00e9lgica, Canad\u00e1, Estados Unidos, Israel, Jap\u00f3n, M\u00e9xico, Pa\u00edses Bajos, Polonia y peri\u00f3dicamente por las Orquestas de la Radio de Berl\u00edn, Leipzig, Saarbr\u00fccken, de los Pa\u00edses Bajos ypor la Filarm\u00f3nica de M\u00fanich.<\/p>\n\n\n\n<p>En el \u00e1mbito pedag\u00f3gico ha tenido a su cargo la clase de Direcci\u00f3n de Orquesta del Conservatori Superior Municipal de M\u00fasica de Barcelona y ha sido director de la Escola Superior de M\u00fasica de Catalunya. Actualmente es profesor de Direcci\u00f3n de Orquesta en Viena, en los Wiener Meisterkurse.<\/p>\n\n\n\n<div style=\"height:30px\" aria-hidden=\"true\" class=\"wp-block-spacer\"><\/div>\n\n\n\n<div id=\"section-ga4beeb\" class=\"wp-block-gutentor-e7 section-ga4beeb gutentor-element gutentor-element-list\"><ul class=\"grid-row gutentor-grid-item-wrap list-indicator-icon\"><li class=\"gutentor-list-item grid-lg-12 grid-md-12 grid-12\"><span class=\"gutentor-single-item gutentor-single-item-0\"><span class=\"gutentor-list-item-wrap g-s-list-wrap\"><span class=\"gutentor-single-list-item-icon\"><i class=\"list-item-icon fas fa-angle-right\"><\/i><\/span><span class=\"gutentor-list-item\"><p class=\"gutentor-single-item-title\"> <strong>Inventario<\/strong> <\/p><\/span><\/span><\/span><\/li><\/ul><\/div>\n\n\n\n<p>La donaci\u00f3n est\u00e1 formada por 585 discos de vinilo. Desde el a\u00f1o 2007 forma parte de las colecciones de la Biblioteca de la ESMUC. El fondo no est\u00e1 catalogado pero puede consultarse el inventario:<\/p>\n\n\n\n<div id=\"section-g17af02\" class=\"wp-block-gutentor-e2 section-g17af02 gutentor-element gutentor-element-button\"><span class=\"gutentor-button-wrap\"><a class=\"gutentor-button gutentor-block-button gutentor-icon-hide\" href=\"\/wp-content\/uploads\/2021\/10\/Salvador-Mas-Conde-inventari-per-a-contracte.pdf\"><i class=\"gutentor-button-icon fas fa-book\"><\/i><span>Inventario<\/span><\/a><\/span><\/div>\n<\/div>\n<\/div>\n","protected":false},"excerpt":{"rendered":"<p>Salvador Mas Conde Naci\u00f3 en Barcelona y se form\u00f3 musicalmente en Montserrat, en el CSMM de Barcelona, \u200b\u200ben Salzburgo con Bruno Maderna, en Siena con Franco Ferrara, y graduado en la Escuela Superior de M\u00fasica y Arte Dram\u00e1tico de Viena, con H. Swarowsky y G. Theuring. Tambi\u00e9n realiz\u00f3 estudios de Filolog\u00eda Rom\u00e1nica en la UA [&hellip;]<\/p>\n","protected":false},"author":5,"featured_media":0,"parent":41749,"menu_order":5,"comment_status":"closed","ping_status":"closed","template":"","meta":{"_acf_changed":false,"_themeisle_gutenberg_block_has_review":false,"footnotes":""},"categories":[1316],"tags":[1425,1426],"class_list":["post-41816","page","type-page","status-publish","hentry","category-biblioteca-crai-es","tag-donacions","tag-fons-personals"],"acf":[],"publishpress_future_action":{"enabled":false,"date":"2026-05-02 16:13:13","action":"change-status","newStatus":"draft","terms":[],"taxonomy":"category","extraData":[]},"publishpress_future_workflow_manual_trigger":{"enabledWorkflows":[]},"_links":{"self":[{"href":"https:\/\/www.esmuc.cat\/es\/wp-json\/wp\/v2\/pages\/41816","targetHints":{"allow":["GET"]}}],"collection":[{"href":"https:\/\/www.esmuc.cat\/es\/wp-json\/wp\/v2\/pages"}],"about":[{"href":"https:\/\/www.esmuc.cat\/es\/wp-json\/wp\/v2\/types\/page"}],"author":[{"embeddable":true,"href":"https:\/\/www.esmuc.cat\/es\/wp-json\/wp\/v2\/users\/5"}],"replies":[{"embeddable":true,"href":"https:\/\/www.esmuc.cat\/es\/wp-json\/wp\/v2\/comments?post=41816"}],"version-history":[{"count":3,"href":"https:\/\/www.esmuc.cat\/es\/wp-json\/wp\/v2\/pages\/41816\/revisions"}],"predecessor-version":[{"id":41829,"href":"https:\/\/www.esmuc.cat\/es\/wp-json\/wp\/v2\/pages\/41816\/revisions\/41829"}],"up":[{"embeddable":true,"href":"https:\/\/www.esmuc.cat\/es\/wp-json\/wp\/v2\/pages\/41749"}],"wp:attachment":[{"href":"https:\/\/www.esmuc.cat\/es\/wp-json\/wp\/v2\/media?parent=41816"}],"wp:term":[{"taxonomy":"category","embeddable":true,"href":"https:\/\/www.esmuc.cat\/es\/wp-json\/wp\/v2\/categories?post=41816"},{"taxonomy":"post_tag","embeddable":true,"href":"https:\/\/www.esmuc.cat\/es\/wp-json\/wp\/v2\/tags?post=41816"}],"curies":[{"name":"wp","href":"https:\/\/api.w.org\/{rel}","templated":true}]}}