{"id":41780,"date":"2021-10-11T13:13:06","date_gmt":"2021-10-11T11:13:06","guid":{"rendered":"https:\/\/www.esmuc.cat\/archivos-y-fondos-personales\/miquel-gaspa-bertran\/"},"modified":"2022-05-13T15:16:20","modified_gmt":"2022-05-13T13:16:20","slug":"miquel-gaspa-bertran","status":"publish","type":"page","link":"https:\/\/www.esmuc.cat\/es\/servicios\/biblioteca-crai\/fondos-y-colecciones\/archivos-y-fondos-personales\/miquel-gaspa-bertran\/","title":{"rendered":"Miquel Gasp\u00e0 Bertran"},"content":{"rendered":"\n<div class=\"wp-block-columns is-layout-flex wp-container-core-columns-is-layout-9d6595d7 wp-block-columns-is-layout-flex\">\n<div class=\"wp-block-column esmuc__Menu_Masters is-layout-flow wp-block-column-is-layout-flow\" style=\"flex-basis:33.33%\">\n\n<\/div>\n\n\n\n<div class=\"wp-block-column is-layout-flow wp-block-column-is-layout-flow\" style=\"flex-basis:66.66%\"><div class=\"breadcrumbs align  wp-block-bcn-breadcrumb-trail has-text-color has-background\" vocab=\"https:\/\/schema.org\/\" typeof=\"BreadcrumbList\">\n\t<span><\/span>\n\t<span property=\"itemListElement\" typeof=\"ListItem\"><a property=\"item\" typeof=\"WebPage\" title=\"Ir a ESMUC.\" href=\"https:\/\/www.esmuc.cat\/es\/\" class=\"home\" ><span property=\"name\">ESMUC<\/span><\/a><meta property=\"position\" content=\"1\"><\/span> &gt; <span property=\"itemListElement\" typeof=\"ListItem\"><a property=\"item\" typeof=\"WebPage\" title=\"Ir a Servicios.\" href=\"https:\/\/www.esmuc.cat\/es\/servicios\/\" class=\"post post-page\" ><span property=\"name\">Servicios<\/span><\/a><meta property=\"position\" content=\"2\"><\/span> &gt; <span property=\"itemListElement\" typeof=\"ListItem\"><a property=\"item\" typeof=\"WebPage\" title=\"Ir a Biblioteca-CRAI de la ESMUC.\" href=\"https:\/\/www.esmuc.cat\/es\/servicios\/biblioteca-crai\/\" class=\"post post-page\" ><span property=\"name\">Biblioteca-CRAI de la ESMUC<\/span><\/a><meta property=\"position\" content=\"3\"><\/span> &gt; <span property=\"itemListElement\" typeof=\"ListItem\"><a property=\"item\" typeof=\"WebPage\" title=\"Ir a Fondos y coleciones.\" href=\"https:\/\/www.esmuc.cat\/es\/servicios\/biblioteca-crai\/fondos-y-colecciones\/\" class=\"post post-page\" ><span property=\"name\">Fondos y coleciones<\/span><\/a><meta property=\"position\" content=\"4\"><\/span> &gt; <span property=\"itemListElement\" typeof=\"ListItem\"><a property=\"item\" typeof=\"WebPage\" title=\"Ir a Archivos y fondos personales.\" href=\"https:\/\/www.esmuc.cat\/es\/servicios\/biblioteca-crai\/fondos-y-colecciones\/archivos-y-fondos-personales\/\" class=\"post post-page\" ><span property=\"name\">Archivos y fondos personales<\/span><\/a><meta property=\"position\" content=\"5\"><\/span> &gt; <span property=\"itemListElement\" typeof=\"ListItem\"><span property=\"name\" class=\"post post-page current-item\">Miquel Gasp\u00e0 Bertran<\/span><meta property=\"url\" content=\"https:\/\/www.esmuc.cat\/es\/servicios\/biblioteca-crai\/fondos-y-colecciones\/archivos-y-fondos-personales\/miquel-gaspa-bertran\/\"><meta property=\"position\" content=\"6\"><\/span><\/div>\n\n\n\n<h1 class=\"wp-block-heading\" id=\"miquel-gaspa-bertran\">Miquel Gasp\u00e0 Bertran<\/h1>\n\n\n\n<div style=\"height:30px\" aria-hidden=\"true\" class=\"wp-block-spacer\"><\/div>\n\n\n\n<div id=\"section-g48366a\" class=\"wp-block-gutentor-e7 section-g48366a gutentor-element gutentor-element-list\"><ul class=\"grid-row gutentor-grid-item-wrap list-indicator-icon\"><li class=\"gutentor-list-item grid-lg-12 grid-md-12 grid-12\"><span class=\"gutentor-single-item gutentor-single-item-0\"><span class=\"gutentor-list-item-wrap g-s-list-wrap\"><span class=\"gutentor-single-list-item-icon\"><i class=\"list-item-icon fas fa-angle-right\"><\/i><\/span><span class=\"gutentor-list-item\"><p class=\"gutentor-single-item-title\"> <strong>Biograf\u00eda<\/strong> <\/p><\/span><\/span><\/span><\/li><\/ul><\/div>\n\n\n\n<p>Miquel Gasp\u00e0 i Bertran, clarinetista, y cofundador del Trio B\u00e1rtok, conjunt musical dedicado a la m\u00fasica de cambra.<\/p>\n\n\n\n<div id=\"section-g3e2d7b\" class=\"wp-block-gutentor-e7 section-g3e2d7b gutentor-element gutentor-element-list\"><ul class=\"grid-row gutentor-grid-item-wrap list-indicator-icon\"><li class=\"gutentor-list-item grid-lg-12 grid-md-12 grid-12\"><span class=\"gutentor-single-item gutentor-single-item-0\"><span class=\"gutentor-list-item-wrap g-s-list-wrap\"><span class=\"gutentor-single-list-item-icon\"><i class=\"list-item-icon fas fa-angle-right\"><\/i><\/span><span class=\"gutentor-list-item\"><p class=\"gutentor-single-item-title\"> <strong>Inventario<\/strong> <\/p><\/span><\/span><\/span><\/li><\/ul><\/div>\n\n\n\n<p>La donaci\u00f3n est\u00e1n formada por 450 partituras de clarinete. Desde el a\u00f1o 2010 forma parte de las colecciones de la Biblioteca de la ESMUC. El fondo no est\u00e1 catalogado pero puede consultarse el inventario:<\/p>\n\n\n\n<div id=\"section-gb9cd27\" class=\"wp-block-gutentor-e2 section-gb9cd27 gutentor-element gutentor-element-button\"><span class=\"gutentor-button-wrap\"><a class=\"gutentor-button gutentor-block-button gutentor-icon-hide\" href=\"https:\/\/www.esmuc.cat\/wp-content\/uploads\/2021\/11\/inventari-Miquel-Gaspa.xls\"><i class=\"gutentor-button-icon fas fa-book\"><\/i><span>Inventari<\/span><\/a><\/span><\/div>\n<\/div>\n<\/div>\n","protected":false},"excerpt":{"rendered":"<p>Miquel Gasp\u00e0 Bertran Miquel Gasp\u00e0 i Bertran, clarinetista, y cofundador del Trio B\u00e1rtok, conjunt musical dedicado a la m\u00fasica de cambra. La donaci\u00f3n est\u00e1n formada por 450 partituras de clarinete. Desde el a\u00f1o 2010 forma parte de las colecciones de la Biblioteca de la ESMUC. El fondo no est\u00e1 catalogado pero puede consultarse el inventario:<\/p>\n","protected":false},"author":5,"featured_media":0,"parent":41749,"menu_order":5,"comment_status":"closed","ping_status":"closed","template":"","meta":{"_acf_changed":false,"_themeisle_gutenberg_block_has_review":false,"footnotes":""},"categories":[1316],"tags":[1403,1404],"class_list":["post-41780","page","type-page","status-publish","hentry","category-biblioteca-crai-es","tag-donaciones","tag-fondos-personales"],"acf":[],"publishpress_future_action":{"enabled":false,"date":"2026-04-16 10:20:59","action":"change-status","newStatus":"draft","terms":[],"taxonomy":"category","extraData":[]},"publishpress_future_workflow_manual_trigger":{"enabledWorkflows":[]},"_links":{"self":[{"href":"https:\/\/www.esmuc.cat\/es\/wp-json\/wp\/v2\/pages\/41780","targetHints":{"allow":["GET"]}}],"collection":[{"href":"https:\/\/www.esmuc.cat\/es\/wp-json\/wp\/v2\/pages"}],"about":[{"href":"https:\/\/www.esmuc.cat\/es\/wp-json\/wp\/v2\/types\/page"}],"author":[{"embeddable":true,"href":"https:\/\/www.esmuc.cat\/es\/wp-json\/wp\/v2\/users\/5"}],"replies":[{"embeddable":true,"href":"https:\/\/www.esmuc.cat\/es\/wp-json\/wp\/v2\/comments?post=41780"}],"version-history":[{"count":2,"href":"https:\/\/www.esmuc.cat\/es\/wp-json\/wp\/v2\/pages\/41780\/revisions"}],"predecessor-version":[{"id":41788,"href":"https:\/\/www.esmuc.cat\/es\/wp-json\/wp\/v2\/pages\/41780\/revisions\/41788"}],"up":[{"embeddable":true,"href":"https:\/\/www.esmuc.cat\/es\/wp-json\/wp\/v2\/pages\/41749"}],"wp:attachment":[{"href":"https:\/\/www.esmuc.cat\/es\/wp-json\/wp\/v2\/media?parent=41780"}],"wp:term":[{"taxonomy":"category","embeddable":true,"href":"https:\/\/www.esmuc.cat\/es\/wp-json\/wp\/v2\/categories?post=41780"},{"taxonomy":"post_tag","embeddable":true,"href":"https:\/\/www.esmuc.cat\/es\/wp-json\/wp\/v2\/tags?post=41780"}],"curies":[{"name":"wp","href":"https:\/\/api.w.org\/{rel}","templated":true}]}}