{"id":41529,"date":"2021-10-11T13:06:30","date_gmt":"2021-10-11T11:06:30","guid":{"rendered":"https:\/\/www.esmuc.cat\/nuria-i-immaculada-figueras-anmella\/"},"modified":"2022-05-13T15:17:25","modified_gmt":"2022-05-13T13:17:25","slug":"nuria-i-immaculada-figueras-anmella","status":"publish","type":"page","link":"https:\/\/www.esmuc.cat\/es\/servicios\/biblioteca-crai\/fondos-y-colecciones\/archivos-y-fondos-personales\/nuria-i-immaculada-figueras-anmella\/","title":{"rendered":"N\u00faria i Immaculada Figueras Anmella"},"content":{"rendered":"\n<div class=\"wp-block-columns is-layout-flex wp-container-core-columns-is-layout-9d6595d7 wp-block-columns-is-layout-flex\">\n<div class=\"wp-block-column esmuc__Menu_Masters is-layout-flow wp-block-column-is-layout-flow\" style=\"flex-basis:33.33%\">\n\n<\/div>\n\n\n\n<div class=\"wp-block-column is-layout-flow wp-block-column-is-layout-flow\" style=\"flex-basis:66.66%\"><div class=\"breadcrumbs align  wp-block-bcn-breadcrumb-trail has-text-color has-background\" vocab=\"https:\/\/schema.org\/\" typeof=\"BreadcrumbList\">\n\t<span><\/span>\n\t<span property=\"itemListElement\" typeof=\"ListItem\"><a property=\"item\" typeof=\"WebPage\" title=\"Ir a ESMUC.\" href=\"https:\/\/www.esmuc.cat\/es\/\" class=\"home\" ><span property=\"name\">ESMUC<\/span><\/a><meta property=\"position\" content=\"1\"><\/span> &gt; <span property=\"itemListElement\" typeof=\"ListItem\"><a property=\"item\" typeof=\"WebPage\" title=\"Ir a Servicios.\" href=\"https:\/\/www.esmuc.cat\/es\/servicios\/\" class=\"post post-page\" ><span property=\"name\">Servicios<\/span><\/a><meta property=\"position\" content=\"2\"><\/span> &gt; <span property=\"itemListElement\" typeof=\"ListItem\"><a property=\"item\" typeof=\"WebPage\" title=\"Ir a Biblioteca-CRAI de la ESMUC.\" href=\"https:\/\/www.esmuc.cat\/es\/servicios\/biblioteca-crai\/\" class=\"post post-page\" ><span property=\"name\">Biblioteca-CRAI de la ESMUC<\/span><\/a><meta property=\"position\" content=\"3\"><\/span> &gt; <span property=\"itemListElement\" typeof=\"ListItem\"><a property=\"item\" typeof=\"WebPage\" title=\"Ir a Fondos y coleciones.\" href=\"https:\/\/www.esmuc.cat\/es\/servicios\/biblioteca-crai\/fondos-y-colecciones\/\" class=\"post post-page\" ><span property=\"name\">Fondos y coleciones<\/span><\/a><meta property=\"position\" content=\"4\"><\/span> &gt; <span property=\"itemListElement\" typeof=\"ListItem\"><a property=\"item\" typeof=\"WebPage\" title=\"Ir a Archivos y fondos personales.\" href=\"https:\/\/www.esmuc.cat\/es\/servicios\/biblioteca-crai\/fondos-y-colecciones\/archivos-y-fondos-personales\/\" class=\"post post-page\" ><span property=\"name\">Archivos y fondos personales<\/span><\/a><meta property=\"position\" content=\"5\"><\/span> &gt; <span property=\"itemListElement\" typeof=\"ListItem\"><span property=\"name\" class=\"post post-page current-item\">N\u00faria i Immaculada Figueras Anmella<\/span><meta property=\"url\" content=\"https:\/\/www.esmuc.cat\/es\/servicios\/biblioteca-crai\/fondos-y-colecciones\/archivos-y-fondos-personales\/nuria-i-immaculada-figueras-anmella\/\"><meta property=\"position\" content=\"6\"><\/span><\/div>\n\n\n\n<h1 class=\"wp-block-heading\">N\u00faria i Immaculada Figueras Anmella<\/h1>\n\n\n\n<div style=\"height:30px\" aria-hidden=\"true\" class=\"wp-block-spacer\"><\/div>\n\n\n\n<div id=\"section-g713cd7\" class=\"wp-block-gutentor-e7 section-g713cd7 gutentor-element gutentor-element-list\"><ul class=\"grid-row gutentor-grid-item-wrap list-indicator-icon\"><li class=\"gutentor-list-item grid-lg-12 grid-md-12 grid-12\"><span class=\"gutentor-single-item gutentor-single-item-0\"><span class=\"gutentor-list-item-wrap g-s-list-wrap\"><span class=\"gutentor-single-list-item-icon\"><i class=\"list-item-icon fas fa-angle-right\"><\/i><\/span><span class=\"gutentor-list-item\"><p class=\"gutentor-single-item-title\"> <strong>Inventario<\/strong> <\/p><\/span><\/span><\/span><\/li><\/ul><\/div>\n\n\n\n<p>La donaci\u00f3n est\u00e1 formada por 606 partituras impresas, 1 postal y 9 n\u00fameros de revista. Las partituras son mayoritariamente de flauta y eran utilizadas por la hermana de las donantes, Merc\u00e8 Figueras Anmella, para la realizaci\u00f3n de sus clases. Desde el a\u00f1o 2004 forma parte de las colecciones de la Biblioteca ESMUC. El fondo no est\u00e1 catalogado pero puede consultarse el inventario:<\/p>\n\n\n\n<div id=\"section-gc57895\" class=\"wp-block-gutentor-e2 section-gc57895 gutentor-element gutentor-element-button\"><span class=\"gutentor-button-wrap\"><a class=\"gutentor-button gutentor-block-button gutentor-icon-hide\" href=\"\/wp-content\/uploads\/2021\/10\/Inventari-donacio-Nuria-i-Immaculada-Figueras-Anmella.pdf\"><i class=\"gutentor-button-icon fas fa-book\"><\/i><span>Inventario<\/span><\/a><\/span><\/div>\n<\/div>\n<\/div>\n","protected":false},"excerpt":{"rendered":"<p>N\u00faria i Immaculada Figueras Anmella La donaci\u00f3n est\u00e1 formada por 606 partituras impresas, 1 postal y 9 n\u00fameros de revista. Las partituras son mayoritariamente de flauta y eran utilizadas por la hermana de las donantes, Merc\u00e8 Figueras Anmella, para la realizaci\u00f3n de sus clases. Desde el a\u00f1o 2004 forma parte de las colecciones de la [&hellip;]<\/p>\n","protected":false},"author":5,"featured_media":0,"parent":41749,"menu_order":5,"comment_status":"closed","ping_status":"closed","template":"","meta":{"_acf_changed":false,"_themeisle_gutenberg_block_has_review":false,"footnotes":""},"categories":[1316],"tags":[1425,1426],"class_list":["post-41529","page","type-page","status-publish","hentry","category-biblioteca-crai-es","tag-donacions","tag-fons-personals"],"acf":[],"publishpress_future_action":{"enabled":false,"date":"2026-05-02 15:43:41","action":"change-status","newStatus":"draft","terms":[],"taxonomy":"category","extraData":[]},"publishpress_future_workflow_manual_trigger":{"enabledWorkflows":[]},"_links":{"self":[{"href":"https:\/\/www.esmuc.cat\/es\/wp-json\/wp\/v2\/pages\/41529","targetHints":{"allow":["GET"]}}],"collection":[{"href":"https:\/\/www.esmuc.cat\/es\/wp-json\/wp\/v2\/pages"}],"about":[{"href":"https:\/\/www.esmuc.cat\/es\/wp-json\/wp\/v2\/types\/page"}],"author":[{"embeddable":true,"href":"https:\/\/www.esmuc.cat\/es\/wp-json\/wp\/v2\/users\/5"}],"replies":[{"embeddable":true,"href":"https:\/\/www.esmuc.cat\/es\/wp-json\/wp\/v2\/comments?post=41529"}],"version-history":[{"count":3,"href":"https:\/\/www.esmuc.cat\/es\/wp-json\/wp\/v2\/pages\/41529\/revisions"}],"predecessor-version":[{"id":41541,"href":"https:\/\/www.esmuc.cat\/es\/wp-json\/wp\/v2\/pages\/41529\/revisions\/41541"}],"up":[{"embeddable":true,"href":"https:\/\/www.esmuc.cat\/es\/wp-json\/wp\/v2\/pages\/41749"}],"wp:attachment":[{"href":"https:\/\/www.esmuc.cat\/es\/wp-json\/wp\/v2\/media?parent=41529"}],"wp:term":[{"taxonomy":"category","embeddable":true,"href":"https:\/\/www.esmuc.cat\/es\/wp-json\/wp\/v2\/categories?post=41529"},{"taxonomy":"post_tag","embeddable":true,"href":"https:\/\/www.esmuc.cat\/es\/wp-json\/wp\/v2\/tags?post=41529"}],"curies":[{"name":"wp","href":"https:\/\/api.w.org\/{rel}","templated":true}]}}