{"id":41509,"date":"2021-10-11T12:59:37","date_gmt":"2021-10-11T10:59:37","guid":{"rendered":"https:\/\/www.esmuc.cat\/francesc-farre\/"},"modified":"2022-05-13T15:18:00","modified_gmt":"2022-05-13T13:18:00","slug":"francesc-farre","status":"publish","type":"page","link":"https:\/\/www.esmuc.cat\/es\/servicios\/biblioteca-crai\/fondos-y-colecciones\/archivos-y-fondos-personales\/francesc-farre\/","title":{"rendered":"Francesc Farr\u00e9"},"content":{"rendered":"\n<div class=\"wp-block-columns is-layout-flex wp-container-core-columns-is-layout-9d6595d7 wp-block-columns-is-layout-flex\">\n<div class=\"wp-block-column esmuc__Menu_Masters is-layout-flow wp-block-column-is-layout-flow\" style=\"flex-basis:33.33%\">\n\n<\/div>\n\n\n\n<div class=\"wp-block-column is-layout-flow wp-block-column-is-layout-flow\" style=\"flex-basis:66.66%\"><div class=\"breadcrumbs align  wp-block-bcn-breadcrumb-trail has-text-color has-background\" vocab=\"https:\/\/schema.org\/\" typeof=\"BreadcrumbList\">\n\t<span><\/span>\n\t<span property=\"itemListElement\" typeof=\"ListItem\"><a property=\"item\" typeof=\"WebPage\" title=\"Ir a ESMUC.\" href=\"https:\/\/www.esmuc.cat\/es\/\" class=\"home\" ><span property=\"name\">ESMUC<\/span><\/a><meta property=\"position\" content=\"1\"><\/span> &gt; <span property=\"itemListElement\" typeof=\"ListItem\"><a property=\"item\" typeof=\"WebPage\" title=\"Ir a Servicios.\" href=\"https:\/\/www.esmuc.cat\/es\/servicios\/\" class=\"post post-page\" ><span property=\"name\">Servicios<\/span><\/a><meta property=\"position\" content=\"2\"><\/span> &gt; <span property=\"itemListElement\" typeof=\"ListItem\"><a property=\"item\" typeof=\"WebPage\" title=\"Ir a Biblioteca-CRAI de la ESMUC.\" href=\"https:\/\/www.esmuc.cat\/es\/servicios\/biblioteca-crai\/\" class=\"post post-page\" ><span property=\"name\">Biblioteca-CRAI de la ESMUC<\/span><\/a><meta property=\"position\" content=\"3\"><\/span> &gt; <span property=\"itemListElement\" typeof=\"ListItem\"><a property=\"item\" typeof=\"WebPage\" title=\"Ir a Fondos y coleciones.\" href=\"https:\/\/www.esmuc.cat\/es\/servicios\/biblioteca-crai\/fondos-y-colecciones\/\" class=\"post post-page\" ><span property=\"name\">Fondos y coleciones<\/span><\/a><meta property=\"position\" content=\"4\"><\/span> &gt; <span property=\"itemListElement\" typeof=\"ListItem\"><a property=\"item\" typeof=\"WebPage\" title=\"Ir a Archivos y fondos personales.\" href=\"https:\/\/www.esmuc.cat\/es\/servicios\/biblioteca-crai\/fondos-y-colecciones\/archivos-y-fondos-personales\/\" class=\"post post-page\" ><span property=\"name\">Archivos y fondos personales<\/span><\/a><meta property=\"position\" content=\"5\"><\/span> &gt; <span property=\"itemListElement\" typeof=\"ListItem\"><span property=\"name\" class=\"post post-page current-item\">Francesc Farr\u00e9<\/span><meta property=\"url\" content=\"https:\/\/www.esmuc.cat\/es\/servicios\/biblioteca-crai\/fondos-y-colecciones\/archivos-y-fondos-personales\/francesc-farre\/\"><meta property=\"position\" content=\"6\"><\/span><\/div>\n\n\n\n<h1 class=\"wp-block-heading\">Francesc Farr\u00e9 (Barcelona, 1893-1982)<\/h1>\n\n\n\n<div style=\"height:30px\" aria-hidden=\"true\" class=\"wp-block-spacer\"><\/div>\n\n\n\n<div id=\"section-g56042e\" class=\"wp-block-gutentor-e7 section-g56042e gutentor-element gutentor-element-list\"><ul class=\"grid-row gutentor-grid-item-wrap list-indicator-icon\"><li class=\"gutentor-list-item grid-lg-12 grid-md-12 grid-12\"><span class=\"gutentor-single-item gutentor-single-item-0\"><span class=\"gutentor-list-item-wrap g-s-list-wrap\"><span class=\"gutentor-single-list-item-icon\"><i class=\"list-item-icon fas fa-angle-right\"><\/i><\/span><span class=\"gutentor-list-item\"><p class=\"gutentor-single-item-title\"> <strong>Biograf\u00eda<\/strong> <\/p><\/span><\/span><\/span><\/li><\/ul><\/div>\n\n\n\n<p>Francesc Farr\u00e9 i Par\u00eds (Barcelona 1893-1982), hijo de una familia humilde originaria de las comarcas de Lleida, estudi\u00f3 viol\u00edn en la Escola Municipal de M\u00fasica de Barcelona y con profesores particulares. A partir del a\u00f1o 1915 y durante buena parte de la d\u00e9cada de los a\u00f1os 20, form\u00f3 parte de un cuarteto de cuerda (del cual no se conserva el nombre) y realiz\u00f3 conciertos por Catalu\u00f1a y en el resto del Estado Espa\u00f1ol. Paralelamente y durante su adolescencia curs\u00f3 estudios de escultura en la Escola de Llotja de Barcelona. Su hermano mayor, Anton Farr\u00e9 i Par\u00eds, dibujante, pintor y tambi\u00e9n alumno de la Llotja, es conocido por su colaboraci\u00f3n como caricaturista en revistas como L&#8217;Esquella de la Torratxa y Papitu, restaurador de obras de arte y cr\u00edtico-corresponsal en The Studio.<\/p>\n\n\n\n<p>Francesc Farr\u00e9, hombre de intereses diversos, abandon\u00f3 el mundo de la m\u00fasica a nivel profesional a mediados de los a\u00f1os 20 y fund\u00f3 un negocio vinculado al asesoramiento y venta de material para la clasificaci\u00f3n de archivos de empresas y bibliotecas. Su empresa, Gerfa, fue muy conocida en Barcelona y sigui\u00f3 su labor, en manos de dos generaciones posteriores, hasta su cierre, en 2004.<\/p>\n\n\n\n<p>Farr\u00e9, sin embargo, nunca se desvincul\u00f3 del mundo de la m\u00fasica. Mel\u00f3mano apasionado, conserv\u00f3 dentro de su c\u00edrculo m\u00e1s \u00edntimo de amistades a m\u00fasicos de renombre como Frederic Mompou y Josep Ricart Matas, con los que se reun\u00eda semanalmente en cenas y tertulias donde tambi\u00e9n asist\u00edan profesores del Conservatorio como los maestros Carles Pellicer, Joan Dotras Villa, Joan Pich Santasusana o Joan Gibert Camins. Esta relaci\u00f3n de amistad sigui\u00f3 hasta, pr\u00e1cticamente, su muerte.<\/p>\n\n\n\n<p>Durante su vida mostr\u00f3 otros intereses, como la afici\u00f3n a la pesca con cuya pr\u00e1ctica logr\u00f3 varios galardones. Fue tambi\u00e9n un bibli\u00f3filo impenitente y dej\u00f3 a su muerte una importante biblioteca con ejemplares valiosos sobre todo vinculados a la historia de la ciudad de Barcelona. Muri\u00f3 el 24 de abril de 1982.<\/p>\n\n\n\n<p><\/p>\n\n\n\n<div style=\"height:30px\" aria-hidden=\"true\" class=\"wp-block-spacer\"><\/div>\n\n\n\n<div id=\"section-g738729\" class=\"wp-block-gutentor-e7 section-g738729 gutentor-element gutentor-element-list\"><ul class=\"grid-row gutentor-grid-item-wrap list-indicator-icon\"><li class=\"gutentor-list-item grid-lg-12 grid-md-12 grid-12\"><span class=\"gutentor-single-item gutentor-single-item-0\"><span class=\"gutentor-list-item-wrap g-s-list-wrap\"><span class=\"gutentor-single-list-item-icon\"><i class=\"list-item-icon fas fa-angle-right\"><\/i><\/span><span class=\"gutentor-list-item\"><p class=\"gutentor-single-item-title\"> <strong>Inventario<\/strong> <\/p><\/span><\/span><\/span><\/li><\/ul><\/div>\n\n\n\n<p>La donaci\u00f3n est\u00e1 formada por 16 partituras manuscritas y 260 partituras impresas de breves piezas musicales de distintos pa\u00edses del mundo. En 2010 Raimon Casademunt, sobrino de Francesc Farr\u00e9, fue el encargado de efectuar la donaci\u00f3n de este fondo a la Biblioteca ESMUC. El fondo no est\u00e1 catalogado pero puede consultarse el inventario:<\/p>\n\n\n\n<div id=\"section-gbd0b16\" class=\"wp-block-gutentor-e2 section-gbd0b16 gutentor-element gutentor-element-button\"><span class=\"gutentor-button-wrap\"><a class=\"gutentor-button gutentor-block-button gutentor-icon-hide\" href=\"https:\/\/www.esmuc.cat\/wp-content\/uploads\/2021\/11\/inventari-Francesc-Farre.pdf\"><i class=\"gutentor-button-icon fas fa-book\"><\/i><span>Inventario<\/span><\/a><\/span><\/div>\n<\/div>\n<\/div>\n\n\n","protected":false},"excerpt":{"rendered":"<p>Francesc Farr\u00e9 (Barcelona, 1893-1982) Francesc Farr\u00e9 i Par\u00eds (Barcelona 1893-1982), hijo de una familia humilde originaria de las comarcas de Lleida, estudi\u00f3 viol\u00edn en la Escola Municipal de M\u00fasica de Barcelona y con profesores particulares. A partir del a\u00f1o 1915 y durante buena parte de la d\u00e9cada de los a\u00f1os 20, form\u00f3 parte de un [&hellip;]<\/p>\n","protected":false},"author":5,"featured_media":0,"parent":41749,"menu_order":5,"comment_status":"closed","ping_status":"closed","template":"","meta":{"_acf_changed":false,"_themeisle_gutenberg_block_has_review":false,"footnotes":""},"categories":[1316],"tags":[1425,1426],"class_list":["post-41509","page","type-page","status-publish","hentry","category-biblioteca-crai-es","tag-donacions","tag-fons-personals"],"acf":[],"publishpress_future_action":{"enabled":false,"date":"2026-04-16 10:18:00","action":"change-status","newStatus":"draft","terms":[],"taxonomy":"category","extraData":[]},"publishpress_future_workflow_manual_trigger":{"enabledWorkflows":[]},"_links":{"self":[{"href":"https:\/\/www.esmuc.cat\/es\/wp-json\/wp\/v2\/pages\/41509","targetHints":{"allow":["GET"]}}],"collection":[{"href":"https:\/\/www.esmuc.cat\/es\/wp-json\/wp\/v2\/pages"}],"about":[{"href":"https:\/\/www.esmuc.cat\/es\/wp-json\/wp\/v2\/types\/page"}],"author":[{"embeddable":true,"href":"https:\/\/www.esmuc.cat\/es\/wp-json\/wp\/v2\/users\/5"}],"replies":[{"embeddable":true,"href":"https:\/\/www.esmuc.cat\/es\/wp-json\/wp\/v2\/comments?post=41509"}],"version-history":[{"count":2,"href":"https:\/\/www.esmuc.cat\/es\/wp-json\/wp\/v2\/pages\/41509\/revisions"}],"predecessor-version":[{"id":41527,"href":"https:\/\/www.esmuc.cat\/es\/wp-json\/wp\/v2\/pages\/41509\/revisions\/41527"}],"up":[{"embeddable":true,"href":"https:\/\/www.esmuc.cat\/es\/wp-json\/wp\/v2\/pages\/41749"}],"wp:attachment":[{"href":"https:\/\/www.esmuc.cat\/es\/wp-json\/wp\/v2\/media?parent=41509"}],"wp:term":[{"taxonomy":"category","embeddable":true,"href":"https:\/\/www.esmuc.cat\/es\/wp-json\/wp\/v2\/categories?post=41509"},{"taxonomy":"post_tag","embeddable":true,"href":"https:\/\/www.esmuc.cat\/es\/wp-json\/wp\/v2\/tags?post=41509"}],"curies":[{"name":"wp","href":"https:\/\/api.w.org\/{rel}","templated":true}]}}