{"id":41465,"date":"2021-10-11T12:50:48","date_gmt":"2021-10-11T10:50:48","guid":{"rendered":"https:\/\/www.esmuc.cat\/peter-bacchus\/"},"modified":"2022-05-13T15:18:26","modified_gmt":"2022-05-13T13:18:26","slug":"peter-bacchus","status":"publish","type":"page","link":"https:\/\/www.esmuc.cat\/es\/servicios\/biblioteca-crai\/fondos-y-colecciones\/archivos-y-fondos-personales\/peter-bacchus\/","title":{"rendered":"Peter Bacchus"},"content":{"rendered":"\n<div class=\"wp-block-columns is-layout-flex wp-container-core-columns-is-layout-9d6595d7 wp-block-columns-is-layout-flex\">\n<div class=\"wp-block-column esmuc__Menu_Masters is-layout-flow wp-block-column-is-layout-flow\" style=\"flex-basis:33.33%\">\n\n<\/div>\n\n\n\n<div class=\"wp-block-column is-layout-flow wp-block-column-is-layout-flow\" style=\"flex-basis:66.66%\"><div class=\"breadcrumbs align  wp-block-bcn-breadcrumb-trail has-text-color has-background\" vocab=\"https:\/\/schema.org\/\" typeof=\"BreadcrumbList\">\n\t<span><\/span>\n\t<span property=\"itemListElement\" typeof=\"ListItem\"><a property=\"item\" typeof=\"WebPage\" title=\"Ir a ESMUC.\" href=\"https:\/\/www.esmuc.cat\/es\/\" class=\"home\" ><span property=\"name\">ESMUC<\/span><\/a><meta property=\"position\" content=\"1\"><\/span> &gt; <span property=\"itemListElement\" typeof=\"ListItem\"><a property=\"item\" typeof=\"WebPage\" title=\"Ir a Servicios.\" href=\"https:\/\/www.esmuc.cat\/es\/servicios\/\" class=\"post post-page\" ><span property=\"name\">Servicios<\/span><\/a><meta property=\"position\" content=\"2\"><\/span> &gt; <span property=\"itemListElement\" typeof=\"ListItem\"><a property=\"item\" typeof=\"WebPage\" title=\"Ir a Biblioteca-CRAI de la ESMUC.\" href=\"https:\/\/www.esmuc.cat\/es\/servicios\/biblioteca-crai\/\" class=\"post post-page\" ><span property=\"name\">Biblioteca-CRAI de la ESMUC<\/span><\/a><meta property=\"position\" content=\"3\"><\/span> &gt; <span property=\"itemListElement\" typeof=\"ListItem\"><a property=\"item\" typeof=\"WebPage\" title=\"Ir a Fondos y coleciones.\" href=\"https:\/\/www.esmuc.cat\/es\/servicios\/biblioteca-crai\/fondos-y-colecciones\/\" class=\"post post-page\" ><span property=\"name\">Fondos y coleciones<\/span><\/a><meta property=\"position\" content=\"4\"><\/span> &gt; <span property=\"itemListElement\" typeof=\"ListItem\"><a property=\"item\" typeof=\"WebPage\" title=\"Ir a Archivos y fondos personales.\" href=\"https:\/\/www.esmuc.cat\/es\/servicios\/biblioteca-crai\/fondos-y-colecciones\/archivos-y-fondos-personales\/\" class=\"post post-page\" ><span property=\"name\">Archivos y fondos personales<\/span><\/a><meta property=\"position\" content=\"5\"><\/span> &gt; <span property=\"itemListElement\" typeof=\"ListItem\"><span property=\"name\" class=\"post post-page current-item\">Peter Bacchus<\/span><meta property=\"url\" content=\"https:\/\/www.esmuc.cat\/es\/servicios\/biblioteca-crai\/fondos-y-colecciones\/archivos-y-fondos-personales\/peter-bacchus\/\"><meta property=\"position\" content=\"6\"><\/span><\/div>\n\n\n\n<h1 class=\"wp-block-heading\">Peter Bacchus (Nueva Jersey, 1954-2016)<\/h1>\n\n\n\n<div style=\"height:30px\" aria-hidden=\"true\" class=\"wp-block-spacer\"><\/div>\n\n\n\n<div id=\"section-g700f0a\" class=\"wp-block-gutentor-e7 section-g700f0a gutentor-element gutentor-element-list\"><ul class=\"grid-row gutentor-grid-item-wrap list-indicator-icon\"><li class=\"gutentor-list-item grid-lg-12 grid-md-12 grid-12\"><span class=\"gutentor-single-item gutentor-single-item-0\"><span class=\"gutentor-list-item-wrap g-s-list-wrap\"><span class=\"gutentor-single-list-item-icon\"><i class=\"list-item-icon fas fa-angle-right\"><\/i><\/span><span class=\"gutentor-list-item\"><p class=\"gutentor-single-item-title\"> <strong>Biograf\u00eda <\/strong> <\/p><\/span><\/span><\/span><\/li><\/ul><\/div>\n\n\n\n<p>Peter John Bacchus naci\u00f3 en Nueva Jersey el 19 de octubre de 1954. Se inici\u00f3 en el estudio de la flauta bajo la influencia del jazz y se diplom\u00f3 en la Suny Purchase University (EUA). Obtuvo tambi\u00e9n el t\u00edtulo de composici\u00f3n en el Aspen Festival y en el Conservatoire Americain de Fontainebleau. Tambi\u00e9n fue becario de m\u00fasica de c\u00e1mara en la Yale Summer School of Music and Art.<\/p>\n\n\n\n<p>Ha grabado diversos discos como int\u00e9rprete y compositor de piezas de m\u00fasica de c\u00e1mara, obras orquestales y corales. Durante muchos a\u00f1os fue director musical y dio a conocer muchas obras de compositores catalanes y extrnjeros en Catalu\u00f1a. En los \u00faltimos a\u00f1os dirigi\u00f3 diversas corales de adultos. Falleci\u00f3 el 9 de julio de 2016.<\/p>\n\n\n\n<div style=\"height:30px\" aria-hidden=\"true\" class=\"wp-block-spacer\"><\/div>\n\n\n\n<div id=\"section-g1fc6e2\" class=\"wp-block-gutentor-e7 section-g1fc6e2 gutentor-element gutentor-element-list\"><ul class=\"grid-row gutentor-grid-item-wrap list-indicator-icon\"><li class=\"gutentor-list-item grid-lg-12 grid-md-12 grid-12\"><span class=\"gutentor-single-item gutentor-single-item-0\"><span class=\"gutentor-list-item-wrap g-s-list-wrap\"><span class=\"gutentor-single-list-item-icon\"><i class=\"list-item-icon fas fa-angle-right\"><\/i><\/span><span class=\"gutentor-list-item\"><p class=\"gutentor-single-item-title\"> <strong>Inventario<\/strong> <\/p><\/span><\/span><\/span><\/li><\/ul><\/div>\n\n\n\n<p>La donaci\u00f3n est\u00e1 formada por un millar de unidades documentales entre programas de mano de conciertos, partituras (manuscritas e impresas, editadas e in\u00e9ditas), dicos compactos (editados e in\u00e9ditos), casetes y n\u00fameros de revista. El fondo forma parte de las colecciones de la Biblioteca de la ESMUC desde el a\u00f1o 2017. El fondo no est\u00e1 catalogado pero puede consultarse el inventario:<\/p>\n\n\n\n<div id=\"section-g63afa1\" class=\"wp-block-gutentor-e2 section-g63afa1 gutentor-element gutentor-element-button\"><span class=\"gutentor-button-wrap\"><a class=\"gutentor-button gutentor-block-button gutentor-icon-hide\" href=\"https:\/\/www.esmuc.cat\/wp-content\/uploads\/2021\/11\/inventari-fons-Peter-Bacchus.xlsx\"><i class=\"gutentor-button-icon fas fa-book\"><\/i><span>Inventario<\/span><\/a><\/span><\/div>\n\n\n\n<div style=\"height:30px\" aria-hidden=\"true\" class=\"wp-block-spacer\"><\/div>\n<\/div>\n<\/div>\n\n\n","protected":false},"excerpt":{"rendered":"<p>Peter Bacchus (Nueva Jersey, 1954-2016) Peter John Bacchus naci\u00f3 en Nueva Jersey el 19 de octubre de 1954. Se inici\u00f3 en el estudio de la flauta bajo la influencia del jazz y se diplom\u00f3 en la Suny Purchase University (EUA). Obtuvo tambi\u00e9n el t\u00edtulo de composici\u00f3n en el Aspen Festival y en el Conservatoire Americain [&hellip;]<\/p>\n","protected":false},"author":5,"featured_media":0,"parent":41749,"menu_order":5,"comment_status":"closed","ping_status":"closed","template":"","meta":{"_acf_changed":false,"_themeisle_gutenberg_block_has_review":false,"footnotes":""},"categories":[1316],"tags":[1425,1426],"class_list":["post-41465","page","type-page","status-publish","hentry","category-biblioteca-crai-es","tag-donacions","tag-fons-personals"],"acf":[],"publishpress_future_action":{"enabled":false,"date":"2026-05-02 16:02:27","action":"change-status","newStatus":"draft","terms":[],"taxonomy":"category","extraData":[]},"publishpress_future_workflow_manual_trigger":{"enabledWorkflows":[]},"_links":{"self":[{"href":"https:\/\/www.esmuc.cat\/es\/wp-json\/wp\/v2\/pages\/41465","targetHints":{"allow":["GET"]}}],"collection":[{"href":"https:\/\/www.esmuc.cat\/es\/wp-json\/wp\/v2\/pages"}],"about":[{"href":"https:\/\/www.esmuc.cat\/es\/wp-json\/wp\/v2\/types\/page"}],"author":[{"embeddable":true,"href":"https:\/\/www.esmuc.cat\/es\/wp-json\/wp\/v2\/users\/5"}],"replies":[{"embeddable":true,"href":"https:\/\/www.esmuc.cat\/es\/wp-json\/wp\/v2\/comments?post=41465"}],"version-history":[{"count":2,"href":"https:\/\/www.esmuc.cat\/es\/wp-json\/wp\/v2\/pages\/41465\/revisions"}],"predecessor-version":[{"id":41480,"href":"https:\/\/www.esmuc.cat\/es\/wp-json\/wp\/v2\/pages\/41465\/revisions\/41480"}],"up":[{"embeddable":true,"href":"https:\/\/www.esmuc.cat\/es\/wp-json\/wp\/v2\/pages\/41749"}],"wp:attachment":[{"href":"https:\/\/www.esmuc.cat\/es\/wp-json\/wp\/v2\/media?parent=41465"}],"wp:term":[{"taxonomy":"category","embeddable":true,"href":"https:\/\/www.esmuc.cat\/es\/wp-json\/wp\/v2\/categories?post=41465"},{"taxonomy":"post_tag","embeddable":true,"href":"https:\/\/www.esmuc.cat\/es\/wp-json\/wp\/v2\/tags?post=41465"}],"curies":[{"name":"wp","href":"https:\/\/api.w.org\/{rel}","templated":true}]}}